{"id":15542,"date":"2020-10-28T10:09:22","date_gmt":"2020-10-28T09:09:22","guid":{"rendered":"https:\/\/www.lifecityworld.com\/?page_id=15542"},"modified":"2020-12-04T16:27:08","modified_gmt":"2020-12-04T15:27:08","slug":"handels-und-ausstellungszentrum","status":"publish","type":"page","link":"https:\/\/www.lifecityworld.com\/de\/handels-und-ausstellungszentrum\/","title":{"rendered":"Handels und Ausstellungszentrum"},"content":{"rendered":"<div id=\"cmsmasters_row_bfba2np9mj\" class=\"cmsmasters_row cmsmasters_color_scheme_default blocco-titolo-mob cmsmasters_row_top_default cmsmasters_row_bot_default cmsmasters_row_boxed\">\n<div class=\"cmsmasters_row_outer_parent\">\n<div class=\"cmsmasters_row_outer\">\n<div class=\"cmsmasters_row_inner\">\n<div class=\"cmsmasters_row_margin\">\n<div id=\"cmsmasters_column_52148c5d6b\" class=\"cmsmasters_column one_first\">\n<div class=\"cmsmasters_column_inner\"><div id=\"cmsmasters_heading_503k2hklmf\" class=\"cmsmasters_heading_wrap cmsmasters_heading_align_center\">\n\t<h1 class=\"cmsmasters_heading\">Handels und Ausstellungszentrum<\/h1>\n<\/div><div class=\"cmsmasters_text fascione\">\n<p>Herzst\u00fcck jeder LifeCity-Zitadelle wird das <strong>gro\u00dfe Einkaufs-, Ausstellungs- und Freizeitzentrum<\/strong> sein, in dem die Grundphilosophie des gesamten Projekts am sp\u00fcrbarsten sein wird: Totales Wohlbefinden, ausgehend von der Lebensmittelqualit\u00e4t mit starker territorialer Berufung.<br \/>\nDas Zentrum wird die Qualit\u00e4t der Weine, Milchprodukte, Backwaren, Konditorei- und Speiseeisherstellung, Agrar- und Lebensmittelrohstoffe unterstreichen und lokale Verarbeitung sowie Qualit\u00e4tsgastronomie f\u00f6rdern und unterst\u00fctzen. Bio-, vegetarische und vegane Ern\u00e4hrung wird ebenfalls in Betracht gezogen, wobei der gesamten <strong>mediterranen Ern\u00e4hrung<\/strong> Vorrang gew\u00e4hrleistet wird.<\/p>\n<p>m Inneren des Messegel\u00e4ndes werden Verkostungsr\u00e4ume, Trattorias, Rotisserie, Restaurants und gro\u00dfe <em>Gourmetrestaurants<\/em> entstehen. Neben den Agro-Food-Unternehmen wird es Gewerbefl\u00e4chen f\u00fcr Hochzeiten, Sport und Wellness geben.<br \/>\nUnd auch der Freizeit wird viel Platz einger\u00e4umt, mit Bowling, Multiplex-Kino, Konzertareal und Live-Musik-Bereich, SPA sowie Fitnesscenter.<\/p>\n<\/div>\n<\/div><\/div>\n<\/div>\n<\/div>\n<\/div>\n<\/div>\n<\/div>\n<div id=\"cmsmasters_row_67ryevdg8\" class=\"cmsmasters_row cmsmasters_color_scheme_default blocco-img-mob cmsmasters_row_top_default cmsmasters_row_bot_default cmsmasters_row_boxed\">\n<div class=\"cmsmasters_row_outer_parent\">\n<div class=\"cmsmasters_row_outer\">\n<div class=\"cmsmasters_row_inner\">\n<div class=\"cmsmasters_row_margin\">\n<div id=\"cmsmasters_column_y24u0f36aa\" class=\"cmsmasters_column one_first\">\n<div class=\"cmsmasters_column_inner\"><div class=\"cmsmasters_img  cmsmasters_image_n\"><img src=\"https:\/\/www.lifecityworld.com\/wp-content\/uploads\/2020\/09\/centro1-1.jpg\" \/><\/div>\n<\/div><\/div>\n<\/div>\n<\/div>\n<\/div>\n<\/div>\n<\/div>\n<div id=\"cmsmasters_row_nwd8bu35yq\" class=\"cmsmasters_row cmsmasters_color_scheme_default blocco-titolo-mob cmsmasters_row_top_default cmsmasters_row_bot_default cmsmasters_row_boxed\">\n<div class=\"cmsmasters_row_outer_parent\">\n<div class=\"cmsmasters_row_outer\">\n<div class=\"cmsmasters_row_inner\">\n<div class=\"cmsmasters_row_margin\">\n<div id=\"cmsmasters_column_aje8511zzp\" class=\"cmsmasters_column one_first\">\n<div class=\"cmsmasters_column_inner\"><div class=\"cmsmasters_text fascione\">\n<p><strong>Liste der Angebote<\/strong><\/p>\n<ul style=\"column-count: 2;\">\n<li>Qualit\u00e4ts-Gastronomie<\/li>\n<li>Trattoria mit typischen Produkten<\/li>\n<li>K\u00e4se und typischer Schinken<\/li>\n<li>Typische Produkte jeder Region<\/li>\n<li>Weinverkostung<\/li>\n<li>Verkostung von handgebrautem Bier<\/li>\n<li>Die beste Pizza<\/li>\n<li>Backwaren<\/li>\n<li>Milchprodukte von landwirtschaftlichen Betrieben<\/li>\n<li>Mozzarella vor Ort produziert<\/li>\n<li>Mediterrane K\u00fcche<\/li>\n<li>Vegetarische K\u00fcche<\/li>\n<li>Vegane K\u00fcche<\/li>\n<li>Rotisserie<\/li>\n<li>Hausgemachtes Eis und Joghurt<\/li>\n<li>Bonbonieren f\u00fcr Hochzeiten<\/li>\n<li>VIP-Bar<\/li>\n<li>Ausgezeichnetes Gourmet-Restaurant<\/li>\n<li>Piano Bar<\/li>\n<li>Einkaufszentrum<\/li>\n<li>Herrenkleidung f\u00fcr Hochzeitszeremonien<\/li>\n<li>Damenkleidung f\u00fcr Hochzeitszeremonien<\/li>\n<li>Produkte und Ausr\u00fcstung f\u00fcr Haute Cuisine<\/li>\n<li>Telefonie<\/li>\n<li>Sportprodukte<\/li>\n<li>Bowling und Spielhalle<\/li>\n<li>Konferenzraum und Schulungsraum<\/li>\n<li>Verpackung und Transport<\/li>\n<li>Kinos und Shows<\/li>\n<li>Musik und Gastronomie<\/li>\n<li>Terrasse und Cocktail<\/li>\n<li>Fitnessstudios<\/li>\n<li>Spa<\/li>\n<li>Schwimmb\u00e4der und Whirlpools<\/li>\n<li>Wedding Planner<\/li>\n<li>Museumsbereich<\/li>\n<\/ul>\n<\/div>\n<\/div><\/div>\n<\/div>\n<\/div>\n<\/div>\n<\/div>\n<\/div>\n<div id=\"cmsmasters_row_eptyjkb9w4\" class=\"cmsmasters_row cmsmasters_color_scheme_default blocco-img-mob cmsmasters_row_top_default cmsmasters_row_bot_default cmsmasters_row_boxed\">\n<div class=\"cmsmasters_row_outer_parent\">\n<div class=\"cmsmasters_row_outer\">\n<div class=\"cmsmasters_row_inner\">\n<div class=\"cmsmasters_row_margin\">\n<div id=\"cmsmasters_column_yg0opicbxv\" class=\"cmsmasters_column one_first\">\n<div class=\"cmsmasters_column_inner\"><div class=\"cmsmasters_img  cmsmasters_image_n\"><img src=\"https:\/\/www.lifecityworld.com\/wp-content\/uploads\/2020\/09\/centro2-1.jpg\" \/><\/div>\n<\/div><\/div>\n<\/div>\n<\/div>\n<\/div>\n<\/div>\n<\/div>\n<div id=\"cmsmasters_row_7at4b87hk5\" class=\"cmsmasters_row cmsmasters_color_scheme_default blocco-titolo-img-desk cmsmasters_row_top_default cmsmasters_row_bot_default cmsmasters_row_boxed\">\n<div class=\"cmsmasters_row_outer_parent\">\n<div class=\"cmsmasters_row_outer\">\n<div class=\"cmsmasters_row_inner\">\n<div class=\"cmsmasters_row_margin\">\n<div id=\"cmsmasters_column_bfd7c3ff06\" class=\"cmsmasters_column one_first\">\n<div class=\"cmsmasters_column_inner\"><div id=\"cmsmasters_heading_an7jo7xjvd\" class=\"cmsmasters_heading_wrap cmsmasters_heading_align_center\">\n\t<h1 class=\"cmsmasters_heading\">Handels und Ausstellungszentrum<\/h1>\n<\/div><div class=\"cmsmasters_text\">\n<p><img loading=\"lazy\" class=\"wp-image-15354 size-full alignleft\" style=\"border: 8px solid white; border-radius: 5px;\" src=\"https:\/\/www.lifecityworld.com\/wp-content\/uploads\/2020\/09\/centro1-1.jpg\" alt=\"\" width=\"600\" height=\"400\" srcset=\"https:\/\/www.lifecityworld.com\/wp-content\/uploads\/2020\/09\/centro1-1.jpg 600w, https:\/\/www.lifecityworld.com\/wp-content\/uploads\/2020\/09\/centro1-1-300x200.jpg 300w, https:\/\/www.lifecityworld.com\/wp-content\/uploads\/2020\/09\/centro1-1-580x387.jpg 580w\" sizes=\"(max-width: 600px) 100vw, 600px\" \/><\/p>\n<p>Herzst\u00fcck jeder LifeCity-Zitadelle wird das <strong>gro\u00dfe Einkaufs-, Ausstellungs- und Freizeitzentrum<\/strong> sein, in dem die Grundphilosophie des gesamten Projekts am sp\u00fcrbarsten sein wird: Totales Wohlbefinden, ausgehend von der Lebensmittelqualit\u00e4t mit starker territorialer Berufung.<br \/>\nDas Zentrum wird die Qualit\u00e4t der Weine, Milchprodukte, Backwaren, Konditorei- und Speiseeisherstellung, Agrar- und Lebensmittelrohstoffe unterstreichen und lokale Verarbeitung sowie Qualit\u00e4tsgastronomie f\u00f6rdern und unterst\u00fctzen. Bio-, vegetarische und vegane Ern\u00e4hrung wird ebenfalls in Betracht gezogen, wobei der gesamten <strong>mediterranen Ern\u00e4hrung<\/strong> Vorrang gew\u00e4hrleistet wird.<\/p>\n<p>m Inneren des Messegel\u00e4ndes werden Verkostungsr\u00e4ume, Trattorias, Rotisserie, Restaurants und gro\u00dfe <em>Gourmetrestaurants<\/em> entstehen. Neben den Agro-Food-Unternehmen wird es Gewerbefl\u00e4chen f\u00fcr Hochzeiten, Sport und Wellness geben.<br \/>\nUnd auch der Freizeit wird viel Platz einger\u00e4umt, mit Bowling, Multiplex-Kino, Konzertareal und Live-Musik-Bereich, SPA sowie Fitnesscenter.<\/p>\n<\/div>\n<div id=\"cmsmasters_divider_wzmfgzb6p\" class=\"cl\"><\/div>\n<div class=\"cmsmasters_text\">\n<p><img loading=\"lazy\" class=\"wp-image-15355 size-full alignright\" style=\"border: 8px solid white; border-radius: 5px;\" src=\"https:\/\/www.lifecityworld.com\/wp-content\/uploads\/2020\/09\/centro2-1.jpg\" alt=\"\" width=\"600\" height=\"400\" srcset=\"https:\/\/www.lifecityworld.com\/wp-content\/uploads\/2020\/09\/centro2-1.jpg 600w, https:\/\/www.lifecityworld.com\/wp-content\/uploads\/2020\/09\/centro2-1-300x200.jpg 300w, https:\/\/www.lifecityworld.com\/wp-content\/uploads\/2020\/09\/centro2-1-580x387.jpg 580w\" sizes=\"(max-width: 600px) 100vw, 600px\" \/><\/p>\n<p><strong>Liste der Angebote<\/strong><\/p>\n<ul style=\"column-count: 2;\">\n<li>Qualit\u00e4ts-Gastronomie<\/li>\n<li>Trattoria mit typischen Produkten<\/li>\n<li>K\u00e4se und typischer Schinken<\/li>\n<li>Typische Produkte jeder Region<\/li>\n<li>Weinverkostung<\/li>\n<li>Verkostung von handgebrautem Bier<\/li>\n<li>Die beste Pizza<\/li>\n<li>Backwaren<\/li>\n<li>Milchprodukte von landwirtschaftlichen Betrieben<\/li>\n<li>Mozzarella vor Ort produziert<\/li>\n<li>Mediterrane K\u00fcche<\/li>\n<li>Vegetarische K\u00fcche<\/li>\n<li>Vegane K\u00fcche<\/li>\n<li>Rotisserie<\/li>\n<li>Hausgemachtes Eis und Joghurt<\/li>\n<li>Bonbonieren f\u00fcr Hochzeiten<\/li>\n<li>VIP-Bar<\/li>\n<li>Ausgezeichnetes Gourmet-Restaurant<\/li>\n<li>Piano Bar<\/li>\n<li>Einkaufszentrum<\/li>\n<li>Herrenkleidung f\u00fcr Hochzeitszeremonien<\/li>\n<li>Damenkleidung f\u00fcr Hochzeitszeremonien<\/li>\n<li>Produkte und Ausr\u00fcstung f\u00fcr Haute Cuisine<\/li>\n<li>Telefonie<\/li>\n<li>Sportprodukte<\/li>\n<li>Bowling und Spielhalle<\/li>\n<li>Konferenzraum und Schulungsraum<\/li>\n<li>Verpackung und Transport<\/li>\n<li>Kinos und Shows<\/li>\n<li>Musik und Gastronomie<\/li>\n<li>Terrasse und Cocktail<\/li>\n<li>Fitnessstudios<\/li>\n<li>Spa<\/li>\n<li>Schwimmb\u00e4der und Whirlpools<\/li>\n<li>Wedding Planner<\/li>\n<li>Museumsbereich<\/li>\n<\/ul>\n<\/div>\n<\/div><\/div>\n<\/div>\n<\/div>\n<\/div>\n<\/div>\n<\/div>\n\n","protected":false},"excerpt":{"rendered":"","protected":false},"author":1,"featured_media":0,"parent":0,"menu_order":0,"comment_status":"closed","ping_status":"closed","template":"","meta":[],"yoast_head":"<!-- This site is optimized with the Yoast SEO plugin v15.9.2 - https:\/\/yoast.com\/wordpress\/plugins\/seo\/ -->\n<title>Handels und Ausstellungszentrum - LifeCity World<\/title>\n<meta name=\"robots\" content=\"index, follow, max-snippet:-1, max-image-preview:large, max-video-preview:-1\" \/>\n<link rel=\"canonical\" href=\"https:\/\/www.lifecityworld.com\/de\/handels-und-ausstellungszentrum\/\" \/>\n<meta property=\"og:locale\" content=\"de_DE\" \/>\n<meta property=\"og:type\" content=\"article\" \/>\n<meta property=\"og:title\" content=\"Handels und Ausstellungszentrum - LifeCity World\" \/>\n<meta property=\"og:url\" content=\"https:\/\/www.lifecityworld.com\/de\/handels-und-ausstellungszentrum\/\" \/>\n<meta property=\"og:site_name\" content=\"LifeCity World\" \/>\n<meta property=\"article:modified_time\" content=\"2020-12-04T15:27:08+00:00\" \/>\n<meta property=\"og:image\" content=\"https:\/\/www.lifecityworld.com\/wp-content\/uploads\/2020\/09\/centro1-1.jpg\" \/>\n<meta name=\"twitter:card\" content=\"summary_large_image\" \/>\n<meta name=\"twitter:label1\" content=\"Gesch\u00e4tzte Lesezeit\">\n\t<meta name=\"twitter:data1\" content=\"5\u00a0Minuten\">\n<script type=\"application\/ld+json\" class=\"yoast-schema-graph\">{\"@context\":\"https:\/\/schema.org\",\"@graph\":[{\"@type\":\"WebSite\",\"@id\":\"https:\/\/www.lifecityworld.com\/#website\",\"url\":\"https:\/\/www.lifecityworld.com\/\",\"name\":\"LifeCity World\",\"description\":\"\",\"potentialAction\":[{\"@type\":\"SearchAction\",\"target\":\"https:\/\/www.lifecityworld.com\/?s={search_term_string}\",\"query-input\":\"required name=search_term_string\"}],\"inLanguage\":\"de\"},{\"@type\":\"ImageObject\",\"@id\":\"https:\/\/www.lifecityworld.com\/de\/handels-und-ausstellungszentrum\/#primaryimage\",\"inLanguage\":\"de\",\"url\":\"https:\/\/www.lifecityworld.com\/wp-content\/uploads\/2020\/09\/centro1-1.jpg\",\"width\":600,\"height\":400},{\"@type\":\"WebPage\",\"@id\":\"https:\/\/www.lifecityworld.com\/de\/handels-und-ausstellungszentrum\/#webpage\",\"url\":\"https:\/\/www.lifecityworld.com\/de\/handels-und-ausstellungszentrum\/\",\"name\":\"Handels und Ausstellungszentrum - LifeCity World\",\"isPartOf\":{\"@id\":\"https:\/\/www.lifecityworld.com\/#website\"},\"primaryImageOfPage\":{\"@id\":\"https:\/\/www.lifecityworld.com\/de\/handels-und-ausstellungszentrum\/#primaryimage\"},\"datePublished\":\"2020-10-28T09:09:22+00:00\",\"dateModified\":\"2020-12-04T15:27:08+00:00\",\"breadcrumb\":{\"@id\":\"https:\/\/www.lifecityworld.com\/de\/handels-und-ausstellungszentrum\/#breadcrumb\"},\"inLanguage\":\"de\",\"potentialAction\":[{\"@type\":\"ReadAction\",\"target\":[\"https:\/\/www.lifecityworld.com\/de\/handels-und-ausstellungszentrum\/\"]}]},{\"@type\":\"BreadcrumbList\",\"@id\":\"https:\/\/www.lifecityworld.com\/de\/handels-und-ausstellungszentrum\/#breadcrumb\",\"itemListElement\":[{\"@type\":\"ListItem\",\"position\":1,\"item\":{\"@type\":\"WebPage\",\"@id\":\"https:\/\/www.lifecityworld.com\/de\/\",\"url\":\"https:\/\/www.lifecityworld.com\/de\/\",\"name\":\"Home\"}},{\"@type\":\"ListItem\",\"position\":2,\"item\":{\"@type\":\"WebPage\",\"@id\":\"https:\/\/www.lifecityworld.com\/de\/handels-und-ausstellungszentrum\/\",\"url\":\"https:\/\/www.lifecityworld.com\/de\/handels-und-ausstellungszentrum\/\",\"name\":\"Handels und Ausstellungszentrum\"}}]}]}<\/script>\n<!-- \/ Yoast SEO plugin. -->","_links":{"self":[{"href":"https:\/\/www.lifecityworld.com\/de\/wp-json\/wp\/v2\/pages\/15542"}],"collection":[{"href":"https:\/\/www.lifecityworld.com\/de\/wp-json\/wp\/v2\/pages"}],"about":[{"href":"https:\/\/www.lifecityworld.com\/de\/wp-json\/wp\/v2\/types\/page"}],"author":[{"embeddable":true,"href":"https:\/\/www.lifecityworld.com\/de\/wp-json\/wp\/v2\/users\/1"}],"replies":[{"embeddable":true,"href":"https:\/\/www.lifecityworld.com\/de\/wp-json\/wp\/v2\/comments?post=15542"}],"version-history":[{"count":2,"href":"https:\/\/www.lifecityworld.com\/de\/wp-json\/wp\/v2\/pages\/15542\/revisions"}],"predecessor-version":[{"id":15612,"href":"https:\/\/www.lifecityworld.com\/de\/wp-json\/wp\/v2\/pages\/15542\/revisions\/15612"}],"wp:attachment":[{"href":"https:\/\/www.lifecityworld.com\/de\/wp-json\/wp\/v2\/media?parent=15542"}],"curies":[{"name":"wp","href":"https:\/\/api.w.org\/{rel}","templated":true}]}}