{"id":15613,"date":"2020-10-28T10:31:31","date_gmt":"2020-10-28T09:31:31","guid":{"rendered":"https:\/\/www.lifecityworld.com\/?page_id=15613"},"modified":"2020-12-04T16:26:47","modified_gmt":"2020-12-04T15:26:47","slug":"hotel-lifecity","status":"publish","type":"page","link":"https:\/\/www.lifecityworld.com\/de\/hotel-lifecity\/","title":{"rendered":"Hotel LifeCity"},"content":{"rendered":"<div id=\"cmsmasters_row_jouonlixra\" class=\"cmsmasters_row cmsmasters_color_scheme_default blocco-titolo-mob cmsmasters_row_top_default cmsmasters_row_bot_default cmsmasters_row_boxed\">\n<div class=\"cmsmasters_row_outer_parent\">\n<div class=\"cmsmasters_row_outer\">\n<div class=\"cmsmasters_row_inner\">\n<div class=\"cmsmasters_row_margin\">\n<div id=\"cmsmasters_column_52148c5d6b\" class=\"cmsmasters_column one_first\">\n<div class=\"cmsmasters_column_inner\"><div id=\"cmsmasters_heading_ybqnr9948s\" class=\"cmsmasters_heading_wrap cmsmasters_heading_align_center\">\n\t<h1 class=\"cmsmasters_heading\">Hotel LifeCity<\/h1>\n<\/div><div class=\"cmsmasters_text fascione\">\n<p>Der zweite gro\u00dfe Knotenpunkt der LifeCity wird <strong>ein modernes 4-Sterne-Hotel<\/strong> sein. Im Inneren gibt es auch ein Restaurant, einen Konferenzraum, Gesch\u00e4fts- und Tagungsr\u00e4ume, eine SPA mit Innenpool, eine voll ausgestattete Terrasse sowie einen Au\u00dfenpool. Dazu kommen ein Reiseb\u00fcro und eine Immobilienagentur, Bank- und Versicherungsdienstleistungen und Postdienste. In der n\u00e4heren Umgebung wird es dagegen Bereiche zum Joggen, Picknicken und Carsharing f\u00fcr Elektromobilit\u00e4t geben.<\/p>\n<\/div>\n<\/div><\/div>\n<\/div>\n<\/div>\n<\/div>\n<\/div>\n<\/div>\n<div id=\"cmsmasters_row_nwoo8p6g2\" class=\"cmsmasters_row cmsmasters_color_scheme_default blocco-img-mob cmsmasters_row_top_default cmsmasters_row_bot_default cmsmasters_row_boxed\">\n<div class=\"cmsmasters_row_outer_parent\">\n<div class=\"cmsmasters_row_outer\">\n<div class=\"cmsmasters_row_inner\">\n<div class=\"cmsmasters_row_margin\">\n<div id=\"cmsmasters_column_y24u0f36aa\" class=\"cmsmasters_column one_first\">\n<div class=\"cmsmasters_column_inner\"><div class=\"cmsmasters_img  cmsmasters_image_n\"><img src=\"https:\/\/www.lifecityworld.com\/wp-content\/uploads\/2020\/09\/hotel1.jpg\" \/><\/div>\n<\/div><\/div>\n<\/div>\n<\/div>\n<\/div>\n<\/div>\n<\/div>\n<div id=\"cmsmasters_row_93stdnhod\" class=\"cmsmasters_row cmsmasters_color_scheme_default blocco-titolo-mob cmsmasters_row_top_default cmsmasters_row_bot_default cmsmasters_row_boxed\">\n<div class=\"cmsmasters_row_outer_parent\">\n<div class=\"cmsmasters_row_outer\">\n<div class=\"cmsmasters_row_inner\">\n<div class=\"cmsmasters_row_margin\">\n<div id=\"cmsmasters_column_aje8511zzp\" class=\"cmsmasters_column one_first\">\n<div class=\"cmsmasters_column_inner\"><div class=\"cmsmasters_text fascione\">\n<p><strong>Angebotsliste<\/strong><\/p>\n<ul style=\"column-count: 2; padding: 0 10px;\">\n<li>Hotel mit 4-Sterne-Zimmern<\/li>\n<li>Gastronomie, Konferenzraum<\/li>\n<li>Terrassenbar<\/li>\n<li>SPA<\/li>\n<li>Gartenpool mit Bar<\/li>\n<li>\u00dcberdachter Pool<\/li>\n<li>Privater Bereich mit B\u00fcro<\/li>\n<li>Firmensitzungen und Tagungen<\/li>\n<li>Reservierte Zimmer<\/li>\n<li>Gesch\u00e4ftliche Dienstleistungen<\/li>\n<li>Sportplatz<\/li>\n<li>Picknickplatz<\/li>\n<li>Car Sharing von Elektroautos<\/li>\n<li>Reiseb\u00fcro<\/li>\n<li>Immobilienagentur<\/li>\n<li>Versicherungs und Bankdienstleistungen<\/li>\n<li>Postdienste und Versand<\/li>\n<\/ul>\n<\/div>\n<\/div><\/div>\n<\/div>\n<\/div>\n<\/div>\n<\/div>\n<\/div>\n<div id=\"cmsmasters_row_nzjv1c0hbe\" class=\"cmsmasters_row cmsmasters_color_scheme_default blocco-img-mob cmsmasters_row_top_default cmsmasters_row_bot_default cmsmasters_row_boxed\">\n<div class=\"cmsmasters_row_outer_parent\">\n<div class=\"cmsmasters_row_outer\">\n<div class=\"cmsmasters_row_inner\">\n<div class=\"cmsmasters_row_margin\">\n<div id=\"cmsmasters_column_8wie6kw7ml\" class=\"cmsmasters_column one_first\">\n<div class=\"cmsmasters_column_inner\"><div class=\"cmsmasters_img  cmsmasters_image_n\"><img src=\"https:\/\/www.lifecityworld.com\/wp-content\/uploads\/2020\/09\/hotel2.jpg\" \/><\/div>\n<\/div><\/div>\n<\/div>\n<\/div>\n<\/div>\n<\/div>\n<\/div>\n<div id=\"cmsmasters_row_83z3vl6nzf\" class=\"cmsmasters_row cmsmasters_color_scheme_default blocco-titolo-img-desk cmsmasters_row_top_default cmsmasters_row_bot_default cmsmasters_row_boxed\">\n<div class=\"cmsmasters_row_outer_parent\">\n<div class=\"cmsmasters_row_outer\">\n<div class=\"cmsmasters_row_inner\">\n<div class=\"cmsmasters_row_margin\">\n<div id=\"cmsmasters_column_bfd7c3ff06\" class=\"cmsmasters_column one_first\">\n<div class=\"cmsmasters_column_inner\"><div id=\"cmsmasters_heading_2jpbdhj63\" class=\"cmsmasters_heading_wrap cmsmasters_heading_align_center\">\n\t<h1 class=\"cmsmasters_heading\">Hotel LifeCity<\/h1>\n<\/div><div class=\"cmsmasters_text\">\n<p><img loading=\"lazy\" class=\"wp-image-15358 size-full alignleft\" style=\"border: 8px solid white; border-radius: 5px;\" src=\"https:\/\/www.lifecityworld.com\/wp-content\/uploads\/2020\/09\/hotel1.jpg\" alt=\"\" width=\"600\" height=\"400\" srcset=\"https:\/\/www.lifecityworld.com\/wp-content\/uploads\/2020\/09\/hotel1.jpg 600w, https:\/\/www.lifecityworld.com\/wp-content\/uploads\/2020\/09\/hotel1-300x200.jpg 300w, https:\/\/www.lifecityworld.com\/wp-content\/uploads\/2020\/09\/hotel1-580x387.jpg 580w\" sizes=\"(max-width: 600px) 100vw, 600px\" \/><\/p>\n<p>Der zweite gro\u00dfe Knotenpunkt der LifeCity wird <strong>ein modernes 4-Sterne-Hotel<\/strong> sein. Im Inneren gibt es auch ein Restaurant, einen Konferenzraum, Gesch\u00e4fts- und Tagungsr\u00e4ume, eine SPA mit Innenpool, eine voll ausgestattete Terrasse sowie einen Au\u00dfenpool. Dazu kommen ein Reiseb\u00fcro und eine Immobilienagentur, Bank- und Versicherungsdienstleistungen und Postdienste. In der n\u00e4heren Umgebung wird es dagegen Bereiche zum Joggen, Picknicken und Carsharing f\u00fcr<\/p>\n<p>&nbsp;<\/p>\n<\/div>\n<div id=\"cmsmasters_divider_8c0o5hqaqt\" class=\"cl\"><\/div>\n<div class=\"cmsmasters_text\">\n<p><img loading=\"lazy\" class=\"wp-image-15359 size-full alignright\" style=\"border: 8px solid white; border-radius: 5px;\" src=\"https:\/\/www.lifecityworld.com\/wp-content\/uploads\/2020\/09\/hotel2.jpg\" alt=\"\" width=\"600\" height=\"400\" srcset=\"https:\/\/www.lifecityworld.com\/wp-content\/uploads\/2020\/09\/hotel2.jpg 600w, https:\/\/www.lifecityworld.com\/wp-content\/uploads\/2020\/09\/hotel2-300x200.jpg 300w, https:\/\/www.lifecityworld.com\/wp-content\/uploads\/2020\/09\/hotel2-580x387.jpg 580w\" sizes=\"(max-width: 600px) 100vw, 600px\" \/><\/p>\n<p><strong>Elenco dell\u2019offerta<\/strong><\/p>\n<ul style=\"column-count: 2; padding: 0 10px;\">\n<li>Hotel mit 4-Sterne-Zimmern<\/li>\n<li>Gastronomie, Konferenzraum<\/li>\n<li>Terrassenbar<\/li>\n<li>SPA<\/li>\n<li>Gartenpool mit Bar<\/li>\n<li>\u00dcberdachter Pool<\/li>\n<li>Privater Bereich mit B\u00fcro<\/li>\n<li>Firmensitzungen und Tagungen<\/li>\n<li>Reservierte Zimmer<\/li>\n<li>Gesch\u00e4ftliche Dienstleistungen<\/li>\n<li>Sportplatz<\/li>\n<li>Picknickplatz<\/li>\n<li>Car Sharing von Elektroautos<\/li>\n<li>Reiseb\u00fcro<\/li>\n<li>Immobilienagentur<\/li>\n<li>Versicherungs- und Bankdienstleistungen<\/li>\n<li>Postdienste und Versand<\/li>\n<\/ul>\n<\/div>\n<\/div><\/div>\n<\/div>\n<\/div>\n<\/div>\n<\/div>\n<\/div>\n\n","protected":false},"excerpt":{"rendered":"","protected":false},"author":1,"featured_media":0,"parent":0,"menu_order":0,"comment_status":"closed","ping_status":"closed","template":"","meta":[],"yoast_head":"<!-- This site is optimized with the Yoast SEO plugin v15.9.2 - https:\/\/yoast.com\/wordpress\/plugins\/seo\/ -->\n<title>Hotel LifeCity - LifeCity World<\/title>\n<meta name=\"robots\" content=\"index, follow, max-snippet:-1, max-image-preview:large, max-video-preview:-1\" \/>\n<link rel=\"canonical\" href=\"https:\/\/www.lifecityworld.com\/de\/hotel-lifecity\/\" \/>\n<meta property=\"og:locale\" content=\"de_DE\" \/>\n<meta property=\"og:type\" content=\"article\" \/>\n<meta property=\"og:title\" content=\"Hotel LifeCity - LifeCity World\" \/>\n<meta property=\"og:url\" content=\"https:\/\/www.lifecityworld.com\/de\/hotel-lifecity\/\" \/>\n<meta property=\"og:site_name\" content=\"LifeCity World\" \/>\n<meta property=\"article:modified_time\" content=\"2020-12-04T15:26:47+00:00\" \/>\n<meta property=\"og:image\" content=\"https:\/\/www.lifecityworld.com\/wp-content\/uploads\/2020\/09\/hotel1.jpg\" \/>\n<meta name=\"twitter:card\" content=\"summary_large_image\" \/>\n<meta name=\"twitter:label1\" content=\"Gesch\u00e4tzte Lesezeit\">\n\t<meta name=\"twitter:data1\" content=\"4\u00a0Minuten\">\n<script type=\"application\/ld+json\" class=\"yoast-schema-graph\">{\"@context\":\"https:\/\/schema.org\",\"@graph\":[{\"@type\":\"WebSite\",\"@id\":\"https:\/\/www.lifecityworld.com\/#website\",\"url\":\"https:\/\/www.lifecityworld.com\/\",\"name\":\"LifeCity World\",\"description\":\"\",\"potentialAction\":[{\"@type\":\"SearchAction\",\"target\":\"https:\/\/www.lifecityworld.com\/?s={search_term_string}\",\"query-input\":\"required name=search_term_string\"}],\"inLanguage\":\"de\"},{\"@type\":\"ImageObject\",\"@id\":\"https:\/\/www.lifecityworld.com\/de\/hotel-lifecity\/#primaryimage\",\"inLanguage\":\"de\",\"url\":\"https:\/\/www.lifecityworld.com\/wp-content\/uploads\/2020\/09\/hotel1.jpg\",\"width\":600,\"height\":400},{\"@type\":\"WebPage\",\"@id\":\"https:\/\/www.lifecityworld.com\/de\/hotel-lifecity\/#webpage\",\"url\":\"https:\/\/www.lifecityworld.com\/de\/hotel-lifecity\/\",\"name\":\"Hotel LifeCity - LifeCity World\",\"isPartOf\":{\"@id\":\"https:\/\/www.lifecityworld.com\/#website\"},\"primaryImageOfPage\":{\"@id\":\"https:\/\/www.lifecityworld.com\/de\/hotel-lifecity\/#primaryimage\"},\"datePublished\":\"2020-10-28T09:31:31+00:00\",\"dateModified\":\"2020-12-04T15:26:47+00:00\",\"breadcrumb\":{\"@id\":\"https:\/\/www.lifecityworld.com\/de\/hotel-lifecity\/#breadcrumb\"},\"inLanguage\":\"de\",\"potentialAction\":[{\"@type\":\"ReadAction\",\"target\":[\"https:\/\/www.lifecityworld.com\/de\/hotel-lifecity\/\"]}]},{\"@type\":\"BreadcrumbList\",\"@id\":\"https:\/\/www.lifecityworld.com\/de\/hotel-lifecity\/#breadcrumb\",\"itemListElement\":[{\"@type\":\"ListItem\",\"position\":1,\"item\":{\"@type\":\"WebPage\",\"@id\":\"https:\/\/www.lifecityworld.com\/de\/\",\"url\":\"https:\/\/www.lifecityworld.com\/de\/\",\"name\":\"Home\"}},{\"@type\":\"ListItem\",\"position\":2,\"item\":{\"@type\":\"WebPage\",\"@id\":\"https:\/\/www.lifecityworld.com\/de\/hotel-lifecity\/\",\"url\":\"https:\/\/www.lifecityworld.com\/de\/hotel-lifecity\/\",\"name\":\"Hotel LifeCity\"}}]}]}<\/script>\n<!-- \/ Yoast SEO plugin. -->","_links":{"self":[{"href":"https:\/\/www.lifecityworld.com\/de\/wp-json\/wp\/v2\/pages\/15613"}],"collection":[{"href":"https:\/\/www.lifecityworld.com\/de\/wp-json\/wp\/v2\/pages"}],"about":[{"href":"https:\/\/www.lifecityworld.com\/de\/wp-json\/wp\/v2\/types\/page"}],"author":[{"embeddable":true,"href":"https:\/\/www.lifecityworld.com\/de\/wp-json\/wp\/v2\/users\/1"}],"replies":[{"embeddable":true,"href":"https:\/\/www.lifecityworld.com\/de\/wp-json\/wp\/v2\/comments?post=15613"}],"version-history":[{"count":2,"href":"https:\/\/www.lifecityworld.com\/de\/wp-json\/wp\/v2\/pages\/15613\/revisions"}],"predecessor-version":[{"id":15618,"href":"https:\/\/www.lifecityworld.com\/de\/wp-json\/wp\/v2\/pages\/15613\/revisions\/15618"}],"wp:attachment":[{"href":"https:\/\/www.lifecityworld.com\/de\/wp-json\/wp\/v2\/media?parent=15613"}],"curies":[{"name":"wp","href":"https:\/\/api.w.org\/{rel}","templated":true}]}}