{"id":15622,"date":"2020-10-28T10:53:06","date_gmt":"2020-10-28T09:53:06","guid":{"rendered":"https:\/\/www.lifecityworld.com\/?page_id=15622"},"modified":"2020-12-04T16:30:57","modified_gmt":"2020-12-04T15:30:57","slug":"multifunktionales-gesundheitszentrum","status":"publish","type":"page","link":"https:\/\/www.lifecityworld.com\/de\/multifunktionales-gesundheitszentrum\/","title":{"rendered":"Multifunktionales Gesundheitszentrum"},"content":{"rendered":"<div id=\"cmsmasters_row_7l701rfhzr\" class=\"cmsmasters_row cmsmasters_color_scheme_default blocco-titolo-mob cmsmasters_row_top_default cmsmasters_row_bot_default cmsmasters_row_boxed\">\n<div class=\"cmsmasters_row_outer_parent\">\n<div class=\"cmsmasters_row_outer\">\n<div class=\"cmsmasters_row_inner\">\n<div class=\"cmsmasters_row_margin\">\n<div id=\"cmsmasters_column_52148c5d6b\" class=\"cmsmasters_column one_first\">\n<div class=\"cmsmasters_column_inner\"><div id=\"cmsmasters_heading_kftlpo9h9e\" class=\"cmsmasters_heading_wrap cmsmasters_heading_align_center\">\n\t<h1 class=\"cmsmasters_heading\">Multifunktionales Gesundheitszentrum<\/h1>\n<\/div><div class=\"cmsmasters_text fascione\">\n<p>Ein gro\u00dfer LifeCity-Geb\u00e4udekomplex wird sozialen, gesundheitlichen und administrativen Dienstleistungen gewidmet sein. In seiner Gesamtheit wird eine Notaufnahme mit angeschlossenem Hubschrauberlandeplatz, eine Klinik, ein Analysezentrum f\u00fcr Lebensmittelsicherheit, eine <strong>Klinik f\u00fcr neurodegenerative Erkrankungen<\/strong>, einschlie\u00dflich R\u00e4umlichkeiten f\u00fcr Rehabilitation, und ein Fl\u00fcgel f\u00fcr Kindergarten und Vorschule untergebracht sein. Auf <em>dem Gel\u00e4nde<\/em> wird auch ein Museum von provinziellem Interesse und ein Tourismusb\u00fcro zur F\u00f6rderung des lokalen Tourismus zur Verf\u00fcgung stehen. Weitere Verwaltungsb\u00fcros und Polizeistationen werden den Komplex vervollst\u00e4ndigen.<\/p>\n<\/div>\n<\/div><\/div>\n<\/div>\n<\/div>\n<\/div>\n<\/div>\n<\/div>\n<div id=\"cmsmasters_row_ewb6tq5vvo\" class=\"cmsmasters_row cmsmasters_color_scheme_default blocco-img-mob cmsmasters_row_top_default cmsmasters_row_bot_default cmsmasters_row_boxed\">\n<div class=\"cmsmasters_row_outer_parent\">\n<div class=\"cmsmasters_row_outer\">\n<div class=\"cmsmasters_row_inner\">\n<div class=\"cmsmasters_row_margin\">\n<div id=\"cmsmasters_column_y24u0f36aa\" class=\"cmsmasters_column one_first\">\n<div class=\"cmsmasters_column_inner\"><div class=\"cmsmasters_img  cmsmasters_image_n\"><img src=\"https:\/\/www.lifecityworld.com\/wp-content\/uploads\/2020\/09\/unita-sanitaria.jpg\" \/><\/div>\n<\/div><\/div>\n<\/div>\n<\/div>\n<\/div>\n<\/div>\n<\/div>\n<div id=\"cmsmasters_row_7zit7wdjp\" class=\"cmsmasters_row cmsmasters_color_scheme_default blocco-titolo-mob cmsmasters_row_top_default cmsmasters_row_bot_default cmsmasters_row_boxed\">\n<div class=\"cmsmasters_row_outer_parent\">\n<div class=\"cmsmasters_row_outer\">\n<div class=\"cmsmasters_row_inner\">\n<div class=\"cmsmasters_row_margin\">\n<div id=\"cmsmasters_column_aje8511zzp\" class=\"cmsmasters_column one_first\">\n<div class=\"cmsmasters_column_inner\"><div class=\"cmsmasters_text fascione\">\n<p><strong>Liste der Angebote<\/strong><\/p>\n<ul style=\"column-count: 2; padding: 0 10px;\">\n<li>Gesundheit und Wohlbefinden der Person<\/li>\n<li>Rehabilitation und funktionelle Genesung der Person<\/li>\n<li>Zentrum f\u00fcr Wirbels\u00e4ulenverletzungen<\/li>\n<li>Zentrum f\u00fcr Altenpflege und Alzheimer<\/li>\n<li>Untersuchungszentrum f\u00fcr Lebensmittelsicherheit<\/li>\n<li>Analyse f\u00fcr das Wohlbefinden der Menschen<\/li>\n<li>TAC-, Magnetresonanz- und Ultraschalluntersuchungen<\/li>\n<li>Operationsaal<\/li>\n<li>Gr\u00fcner Au\u00dfenbereich f\u00fcr die Erholung<\/li>\n<li>Erste Hilfe, Sozialhilfe und Gesundheitsf\u00fcrsorge<\/li>\n<li>\u00d6rtliche Polizei<\/li>\n<li>H\u00e4usliche Pflege<\/li>\n<li>Fach\u00e4rzte<\/li>\n<li>Online-Service f\u00fcr Untersuchungstermine<\/li>\n<li>\u00c4rztliche Sprechstunde<\/li>\n<li>Selbsthilfeareal<\/li>\n<li>Hygienedienstleistungen<\/li>\n<\/ul>\n<\/div>\n<div class=\"cmsmasters_img  cmsmasters_image_n\"><img src=\"https:\/\/www.lifecityworld.com\/wp-content\/uploads\/2020\/09\/unita-sanitaria2.jpg\" \/><\/div>\n<\/div><\/div>\n<\/div>\n<\/div>\n<\/div>\n<\/div>\n<\/div>\n<div id=\"cmsmasters_row_u6dg7lvcbi\" class=\"cmsmasters_row cmsmasters_color_scheme_default blocco-titolo-img-desk cmsmasters_row_top_default cmsmasters_row_bot_default cmsmasters_row_boxed\">\n<div class=\"cmsmasters_row_outer_parent\">\n<div class=\"cmsmasters_row_outer\">\n<div class=\"cmsmasters_row_inner\">\n<div class=\"cmsmasters_row_margin\">\n<div id=\"cmsmasters_column_bfd7c3ff06\" class=\"cmsmasters_column one_first\">\n<div class=\"cmsmasters_column_inner\"><div id=\"cmsmasters_heading_3boct5zjs\" class=\"cmsmasters_heading_wrap cmsmasters_heading_align_center\">\n\t<h1 class=\"cmsmasters_heading\">Multifunktionales Gesundheitszentrum<\/h1>\n<\/div><div class=\"cmsmasters_text\">\n<p><img loading=\"lazy\" class=\"wp-image-15361 size-full alignleft\" style=\"border: 8px solid white; border-radius: 5px;\" src=\"https:\/\/www.lifecityworld.com\/wp-content\/uploads\/2020\/09\/unita-sanitaria.jpg\" alt=\"\" width=\"600\" height=\"400\" srcset=\"https:\/\/www.lifecityworld.com\/wp-content\/uploads\/2020\/09\/unita-sanitaria.jpg 600w, https:\/\/www.lifecityworld.com\/wp-content\/uploads\/2020\/09\/unita-sanitaria-300x200.jpg 300w, https:\/\/www.lifecityworld.com\/wp-content\/uploads\/2020\/09\/unita-sanitaria-580x387.jpg 580w\" sizes=\"(max-width: 600px) 100vw, 600px\" \/><\/p>\n<p>Ein gro\u00dfer LifeCity-Geb\u00e4udekomplex wird sozialen, gesundheitlichen und administrativen Dienstleistungen gewidmet sein. In seiner Gesamtheit wird eine Notaufnahme mit angeschlossenem Hubschrauberlandeplatz, eine Klinik, ein Analysezentrum f\u00fcr Lebensmittelsicherheit, eine <strong>Klinik f\u00fcr neurodegenerative Erkrankungen<\/strong>, einschlie\u00dflich R\u00e4umlichkeiten f\u00fcr Rehabilitation, und ein Fl\u00fcgel f\u00fcr Kindergarten und Vorschule untergebracht sein. Auf <em>dem Gel\u00e4nde<\/em> wird auch ein Museum von provinziellem Interesse und ein Tourismusb\u00fcro zur F\u00f6rderung des lokalen Tourismus zur Verf\u00fcgung stehen. Weitere Verwaltungsb\u00fcros und Polizeistationen werden den Komplex vervollst\u00e4ndigen.<\/p>\n<\/div>\n<div id=\"cmsmasters_divider_9znk9fc24x\" class=\"cl\"><\/div>\n<div class=\"cmsmasters_text\">\n<p><img loading=\"lazy\" class=\"wp-image-15362 size-full alignright\" style=\"border: 8px solid white; border-radius: 5px;\" src=\"https:\/\/www.lifecityworld.com\/wp-content\/uploads\/2020\/09\/unita-sanitaria2.jpg\" alt=\"\" width=\"600\" height=\"400\" srcset=\"https:\/\/www.lifecityworld.com\/wp-content\/uploads\/2020\/09\/unita-sanitaria2.jpg 600w, https:\/\/www.lifecityworld.com\/wp-content\/uploads\/2020\/09\/unita-sanitaria2-300x200.jpg 300w, https:\/\/www.lifecityworld.com\/wp-content\/uploads\/2020\/09\/unita-sanitaria2-580x387.jpg 580w\" sizes=\"(max-width: 600px) 100vw, 600px\" \/><\/p>\n<p><strong>Liste der Angebote<\/strong><\/p>\n<ul style=\"column-count: 2; padding: 0 10px;\">\n<li>Gesundheit und Wohlbefinden der Person<\/li>\n<li>Rehabilitation und funktionelle Genesung der Person<\/li>\n<li>Zentrum f\u00fcr Wirbels\u00e4ulenverletzungen<\/li>\n<li>Zentrum f\u00fcr Altenpflege und Alzheimer<\/li>\n<li>Untersuchungszentrum f\u00fcr Lebensmittelsicherheit<\/li>\n<li>Analyse f\u00fcr das Wohlbefinden der Menschen<\/li>\n<li>TAC-, Magnetresonanz- und Ultraschalluntersuchungen<\/li>\n<li>Operationsaal<\/li>\n<li>Gr\u00fcner Au\u00dfenbereich f\u00fcr die Erholung<\/li>\n<li>Erste Hilfe, Sozialhilfe und Gesundheitsf\u00fcrsorge<\/li>\n<li>\u00d6rtliche Polizei<\/li>\n<li>H\u00e4usliche Pflege<\/li>\n<li>Fach\u00e4rzte<\/li>\n<li>Online-Service f\u00fcr Untersuchungstermine<\/li>\n<li>\u00c4rztliche Sprechstunde<\/li>\n<li>Selbsthilfeareal<\/li>\n<li>Hygienedienstleistungen<\/li>\n<\/ul>\n<\/div>\n<\/div><\/div>\n<\/div>\n<\/div>\n<\/div>\n<\/div>\n<\/div>\n\n","protected":false},"excerpt":{"rendered":"","protected":false},"author":1,"featured_media":0,"parent":0,"menu_order":0,"comment_status":"closed","ping_status":"closed","template":"","meta":[],"yoast_head":"<!-- This site is optimized with the Yoast SEO plugin v15.9.2 - https:\/\/yoast.com\/wordpress\/plugins\/seo\/ -->\n<title>Multifunktionales Gesundheitszentrum - LifeCity World<\/title>\n<meta name=\"robots\" content=\"index, follow, max-snippet:-1, max-image-preview:large, max-video-preview:-1\" \/>\n<link rel=\"canonical\" href=\"https:\/\/www.lifecityworld.com\/de\/multifunktionales-gesundheitszentrum\/\" \/>\n<meta property=\"og:locale\" content=\"de_DE\" \/>\n<meta property=\"og:type\" content=\"article\" \/>\n<meta property=\"og:title\" content=\"Multifunktionales Gesundheitszentrum - LifeCity World\" \/>\n<meta property=\"og:url\" content=\"https:\/\/www.lifecityworld.com\/de\/multifunktionales-gesundheitszentrum\/\" \/>\n<meta property=\"og:site_name\" content=\"LifeCity World\" \/>\n<meta property=\"article:modified_time\" content=\"2020-12-04T15:30:57+00:00\" \/>\n<meta property=\"og:image\" content=\"https:\/\/www.lifecityworld.com\/wp-content\/uploads\/2020\/09\/unita-sanitaria.jpg\" \/>\n<meta name=\"twitter:card\" content=\"summary_large_image\" \/>\n<meta name=\"twitter:label1\" content=\"Gesch\u00e4tzte Lesezeit\">\n\t<meta name=\"twitter:data1\" content=\"4\u00a0Minuten\">\n<script type=\"application\/ld+json\" class=\"yoast-schema-graph\">{\"@context\":\"https:\/\/schema.org\",\"@graph\":[{\"@type\":\"WebSite\",\"@id\":\"https:\/\/www.lifecityworld.com\/#website\",\"url\":\"https:\/\/www.lifecityworld.com\/\",\"name\":\"LifeCity World\",\"description\":\"\",\"potentialAction\":[{\"@type\":\"SearchAction\",\"target\":\"https:\/\/www.lifecityworld.com\/?s={search_term_string}\",\"query-input\":\"required name=search_term_string\"}],\"inLanguage\":\"de\"},{\"@type\":\"ImageObject\",\"@id\":\"https:\/\/www.lifecityworld.com\/de\/multifunktionales-gesundheitszentrum\/#primaryimage\",\"inLanguage\":\"de\",\"url\":\"https:\/\/www.lifecityworld.com\/wp-content\/uploads\/2020\/09\/unita-sanitaria.jpg\",\"width\":600,\"height\":400},{\"@type\":\"WebPage\",\"@id\":\"https:\/\/www.lifecityworld.com\/de\/multifunktionales-gesundheitszentrum\/#webpage\",\"url\":\"https:\/\/www.lifecityworld.com\/de\/multifunktionales-gesundheitszentrum\/\",\"name\":\"Multifunktionales Gesundheitszentrum - LifeCity World\",\"isPartOf\":{\"@id\":\"https:\/\/www.lifecityworld.com\/#website\"},\"primaryImageOfPage\":{\"@id\":\"https:\/\/www.lifecityworld.com\/de\/multifunktionales-gesundheitszentrum\/#primaryimage\"},\"datePublished\":\"2020-10-28T09:53:06+00:00\",\"dateModified\":\"2020-12-04T15:30:57+00:00\",\"breadcrumb\":{\"@id\":\"https:\/\/www.lifecityworld.com\/de\/multifunktionales-gesundheitszentrum\/#breadcrumb\"},\"inLanguage\":\"de\",\"potentialAction\":[{\"@type\":\"ReadAction\",\"target\":[\"https:\/\/www.lifecityworld.com\/de\/multifunktionales-gesundheitszentrum\/\"]}]},{\"@type\":\"BreadcrumbList\",\"@id\":\"https:\/\/www.lifecityworld.com\/de\/multifunktionales-gesundheitszentrum\/#breadcrumb\",\"itemListElement\":[{\"@type\":\"ListItem\",\"position\":1,\"item\":{\"@type\":\"WebPage\",\"@id\":\"https:\/\/www.lifecityworld.com\/de\/\",\"url\":\"https:\/\/www.lifecityworld.com\/de\/\",\"name\":\"Home\"}},{\"@type\":\"ListItem\",\"position\":2,\"item\":{\"@type\":\"WebPage\",\"@id\":\"https:\/\/www.lifecityworld.com\/de\/multifunktionales-gesundheitszentrum\/\",\"url\":\"https:\/\/www.lifecityworld.com\/de\/multifunktionales-gesundheitszentrum\/\",\"name\":\"Multifunktionales Gesundheitszentrum\"}}]}]}<\/script>\n<!-- \/ Yoast SEO plugin. -->","_links":{"self":[{"href":"https:\/\/www.lifecityworld.com\/de\/wp-json\/wp\/v2\/pages\/15622"}],"collection":[{"href":"https:\/\/www.lifecityworld.com\/de\/wp-json\/wp\/v2\/pages"}],"about":[{"href":"https:\/\/www.lifecityworld.com\/de\/wp-json\/wp\/v2\/types\/page"}],"author":[{"embeddable":true,"href":"https:\/\/www.lifecityworld.com\/de\/wp-json\/wp\/v2\/users\/1"}],"replies":[{"embeddable":true,"href":"https:\/\/www.lifecityworld.com\/de\/wp-json\/wp\/v2\/comments?post=15622"}],"version-history":[{"count":3,"href":"https:\/\/www.lifecityworld.com\/de\/wp-json\/wp\/v2\/pages\/15622\/revisions"}],"predecessor-version":[{"id":15633,"href":"https:\/\/www.lifecityworld.com\/de\/wp-json\/wp\/v2\/pages\/15622\/revisions\/15633"}],"wp:attachment":[{"href":"https:\/\/www.lifecityworld.com\/de\/wp-json\/wp\/v2\/media?parent=15622"}],"curies":[{"name":"wp","href":"https:\/\/api.w.org\/{rel}","templated":true}]}}