{"id":15653,"date":"2020-10-28T11:29:25","date_gmt":"2020-10-28T10:29:25","guid":{"rendered":"https:\/\/www.lifecityworld.com\/?page_id=15653"},"modified":"2020-12-04T16:41:31","modified_gmt":"2020-12-04T15:41:31","slug":"warum","status":"publish","type":"page","link":"https:\/\/www.lifecityworld.com\/de\/warum\/","title":{"rendered":"Warum"},"content":{"rendered":"<div id=\"cmsmasters_row_92f4be90a3\" class=\"cmsmasters_row cmsmasters_color_scheme_default blocco-titolo-mob cmsmasters_row_top_default cmsmasters_row_bot_default cmsmasters_row_boxed\">\n<div class=\"cmsmasters_row_outer_parent\">\n<div class=\"cmsmasters_row_outer\">\n<div class=\"cmsmasters_row_inner\">\n<div class=\"cmsmasters_row_margin\">\n<div id=\"cmsmasters_column_52148c5d6b\" class=\"cmsmasters_column one_first\">\n<div class=\"cmsmasters_column_inner\"><div id=\"cmsmasters_heading_5b16904444\" class=\"cmsmasters_heading_wrap cmsmasters_heading_align_center\">\n\t<h1 class=\"cmsmasters_heading\">Warum<\/h1>\n<\/div><div class=\"cmsmasters_text fascione\">\n<p>Ein neuer Humanismus ist m\u00f6glich und kann nur aus Ideen geboren werden. Aus diesem Grund ist LifeCity die Realisierung eines Projekts, das von einer anderen Vision des zeitgen\u00f6ssischen Menschen inspiriert ist, die den Menschen in <strong>seiner ganzheitlichen Dimension von K\u00f6rper, Geist und Seele wahrnimmt<\/strong>. Innerhalb seines Ursprungsortes, aber in R\u00e4umen, die speziell entwickelt wurden, um das Gleichgewicht neu zu kalibrieren. All dies, ohne jemals in kulturelle und religi\u00f6se \u00dcberzeugungen vorzudringen.<\/p>\n<p>Hier wird die <strong>Ern\u00e4hrung<\/strong> zu einem Brennpunkt, aus dem dieses neue Wohlbefinden entsteht, da sie als wichtiger Regulator fungiert. Tats\u00e4chlich haben viele wissenschaftliche Studien inzwischen den Zusammenhang zwischen der Qualit\u00e4t der Ern\u00e4hrung und dem Auftreten verschiedener Krankheiten festgestellt. Die falsche Aufnahme von Zucker und Fetten ist immer weiterverbreitet und geht auf Kosten von Getreide, Obst und Gem\u00fcse, was verheerende Folgen f\u00fcr die Sterblichkeit durch Herz-Kreislauf-Erkrankungen, Krebs und Diabetes hat. Daher beabsichtigt LifeCity, ein <strong>kollektives Interesse<\/strong> an der richtigen Ern\u00e4hrung aufzubauen, beginnend mit der Verwendung von zertifizierten Produkten und Rohstoffen, vor allem von lokal produzierten Waren. Alles einem strukturierten Sicherheitsansatz folgend, um die Produktionsketten nachverfolgbar zu machen, bis hin zur Auswahl vom Saatgut der Kulturpflanzen.<\/p>\n<\/div>\n<div class=\"cmsmasters_img  cmsmasters_image_n\"><img src=\"https:\/\/www.lifecityworld.com\/wp-content\/uploads\/2020\/09\/dieta.jpg\" \/><\/div>\n<\/div><\/div>\n<\/div>\n<\/div>\n<\/div>\n<\/div>\n<\/div>\n<div id=\"cmsmasters_row_vc6g18u6k9\" class=\"cmsmasters_row cmsmasters_color_scheme_default blocco-titolo-mob cmsmasters_row_top_default cmsmasters_row_bot_default cmsmasters_row_boxed\">\n<div class=\"cmsmasters_row_outer_parent\">\n<div class=\"cmsmasters_row_outer\">\n<div class=\"cmsmasters_row_inner\">\n<div class=\"cmsmasters_row_margin\">\n<div id=\"cmsmasters_column_aje8511zzp\" class=\"cmsmasters_column one_first\">\n<div class=\"cmsmasters_column_inner\"><div class=\"cmsmasters_text fascione\">\n<p>LifeCity Siedlungen werden <strong>physische Zentren von gro\u00dfer Wichtigkeit<\/strong> sein, in der Lage, sich um die psycho-physische Gesundheit des Menschen in einem einzigen Kontext der Stadtplanung zu k\u00fcmmern: Harmonisch und innovativ, ethisch und nachhaltig, einschlie\u00dflich aller Elemente, die zum Wohlbefinden beitragen, wie Freizeit, Gesundheit, Sport und Entspannung.<br \/>\nLifeCity wird auch die Informations- und wissenschaftlichen Verbreitungsaktivit\u00e4ten der an die Themen Ern\u00e4hrung, Gesundheit, Wellness und Mindset angrenzenden Bereiche unterst\u00fctzen, die das Gleichgewicht des Menschen in allen Formen f\u00f6rdern.<\/p>\n<p>Es wird eine neue Art sein, die Exzellenz von <em>Made in Italy<\/em> zu konzipieren, in der Lage, \u00fcber alle Grenzen hinwegzuschauen. Auch jene abgeschotteten der Produktionssysteme.<\/p>\n<\/div>\n<\/div><\/div>\n<\/div>\n<\/div>\n<\/div>\n<\/div>\n<\/div>\n<div id=\"cmsmasters_row_vk2957j43b\" class=\"cmsmasters_row cmsmasters_color_scheme_default blocco-img-mob cmsmasters_row_top_default cmsmasters_row_bot_default cmsmasters_row_boxed\">\n<div class=\"cmsmasters_row_outer_parent\">\n<div class=\"cmsmasters_row_outer\">\n<div class=\"cmsmasters_row_inner\">\n<div class=\"cmsmasters_row_margin\">\n<div id=\"cmsmasters_column_y24u0f36aa\" class=\"cmsmasters_column one_first\">\n<div class=\"cmsmasters_column_inner\"><div class=\"cmsmasters_img  cmsmasters_image_n\"><img src=\"https:\/\/www.lifecityworld.com\/wp-content\/uploads\/2020\/09\/fitness.jpg\" \/><\/div>\n<\/div><\/div>\n<\/div>\n<\/div>\n<\/div>\n<\/div>\n<\/div>\n<div id=\"cmsmasters_row_b8a1aa1f72\" class=\"cmsmasters_row cmsmasters_color_scheme_default blocco-titolo-img-desk cmsmasters_row_top_default cmsmasters_row_bot_default cmsmasters_row_boxed\">\n<div class=\"cmsmasters_row_outer_parent\">\n<div class=\"cmsmasters_row_outer\">\n<div class=\"cmsmasters_row_inner\">\n<div class=\"cmsmasters_row_margin\">\n<div id=\"cmsmasters_column_bfd7c3ff06\" class=\"cmsmasters_column one_first\">\n<div class=\"cmsmasters_column_inner\"><div id=\"cmsmasters_heading_g32dqf5b6\" class=\"cmsmasters_heading_wrap cmsmasters_heading_align_center\">\n\t<h1 class=\"cmsmasters_heading\">Warum<\/h1>\n<\/div><div class=\"cmsmasters_text\">\n<p><img loading=\"lazy\" class=\"wp-image-15346 size-full alignleft\" style=\"border: 8px solid white; border-radius: 5px;\" src=\"https:\/\/www.lifecityworld.com\/wp-content\/uploads\/2020\/09\/dieta.jpg\" alt=\"\" width=\"600\" height=\"400\" srcset=\"https:\/\/www.lifecityworld.com\/wp-content\/uploads\/2020\/09\/dieta.jpg 600w, https:\/\/www.lifecityworld.com\/wp-content\/uploads\/2020\/09\/dieta-300x200.jpg 300w, https:\/\/www.lifecityworld.com\/wp-content\/uploads\/2020\/09\/dieta-580x387.jpg 580w\" sizes=\"(max-width: 600px) 100vw, 600px\" \/><\/p>\n<p>Ein neuer Humanismus ist m\u00f6glich und kann nur aus Ideen geboren werden. Aus diesem Grund ist LifeCity die Realisierung eines Projekts, das von einer anderen Vision des zeitgen\u00f6ssischen Menschen inspiriert ist, die den Menschen in <strong>seiner ganzheitlichen Dimension von K\u00f6rper, Geist und Seele wahrnimmt<\/strong>. Innerhalb seines Ursprungsortes, aber in R\u00e4umen, die speziell entwickelt wurden, um das Gleichgewicht neu zu kalibrieren. All dies, ohne jemals in kulturelle und religi\u00f6se \u00dcberzeugungen vorzudringen.<\/p>\n<p>Hier wird die <strong>Ern\u00e4hrung<\/strong> zu einem Brennpunkt, aus dem dieses neue Wohlbefinden entsteht, da sie als wichtiger Regulator fungiert. Tats\u00e4chlich haben viele wissenschaftliche Studien inzwischen den Zusammenhang zwischen der Qualit\u00e4t der Ern\u00e4hrung und dem Auftreten verschiedener Krankheiten festgestellt. Die falsche Aufnahme von Zucker und Fetten ist immer weiterverbreitet und geht auf Kosten von Getreide, Obst und Gem\u00fcse, was verheerende Folgen f\u00fcr die Sterblichkeit durch Herz-Kreislauf-Erkrankungen, Krebs und Diabetes hat. Daher beabsichtigt LifeCity, ein <strong>kollektives Interesse<\/strong> an der richtigen Ern\u00e4hrung aufzubauen, beginnend mit der Verwendung von zertifizierten Produkten und Rohstoffen, vor allem von lokal produzierten Waren. Alles einem strukturierten Sicherheitsansatz folgend, um die Produktionsketten nachverfolgbar zu machen, bis hin zur Auswahl vom Saatgut der Kulturpflanzen.<\/p>\n<\/div>\n<div id=\"cmsmasters_divider_tj82nz561w\" class=\"cl\"><\/div>\n<div class=\"cmsmasters_text\">\n<p><img loading=\"lazy\" class=\"wp-image-15347 size-full alignright\" style=\"border: 8px solid white; border-radius: 5px;\" src=\"https:\/\/www.lifecityworld.com\/wp-content\/uploads\/2020\/09\/fitness.jpg\" alt=\"\" width=\"600\" height=\"400\" srcset=\"https:\/\/www.lifecityworld.com\/wp-content\/uploads\/2020\/09\/fitness.jpg 600w, https:\/\/www.lifecityworld.com\/wp-content\/uploads\/2020\/09\/fitness-300x200.jpg 300w, https:\/\/www.lifecityworld.com\/wp-content\/uploads\/2020\/09\/fitness-580x387.jpg 580w\" sizes=\"(max-width: 600px) 100vw, 600px\" \/><\/p>\n<p>LifeCity Siedlungen werden <strong>physische Zentren von gro\u00dfer Wichtigkeit<\/strong> sein, in der Lage, sich um die psycho-physische Gesundheit des Menschen in einem einzigen Kontext der Stadtplanung zu k\u00fcmmern: Harmonisch und innovativ, ethisch und nachhaltig, einschlie\u00dflich aller Elemente, die zum Wohlbefinden beitragen, wie Freizeit, Gesundheit, Sport und Entspannung.<br \/>\nLifeCity wird auch die Informations- und wissenschaftlichen Verbreitungsaktivit\u00e4ten der an die Themen Ern\u00e4hrung, Gesundheit, Wellness und Mindset angrenzenden Bereiche unterst\u00fctzen, die das Gleichgewicht des Menschen in allen Formen f\u00f6rdern.<\/p>\n<p>Es wird eine neue Art sein, die Exzellenz von <em>Made in Italy<\/em> zu konzipieren, in der Lage, \u00fcber alle Grenzen hinwegzuschauen. Auch jene abgeschotteten der Produktionssysteme.<\/p>\n<\/div>\n<\/div><\/div>\n<\/div>\n<\/div>\n<\/div>\n<\/div>\n<\/div>\n\n","protected":false},"excerpt":{"rendered":"","protected":false},"author":1,"featured_media":0,"parent":0,"menu_order":0,"comment_status":"closed","ping_status":"closed","template":"","meta":[],"yoast_head":"<!-- This site is optimized with the Yoast SEO plugin v15.9.2 - https:\/\/yoast.com\/wordpress\/plugins\/seo\/ -->\n<title>Warum - LifeCity World<\/title>\n<meta name=\"robots\" content=\"index, follow, max-snippet:-1, max-image-preview:large, max-video-preview:-1\" \/>\n<link rel=\"canonical\" href=\"https:\/\/www.lifecityworld.com\/de\/warum\/\" \/>\n<meta property=\"og:locale\" content=\"de_DE\" \/>\n<meta property=\"og:type\" content=\"article\" \/>\n<meta property=\"og:title\" content=\"Warum - LifeCity World\" \/>\n<meta property=\"og:url\" content=\"https:\/\/www.lifecityworld.com\/de\/warum\/\" \/>\n<meta property=\"og:site_name\" content=\"LifeCity World\" \/>\n<meta property=\"article:modified_time\" content=\"2020-12-04T15:41:31+00:00\" \/>\n<meta property=\"og:image\" content=\"https:\/\/www.lifecityworld.com\/wp-content\/uploads\/2020\/09\/dieta.jpg\" \/>\n<meta name=\"twitter:card\" content=\"summary_large_image\" \/>\n<meta name=\"twitter:label1\" content=\"Gesch\u00e4tzte Lesezeit\">\n\t<meta name=\"twitter:data1\" content=\"5\u00a0Minuten\">\n<script type=\"application\/ld+json\" class=\"yoast-schema-graph\">{\"@context\":\"https:\/\/schema.org\",\"@graph\":[{\"@type\":\"WebSite\",\"@id\":\"https:\/\/www.lifecityworld.com\/#website\",\"url\":\"https:\/\/www.lifecityworld.com\/\",\"name\":\"LifeCity World\",\"description\":\"\",\"potentialAction\":[{\"@type\":\"SearchAction\",\"target\":\"https:\/\/www.lifecityworld.com\/?s={search_term_string}\",\"query-input\":\"required name=search_term_string\"}],\"inLanguage\":\"de\"},{\"@type\":\"ImageObject\",\"@id\":\"https:\/\/www.lifecityworld.com\/de\/warum\/#primaryimage\",\"inLanguage\":\"de\",\"url\":\"https:\/\/www.lifecityworld.com\/wp-content\/uploads\/2020\/09\/dieta.jpg\",\"width\":600,\"height\":400},{\"@type\":\"WebPage\",\"@id\":\"https:\/\/www.lifecityworld.com\/de\/warum\/#webpage\",\"url\":\"https:\/\/www.lifecityworld.com\/de\/warum\/\",\"name\":\"Warum - LifeCity World\",\"isPartOf\":{\"@id\":\"https:\/\/www.lifecityworld.com\/#website\"},\"primaryImageOfPage\":{\"@id\":\"https:\/\/www.lifecityworld.com\/de\/warum\/#primaryimage\"},\"datePublished\":\"2020-10-28T10:29:25+00:00\",\"dateModified\":\"2020-12-04T15:41:31+00:00\",\"breadcrumb\":{\"@id\":\"https:\/\/www.lifecityworld.com\/de\/warum\/#breadcrumb\"},\"inLanguage\":\"de\",\"potentialAction\":[{\"@type\":\"ReadAction\",\"target\":[\"https:\/\/www.lifecityworld.com\/de\/warum\/\"]}]},{\"@type\":\"BreadcrumbList\",\"@id\":\"https:\/\/www.lifecityworld.com\/de\/warum\/#breadcrumb\",\"itemListElement\":[{\"@type\":\"ListItem\",\"position\":1,\"item\":{\"@type\":\"WebPage\",\"@id\":\"https:\/\/www.lifecityworld.com\/de\/\",\"url\":\"https:\/\/www.lifecityworld.com\/de\/\",\"name\":\"Home\"}},{\"@type\":\"ListItem\",\"position\":2,\"item\":{\"@type\":\"WebPage\",\"@id\":\"https:\/\/www.lifecityworld.com\/de\/warum\/\",\"url\":\"https:\/\/www.lifecityworld.com\/de\/warum\/\",\"name\":\"Warum\"}}]}]}<\/script>\n<!-- \/ Yoast SEO plugin. -->","_links":{"self":[{"href":"https:\/\/www.lifecityworld.com\/de\/wp-json\/wp\/v2\/pages\/15653"}],"collection":[{"href":"https:\/\/www.lifecityworld.com\/de\/wp-json\/wp\/v2\/pages"}],"about":[{"href":"https:\/\/www.lifecityworld.com\/de\/wp-json\/wp\/v2\/types\/page"}],"author":[{"embeddable":true,"href":"https:\/\/www.lifecityworld.com\/de\/wp-json\/wp\/v2\/users\/1"}],"replies":[{"embeddable":true,"href":"https:\/\/www.lifecityworld.com\/de\/wp-json\/wp\/v2\/comments?post=15653"}],"version-history":[{"count":2,"href":"https:\/\/www.lifecityworld.com\/de\/wp-json\/wp\/v2\/pages\/15653\/revisions"}],"predecessor-version":[{"id":15663,"href":"https:\/\/www.lifecityworld.com\/de\/wp-json\/wp\/v2\/pages\/15653\/revisions\/15663"}],"wp:attachment":[{"href":"https:\/\/www.lifecityworld.com\/de\/wp-json\/wp\/v2\/media?parent=15653"}],"curies":[{"name":"wp","href":"https:\/\/api.w.org\/{rel}","templated":true}]}}