{"id":15664,"date":"2020-10-28T11:43:36","date_gmt":"2020-10-28T10:43:36","guid":{"rendered":"https:\/\/www.lifecityworld.com\/?page_id=15664"},"modified":"2020-12-04T16:42:24","modified_gmt":"2020-12-04T15:42:24","slug":"wo","status":"publish","type":"page","link":"https:\/\/www.lifecityworld.com\/de\/wo\/","title":{"rendered":"Wo"},"content":{"rendered":"<div id=\"cmsmasters_row_3h8axrcs\" class=\"cmsmasters_row cmsmasters_color_scheme_default blocco-titolo-mob cmsmasters_row_top_default cmsmasters_row_bot_default cmsmasters_row_boxed\">\n<div class=\"cmsmasters_row_outer_parent\">\n<div class=\"cmsmasters_row_outer\">\n<div class=\"cmsmasters_row_inner\">\n<div class=\"cmsmasters_row_margin\">\n<div id=\"cmsmasters_column_52148c5d6b\" class=\"cmsmasters_column one_first\">\n<div class=\"cmsmasters_column_inner\"><div id=\"cmsmasters_heading_8x8zg0g316\" class=\"cmsmasters_heading_wrap cmsmasters_heading_align_center\">\n\t<h1 class=\"cmsmasters_heading\">Wo<\/h1>\n<\/div><div class=\"cmsmasters_text fascione\">\n<p>LifeCity ist ein <strong>urbanes Format<\/strong>, das \u00fcberall angewandt werden kann, eine Vorstellung von einer Stadt der Personen, die auf den modernen Menschen zugeschnitten ist. Die Lage ist so konzipiert, dass sie in jedem st\u00e4dtischen Gef\u00fcge immer korrekt und harmonisch ist, die Nutzungen und Ressourcen des lokalen Territoriums respektiert und sich in die Pl\u00e4ne der Zielst\u00e4dte integriert. In allen F\u00e4llen unterliegt das Projekt der ausdr\u00fccklichen <strong>Genehmigung<\/strong> der lokalen Institutionen, die nach einem der Gesetzgebung folgenden Verwaltungsverfahren erteilt wird.<\/p>\n<\/div>\n<\/div><\/div>\n<\/div>\n<\/div>\n<\/div>\n<\/div>\n<\/div>\n<div id=\"cmsmasters_row_0on29i6tm\" class=\"cmsmasters_row cmsmasters_color_scheme_default blocco-img-mob cmsmasters_row_top_default cmsmasters_row_bot_default cmsmasters_row_boxed\">\n<div class=\"cmsmasters_row_outer_parent\">\n<div class=\"cmsmasters_row_outer\">\n<div class=\"cmsmasters_row_inner\">\n<div class=\"cmsmasters_row_margin\">\n<div id=\"cmsmasters_column_y24u0f36aa\" class=\"cmsmasters_column one_first\">\n<div class=\"cmsmasters_column_inner\"><div class=\"cmsmasters_img  cmsmasters_image_n\"><img src=\"https:\/\/www.lifecityworld.com\/wp-content\/uploads\/2020\/09\/logo-lifecity.jpg\" \/><\/div>\n<\/div><\/div>\n<\/div>\n<\/div>\n<\/div>\n<\/div>\n<\/div>\n<div id=\"cmsmasters_row_k73x3wfih\" class=\"cmsmasters_row cmsmasters_color_scheme_default blocco-titolo-mob cmsmasters_row_top_default cmsmasters_row_bot_default cmsmasters_row_boxed\">\n<div class=\"cmsmasters_row_outer_parent\">\n<div class=\"cmsmasters_row_outer\">\n<div class=\"cmsmasters_row_inner\">\n<div class=\"cmsmasters_row_margin\">\n<div id=\"cmsmasters_column_aje8511zzp\" class=\"cmsmasters_column one_first\">\n<div class=\"cmsmasters_column_inner\"><div class=\"cmsmasters_text fascione\">\n<p>In Italien tr\u00e4gt das Format den Namen <strong>LifeCity Parco degli Ulivi<\/strong>, wobei es symbolisch auf den wichtigsten Baum der mediterranen Landschaft verweist. Das erste italienische Projekt wird das von <a href=\"https:\/\/www.lifecityworld.com\/san-pancrazio-salentino\/\"><strong>San Pancrazio Salentino<\/strong><\/a>,in der Provinz Brindisi sein.<\/p>\n<p>Die Pr\u00e4sentation weiterer Projekte ist in mehreren anderen italienischen St\u00e4dten im Gange, w\u00e4hrend f\u00fcr viele ausl\u00e4ndische Zentren die st\u00e4dtischen Machbarkeitsbedingungen noch untersucht werden.<br \/>\nIm Blickfeld von LifeCity-Projekten:<\/p>\n<ul style=\"column-count: 2; padding: 0 10px;\">\n<li>Milano<\/li>\n<li>Torino<\/li>\n<li>Pistoia<\/li>\n<li>Roma<\/li>\n<li>Bari<\/li>\n<li>Brindisi<\/li>\n<li>Monaco di Baviera<\/li>\n<li>Francoforte<\/li>\n<li>Lione<\/li>\n<li>Londra<\/li>\n<li>Parigi<\/li>\n<li>Barcellona<\/li>\n<li>Zurigo<\/li>\n<li>Ginevra<\/li>\n<li>Riga<\/li>\n<li>New York<\/li>\n<li>San Francisco<\/li>\n<li>Las Vegas<\/li>\n<li>Miami<\/li>\n<li>Dallas<\/li>\n<li>Mosca<\/li>\n<li>Tokyo<\/li>\n<\/ul>\n<\/div>\n<\/div><\/div>\n<\/div>\n<\/div>\n<\/div>\n<\/div>\n<\/div>\n<div id=\"cmsmasters_row_qxsxsxpi9d\" class=\"cmsmasters_row cmsmasters_color_scheme_default blocco-img-mob cmsmasters_row_top_default cmsmasters_row_bot_default cmsmasters_row_boxed\">\n<div class=\"cmsmasters_row_outer_parent\">\n<div class=\"cmsmasters_row_outer\">\n<div class=\"cmsmasters_row_inner\">\n<div class=\"cmsmasters_row_margin\">\n<div id=\"cmsmasters_column_ibvw3ytgko\" class=\"cmsmasters_column one_first\">\n<div class=\"cmsmasters_column_inner\"><div class=\"cmsmasters_text\">\n<iframe src=\"https:\/\/www.google.com\/maps\/d\/embed?mid=1fpA7Ekh2lA5DEJOpHxNvFuY1iD1GY-bS\" width=\"100%\" height=\"400\"><\/iframe>\n<\/div>\n<\/div><\/div>\n<\/div>\n<\/div>\n<\/div>\n<\/div>\n<\/div>\n<div id=\"cmsmasters_row_mv5204x3fg\" class=\"cmsmasters_row cmsmasters_color_scheme_default blocco-titolo-img-desk cmsmasters_row_top_default cmsmasters_row_bot_default cmsmasters_row_boxed\">\n<div class=\"cmsmasters_row_outer_parent\">\n<div class=\"cmsmasters_row_outer\">\n<div class=\"cmsmasters_row_inner\">\n<div class=\"cmsmasters_row_margin\">\n<div id=\"cmsmasters_column_bfd7c3ff06\" class=\"cmsmasters_column one_first\">\n<div class=\"cmsmasters_column_inner\"><div id=\"cmsmasters_heading_6xsiwo4knl\" class=\"cmsmasters_heading_wrap cmsmasters_heading_align_center\">\n\t<h1 class=\"cmsmasters_heading\">Wo<\/h1>\n<\/div><div class=\"cmsmasters_text\">\n<p><img loading=\"lazy\" class=\"wp-image-15333 size-full alignleft\" style=\"border: 8px solid white; border-radius: 5px;\" src=\"https:\/\/www.lifecityworld.com\/wp-content\/uploads\/2020\/09\/logo-lifecity.jpg\" alt=\"\" width=\"600\" height=\"400\" srcset=\"https:\/\/www.lifecityworld.com\/wp-content\/uploads\/2020\/09\/logo-lifecity.jpg 600w, https:\/\/www.lifecityworld.com\/wp-content\/uploads\/2020\/09\/logo-lifecity-300x200.jpg 300w, https:\/\/www.lifecityworld.com\/wp-content\/uploads\/2020\/09\/logo-lifecity-580x387.jpg 580w\" sizes=\"(max-width: 600px) 100vw, 600px\" \/><\/p>\n<p>LifeCity ist ein <strong>urbanes Format<\/strong>, das \u00fcberall angewandt werden kann, eine Vorstellung von einer Stadt der Personen, die auf den modernen Menschen zugeschnitten ist. Die Lage ist so konzipiert, dass sie in jedem st\u00e4dtischen Gef\u00fcge immer korrekt und harmonisch ist, die Nutzungen und Ressourcen des lokalen Territoriums respektiert und sich in die Pl\u00e4ne der Zielst\u00e4dte integriert. In allen F\u00e4llen unterliegt das Projekt der ausdr\u00fccklichen <strong>Genehmigung<\/strong> der lokalen Institutionen, die nach einem der Gesetzgebung folgenden Verwaltungsverfahren erteilt wird.<\/p>\n<p>In Italien tr\u00e4gt das Format den Namen <strong>LifeCity Parco degli Ulivi<\/strong>, wobei es symbolisch auf den wichtigsten Baum der mediterranen Landschaft verweist. Das erste italienische Projekt wird das von <a href=\"https:\/\/www.lifecityworld.com\/san-pancrazio-salentino\/\"><strong>San Pancrazio Salentino<\/strong><\/a>,in der Provinz Brindisi sein.<\/p>\n<\/div>\n<\/div><\/div>\n<\/div>\n<\/div>\n<\/div>\n<\/div>\n<\/div>\n<div id=\"cmsmasters_row_irefl7hib5\" class=\"cmsmasters_row cmsmasters_color_scheme_default blocco-titolo-img-desk cmsmasters_row_top_default cmsmasters_row_bot_default cmsmasters_row_boxed\">\n<div class=\"cmsmasters_row_outer_parent\">\n<div class=\"cmsmasters_row_outer\">\n<div class=\"cmsmasters_row_inner\">\n<div class=\"cmsmasters_row_margin\">\n<div id=\"cmsmasters_column_t4pl2r3k22\" class=\"cmsmasters_column one_first\">\n<div class=\"cmsmasters_column_inner\"><div class=\"cmsmasters_text\">\n<p>Die Pr\u00e4sentation weiterer Projekte ist in mehreren anderen italienischen St\u00e4dten im Gange, w\u00e4hrend f\u00fcr viele ausl\u00e4ndische Zentren die st\u00e4dtischen Machbarkeitsbedingungen noch untersucht werden.<br \/>\nIm Blickfeld von LifeCity-Projekten:<\/p>\n<p>Im Blickfeld von LifeCity-Projekten:<\/p>\n<ul style=\"column-count: 2; padding: 0 10px;\">\n<li>Milano<\/li>\n<li>Torino<\/li>\n<li>Pistoia<\/li>\n<li>Roma<\/li>\n<li>Bari<\/li>\n<li>Brindisi<\/li>\n<li>Monaco di Baviera<\/li>\n<li>Francoforte<\/li>\n<li>Lione<\/li>\n<li>Londra<\/li>\n<li>Parigi<\/li>\n<li>Barcellona<\/li>\n<li>Zurigo<\/li>\n<li>Ginevra<\/li>\n<li>Riga<\/li>\n<li>New York<\/li>\n<li>San Francisco<\/li>\n<li>Las Vegas<\/li>\n<li>Miami<\/li>\n<li>Dallas<\/li>\n<li>Mosca<\/li>\n<li>Tokyo<\/li>\n<\/ul>\n<p>&nbsp;<\/p>\n<\/div>\n<div class=\"cmsmasters_text\">\n<iframe src=\"https:\/\/www.google.com\/maps\/d\/embed?mid=1fpA7Ekh2lA5DEJOpHxNvFuY1iD1GY-bS\" width=\"100%\" height=\"450\"><\/iframe>\n<\/div>\n<\/div><\/div>\n<\/div>\n<\/div>\n<\/div>\n<\/div>\n<\/div>\n\n","protected":false},"excerpt":{"rendered":"","protected":false},"author":1,"featured_media":0,"parent":0,"menu_order":0,"comment_status":"closed","ping_status":"closed","template":"","meta":[],"yoast_head":"<!-- This site is optimized with the Yoast SEO plugin v15.9.2 - https:\/\/yoast.com\/wordpress\/plugins\/seo\/ -->\n<title>Wo - LifeCity World<\/title>\n<meta name=\"robots\" content=\"index, follow, max-snippet:-1, max-image-preview:large, max-video-preview:-1\" \/>\n<link rel=\"canonical\" href=\"https:\/\/www.lifecityworld.com\/de\/wo\/\" \/>\n<meta property=\"og:locale\" content=\"de_DE\" \/>\n<meta property=\"og:type\" content=\"article\" \/>\n<meta property=\"og:title\" content=\"Wo - LifeCity World\" \/>\n<meta property=\"og:url\" content=\"https:\/\/www.lifecityworld.com\/de\/wo\/\" \/>\n<meta property=\"og:site_name\" content=\"LifeCity World\" \/>\n<meta property=\"article:modified_time\" content=\"2020-12-04T15:42:24+00:00\" \/>\n<meta property=\"og:image\" content=\"https:\/\/www.lifecityworld.com\/wp-content\/uploads\/2020\/09\/logo-lifecity.jpg\" \/>\n<meta name=\"twitter:card\" content=\"summary_large_image\" \/>\n<meta name=\"twitter:label1\" content=\"Gesch\u00e4tzte Lesezeit\">\n\t<meta name=\"twitter:data1\" content=\"5\u00a0Minuten\">\n<script type=\"application\/ld+json\" class=\"yoast-schema-graph\">{\"@context\":\"https:\/\/schema.org\",\"@graph\":[{\"@type\":\"WebSite\",\"@id\":\"https:\/\/www.lifecityworld.com\/#website\",\"url\":\"https:\/\/www.lifecityworld.com\/\",\"name\":\"LifeCity World\",\"description\":\"\",\"potentialAction\":[{\"@type\":\"SearchAction\",\"target\":\"https:\/\/www.lifecityworld.com\/?s={search_term_string}\",\"query-input\":\"required name=search_term_string\"}],\"inLanguage\":\"de\"},{\"@type\":\"ImageObject\",\"@id\":\"https:\/\/www.lifecityworld.com\/de\/wo\/#primaryimage\",\"inLanguage\":\"de\",\"url\":\"https:\/\/www.lifecityworld.com\/wp-content\/uploads\/2020\/09\/logo-lifecity.jpg\",\"width\":600,\"height\":400},{\"@type\":\"WebPage\",\"@id\":\"https:\/\/www.lifecityworld.com\/de\/wo\/#webpage\",\"url\":\"https:\/\/www.lifecityworld.com\/de\/wo\/\",\"name\":\"Wo - LifeCity World\",\"isPartOf\":{\"@id\":\"https:\/\/www.lifecityworld.com\/#website\"},\"primaryImageOfPage\":{\"@id\":\"https:\/\/www.lifecityworld.com\/de\/wo\/#primaryimage\"},\"datePublished\":\"2020-10-28T10:43:36+00:00\",\"dateModified\":\"2020-12-04T15:42:24+00:00\",\"breadcrumb\":{\"@id\":\"https:\/\/www.lifecityworld.com\/de\/wo\/#breadcrumb\"},\"inLanguage\":\"de\",\"potentialAction\":[{\"@type\":\"ReadAction\",\"target\":[\"https:\/\/www.lifecityworld.com\/de\/wo\/\"]}]},{\"@type\":\"BreadcrumbList\",\"@id\":\"https:\/\/www.lifecityworld.com\/de\/wo\/#breadcrumb\",\"itemListElement\":[{\"@type\":\"ListItem\",\"position\":1,\"item\":{\"@type\":\"WebPage\",\"@id\":\"https:\/\/www.lifecityworld.com\/de\/\",\"url\":\"https:\/\/www.lifecityworld.com\/de\/\",\"name\":\"Home\"}},{\"@type\":\"ListItem\",\"position\":2,\"item\":{\"@type\":\"WebPage\",\"@id\":\"https:\/\/www.lifecityworld.com\/de\/wo\/\",\"url\":\"https:\/\/www.lifecityworld.com\/de\/wo\/\",\"name\":\"Wo\"}}]}]}<\/script>\n<!-- \/ Yoast SEO plugin. -->","_links":{"self":[{"href":"https:\/\/www.lifecityworld.com\/de\/wp-json\/wp\/v2\/pages\/15664"}],"collection":[{"href":"https:\/\/www.lifecityworld.com\/de\/wp-json\/wp\/v2\/pages"}],"about":[{"href":"https:\/\/www.lifecityworld.com\/de\/wp-json\/wp\/v2\/types\/page"}],"author":[{"embeddable":true,"href":"https:\/\/www.lifecityworld.com\/de\/wp-json\/wp\/v2\/users\/1"}],"replies":[{"embeddable":true,"href":"https:\/\/www.lifecityworld.com\/de\/wp-json\/wp\/v2\/comments?post=15664"}],"version-history":[{"count":2,"href":"https:\/\/www.lifecityworld.com\/de\/wp-json\/wp\/v2\/pages\/15664\/revisions"}],"predecessor-version":[{"id":15673,"href":"https:\/\/www.lifecityworld.com\/de\/wp-json\/wp\/v2\/pages\/15664\/revisions\/15673"}],"wp:attachment":[{"href":"https:\/\/www.lifecityworld.com\/de\/wp-json\/wp\/v2\/media?parent=15664"}],"curies":[{"name":"wp","href":"https:\/\/api.w.org\/{rel}","templated":true}]}}