{"id":15685,"date":"2020-10-28T12:02:34","date_gmt":"2020-10-28T11:02:34","guid":{"rendered":"https:\/\/www.lifecityworld.com\/?page_id=15685"},"modified":"2020-12-04T16:28:50","modified_gmt":"2020-12-04T15:28:50","slug":"fidelity-card","status":"publish","type":"page","link":"https:\/\/www.lifecityworld.com\/de\/fidelity-card\/","title":{"rendered":"Fidelity Card"},"content":{"rendered":"<div id=\"cmsmasters_row_z8xpq9j59n\" class=\"cmsmasters_row cmsmasters_color_scheme_default blocco-titolo-mob cmsmasters_row_top_default cmsmasters_row_bot_default cmsmasters_row_boxed\">\n<div class=\"cmsmasters_row_outer_parent\">\n<div class=\"cmsmasters_row_outer\">\n<div class=\"cmsmasters_row_inner\">\n<div class=\"cmsmasters_row_margin\">\n<div id=\"cmsmasters_column_52148c5d6b\" class=\"cmsmasters_column one_first\">\n<div class=\"cmsmasters_column_inner\"><div id=\"cmsmasters_heading_ubixz3pstm\" class=\"cmsmasters_heading_wrap cmsmasters_heading_align_center\">\n\t<h1 class=\"cmsmasters_heading\">Fidelity Card<\/h1>\n<\/div><div class=\"cmsmasters_text fascione\">\n<p>LifeCity World wird auch die <strong>Community<\/strong> der Wirtschaftsakteure und Endkunden sein, die die M\u00f6glichkeit haben, ihren jeweiligen Treueprogrammen \u00fcber eine <strong>Fidelity Card<\/strong> beizutreten.<br \/>\nDurch die Teilnahme am Treueprogramm profitieren die Partner von besonderen kommerziellen Vorteilen und speziellen Dienstleistungen, w\u00e4hrend die Verbraucher exklusive Rabatte, Geschenke und Werbeaktionen auf die Produkte und Dienstleistungen der LifeCity-Siedlung erhalten, die ihrer Wohngemeinde am n\u00e4chsten liegt.<\/p>\n<p>Der Verbraucher wird mit einer digitalen Karte <em>(Token)<\/em> ausgestattet, die die Vertr\u00e4ge \u00fcber die Nutzung der Dienstleistungen enth\u00e4lt, und ihm den Zugang zu allen Programmen von Lieferungen f\u00fcr Lebensmittel und Dienstleistungen erm\u00f6glichen. Der Vertrag, der vom Kunden in einer <strong>Blockchain<\/strong>-Umgebung unterzeichnet wurde, wird auch eine Gesundheitspolice enthalten, die von der Erstversicherungsgesellschaft sowohl f\u00fcr Unf\u00e4lle als auch f\u00fcr die Nutzung von Sozial- und Gesundheitsdienstleistungen, die von der multifunktionalen Gesundheitseinheit der Zitadelle angeboten werden, angeschlossen ist. Bereits heute ist es m\u00f6glich, Ihre digitale <strong>Fidelity Card<\/strong> f\u00fcr die Sammlung von Credits zu buchen, die den Zugang zu zuk\u00fcnftigen Lifecity-Diensten und zum LifeCity store erm\u00f6glichen wird.<\/p>\n<\/div>\n<div class=\"cmsmasters_img  cmsmasters_image_n\"><img src=\"https:\/\/www.lifecityworld.com\/wp-content\/uploads\/2020\/09\/community.jpg\" \/><\/div>\n<\/div><\/div>\n<\/div>\n<\/div>\n<\/div>\n<\/div>\n<\/div>\n<div id=\"cmsmasters_row_u7eh2xa03s\" class=\"cmsmasters_row cmsmasters_color_scheme_default blocco-titolo-mob cmsmasters_row_top_default cmsmasters_row_bot_default cmsmasters_row_boxed\">\n<div class=\"cmsmasters_row_outer_parent\">\n<div class=\"cmsmasters_row_outer\">\n<div class=\"cmsmasters_row_inner\">\n<div class=\"cmsmasters_row_margin\">\n<div id=\"cmsmasters_column_aje8511zzp\" class=\"cmsmasters_column one_first\">\n<div class=\"cmsmasters_column_inner\"><div class=\"cmsmasters_text fascione\">\n<p>Wenn Sie ein Wirtschaftsbeteiligter oder ein Kunde sind, der sich f\u00fcr die LifeCity-Welt interessiert, fordern Sie jetzt weitere Informationen \u00fcber die <strong>Fidelity Card<\/strong> an: Sie k\u00f6nnen die Ihnen vorbehaltenen Vorteile sofort entdecken.<\/p>\n<div role=\"form\" class=\"wpcf7\" id=\"wpcf7-f15024-o1\" lang=\"it-IT\" dir=\"ltr\">\n<div class=\"screen-reader-response\"><p role=\"status\" aria-live=\"polite\" aria-atomic=\"true\"><\/p> <ul><\/ul><\/div>\n<form action=\"\/de\/wp-json\/wp\/v2\/pages\/15685#wpcf7-f15024-o1\" method=\"post\" class=\"wpcf7-form init\" novalidate=\"novalidate\" data-status=\"init\">\n<div style=\"display: none;\">\n<input type=\"hidden\" name=\"_wpcf7\" value=\"15024\" \/>\n<input type=\"hidden\" name=\"_wpcf7_version\" value=\"5.4.2\" \/>\n<input type=\"hidden\" name=\"_wpcf7_locale\" value=\"it_IT\" \/>\n<input type=\"hidden\" name=\"_wpcf7_unit_tag\" value=\"wpcf7-f15024-o1\" \/>\n<input type=\"hidden\" name=\"_wpcf7_container_post\" value=\"0\" \/>\n<input type=\"hidden\" name=\"_wpcf7_posted_data_hash\" value=\"\" \/>\n<\/div>\n<p><span class=\"wpcf7-form-control-wrap menu-760\"><select name=\"menu-760\" class=\"wpcf7-form-control wpcf7-select wpcf7-validates-as-required\" aria-required=\"true\" aria-invalid=\"false\"><option value=\"Partner commerciale\">Partner commerciale<\/option><option value=\"Consumatore\">Consumatore<\/option><\/select><\/span><\/p>\n<p><label> Nome*<br \/>\n    <span class=\"wpcf7-form-control-wrap your-name\"><input type=\"text\" name=\"your-name\" value=\"\" size=\"40\" class=\"wpcf7-form-control wpcf7-text wpcf7-validates-as-required\" aria-required=\"true\" aria-invalid=\"false\" \/><\/span> <\/label><\/p>\n<p><label> Citt\u00e0*<br \/>\n    <span class=\"wpcf7-form-control-wrap your-city\"><input type=\"text\" name=\"your-city\" value=\"\" size=\"40\" class=\"wpcf7-form-control wpcf7-text wpcf7-validates-as-required\" aria-required=\"true\" aria-invalid=\"false\" \/><\/span> <\/label><\/p>\n<p><label> Stato*<br \/>\n    <span class=\"wpcf7-form-control-wrap your-state\"><input type=\"text\" name=\"your-state\" value=\"\" size=\"40\" class=\"wpcf7-form-control wpcf7-text wpcf7-validates-as-required\" aria-required=\"true\" aria-invalid=\"false\" \/><\/span> <\/label><\/p>\n<p><label> E-mail*<br \/>\n    <span class=\"wpcf7-form-control-wrap your-email\"><input type=\"email\" name=\"your-email\" value=\"\" size=\"40\" class=\"wpcf7-form-control wpcf7-text wpcf7-email wpcf7-validates-as-required wpcf7-validates-as-email\" aria-required=\"true\" aria-invalid=\"false\" \/><\/span> <\/label><\/p>\n<p><label> Telefono*<br \/>\n    <span class=\"wpcf7-form-control-wrap tel-368\"><input type=\"tel\" name=\"tel-368\" value=\"\" size=\"40\" class=\"wpcf7-form-control wpcf7-text wpcf7-tel wpcf7-validates-as-required wpcf7-validates-as-tel\" aria-required=\"true\" aria-invalid=\"false\" \/><\/span> <\/label><\/p>\n<div class=\"column one\" style=\"font-size: 13px;font-weight: 100;line-height: 20px; color:#777;\"><span class=\"wpcf7-form-control-wrap accettazione-gdpr\"><span class=\"wpcf7-form-control wpcf7-acceptance\"><span class=\"wpcf7-list-item\"><label><input type=\"checkbox\" name=\"accettazione-gdpr\" value=\"1\" aria-invalid=\"false\" \/><span class=\"wpcf7-list-item-label\">Ho letto l'<a href=\"\/privacy-policy\/\" target=\"_blank\" rel=\"nofollow noopener\" style=\"color:#1b2d59\">informativa privacy<\/a> e acconsento al trattamento dei dati nel rispetto del regolamento europeo n. 679\/2016, GDPR.<\/span><\/label><\/span><\/span><\/span><\/div>\n<p><input type=\"submit\" value=\"Richiedi info\" class=\"wpcf7-form-control wpcf7-submit\" \/><\/p>\n<div class=\"wpcf7-response-output\" aria-hidden=\"true\"><\/div><\/form><\/div>\n<\/div>\n<\/div><\/div>\n<\/div>\n<\/div>\n<\/div>\n<\/div>\n<\/div>\n<div id=\"cmsmasters_row_19f97b4rz\" class=\"cmsmasters_row cmsmasters_color_scheme_default blocco-img-mob cmsmasters_row_top_default cmsmasters_row_bot_default cmsmasters_row_boxed\">\n<div class=\"cmsmasters_row_outer_parent\">\n<div class=\"cmsmasters_row_outer\">\n<div class=\"cmsmasters_row_inner\">\n<div class=\"cmsmasters_row_margin\">\n<div id=\"cmsmasters_column_y24u0f36aa\" class=\"cmsmasters_column one_first\">\n<div class=\"cmsmasters_column_inner\"><div class=\"cmsmasters_img  cmsmasters_image_n\"><img src=\"https:\/\/www.lifecityworld.com\/wp-content\/uploads\/2020\/09\/card.jpg\" \/><\/div>\n<\/div><\/div>\n<\/div>\n<\/div>\n<\/div>\n<\/div>\n<\/div>\n<div id=\"cmsmasters_row_ssnp8mo5bk\" class=\"cmsmasters_row cmsmasters_color_scheme_default blocco-titolo-img-desk cmsmasters_row_top_default cmsmasters_row_bot_default cmsmasters_row_boxed\">\n<div class=\"cmsmasters_row_outer_parent\">\n<div class=\"cmsmasters_row_outer\">\n<div class=\"cmsmasters_row_inner\">\n<div class=\"cmsmasters_row_margin\">\n<div id=\"cmsmasters_column_bfd7c3ff06\" class=\"cmsmasters_column one_first\">\n<div class=\"cmsmasters_column_inner\"><div id=\"cmsmasters_heading_5nsasxklrt\" class=\"cmsmasters_heading_wrap cmsmasters_heading_align_center\">\n\t<h1 class=\"cmsmasters_heading\">Fidelity Card<\/h1>\n<\/div><div class=\"cmsmasters_text\">\n<p><img loading=\"lazy\" class=\"wp-image-15341 size-full alignleft\" style=\"border: 8px solid white; border-radius: 5px;\" src=\"https:\/\/www.lifecityworld.com\/wp-content\/uploads\/2020\/09\/community.jpg\" alt=\"\" width=\"600\" height=\"400\" srcset=\"https:\/\/www.lifecityworld.com\/wp-content\/uploads\/2020\/09\/community.jpg 600w, https:\/\/www.lifecityworld.com\/wp-content\/uploads\/2020\/09\/community-300x200.jpg 300w, https:\/\/www.lifecityworld.com\/wp-content\/uploads\/2020\/09\/community-580x387.jpg 580w\" sizes=\"(max-width: 600px) 100vw, 600px\" \/><\/p>\n<p>LifeCity World wird auch die <strong>Community<\/strong> der Wirtschaftsakteure und Endkunden sein, die die M\u00f6glichkeit haben, ihren jeweiligen Treueprogrammen \u00fcber eine <strong>Fidelity Card<\/strong> beizutreten.<br \/>\nDurch die Teilnahme am Treueprogramm profitieren die Partner von besonderen kommerziellen Vorteilen und speziellen Dienstleistungen, w\u00e4hrend die Verbraucher exklusive Rabatte, Geschenke und Werbeaktionen auf die Produkte und Dienstleistungen der LifeCity-Siedlung erhalten, die ihrer Wohngemeinde am n\u00e4chsten liegt.<\/p>\n<p>Der Verbraucher wird mit einer digitalen Karte <em>(Token)<\/em> ausgestattet, die die Vertr\u00e4ge \u00fcber die Nutzung der Dienstleistungen enth\u00e4lt, und ihm den Zugang zu allen Programmen von Lieferungen f\u00fcr Lebensmittel und Dienstleistungen erm\u00f6glichen. Der Vertrag, der vom Kunden in einer <strong>Blockchain<\/strong>-Umgebung unterzeichnet wurde, wird auch eine Gesundheitspolice enthalten, die von der Erstversicherungsgesellschaft sowohl f\u00fcr Unf\u00e4lle als auch f\u00fcr die Nutzung von Sozial- und Gesundheitsdienstleistungen, die von der multifunktionalen Gesundheitseinheit der Zitadelle angeboten werden, angeschlossen ist. Bereits heute ist es m\u00f6glich, Ihre digitale <strong>Fidelity Card<\/strong> f\u00fcr die Sammlung von Credits zu buchen, die den Zugang zu zuk\u00fcnftigen Lifecity-Diensten und zum LifeCity store erm\u00f6glichen wird.<\/p>\n<\/div>\n<div class=\"cmsmasters_text\">\n<p><img loading=\"lazy\" class=\"wp-image-15338 size-full alignright\" style=\"border: 8px solid white; border-radius: 5px;\" src=\"https:\/\/www.lifecityworld.com\/wp-content\/uploads\/2020\/09\/card.jpg\" alt=\"\" width=\"600\" height=\"400\" srcset=\"https:\/\/www.lifecityworld.com\/wp-content\/uploads\/2020\/09\/card.jpg 600w, https:\/\/www.lifecityworld.com\/wp-content\/uploads\/2020\/09\/card-300x200.jpg 300w, https:\/\/www.lifecityworld.com\/wp-content\/uploads\/2020\/09\/card-580x387.jpg 580w\" sizes=\"(max-width: 600px) 100vw, 600px\" \/><\/p>\n<p>Wenn Sie ein Wirtschaftsbeteiligter oder ein Kunde sind, der sich f\u00fcr die LifeCity-Welt interessiert, fordern Sie jetzt weitere Informationen \u00fcber die <strong>Fidelity Card<\/strong> an: Sie k\u00f6nnen die Ihnen vorbehaltenen Vorteile sofort entdecken.<\/p>\n<div class=\"form-fidelity\"><div role=\"form\" class=\"wpcf7\" id=\"wpcf7-f15024-o2\" lang=\"it-IT\" dir=\"ltr\">\n<div class=\"screen-reader-response\"><p role=\"status\" aria-live=\"polite\" aria-atomic=\"true\"><\/p> <ul><\/ul><\/div>\n<form action=\"\/de\/wp-json\/wp\/v2\/pages\/15685#wpcf7-f15024-o2\" method=\"post\" class=\"wpcf7-form init\" novalidate=\"novalidate\" data-status=\"init\">\n<div style=\"display: none;\">\n<input type=\"hidden\" name=\"_wpcf7\" value=\"15024\" \/>\n<input type=\"hidden\" name=\"_wpcf7_version\" value=\"5.4.2\" \/>\n<input type=\"hidden\" name=\"_wpcf7_locale\" value=\"it_IT\" \/>\n<input type=\"hidden\" name=\"_wpcf7_unit_tag\" value=\"wpcf7-f15024-o2\" \/>\n<input type=\"hidden\" name=\"_wpcf7_container_post\" value=\"0\" \/>\n<input type=\"hidden\" name=\"_wpcf7_posted_data_hash\" value=\"\" \/>\n<\/div>\n<p><span class=\"wpcf7-form-control-wrap menu-760\"><select name=\"menu-760\" class=\"wpcf7-form-control wpcf7-select wpcf7-validates-as-required\" aria-required=\"true\" aria-invalid=\"false\"><option value=\"Partner commerciale\">Partner commerciale<\/option><option value=\"Consumatore\">Consumatore<\/option><\/select><\/span><\/p>\n<p><label> Nome*<br \/>\n    <span class=\"wpcf7-form-control-wrap your-name\"><input type=\"text\" name=\"your-name\" value=\"\" size=\"40\" class=\"wpcf7-form-control wpcf7-text wpcf7-validates-as-required\" aria-required=\"true\" aria-invalid=\"false\" \/><\/span> <\/label><\/p>\n<p><label> Citt\u00e0*<br \/>\n    <span class=\"wpcf7-form-control-wrap your-city\"><input type=\"text\" name=\"your-city\" value=\"\" size=\"40\" class=\"wpcf7-form-control wpcf7-text wpcf7-validates-as-required\" aria-required=\"true\" aria-invalid=\"false\" \/><\/span> <\/label><\/p>\n<p><label> Stato*<br \/>\n    <span class=\"wpcf7-form-control-wrap your-state\"><input type=\"text\" name=\"your-state\" value=\"\" size=\"40\" class=\"wpcf7-form-control wpcf7-text wpcf7-validates-as-required\" aria-required=\"true\" aria-invalid=\"false\" \/><\/span> <\/label><\/p>\n<p><label> E-mail*<br \/>\n    <span class=\"wpcf7-form-control-wrap your-email\"><input type=\"email\" name=\"your-email\" value=\"\" size=\"40\" class=\"wpcf7-form-control wpcf7-text wpcf7-email wpcf7-validates-as-required wpcf7-validates-as-email\" aria-required=\"true\" aria-invalid=\"false\" \/><\/span> <\/label><\/p>\n<p><label> Telefono*<br \/>\n    <span class=\"wpcf7-form-control-wrap tel-368\"><input type=\"tel\" name=\"tel-368\" value=\"\" size=\"40\" class=\"wpcf7-form-control wpcf7-text wpcf7-tel wpcf7-validates-as-required wpcf7-validates-as-tel\" aria-required=\"true\" aria-invalid=\"false\" \/><\/span> <\/label><\/p>\n<div class=\"column one\" style=\"font-size: 13px;font-weight: 100;line-height: 20px; color:#777;\"><span class=\"wpcf7-form-control-wrap accettazione-gdpr\"><span class=\"wpcf7-form-control wpcf7-acceptance\"><span class=\"wpcf7-list-item\"><label><input type=\"checkbox\" name=\"accettazione-gdpr\" value=\"1\" aria-invalid=\"false\" \/><span class=\"wpcf7-list-item-label\">Ho letto l'<a href=\"\/privacy-policy\/\" target=\"_blank\" rel=\"nofollow noopener\" style=\"color:#1b2d59\">informativa privacy<\/a> e acconsento al trattamento dei dati nel rispetto del regolamento europeo n. 679\/2016, GDPR.<\/span><\/label><\/span><\/span><\/span><\/div>\n<p><input type=\"submit\" value=\"Richiedi info\" class=\"wpcf7-form-control wpcf7-submit\" \/><\/p>\n<div class=\"wpcf7-response-output\" aria-hidden=\"true\"><\/div><\/form><\/div><\/div>\n<\/div>\n<\/div><\/div>\n<\/div>\n<\/div>\n<\/div>\n<\/div>\n<\/div>\n\n","protected":false},"excerpt":{"rendered":"","protected":false},"author":1,"featured_media":0,"parent":0,"menu_order":0,"comment_status":"closed","ping_status":"closed","template":"","meta":[],"yoast_head":"<!-- This site is optimized with the Yoast SEO plugin v15.9.2 - https:\/\/yoast.com\/wordpress\/plugins\/seo\/ -->\n<title>Fidelity Card - LifeCity World<\/title>\n<meta name=\"robots\" content=\"index, follow, max-snippet:-1, max-image-preview:large, max-video-preview:-1\" \/>\n<link rel=\"canonical\" href=\"https:\/\/www.lifecityworld.com\/de\/fidelity-card\/\" \/>\n<meta property=\"og:locale\" content=\"de_DE\" \/>\n<meta property=\"og:type\" content=\"article\" \/>\n<meta property=\"og:title\" content=\"Fidelity Card - LifeCity World\" \/>\n<meta property=\"og:url\" content=\"https:\/\/www.lifecityworld.com\/de\/fidelity-card\/\" \/>\n<meta property=\"og:site_name\" content=\"LifeCity World\" \/>\n<meta property=\"article:modified_time\" content=\"2020-12-04T15:28:50+00:00\" \/>\n<meta property=\"og:image\" content=\"https:\/\/www.lifecityworld.com\/wp-content\/uploads\/2020\/09\/community.jpg\" \/>\n<meta name=\"twitter:card\" content=\"summary_large_image\" \/>\n<meta name=\"twitter:label1\" content=\"Gesch\u00e4tzte Lesezeit\">\n\t<meta name=\"twitter:data1\" content=\"4\u00a0Minuten\">\n<script type=\"application\/ld+json\" class=\"yoast-schema-graph\">{\"@context\":\"https:\/\/schema.org\",\"@graph\":[{\"@type\":\"WebSite\",\"@id\":\"https:\/\/www.lifecityworld.com\/#website\",\"url\":\"https:\/\/www.lifecityworld.com\/\",\"name\":\"LifeCity World\",\"description\":\"\",\"potentialAction\":[{\"@type\":\"SearchAction\",\"target\":\"https:\/\/www.lifecityworld.com\/?s={search_term_string}\",\"query-input\":\"required name=search_term_string\"}],\"inLanguage\":\"de\"},{\"@type\":\"ImageObject\",\"@id\":\"https:\/\/www.lifecityworld.com\/de\/fidelity-card\/#primaryimage\",\"inLanguage\":\"de\",\"url\":\"https:\/\/www.lifecityworld.com\/wp-content\/uploads\/2020\/09\/community.jpg\",\"width\":600,\"height\":400},{\"@type\":\"WebPage\",\"@id\":\"https:\/\/www.lifecityworld.com\/de\/fidelity-card\/#webpage\",\"url\":\"https:\/\/www.lifecityworld.com\/de\/fidelity-card\/\",\"name\":\"Fidelity Card - LifeCity World\",\"isPartOf\":{\"@id\":\"https:\/\/www.lifecityworld.com\/#website\"},\"primaryImageOfPage\":{\"@id\":\"https:\/\/www.lifecityworld.com\/de\/fidelity-card\/#primaryimage\"},\"datePublished\":\"2020-10-28T11:02:34+00:00\",\"dateModified\":\"2020-12-04T15:28:50+00:00\",\"breadcrumb\":{\"@id\":\"https:\/\/www.lifecityworld.com\/de\/fidelity-card\/#breadcrumb\"},\"inLanguage\":\"de\",\"potentialAction\":[{\"@type\":\"ReadAction\",\"target\":[\"https:\/\/www.lifecityworld.com\/de\/fidelity-card\/\"]}]},{\"@type\":\"BreadcrumbList\",\"@id\":\"https:\/\/www.lifecityworld.com\/de\/fidelity-card\/#breadcrumb\",\"itemListElement\":[{\"@type\":\"ListItem\",\"position\":1,\"item\":{\"@type\":\"WebPage\",\"@id\":\"https:\/\/www.lifecityworld.com\/de\/\",\"url\":\"https:\/\/www.lifecityworld.com\/de\/\",\"name\":\"Home\"}},{\"@type\":\"ListItem\",\"position\":2,\"item\":{\"@type\":\"WebPage\",\"@id\":\"https:\/\/www.lifecityworld.com\/de\/fidelity-card\/\",\"url\":\"https:\/\/www.lifecityworld.com\/de\/fidelity-card\/\",\"name\":\"Fidelity Card\"}}]}]}<\/script>\n<!-- \/ Yoast SEO plugin. -->","_links":{"self":[{"href":"https:\/\/www.lifecityworld.com\/de\/wp-json\/wp\/v2\/pages\/15685"}],"collection":[{"href":"https:\/\/www.lifecityworld.com\/de\/wp-json\/wp\/v2\/pages"}],"about":[{"href":"https:\/\/www.lifecityworld.com\/de\/wp-json\/wp\/v2\/types\/page"}],"author":[{"embeddable":true,"href":"https:\/\/www.lifecityworld.com\/de\/wp-json\/wp\/v2\/users\/1"}],"replies":[{"embeddable":true,"href":"https:\/\/www.lifecityworld.com\/de\/wp-json\/wp\/v2\/comments?post=15685"}],"version-history":[{"count":2,"href":"https:\/\/www.lifecityworld.com\/de\/wp-json\/wp\/v2\/pages\/15685\/revisions"}],"predecessor-version":[{"id":15689,"href":"https:\/\/www.lifecityworld.com\/de\/wp-json\/wp\/v2\/pages\/15685\/revisions\/15689"}],"wp:attachment":[{"href":"https:\/\/www.lifecityworld.com\/de\/wp-json\/wp\/v2\/media?parent=15685"}],"curies":[{"name":"wp","href":"https:\/\/api.w.org\/{rel}","templated":true}]}}