{"id":15718,"date":"2020-10-28T12:25:47","date_gmt":"2020-10-28T11:25:47","guid":{"rendered":"https:\/\/www.lifecityworld.com\/?page_id=15718"},"modified":"2020-12-04T17:49:51","modified_gmt":"2020-12-04T16:49:51","slug":"home","status":"publish","type":"page","link":"https:\/\/www.lifecityworld.com\/de\/","title":{"rendered":"Home"},"content":{"rendered":"<div id=\"cmsmasters_row_09c8631611\" class=\"cmsmasters_row cmsmasters_color_scheme_default cmsmasters_row_top_default cmsmasters_row_bot_default cmsmasters_row_fullwidth\">\n<div class=\"cmsmasters_row_outer_parent\">\n<div class=\"cmsmasters_row_outer\">\n<div class=\"cmsmasters_row_inner cmsmasters_row_fullwidth\">\n<div class=\"cmsmasters_row_margin\">\n<div id=\"cmsmasters_column_681aa11f42\" class=\"cmsmasters_column one_first\">\n<div class=\"cmsmasters_column_inner\"><div class=\"cmsmasters_text\">\n<p>\n\t\t\t<!-- START slider shortcodes  DEU REVOLUTION SLIDER 6.2.14 --><p class=\"rs-p-wp-fix\"><\/p>\n\t\t\t<rs-module-wrap id=\"rev_slider_5_1_wrapper\" data-source=\"gallery\" style=\"background:#e6dcd7;padding:0;\">\n\t\t\t\t<rs-module id=\"rev_slider_5_1\" style=\"\" data-version=\"6.2.14\">\n\t\t\t\t\t<rs-slides>\n\t\t\t\t\t\t<rs-slide data-key=\"rs-30\" data-title=\"Slide\" data-anim=\"ei:d;eo:d;s:600;r:0;t:fade;sl:d;\">\n\t\t\t\t\t\t\t<img src=\"\/\/www.lifecityworld.com\/wp-content\/plugins\/revslider\/public\/assets\/assets\/transparent.png\" alt=\"Slide\" title=\"Home\" class=\"rev-slidebg\" data-no-retina>\n<!--\n\t\t\t\t\t\t\t--><rs-layer\n\t\t\t\t\t\t\t\tid=\"slider-5-slide-30-layer-1\" \n\t\t\t\t\t\t\t\tdata-type=\"text\"\n\t\t\t\t\t\t\t\tdata-rsp_ch=\"on\"\n\t\t\t\t\t\t\t\tdata-xy=\"x:c;y:m;yo:-16px,-16px,-16px,-36px;\"\n\t\t\t\t\t\t\t\tdata-text=\"w:normal;s:90,70,54,44;l:22,22,22,44;fw:700;a:center;\"\n\t\t\t\t\t\t\t\tdata-dim=\"w:1294px,1294px,1294px,323px;h:46px,46px,46px,auto;\"\n\t\t\t\t\t\t\t\tdata-frame_1=\"x:0,0,0,0px;y:0,0,0,0px;st:900;sp:800;sR:900;\"\n\t\t\t\t\t\t\t\tdata-frame_999=\"o:0;st:w;sR:7300;\"\n\t\t\t\t\t\t\t\tstyle=\"z-index:10;font-family:Montserrat;\"\n\t\t\t\t\t\t\t>Im zentrum der zukunft \n\t\t\t\t\t\t\t<\/rs-layer><!--\n\n\t\t\t\t\t\t\t--><rs-layer\n\t\t\t\t\t\t\t\tid=\"slider-5-slide-30-layer-2\" \n\t\t\t\t\t\t\t\tdata-type=\"text\"\n\t\t\t\t\t\t\t\tdata-rsp_ch=\"on\"\n\t\t\t\t\t\t\t\tdata-xy=\"x:c;y:m;yo:59px,41px,31px,54px;\"\n\t\t\t\t\t\t\t\tdata-text=\"w:normal;s:24,20,18,18;l:28,28,28,24;fw:600;a:center;\"\n\t\t\t\t\t\t\t\tdata-dim=\"w:730px,730px,730px,372px;\"\n\t\t\t\t\t\t\t\tdata-frame_1=\"st:1500;sp:800;sR:1460;\"\n\t\t\t\t\t\t\t\tdata-frame_999=\"o:0;st:w;sR:7240;\"\n\t\t\t\t\t\t\t\tstyle=\"z-index:11;font-family:Montserrat;\"\n\t\t\t\t\t\t\t>Ein Projekt, das auf den zeitgen\u00f6ssischen Menschen zugeschnitten ist \n\t\t\t\t\t\t\t<\/rs-layer><!--\n\n\t\t\t\t\t\t\t--><rs-layer\n\t\t\t\t\t\t\t\tid=\"slider-5-slide-30-layer-3\" \n\t\t\t\t\t\t\t\tclass=\"rs-fsv rs-nolc rs-layer-video intrinsic-ignore\"\n\t\t\t\t\t\t\t\tdata-type=\"video\"\n\t\t\t\t\t\t\t\tdata-rsp_ch=\"on\"\n\t\t\t\t\t\t\t\tdata-xy=\"x:0;y:0;\"\n\t\t\t\t\t\t\t\tdata-text=\"w:normal;s:20,12,9,5;l:0,16,12,7;\"\n\t\t\t\t\t\t\t\tdata-dim=\"w:100%;h:100%;\"\n\t\t\t\t\t\t\t\tdata-basealign=\"slide\"\n\t\t\t\t\t\t\t\tdata-video=\"vd:100;noint:t;fc:true;l:true;ptimer:false;nse:f;sav:f;\"\n\t\t\t\t\t\t\t\tdata-mp4=\"\/\/www.lifecityworld.com\/wp-content\/uploads\/2020\/07\/video-slide-sito.mp4\"\n\t\t\t\t\t\t\t\tdata-frame_1=\"sp:1000;\"\n\t\t\t\t\t\t\t\tdata-frame_999=\"o:0;st:w;sR:8000;\"\n\t\t\t\t\t\t\t\tstyle=\"z-index:8;\"\n\t\t\t\t\t\t\t>\n\t\t\t\t\t\t\t<\/rs-layer><!--\n\n\t\t\t\t\t\t\t--><rs-layer\n\t\t\t\t\t\t\t\tid=\"slider-5-slide-30-layer-4\" \n\t\t\t\t\t\t\t\tdata-type=\"shape\"\n\t\t\t\t\t\t\t\tdata-rsp_ch=\"on\"\n\t\t\t\t\t\t\t\tdata-xy=\"x:c;y:m;\"\n\t\t\t\t\t\t\t\tdata-text=\"w:normal;s:20,12,9,5;l:0,16,12,7;\"\n\t\t\t\t\t\t\t\tdata-dim=\"w:100%;h:100%;\"\n\t\t\t\t\t\t\t\tdata-basealign=\"slide\"\n\t\t\t\t\t\t\t\tdata-frame_1=\"sp:800;\"\n\t\t\t\t\t\t\t\tdata-frame_999=\"o:0;st:w;sR:8200;\"\n\t\t\t\t\t\t\t\tstyle=\"z-index:9;background-color:rgba(0,0,0,0.15);\"\n\t\t\t\t\t\t\t> \n\t\t\t\t\t\t\t<\/rs-layer><!--\n-->\t\t\t\t\t\t<\/rs-slide>\n\t\t\t\t\t<\/rs-slides>\n\t\t\t\t<\/rs-module>\n\t\t\t\t<script type=\"text\/javascript\">\n\t\t\t\t\tsetREVStartSize({c: 'rev_slider_5_1',rl:[1240,1024,778,480],el:[560,768,960,720],gw:[1600,1024,778,480],gh:[560,768,960,720],type:'hero',justify:'',layout:'fullscreen',offsetContainer:'',offset:'',mh:\"0\"});\n\t\t\t\t\tvar\trevapi5,\n\t\t\t\t\t\ttpj;\n\t\t\t\t\tjQuery(function() {\n\t\t\t\t\t\ttpj = jQuery;\n\t\t\t\t\t\trevapi5 = tpj(\"#rev_slider_5_1\")\n\t\t\t\t\t\tif(revapi5==undefined || revapi5.revolution == undefined){\n\t\t\t\t\t\t\trevslider_showDoubleJqueryError(\"rev_slider_5_1\");\n\t\t\t\t\t\t}else{\n\t\t\t\t\t\t\trevapi5.revolution({\n\t\t\t\t\t\t\t\tsliderType:\"hero\",\n\t\t\t\t\t\t\t\tsliderLayout:\"fullscreen\",\n\t\t\t\t\t\t\t\tvisibilityLevels:\"1240,1024,778,480\",\n\t\t\t\t\t\t\t\tgridwidth:\"1600,1024,778,480\",\n\t\t\t\t\t\t\t\tgridheight:\"560,768,960,720\",\n\t\t\t\t\t\t\t\tspinner:\"spinner7\",\n\t\t\t\t\t\t\t\tperspective:600,\n\t\t\t\t\t\t\t\tperspectiveType:\"local\",\n\t\t\t\t\t\t\t\tspinnerclr:\"#1b2d59\",\n\t\t\t\t\t\t\t\teditorheight:\"560,768,960,720\",\n\t\t\t\t\t\t\t\tresponsiveLevels:\"1240,1024,778,480\",\n\t\t\t\t\t\t\t\tprogressBar:{disableProgressBar:true},\n\t\t\t\t\t\t\t\tnavigation: {\n\t\t\t\t\t\t\t\t\tonHoverStop:false\n\t\t\t\t\t\t\t\t},\n\t\t\t\t\t\t\t\tfallbacks: {\n\t\t\t\t\t\t\t\t\tallowHTML5AutoPlayOnAndroid:true\n\t\t\t\t\t\t\t\t},\n\t\t\t\t\t\t\t});\n\t\t\t\t\t\t}\n\t\t\t\t\t\t\n\t\t\t\t\t});\n\t\t\t\t<\/script>\n\t\t\t<\/rs-module-wrap>\n\t\t\t<!-- END REVOLUTION SLIDER -->\n<\/p>\n<\/div>\n<\/div><\/div>\n<\/div>\n<\/div>\n<\/div>\n<\/div>\n<\/div>\n<div id=\"cmsmasters_row_0hlgmz1t6m\" class=\"cmsmasters_row cmsmasters_color_scheme_default cmsmasters_row_top_default cmsmasters_row_bot_default cmsmasters_row_boxed\">\n<div class=\"cmsmasters_row_outer_parent\">\n<div class=\"cmsmasters_row_outer\">\n<div class=\"cmsmasters_row_inner\">\n<div class=\"cmsmasters_row_margin\">\n<div id=\"cmsmasters_column_e6cyclra2v\" class=\"cmsmasters_column one_first\">\n<div class=\"cmsmasters_column_inner\"><div class=\"cmsmasters_text\">\n<p class=\"text-benvenuto\">LifeCity World ist ein l\u00e4nder\u00fcbergreifendes Projekt, das sich auf die Schaffung \u2013 an verschiedenen Orten der Welt \u2013 von gro\u00dfen multifunktionalen St\u00e4dten konzentriert, die vom psychophysischen Wohlbefinden der Menschen inspiriert ist. Jede Stadt umfasst ein Gesundheits- und Sozialzentrum, einen Bereich f\u00fcr Hoteldienstleistungen, ein Ausstellungs- und ein Handelszentrum.<br \/>\nUnd noch vieles mehr.<\/p>\n<\/div>\n<\/div><\/div>\n<\/div>\n<\/div>\n<\/div>\n<\/div>\n<\/div>\n<div id=\"cmsmasters_row_a4562a9d19\" class=\"cmsmasters_row cmsmasters_color_scheme_default cmsmasters_homepage_featured_blocks cmsmasters_row_top_default cmsmasters_row_bot_default cmsmasters_row_boxed\">\n<div class=\"cmsmasters_row_outer_parent\">\n<div class=\"cmsmasters_row_outer\">\n<div class=\"cmsmasters_row_inner cmsmasters_row_no_margin\">\n<div class=\"cmsmasters_row_margin cmsmasters_row_columns_behavior\">\n<div id=\"cmsmasters_column_e42bb3625e\" class=\"cmsmasters_column one_third\">\n<div class=\"cmsmasters_column_inner\"><div id=\"cmsmasters_fb_d1d82c10f4\" class=\"cmsmasters_featured_block\">\n<div class=\"featured_block_inner\">\n<div class=\"featured_block_text\">\n<p><img style=\"margin-bottom: 15px;\" src=\"\/wp-content\/uploads\/2020\/07\/commerciale.svg\" width=\"58\" \/><br \/>\n<span style=\"color: #1b2d59; font-size: 24px; font-weight: bold; line-height: 28px;\">Ausstellungs-<br \/>\nund<br \/>\nHandelszentrum<span style=\"color: #333300;\"><div id=\"cmsmasters_divider_876025ffb8\" class=\"cl\"><\/div><\/span><\/span><\/p>\n<p><span style=\"color: #555; font-size: 14px; line-height: 24px;\">Lebensmittel, Essen, Wein und Freizeit. Alle Spitzenprodukte, beginnend mit der Aufwertung der lokalen Ressourcen.<span style=\"color: #003300;\"><div id=\"cmsmasters_divider_14d61f848c\" class=\"cl\"><\/div><\/span><\/span><div id=\"cmsmasters_button_c1ff276b73\" class=\"button_wrap\"><a href=\"\/de\/handels-und-ausstellungszentrum\/\" class=\"cmsmasters_button\"><span>WEITERLESEN<\/span><\/a><\/div>\n\n<\/div>\n<\/div>\n<\/div>\n<\/div><\/div>\n<div id=\"cmsmasters_column_54c834f0dd\" class=\"cmsmasters_column one_third\">\n<div class=\"cmsmasters_column_inner\"><div id=\"cmsmasters_fb_109f0m07dp\" class=\"cmsmasters_featured_block\">\n<div class=\"featured_block_inner\">\n<div class=\"featured_block_text\">\n<p><img style=\"margin-bottom: 15px;\" src=\"\/wp-content\/uploads\/2020\/07\/hotel.svg\" width=\"52\" \/><br \/>\n<span style=\"color: #324f97; font-size: 24px; font-weight: bold; line-height: 28px;\">Hotel<br \/>\nLifeCity<span style=\"color: #333300;\"><div id=\"cmsmasters_divider_109f0m07dp\" class=\"cl\"><\/div><\/span><\/span><\/p>\n<p><span style=\"color: #555; font-size: 14px; line-height: 24px;\">Ein 4-Sterne-Hotel im Gr\u00fcnen mit integrierten Dienstleistungen f\u00fcr Gesch\u00e4fts-, Wellness- und Freizeitkunden.<span style=\"color: #003300;\"><div id=\"cmsmasters_divider_109f0m07dp\" class=\"cl\"><\/div><\/span><\/span><div id=\"cmsmasters_button_109f0m07dp\" class=\"button_wrap\"><a href=\"\/de\/hotel-lifecity\/\" class=\"cmsmasters_button\"><span>WEITERLESEN<\/span><\/a><\/div>\n\n<\/div>\n<\/div>\n<\/div>\n<\/div><\/div>\n<div id=\"cmsmasters_column_aa42780e3a\" class=\"cmsmasters_column one_third\">\n<div class=\"cmsmasters_column_inner\"><div id=\"cmsmasters_fb_r06ct3gl2f\" class=\"cmsmasters_featured_block\">\n<div class=\"featured_block_inner\">\n<div class=\"featured_block_text\">\n<p><img style=\"margin-bottom: 15px;\" src=\"\/wp-content\/uploads\/2020\/07\/sanita.svg\" width=\"52\" \/><br \/>\n<span style=\"color: #5672b5; font-size: 24px; font-weight: bold; line-height: 28px;\">Multifunktionales<br \/>\nGesundheitszentrum<span style=\"color: #333300;\"><div id=\"cmsmasters_divider_r06ct3gl2f\" class=\"cl\"><\/div><\/span><\/span><\/p>\n<p><span style=\"color: #555; font-size: 14px; line-height: 24px;\">Ein gro\u00dfes polyambulatorisches Zentrum, mit einem Bereich, der auf neurodegenerative Erkrankungen (Behandlung und Rehabilitation) spezialisiert ist.<span style=\"color: #003300;\"><div id=\"cmsmasters_divider_r06ct3gl2f\" class=\"cl\"><\/div><\/span><\/span><div id=\"cmsmasters_button_r06ct3gl2f\" class=\"button_wrap\"><a href=\"\/de\/multifunktionales-gesundheitszentrum\/\" class=\"cmsmasters_button\"><span>WEITERLESEN<\/span><\/a><\/div>\n\n<\/div>\n<\/div>\n<\/div>\n<\/div><\/div>\n<\/div>\n<\/div>\n<\/div>\n<\/div>\n<\/div>\n<div id=\"cmsmasters_row_vrl8gka2ee\" class=\"cmsmasters_row cmsmasters_color_scheme_default cmsmasters_row_top_default cmsmasters_row_bot_default cmsmasters_row_boxed\">\n<div class=\"cmsmasters_row_outer_parent\">\n<div class=\"cmsmasters_row_outer\">\n<div class=\"cmsmasters_row_inner\">\n<div class=\"cmsmasters_row_margin cmsmasters_row_columns_behavior\">\n<div id=\"cmsmasters_column_oz1rm2u1fr\" class=\"cmsmasters_column two_third\">\n<div class=\"cmsmasters_column_inner\">\n<div id=\"cmsmasters_video_wrap_\" class=\"cmsmasters_video_wrap\">\n<iframe title=\"LifeCity Parco degli Ulivi - Identity Economics\" width=\"1160\" height=\"653\" src=\"https:\/\/www.youtube.com\/embed\/2x9L31gr2Fg?feature=oembed\" frameborder=\"0\" allow=\"accelerometer; autoplay; clipboard-write; encrypted-media; gyroscope; picture-in-picture\" allowfullscreen><\/iframe>\n<\/div>\n<\/div><\/div>\n<div id=\"cmsmasters_column_ajd4i58d58\" class=\"cmsmasters_column one_third\">\n<div class=\"cmsmasters_column_inner\"><div id=\"cmsmasters_heading_w391bpvm1k\" class=\"cmsmasters_heading_wrap cmsmasters_heading_align_left\">\n\t<h3 class=\"cmsmasters_heading\">Neueste Artikel<\/h3>\n<\/div>\n<div class=\"cmsmasters_posts_slider post\" >\r\n\t\t<div id=\"cmsmasters_slider_ap7ukuxksw\" class=\"cmsmasters_owl_slider owl-carousel\" data-items=\"4\" data-single-item=\"false\" data-auto-play=\"5000\" data-pagination=\"false\" data-navigation=\"true\"><div class=\"cmsmasters_owl_slider_item\"><!-- Start Posts Slider Post Article -->\r\n<article id=\"post-16214\" class=\"cmsmasters_slider_post post-16214 post type-post status-publish format-standard has-post-thumbnail hentry\">\r\n\t<div class=\"cmsmasters_slider_post_outer\">\r\n\t<div class=\"cmsmasters_slider_post_img_wrap\"><figure class=\"cmsmasters_img_rollover_wrap preloader\"><img width=\"580\" height=\"360\" src=\"https:\/\/www.lifecityworld.com\/wp-content\/uploads\/2020\/09\/Italian-restaurant-LifeCity-World-580x360.jpg\" class=\"full-width wp-post-image\" alt=\"Italian Restaurant, der Weltkonsum au\u00dfer Haus wird immer italienischer\" loading=\"lazy\" title=\"Italian Restaurant, der Weltkonsum au\u00dfer Haus wird immer italienischer\" \/><div class=\"cmsmasters_img_rollover\"><a href=\"https:\/\/www.lifecityworld.com\/de\/italian-restaurant-der-weltkonsum-ausser-haus-wird-immer-italienischer\/\" title=\"Italian Restaurant, der Weltkonsum au\u00dfer Haus wird immer italienischer\" class=\"cmsmasters_open_link\"><\/a><\/div><\/figure><\/div><div class=\"cmsmasters_slider_post_inner\"><div class=\"cmsmasters_slider_post_inner_header\"><span class=\"cmsmasters_slider_post_date cmsmasters-icon-calendar-3\"><abbr class=\"published\" title=\"04\/12\/2020\"><span class=\"cmsmasters_day_mon\">04 Dezember<\/span><span class=\"cmsmasters_year\">, 2020<\/span><\/abbr><abbr class=\"dn date updated\" title=\"29\/01\/2021\">29\/01\/2021<\/abbr><\/span><div class=\"cmsmasters_slider_post_meta_wrap entry-meta\"><\/div><\/div><header class=\"cmsmasters_slider_post_header entry-header\"><h4 class=\"cmsmasters_slider_post_title entry-title\"><a href=\"https:\/\/www.lifecityworld.com\/de\/italian-restaurant-der-weltkonsum-ausser-haus-wird-immer-italienischer\/\">Italian Restaurant, der Weltkonsum au\u00dfer Haus wird immer italienischer<\/a><\/h4><\/header><\/div>\t<\/div>\r\n<\/article>\r\n<!-- Finish Posts Slider Post Article -->\r\n\r\n<\/div><div class=\"cmsmasters_owl_slider_item\"><!-- Start Posts Slider Post Article -->\r\n<article id=\"post-16211\" class=\"cmsmasters_slider_post post-16211 post type-post status-publish format-standard has-post-thumbnail hentry\">\r\n\t<div class=\"cmsmasters_slider_post_outer\">\r\n\t<div class=\"cmsmasters_slider_post_img_wrap\"><figure class=\"cmsmasters_img_rollover_wrap preloader\"><img width=\"580\" height=\"360\" src=\"https:\/\/www.lifecityworld.com\/wp-content\/uploads\/2020\/11\/Blockchain-LifeCity-World-580x360.png\" class=\"full-width wp-post-image\" alt=\"Agri-Food Made in Italy, die zus\u00e4tzliche St\u00e4rke ist die Blockchain\" loading=\"lazy\" title=\"Agri-Food Made in Italy, die zus\u00e4tzliche St\u00e4rke ist die Blockchain\" \/><div class=\"cmsmasters_img_rollover\"><a href=\"https:\/\/www.lifecityworld.com\/de\/agri-food-made-in-italy-die-zusaetzliche-staerke-ist-die-blockchain\/\" title=\"Agri-Food Made in Italy, die zus\u00e4tzliche St\u00e4rke ist die Blockchain\" class=\"cmsmasters_open_link\"><\/a><\/div><\/figure><\/div><div class=\"cmsmasters_slider_post_inner\"><div class=\"cmsmasters_slider_post_inner_header\"><span class=\"cmsmasters_slider_post_date cmsmasters-icon-calendar-3\"><abbr class=\"published\" title=\"04\/12\/2020\"><span class=\"cmsmasters_day_mon\">04 Dezember<\/span><span class=\"cmsmasters_year\">, 2020<\/span><\/abbr><abbr class=\"dn date updated\" title=\"29\/01\/2021\">29\/01\/2021<\/abbr><\/span><div class=\"cmsmasters_slider_post_meta_wrap entry-meta\"><\/div><\/div><header class=\"cmsmasters_slider_post_header entry-header\"><h4 class=\"cmsmasters_slider_post_title entry-title\"><a href=\"https:\/\/www.lifecityworld.com\/de\/agri-food-made-in-italy-die-zusaetzliche-staerke-ist-die-blockchain\/\">Agri-Food Made in Italy, die zus\u00e4tzliche St\u00e4rke ist die Blockchain<\/a><\/h4><\/header><\/div>\t<\/div>\r\n<\/article>\r\n<!-- Finish Posts Slider Post Article -->\r\n\r\n<\/div><\/div><\/div>\n<\/div><\/div>\n<\/div>\n<\/div>\n<\/div>\n<\/div>\n<\/div>\n<div id=\"cmsmasters_row_b931f9f2b6\" class=\"cmsmasters_row cmsmasters_color_scheme_default cmsmasters_row_top_default cmsmasters_row_bot_default cmsmasters_row_boxed\">\n<div class=\"cmsmasters_row_outer_parent\">\n<div class=\"cmsmasters_row_outer\">\n<div class=\"cmsmasters_row_inner\">\n<div class=\"cmsmasters_row_margin\">\n<div id=\"cmsmasters_column_j5l68tjac\" class=\"cmsmasters_column one_third\">\n<div class=\"cmsmasters_column_inner\"><div class=\"cmsmasters_text\">\n<p><span style=\"color: #d0a087; font-size: 24px; font-weight: bold; line-height: 28px;\">Fidelity Card<span style=\"color: #333300;\"><div id=\"cmsmasters_divider_876025ffb8\" class=\"cl\"><\/div><\/span><\/span><\/p>\n<p><span style=\"color: #555; font-size: 14px; line-height: 24px;\">Nehmen Sie am LifeCity World Treueprogramm teil: Es steht sowohl Wirtschaftsteilnehmern als auch Verbrauchern offen.<br \/>\nDiejenigen, die in das Projekt investieren, werden besondere kommerzielle Vorteile genie\u00dfen, w\u00e4hrend die Verbraucher exklusive Rabatte, Geschenke und Werbeaktionen auf die angebotenen Produkte und Dienstleistungen erhalten.<br \/>\nFragen Sie jetzt nach weiteren Informationen \u00fcber die Fidelity Card, um die Ihnen vorbehaltenen Vorteile sofort zu entdecken.<span style=\"color: #003300;\"><div id=\"cmsmasters_divider_14d61f848c\" class=\"cl\"><\/div><\/span><\/span><div id=\"cmsmasters_button_c1ff276b74\" class=\"button_wrap\"><a href=\"\/fidelity-card\/\" class=\"cmsmasters_button\"><span>FINDE MEHR HERAUS<\/span><\/a><\/div>\n<\/div>\n<\/div><\/div>\n<div id=\"cmsmasters_column_342c0f912d\" class=\"cmsmasters_column two_third\">\n<div class=\"cmsmasters_column_inner\"><div class=\"cmsmasters_img  cmsmasters_image_n\"><img src=\"https:\/\/www.lifecityworld.com\/wp-content\/uploads\/2020\/07\/card-4.jpg\" \/><\/div>\n<\/div><\/div>\n<\/div>\n<\/div>\n<\/div>\n<\/div>\n<\/div>\n<div id=\"cmsmasters_row_fdf708f8b9\" class=\"cmsmasters_row cmsmasters_color_scheme_default cmsmasters_row_top_default cmsmasters_row_bot_default cmsmasters_row_boxed\">\n<div class=\"cmsmasters_row_outer_parent\">\n<div class=\"cmsmasters_row_outer\">\n<div class=\"cmsmasters_row_inner\">\n<div class=\"cmsmasters_row_margin\">\n<div id=\"cmsmasters_column_c24fa9c6e7\" class=\"cmsmasters_column one_first\">\n<div class=\"cmsmasters_column_inner\"><div id=\"cmsmasters_heading_81133ede8e\" class=\"cmsmasters_heading_wrap cmsmasters_heading_align_left\">\n\t<h1 class=\"cmsmasters_heading\">Partner<\/h1>\n<\/div><div class=\"cmsmasters_clients_grid_wrap\">\n<div id=\"cmsmasters_clients_c243de31e5\" class=\"cmsmasters_clients_grid clients_five\">\n<div class=\"cmsmasters_clients_items slides\">\n<div class=\"cmsmasters_clients_item item\"><img src=\"https:\/\/www.lifecityworld.com\/wp-content\/uploads\/2020\/09\/ener.jpg\" alt=\"Enerwind srl\" title=\"Enerwind srl\" \/><\/div><div class=\"cmsmasters_clients_item item\"><img src=\"https:\/\/www.lifecityworld.com\/wp-content\/uploads\/2020\/09\/msc2.jpg\" alt=\"MSC innovative solutions\" title=\"MSC innovative solutions\" \/><\/div><div class=\"cmsmasters_clients_item item\"><a href=\"http:\/\/www.icnbm.com\/en\/\" target=\"_blank\"><img src=\"https:\/\/www.lifecityworld.com\/wp-content\/uploads\/2020\/07\/cnbm.png\" alt=\"CNBM\" title=\"CNBM\" \/><\/a><\/div><div class=\"cmsmasters_clients_item item\"><a href=\"http:\/\/www.leukos.org\" target=\"_blank\"><img src=\"https:\/\/www.lifecityworld.com\/wp-content\/uploads\/2020\/01\/leukos.jpg\" alt=\"Leukos\" title=\"Leukos\" \/><\/a><\/div><div class=\"cmsmasters_clients_item item\"><img src=\"https:\/\/www.lifecityworld.com\/wp-content\/uploads\/2020\/07\/terra.png\" alt=\"Terra dei Principi Imperiali\" title=\"Terra dei Principi Imperiali\" \/><\/div><\/div>\n<\/div>\n<\/div>\n<\/div><\/div>\n<\/div>\n<\/div>\n<\/div>\n<\/div>\n<\/div>\n\n","protected":false},"excerpt":{"rendered":"","protected":false},"author":1,"featured_media":0,"parent":0,"menu_order":0,"comment_status":"closed","ping_status":"closed","template":"","meta":[],"yoast_head":"<!-- This site is optimized with the Yoast SEO plugin v15.9.2 - https:\/\/yoast.com\/wordpress\/plugins\/seo\/ -->\n<title>Home - LifeCity World<\/title>\n<meta name=\"robots\" content=\"index, follow, max-snippet:-1, max-image-preview:large, max-video-preview:-1\" \/>\n<link rel=\"canonical\" href=\"https:\/\/www.lifecityworld.com\/de\/\" \/>\n<meta property=\"og:locale\" content=\"de_DE\" \/>\n<meta property=\"og:type\" content=\"article\" \/>\n<meta property=\"og:title\" content=\"Home - LifeCity World\" \/>\n<meta property=\"og:url\" content=\"https:\/\/www.lifecityworld.com\/de\/\" \/>\n<meta property=\"og:site_name\" content=\"LifeCity World\" \/>\n<meta property=\"article:modified_time\" content=\"2020-12-04T16:49:51+00:00\" \/>\n<meta property=\"og:image\" content=\"https:\/\/www.lifecityworld.com\/wp-content\/uploads\/2020\/07\/commerciale.svg\" \/>\n<meta name=\"twitter:card\" content=\"summary_large_image\" \/>\n<meta name=\"twitter:label1\" content=\"Gesch\u00e4tzte Lesezeit\">\n\t<meta name=\"twitter:data1\" content=\"7\u00a0Minuten\">\n<script type=\"application\/ld+json\" class=\"yoast-schema-graph\">{\"@context\":\"https:\/\/schema.org\",\"@graph\":[{\"@type\":\"WebSite\",\"@id\":\"https:\/\/www.lifecityworld.com\/#website\",\"url\":\"https:\/\/www.lifecityworld.com\/\",\"name\":\"LifeCity World\",\"description\":\"\",\"potentialAction\":[{\"@type\":\"SearchAction\",\"target\":\"https:\/\/www.lifecityworld.com\/?s={search_term_string}\",\"query-input\":\"required name=search_term_string\"}],\"inLanguage\":\"de\"},{\"@type\":\"ImageObject\",\"@id\":\"https:\/\/www.lifecityworld.com\/de\/#primaryimage\",\"inLanguage\":\"de\",\"url\":\"\/wp-content\/uploads\/2020\/07\/commerciale.svg\"},{\"@type\":\"WebPage\",\"@id\":\"https:\/\/www.lifecityworld.com\/de\/#webpage\",\"url\":\"https:\/\/www.lifecityworld.com\/de\/\",\"name\":\"Home - LifeCity World\",\"isPartOf\":{\"@id\":\"https:\/\/www.lifecityworld.com\/#website\"},\"primaryImageOfPage\":{\"@id\":\"https:\/\/www.lifecityworld.com\/de\/#primaryimage\"},\"datePublished\":\"2020-10-28T11:25:47+00:00\",\"dateModified\":\"2020-12-04T16:49:51+00:00\",\"breadcrumb\":{\"@id\":\"https:\/\/www.lifecityworld.com\/de\/#breadcrumb\"},\"inLanguage\":\"de\",\"potentialAction\":[{\"@type\":\"ReadAction\",\"target\":[\"https:\/\/www.lifecityworld.com\/de\/\"]}]},{\"@type\":\"BreadcrumbList\",\"@id\":\"https:\/\/www.lifecityworld.com\/de\/#breadcrumb\",\"itemListElement\":[{\"@type\":\"ListItem\",\"position\":1,\"item\":{\"@type\":\"WebPage\",\"@id\":\"https:\/\/www.lifecityworld.com\/de\/\",\"url\":\"https:\/\/www.lifecityworld.com\/de\/\",\"name\":\"Home\"}},{\"@type\":\"ListItem\",\"position\":2,\"item\":{\"@type\":\"WebPage\",\"@id\":\"https:\/\/www.lifecityworld.com\/de\/\",\"url\":\"https:\/\/www.lifecityworld.com\/de\/\",\"name\":\"Home\"}}]}]}<\/script>\n<!-- \/ Yoast SEO plugin. -->","_links":{"self":[{"href":"https:\/\/www.lifecityworld.com\/de\/wp-json\/wp\/v2\/pages\/15718"}],"collection":[{"href":"https:\/\/www.lifecityworld.com\/de\/wp-json\/wp\/v2\/pages"}],"about":[{"href":"https:\/\/www.lifecityworld.com\/de\/wp-json\/wp\/v2\/types\/page"}],"author":[{"embeddable":true,"href":"https:\/\/www.lifecityworld.com\/de\/wp-json\/wp\/v2\/users\/1"}],"replies":[{"embeddable":true,"href":"https:\/\/www.lifecityworld.com\/de\/wp-json\/wp\/v2\/comments?post=15718"}],"version-history":[{"count":9,"href":"https:\/\/www.lifecityworld.com\/de\/wp-json\/wp\/v2\/pages\/15718\/revisions"}],"predecessor-version":[{"id":16257,"href":"https:\/\/www.lifecityworld.com\/de\/wp-json\/wp\/v2\/pages\/15718\/revisions\/16257"}],"wp:attachment":[{"href":"https:\/\/www.lifecityworld.com\/de\/wp-json\/wp\/v2\/media?parent=15718"}],"curies":[{"name":"wp","href":"https:\/\/api.w.org\/{rel}","templated":true}]}}