{"id":15792,"date":"2020-10-28T12:35:15","date_gmt":"2020-10-28T11:35:15","guid":{"rendered":"https:\/\/www.lifecityworld.com\/?page_id=15792"},"modified":"2020-12-04T15:51:52","modified_gmt":"2020-12-04T14:51:52","slug":"der-designer","status":"publish","type":"page","link":"https:\/\/www.lifecityworld.com\/de\/der-designer\/","title":{"rendered":"Der Designer"},"content":{"rendered":"<div id=\"cmsmasters_row_jqla23as34\" class=\"cmsmasters_row cmsmasters_color_scheme_default blocco-titolo-mob cmsmasters_row_top_default cmsmasters_row_bot_default cmsmasters_row_boxed\">\n<div class=\"cmsmasters_row_outer_parent\">\n<div class=\"cmsmasters_row_outer\">\n<div class=\"cmsmasters_row_inner\">\n<div class=\"cmsmasters_row_margin\">\n<div id=\"cmsmasters_column_52148c5d6b\" class=\"cmsmasters_column one_first\">\n<div class=\"cmsmasters_column_inner\"><div id=\"cmsmasters_heading_hxxyfcgsln\" class=\"cmsmasters_heading_wrap cmsmasters_heading_align_center\">\n\t<h1 class=\"cmsmasters_heading\">Der Designer<\/h1>\n<\/div><div class=\"cmsmasters_text fascione\">\n<p style=\"text-align: justify; font-size: 16px; line-height: 26px;\"><span style=\"color: #555;\">LifeCity World ist ein Projekt von Ing. <strong>Santo Masilla<\/strong>.<br \/>\nMasilla, der 1985 am Politecnico di Torino graduierte, bekleidete zahlreiche \u00f6ffentliche F\u00fchrungspositionen in mehreren kommunalen \u00c4mtern und vollendete einige \u00f6ffentliche Arbeiten, beginnend bei der Gestaltungsidee bis hin zur Findung der notwendigen finanziellen Mittel. 1999 war er der erste in Italien, der das <strong>Project Financing<\/strong>\u00a0bei \u00f6ffentlichen Arbeiten annahm, was es mehreren Gemeinden erm\u00f6glichte, sich mit wichtigen Werken f\u00fcr die Gemeinschaft auszustatten. Dieser Erfolg zog auch die Aufmerksamkeit der Wirtschaftszeitung <em><strong>Il Sole 24 Ore<\/strong><\/em> auf sich.<br \/>\nMasilla hat auch mehrere wichtige \u00f6ffentliche Arbeiten im Bereich der erneuerbaren Energien durchgef\u00fchrt. Er ist <strong>Autor von Patenten<\/strong> f\u00fcr die Nutzung nat\u00fcrlicher Ressourcen, die dazu gebraucht werden, um rund um die Uhr Strom aus erneuerbaren Quellen zu erzeugen.<\/span><\/p>\n<\/div>\n<\/div><\/div>\n<\/div>\n<\/div>\n<\/div>\n<\/div>\n<\/div>\n<div id=\"cmsmasters_row_293fnlffu\" class=\"cmsmasters_row cmsmasters_color_scheme_default blocco-img-mob cmsmasters_row_top_default cmsmasters_row_bot_default cmsmasters_row_boxed\">\n<div class=\"cmsmasters_row_outer_parent\">\n<div class=\"cmsmasters_row_outer\">\n<div class=\"cmsmasters_row_inner\">\n<div class=\"cmsmasters_row_margin\">\n<div id=\"cmsmasters_column_y24u0f36aa\" class=\"cmsmasters_column one_first\">\n<div class=\"cmsmasters_column_inner\"><div class=\"cmsmasters_img  cmsmasters_image_n\"><img src=\"https:\/\/www.lifecityworld.com\/wp-content\/uploads\/2020\/10\/masilla-deu.jpg\" \/><\/div>\n<\/div><\/div>\n<\/div>\n<\/div>\n<\/div>\n<\/div>\n<\/div>\n<div id=\"cmsmasters_row_zw7hy2usns\" class=\"cmsmasters_row cmsmasters_color_scheme_default blocco-titolo-img-desk cmsmasters_row_top_default cmsmasters_row_bot_default cmsmasters_row_boxed\">\n<div class=\"cmsmasters_row_outer_parent\">\n<div class=\"cmsmasters_row_outer\">\n<div class=\"cmsmasters_row_inner\">\n<div class=\"cmsmasters_row_margin\">\n<div id=\"cmsmasters_column_bfd7c3ff06\" class=\"cmsmasters_column one_first\">\n<div class=\"cmsmasters_column_inner\"><div id=\"cmsmasters_heading_0v1ytshdqg\" class=\"cmsmasters_heading_wrap cmsmasters_heading_align_center\">\n\t<h1 class=\"cmsmasters_heading\">Der Designer<\/h1>\n<\/div><div class=\"cmsmasters_text\">\n<p style=\"text-align: justify; font-size: 16px; line-height: 26px;\"><span style=\"color: #555;\"><img loading=\"lazy\" class=\"wp-image-15909 size-full alignleft\" style=\"border: 8px solid white; border-radius: 5px;\" src=\"https:\/\/www.lifecityworld.com\/wp-content\/uploads\/2020\/10\/masilla-deu.jpg\" alt=\"\" width=\"600\" height=\"400\" srcset=\"https:\/\/www.lifecityworld.com\/wp-content\/uploads\/2020\/10\/masilla-deu.jpg 600w, https:\/\/www.lifecityworld.com\/wp-content\/uploads\/2020\/10\/masilla-deu-300x200.jpg 300w, https:\/\/www.lifecityworld.com\/wp-content\/uploads\/2020\/10\/masilla-deu-580x387.jpg 580w\" sizes=\"(max-width: 600px) 100vw, 600px\" \/><\/span><\/p>\n<p style=\"text-align: justify; font-size: 16px; line-height: 26px;\"><span style=\"color: #555;\">LifeCity World ist ein Projekt von Ing. <strong>Santo Masilla<\/strong>.<br \/>\nMasilla, der 1985 am Politecnico di Torino graduierte, bekleidete zahlreiche \u00f6ffentliche F\u00fchrungspositionen in mehreren kommunalen \u00c4mtern und vollendete einige \u00f6ffentliche Arbeiten, beginnend bei der Gestaltungsidee bis hin zur Findung der notwendigen finanziellen Mittel. 1999 war er der erste in Italien, der das <strong>Project Financing<\/strong>\u00a0bei \u00f6ffentlichen Arbeiten annahm, was es mehreren Gemeinden erm\u00f6glichte, sich mit wichtigen Werken f\u00fcr die Gemeinschaft auszustatten. Dieser Erfolg zog auch die Aufmerksamkeit der Wirtschaftszeitung <em><strong>Il Sole 24 Ore<\/strong><\/em> auf sich.<br \/>\nMasilla hat auch mehrere wichtige \u00f6ffentliche Arbeiten im Bereich der erneuerbaren Energien durchgef\u00fchrt. Er ist <strong>Autor von Patenten<\/strong> f\u00fcr die Nutzung nat\u00fcrlicher Ressourcen, die dazu gebraucht werden, um rund um die Uhr Strom aus erneuerbaren Quellen zu erzeugen.<\/span><\/p>\n<\/div>\n<\/div><\/div>\n<\/div>\n<\/div>\n<\/div>\n<\/div>\n<\/div>\n\n","protected":false},"excerpt":{"rendered":"","protected":false},"author":1,"featured_media":0,"parent":0,"menu_order":0,"comment_status":"closed","ping_status":"closed","template":"","meta":[],"yoast_head":"<!-- This site is optimized with the Yoast SEO plugin v15.9.2 - https:\/\/yoast.com\/wordpress\/plugins\/seo\/ -->\n<title>Der Designer - LifeCity World<\/title>\n<meta name=\"robots\" content=\"index, follow, max-snippet:-1, max-image-preview:large, max-video-preview:-1\" \/>\n<link rel=\"canonical\" href=\"https:\/\/www.lifecityworld.com\/de\/der-designer\/\" \/>\n<meta property=\"og:locale\" content=\"de_DE\" \/>\n<meta property=\"og:type\" content=\"article\" \/>\n<meta property=\"og:title\" content=\"Der Designer - LifeCity World\" \/>\n<meta property=\"og:url\" content=\"https:\/\/www.lifecityworld.com\/de\/der-designer\/\" \/>\n<meta property=\"og:site_name\" content=\"LifeCity World\" \/>\n<meta property=\"article:modified_time\" content=\"2020-12-04T14:51:52+00:00\" \/>\n<meta property=\"og:image\" content=\"https:\/\/www.lifecityworld.com\/wp-content\/uploads\/2020\/10\/masilla-deu.jpg\" \/>\n<meta name=\"twitter:card\" content=\"summary_large_image\" \/>\n<meta name=\"twitter:label1\" content=\"Gesch\u00e4tzte Lesezeit\">\n\t<meta name=\"twitter:data1\" content=\"3\u00a0Minuten\">\n<script type=\"application\/ld+json\" class=\"yoast-schema-graph\">{\"@context\":\"https:\/\/schema.org\",\"@graph\":[{\"@type\":\"WebSite\",\"@id\":\"https:\/\/www.lifecityworld.com\/#website\",\"url\":\"https:\/\/www.lifecityworld.com\/\",\"name\":\"LifeCity World\",\"description\":\"\",\"potentialAction\":[{\"@type\":\"SearchAction\",\"target\":\"https:\/\/www.lifecityworld.com\/?s={search_term_string}\",\"query-input\":\"required name=search_term_string\"}],\"inLanguage\":\"de\"},{\"@type\":\"ImageObject\",\"@id\":\"https:\/\/www.lifecityworld.com\/de\/der-designer\/#primaryimage\",\"inLanguage\":\"de\",\"url\":\"https:\/\/www.lifecityworld.com\/wp-content\/uploads\/2020\/10\/masilla-deu.jpg\",\"width\":600,\"height\":400},{\"@type\":\"WebPage\",\"@id\":\"https:\/\/www.lifecityworld.com\/de\/der-designer\/#webpage\",\"url\":\"https:\/\/www.lifecityworld.com\/de\/der-designer\/\",\"name\":\"Der Designer - LifeCity World\",\"isPartOf\":{\"@id\":\"https:\/\/www.lifecityworld.com\/#website\"},\"primaryImageOfPage\":{\"@id\":\"https:\/\/www.lifecityworld.com\/de\/der-designer\/#primaryimage\"},\"datePublished\":\"2020-10-28T11:35:15+00:00\",\"dateModified\":\"2020-12-04T14:51:52+00:00\",\"breadcrumb\":{\"@id\":\"https:\/\/www.lifecityworld.com\/de\/der-designer\/#breadcrumb\"},\"inLanguage\":\"de\",\"potentialAction\":[{\"@type\":\"ReadAction\",\"target\":[\"https:\/\/www.lifecityworld.com\/de\/der-designer\/\"]}]},{\"@type\":\"BreadcrumbList\",\"@id\":\"https:\/\/www.lifecityworld.com\/de\/der-designer\/#breadcrumb\",\"itemListElement\":[{\"@type\":\"ListItem\",\"position\":1,\"item\":{\"@type\":\"WebPage\",\"@id\":\"https:\/\/www.lifecityworld.com\/de\/\",\"url\":\"https:\/\/www.lifecityworld.com\/de\/\",\"name\":\"Home\"}},{\"@type\":\"ListItem\",\"position\":2,\"item\":{\"@type\":\"WebPage\",\"@id\":\"https:\/\/www.lifecityworld.com\/de\/der-designer\/\",\"url\":\"https:\/\/www.lifecityworld.com\/de\/der-designer\/\",\"name\":\"Der Designer\"}}]}]}<\/script>\n<!-- \/ Yoast SEO plugin. -->","_links":{"self":[{"href":"https:\/\/www.lifecityworld.com\/de\/wp-json\/wp\/v2\/pages\/15792"}],"collection":[{"href":"https:\/\/www.lifecityworld.com\/de\/wp-json\/wp\/v2\/pages"}],"about":[{"href":"https:\/\/www.lifecityworld.com\/de\/wp-json\/wp\/v2\/types\/page"}],"author":[{"embeddable":true,"href":"https:\/\/www.lifecityworld.com\/de\/wp-json\/wp\/v2\/users\/1"}],"replies":[{"embeddable":true,"href":"https:\/\/www.lifecityworld.com\/de\/wp-json\/wp\/v2\/comments?post=15792"}],"version-history":[{"count":4,"href":"https:\/\/www.lifecityworld.com\/de\/wp-json\/wp\/v2\/pages\/15792\/revisions"}],"predecessor-version":[{"id":15913,"href":"https:\/\/www.lifecityworld.com\/de\/wp-json\/wp\/v2\/pages\/15792\/revisions\/15913"}],"wp:attachment":[{"href":"https:\/\/www.lifecityworld.com\/de\/wp-json\/wp\/v2\/media?parent=15792"}],"curies":[{"name":"wp","href":"https:\/\/api.w.org\/{rel}","templated":true}]}}