{"id":15932,"date":"2020-10-29T16:27:56","date_gmt":"2020-10-29T15:27:56","guid":{"rendered":"https:\/\/www.lifecityworld.com\/?page_id=15932"},"modified":"2021-02-01T15:30:47","modified_gmt":"2021-02-01T14:30:47","slug":"terra-dei-principi-imperiali","status":"publish","type":"page","link":"https:\/\/www.lifecityworld.com\/de\/terra-dei-principi-imperiali\/","title":{"rendered":"Terra dei Principi Imperiali"},"content":{"rendered":"<div id=\"cmsmasters_row_a45tsg5ytl\" class=\"cmsmasters_row cmsmasters_color_scheme_default blocco-titolo-mob cmsmasters_row_top_default cmsmasters_row_bot_default cmsmasters_row_boxed\">\n<div class=\"cmsmasters_row_outer_parent\">\n<div class=\"cmsmasters_row_outer\">\n<div class=\"cmsmasters_row_inner\">\n<div class=\"cmsmasters_row_margin\">\n<div id=\"cmsmasters_column_52148c5d6b\" class=\"cmsmasters_column one_first\">\n<div class=\"cmsmasters_column_inner\"><div id=\"cmsmasters_heading_cev8zyc35k\" class=\"cmsmasters_heading_wrap cmsmasters_heading_align_center\">\n\t<h1 class=\"cmsmasters_heading\">Terra dei Principi Imperiali<\/h1>\n<\/div><div class=\"cmsmasters_text fascione\">\n<p>LifeCity ist eine Partnerschaft mit dem Konsortium &#8222;Terra dei Principi Imperiali&#8220; eingegangen. Diese soll der F\u00f6rderung der <strong>Promotion von exzellenten Lebensmittel- und Weinerzeugnissen<\/strong> der gleichnamigen Region dienen, die sich im S\u00fcdosten Italiens, in der Provinz Brindisi, befindet.<\/p>\n<p>Die Produkte werden mit dem Qualit\u00e4tsg\u00fctesiegel <strong>&#8222;Terra dei Principi Imperiali&#8220;<\/strong> zertifiziert, das vom Konsortium mit dem Ziel gef\u00f6rdert wird, diese Produktionen auch auf internationaler Ebene zu verbreiten und zu bewerben, wobei Qualit\u00e4t und Exzellenz f\u00fcr den Verbraucher gew\u00e4hrleistet werden und spezielle Protokolle befolgt werden, die beim Ministerium f\u00fcr wirtschaftliche Entwicklung eingereicht wurden.<\/p>\n<\/div>\n<\/div><\/div>\n<\/div>\n<\/div>\n<\/div>\n<\/div>\n<\/div>\n<div id=\"cmsmasters_row_mzw38x7wcp\" class=\"cmsmasters_row cmsmasters_color_scheme_default blocco-img-mob cmsmasters_row_top_default cmsmasters_row_bot_default cmsmasters_row_boxed\">\n<div class=\"cmsmasters_row_outer_parent\">\n<div class=\"cmsmasters_row_outer\">\n<div class=\"cmsmasters_row_inner\">\n<div class=\"cmsmasters_row_margin\">\n<div id=\"cmsmasters_column_y24u0f36aa\" class=\"cmsmasters_column one_first\">\n<div class=\"cmsmasters_column_inner\"><div class=\"cmsmasters_img  cmsmasters_image_n\"><img src=\"https:\/\/www.lifecityworld.com\/wp-content\/uploads\/2020\/09\/terra-dei-principi.jpg\" \/><\/div>\n<\/div><\/div>\n<\/div>\n<\/div>\n<\/div>\n<\/div>\n<\/div>\n<div id=\"cmsmasters_row_0in944j3pg\" class=\"cmsmasters_row cmsmasters_color_scheme_default blocco-titolo-mob cmsmasters_row_top_default cmsmasters_row_bot_default cmsmasters_row_boxed\">\n<div class=\"cmsmasters_row_outer_parent\">\n<div class=\"cmsmasters_row_outer\">\n<div class=\"cmsmasters_row_inner\">\n<div class=\"cmsmasters_row_margin\">\n<div id=\"cmsmasters_column_aje8511zzp\" class=\"cmsmasters_column one_first\">\n<div class=\"cmsmasters_column_inner\"><div class=\"cmsmasters_text fascione\">\n<p>Projektleiter ist Dr. <strong>Francesco Fullone<\/strong>, Gesch\u00e4ftsf\u00fchrer und Generaldirektor der Accademia Imperiali. Die Accademia verfolgt seit einigen <strong>Jahren<\/strong> ein Projekt zur F\u00f6rderung der mediterranen Ern\u00e4hrung, die ihre ersten Schritte in den 1700er Jahren von Oria (Provinz Brindisi) unternahm, mit dem gro\u00dfen Koch Vincenzo Corrado.<br \/>\nIm akademischen Rat, mit Sitz in Rom, als stellvertretender Generalsekret\u00e4r, sitzt auch Dr. <strong>Pasquale Maroni<\/strong>, Senior Executive Manager, Experte in der Leitung einer Business Unit von IT und professionellen Dienstleistungen, mit direkter Verantwortung f\u00fcr Vertrieb und Marketing, Produktentwicklung und damit verbundene professionelle Dienstleistungen.<\/p>\n<p>All diese Projekte und die damit verbundene Professionalit\u00e4t stehen im Dienste der Entwicklung des LifeCity-Masterplans. Das Gesch\u00e4ftsmodell basiert auf dem Agro-Food-Angebot und dem Angebot italienischer Exzellenz, wobei lokale Produkte und Bio-Produkte bevorzugt werden, sowohl mit Direktverkauf und Verkostung als auch im Rahmen professioneller Haute Cuisine-Schulungen, die von Michelin-Sternek\u00f6chen durchgef\u00fchrt werden. In au\u00dfereurop\u00e4ischen Projekten wird das Projekt in die Neuinterpretation und Verbesserung lokaler Produkte und Rezepte integriert.<\/p>\n<\/div>\n<\/div><\/div>\n<\/div>\n<\/div>\n<\/div>\n<\/div>\n<\/div>\n<div id=\"cmsmasters_row_ezawphqv7\" class=\"cmsmasters_row cmsmasters_color_scheme_default blocco-img-mob cmsmasters_row_top_default cmsmasters_row_bot_default cmsmasters_row_boxed\">\n<div class=\"cmsmasters_row_outer_parent\">\n<div class=\"cmsmasters_row_outer\">\n<div class=\"cmsmasters_row_inner\">\n<div class=\"cmsmasters_row_margin\">\n<div id=\"cmsmasters_column_c7e65rm7vj\" class=\"cmsmasters_column one_first\">\n<div class=\"cmsmasters_column_inner\"><div class=\"cmsmasters_img  cmsmasters_image_n\"><img src=\"https:\/\/www.lifecityworld.com\/wp-content\/uploads\/2021\/02\/terra-dei-principi-de.jpg\" \/><\/div>\n<\/div><\/div>\n<\/div>\n<\/div>\n<\/div>\n<\/div>\n<\/div>\n<div id=\"cmsmasters_row_6a8gs8clb\" class=\"cmsmasters_row cmsmasters_color_scheme_default blocco-titolo-img-desk cmsmasters_row_top_default cmsmasters_row_bot_default cmsmasters_row_boxed\">\n<div class=\"cmsmasters_row_outer_parent\">\n<div class=\"cmsmasters_row_outer\">\n<div class=\"cmsmasters_row_inner\">\n<div class=\"cmsmasters_row_margin\">\n<div id=\"cmsmasters_column_bfd7c3ff06\" class=\"cmsmasters_column one_first\">\n<div class=\"cmsmasters_column_inner\"><div id=\"cmsmasters_heading_5ql9jygg96\" class=\"cmsmasters_heading_wrap cmsmasters_heading_align_center\">\n\t<h1 class=\"cmsmasters_heading\">Terra dei Principi Imperiali<\/h1>\n<\/div><div class=\"cmsmasters_text\">\n<p><img loading=\"lazy\" class=\"wp-image-15934 size-full alignleft\" style=\"border: 8px solid white; border-radius: 5px;\" src=\"https:\/\/www.lifecityworld.com\/wp-content\/uploads\/2020\/09\/terra-dei-principi.jpg\" alt=\"\" width=\"600\" height=\"400\" srcset=\"https:\/\/www.lifecityworld.com\/wp-content\/uploads\/2020\/09\/terra-dei-principi.jpg 600w, https:\/\/www.lifecityworld.com\/wp-content\/uploads\/2020\/09\/terra-dei-principi-300x200.jpg 300w, https:\/\/www.lifecityworld.com\/wp-content\/uploads\/2020\/09\/terra-dei-principi-580x387.jpg 580w\" sizes=\"(max-width: 600px) 100vw, 600px\" \/><\/p>\n<p>LifeCity ist eine Partnerschaft mit dem Konsortium &#8222;Terra dei Principi Imperiali&#8220; eingegangen. Diese soll der F\u00f6rderung der <strong>Promotion von exzellenten Lebensmittel- und Weinerzeugnissen<\/strong> der gleichnamigen Region dienen, die sich im S\u00fcdosten Italiens, in der Provinz Brindisi, befindet.<\/p>\n<p>Die Produkte werden mit dem Qualit\u00e4tsg\u00fctesiegel <strong>&#8222;Terra dei Principi Imperiali&#8220;<\/strong> zertifiziert, das vom Konsortium mit dem Ziel gef\u00f6rdert wird, diese Produktionen auch auf internationaler Ebene zu verbreiten und zu bewerben, wobei Qualit\u00e4t und Exzellenz f\u00fcr den Verbraucher gew\u00e4hrleistet werden und spezielle Protokolle befolgt werden, die beim Ministerium f\u00fcr wirtschaftliche Entwicklung eingereicht wurden.<\/p>\n<\/div>\n<div id=\"cmsmasters_divider_etsv5r0ssp\" class=\"cl\"><\/div>\n<div class=\"cmsmasters_text\">\n<p><img loading=\"lazy\" class=\"wp-image-16835 size-full alignright\" style=\"border: 8px solid white; border-radius: 5px;\" src=\"https:\/\/www.lifecityworld.com\/wp-content\/uploads\/2021\/02\/terra-dei-principi-de.jpg\" alt=\"\" width=\"600\" height=\"400\" srcset=\"https:\/\/www.lifecityworld.com\/wp-content\/uploads\/2021\/02\/terra-dei-principi-de.jpg 600w, https:\/\/www.lifecityworld.com\/wp-content\/uploads\/2021\/02\/terra-dei-principi-de-300x200.jpg 300w, https:\/\/www.lifecityworld.com\/wp-content\/uploads\/2021\/02\/terra-dei-principi-de-580x387.jpg 580w\" sizes=\"(max-width: 600px) 100vw, 600px\" \/><\/p>\n<p>Projektleiter ist Dr. <strong>Francesco Fullone<\/strong>, Gesch\u00e4ftsf\u00fchrer und Generaldirektor der Accademia Imperiali. Die Accademia verfolgt seit einigen Jahren ein Projekt zur F\u00f6rderung der mediterranen Ern\u00e4hrung, die ihre ersten Schritte in den 1700er <strong>Jahren<\/strong> von Oria (Provinz Brindisi) unternahm, mit dem gro\u00dfen Koch Vincenzo Corrado.<br \/>\nIm akademischen Rat, mit Sitz in Rom, als stellvertretender Generalsekret\u00e4r, sitzt auch Dr. <strong>Pasquale Maroni<\/strong>, Senior Executive Manager, Experte in der Leitung einer Business Unit von IT und professionellen Dienstleistungen, mit direkter Verantwortung f\u00fcr Vertrieb und Marketing, Produktentwicklung und damit verbundene professionelle Dienstleistungen.<\/p>\n<p>All diese Projekte und die damit verbundene Professionalit\u00e4t stehen im Dienste der Entwicklung des LifeCity-Masterplans. Das Gesch\u00e4ftsmodell basiert auf dem Agro-Food-Angebot und dem Angebot italienischer Exzellenz, wobei lokale Produkte und Bio-Produkte bevorzugt werden, sowohl mit Direktverkauf und Verkostung als auch im Rahmen professioneller Haute Cuisine-Schulungen, die von Michelin-Sternek\u00f6chen durchgef\u00fchrt werden. In au\u00dfereurop\u00e4ischen Projekten wird das Projekt in die Neuinterpretation und Verbesserung lokaler Produkte und Rezepte integriert.<\/p>\n<\/div>\n<\/div><\/div>\n<\/div>\n<\/div>\n<\/div>\n<\/div>\n<\/div>\n\n","protected":false},"excerpt":{"rendered":"","protected":false},"author":1,"featured_media":0,"parent":0,"menu_order":0,"comment_status":"closed","ping_status":"closed","template":"","meta":[],"yoast_head":"<!-- This site is optimized with the Yoast SEO plugin v15.9.2 - https:\/\/yoast.com\/wordpress\/plugins\/seo\/ -->\n<title>Terra dei Principi Imperiali - LifeCity World<\/title>\n<meta name=\"robots\" content=\"index, follow, max-snippet:-1, max-image-preview:large, max-video-preview:-1\" \/>\n<link rel=\"canonical\" href=\"https:\/\/www.lifecityworld.com\/de\/terra-dei-principi-imperiali\/\" \/>\n<meta property=\"og:locale\" content=\"de_DE\" \/>\n<meta property=\"og:type\" content=\"article\" \/>\n<meta property=\"og:title\" content=\"Terra dei Principi Imperiali - LifeCity World\" \/>\n<meta property=\"og:url\" content=\"https:\/\/www.lifecityworld.com\/de\/terra-dei-principi-imperiali\/\" \/>\n<meta property=\"og:site_name\" content=\"LifeCity World\" \/>\n<meta property=\"article:modified_time\" content=\"2021-02-01T14:30:47+00:00\" \/>\n<meta property=\"og:image\" content=\"https:\/\/www.lifecityworld.com\/wp-content\/uploads\/2020\/09\/terra-dei-principi.jpg\" \/>\n<meta name=\"twitter:card\" content=\"summary_large_image\" \/>\n<meta name=\"twitter:label1\" content=\"Gesch\u00e4tzte Lesezeit\">\n\t<meta name=\"twitter:data1\" content=\"5\u00a0Minuten\">\n<script type=\"application\/ld+json\" class=\"yoast-schema-graph\">{\"@context\":\"https:\/\/schema.org\",\"@graph\":[{\"@type\":\"WebSite\",\"@id\":\"https:\/\/www.lifecityworld.com\/#website\",\"url\":\"https:\/\/www.lifecityworld.com\/\",\"name\":\"LifeCity World\",\"description\":\"\",\"potentialAction\":[{\"@type\":\"SearchAction\",\"target\":\"https:\/\/www.lifecityworld.com\/?s={search_term_string}\",\"query-input\":\"required name=search_term_string\"}],\"inLanguage\":\"de\"},{\"@type\":\"ImageObject\",\"@id\":\"https:\/\/www.lifecityworld.com\/de\/terra-dei-principi-imperiali\/#primaryimage\",\"inLanguage\":\"de\",\"url\":\"https:\/\/www.lifecityworld.com\/wp-content\/uploads\/2020\/09\/terra-dei-principi.jpg\",\"width\":600,\"height\":400},{\"@type\":\"WebPage\",\"@id\":\"https:\/\/www.lifecityworld.com\/de\/terra-dei-principi-imperiali\/#webpage\",\"url\":\"https:\/\/www.lifecityworld.com\/de\/terra-dei-principi-imperiali\/\",\"name\":\"Terra dei Principi Imperiali - LifeCity World\",\"isPartOf\":{\"@id\":\"https:\/\/www.lifecityworld.com\/#website\"},\"primaryImageOfPage\":{\"@id\":\"https:\/\/www.lifecityworld.com\/de\/terra-dei-principi-imperiali\/#primaryimage\"},\"datePublished\":\"2020-10-29T15:27:56+00:00\",\"dateModified\":\"2021-02-01T14:30:47+00:00\",\"breadcrumb\":{\"@id\":\"https:\/\/www.lifecityworld.com\/de\/terra-dei-principi-imperiali\/#breadcrumb\"},\"inLanguage\":\"de\",\"potentialAction\":[{\"@type\":\"ReadAction\",\"target\":[\"https:\/\/www.lifecityworld.com\/de\/terra-dei-principi-imperiali\/\"]}]},{\"@type\":\"BreadcrumbList\",\"@id\":\"https:\/\/www.lifecityworld.com\/de\/terra-dei-principi-imperiali\/#breadcrumb\",\"itemListElement\":[{\"@type\":\"ListItem\",\"position\":1,\"item\":{\"@type\":\"WebPage\",\"@id\":\"https:\/\/www.lifecityworld.com\/de\/\",\"url\":\"https:\/\/www.lifecityworld.com\/de\/\",\"name\":\"Home\"}},{\"@type\":\"ListItem\",\"position\":2,\"item\":{\"@type\":\"WebPage\",\"@id\":\"https:\/\/www.lifecityworld.com\/de\/terra-dei-principi-imperiali\/\",\"url\":\"https:\/\/www.lifecityworld.com\/de\/terra-dei-principi-imperiali\/\",\"name\":\"Terra dei Principi Imperiali\"}}]}]}<\/script>\n<!-- \/ Yoast SEO plugin. -->","_links":{"self":[{"href":"https:\/\/www.lifecityworld.com\/de\/wp-json\/wp\/v2\/pages\/15932"}],"collection":[{"href":"https:\/\/www.lifecityworld.com\/de\/wp-json\/wp\/v2\/pages"}],"about":[{"href":"https:\/\/www.lifecityworld.com\/de\/wp-json\/wp\/v2\/types\/page"}],"author":[{"embeddable":true,"href":"https:\/\/www.lifecityworld.com\/de\/wp-json\/wp\/v2\/users\/1"}],"replies":[{"embeddable":true,"href":"https:\/\/www.lifecityworld.com\/de\/wp-json\/wp\/v2\/comments?post=15932"}],"version-history":[{"count":3,"href":"https:\/\/www.lifecityworld.com\/de\/wp-json\/wp\/v2\/pages\/15932\/revisions"}],"predecessor-version":[{"id":16840,"href":"https:\/\/www.lifecityworld.com\/de\/wp-json\/wp\/v2\/pages\/15932\/revisions\/16840"}],"wp:attachment":[{"href":"https:\/\/www.lifecityworld.com\/de\/wp-json\/wp\/v2\/media?parent=15932"}],"curies":[{"name":"wp","href":"https:\/\/api.w.org\/{rel}","templated":true}]}}