{"id":16093,"date":"2020-11-26T12:35:58","date_gmt":"2020-11-26T11:35:58","guid":{"rendered":"https:\/\/www.lifecityworld.com\/?page_id=16093"},"modified":"2020-12-04T15:51:30","modified_gmt":"2020-12-04T14:51:30","slug":"cookie-policy","status":"publish","type":"page","link":"https:\/\/www.lifecityworld.com\/de\/cookie-policy\/","title":{"rendered":"Cookie Policy"},"content":{"rendered":"<div id=\"cmsmasters_row_\" class=\"cmsmasters_row cmsmasters_color_scheme_default cmsmasters_row_top_default cmsmasters_row_bot_default cmsmasters_row_boxed\">\n<div class=\"cmsmasters_row_outer_parent\">\n<div class=\"cmsmasters_row_outer\">\n<div class=\"cmsmasters_row_inner\">\n<div class=\"cmsmasters_row_margin\">\n<div id=\"cmsmasters_column_\" class=\"cmsmasters_column one_first\">\n<div class=\"cmsmasters_column_inner\"><div class=\"cmsmasters_text\">\n<p>Cookies sind kleine Textdateien, die von Websites auf dem Computer des Benutzers gespeichert werden. Nach den \u00c4nderungen, die durch die Richtlinie 2009\/136 \/ EG \u00fcber Datenschutz und elektronische Kommunikation eingef\u00fchrt wurden, die durch das Gesetzesdekret 28\/5\/2012 n. 69 umgesetzt wurden, ist es jetzt illegal, Cookies zu verwenden, um Informationen \u00fcber Benutzer zu sammeln, ohne zuvor deren Zustimmung einzuholen.<\/p>\n<p><!-- \/wp:paragraph --><\/p>\n<p><strong>Wie wir Cookies verwenden<\/strong><\/p>\n<p><!-- \/wp:paragraph --><\/p>\n<p>Wir verwenden Cookies aus einer Reihe von unten aufgef\u00fchrten Gr\u00fcnden. Leider gibt es in den meisten F\u00e4llen keine Standardverfahren zum Deaktivieren von Cookies, ohne die zus\u00e4tzlichen Funktionen und Charakteristiken der Website vollst\u00e4ndig zu deaktivieren. Es ist ratsam, alle Cookies aktiv zu lassen, wenn Sie sich nicht sicher sind.<\/p>\n<p><!-- \/wp:paragraph --><\/p>\n<p><strong>Cookies deaktivieren<\/strong><\/p>\n<p><!-- \/wp:paragraph --><\/p>\n<p>Sie k\u00f6nnen die Verwendung von Cookies verhindern, indem Sie Ihre Browsereinstellungen \u00e4ndern (f\u00fcr die Vorgehensweise folgen Sie den Anweisungen Ihres Browsers). Beachten Sie, dass das Deaktivieren von Cookies die Funktionen dieser und vieler anderer Websites, die Sie besuchen, beeintr\u00e4chtigt. Das Deaktivieren von Cookies f\u00fchrt in der Regel dazu, dass einige Funktionen und Charakteristiken der Website unterbrochen werden. Daher ist es ratsam, Cookies nicht zu deaktivieren.<\/p>\n<p><!-- \/wp:paragraph --><\/p>\n<p><strong>Warum lifecityworld.com Cookies verwendet<\/strong><\/p>\n<p><!-- \/wp:paragraph --><\/p>\n<p>lifecityworld.com verwendet Cookies aus einer Reihe von Gr\u00fcnden. Einige Cookies sind unerl\u00e4sslich, da es beispielsweise nicht m\u00f6glich w\u00e4re, Produkte ohne deren Verwendung zu kaufen.<\/p>\n<p><!-- \/wp:paragraph --><\/p>\n<p>Lifecityworld.com ist immer auf der Suche nach M\u00f6glichkeiten, seine Website zu verbessern und es dem Nutzer zu erleichtern, Informationen \u00fcber die Produkte zu sammeln. Zu diesem Zweck ist es f\u00fcr lifecityworld.com wichtig zu verstehen, wie Kunden die Website nutzen.<\/p>\n<p><!-- \/wp:paragraph --><\/p>\n<p>ifecityworld.com hat die Cookies nach Art der Verwendung in Kategorien aufgeteilt: Essential, Statistical, Functional und Tracking.<\/p>\n<p><!-- \/wp:paragraph --><\/p>\n<p><strong>Modalit\u00e4ten der Benachrichtigung des Nutzers und Einholung dessen Zustimmung<\/strong><\/p>\n<p><!-- \/wp:paragraph --><\/p>\n<p>Wenn Sie die lifecityworld.com-Website zum ersten Mal besuchen, wird am unteren Bildschirmrand ein Banner angezeigt, das Sie dar\u00fcber informiert, dass lifecityworld.com die in dieser Richtlinie beschriebenen Cookies verwendet. Im Banner wird der Nutzer gefragt, ob er weitere Informationen w\u00fcnscht, und auf den Link hingewiesen, um die entsprechende Seite zu \u00f6ffnen. Wenn Sie sich entscheiden, die Benachrichtigung zu ignorieren und die Website weiterhin zu nutzen, speichert lifecityworld.com ein Cookie auf dem Computer des Benutzers, um diese Wahl aufzuzeichnen, und die anschlie\u00dfende Navigation der Website wird als Zustimmung zur Verwendung der auf der betreffenden Website verwendeten Cookies betrachtet.<\/p>\n<p><!-- \/wp:paragraph --><\/p>\n<p>Wenn Sie entscheiden, Cookies teilweise oder vollst\u00e4ndig zu deaktivieren, muss daran erinnert werden, dass die Nutzung der Website durch das Deaktivieren von Cookies beeintr\u00e4chtigt werden kann. Wenn der Computer, auf dem Cookies deaktiviert werden, mit anderen Nutzern geteilt wird, wird eine solche Entscheidung alle Benutzer betreffen.<\/p>\n<p><!-- \/wp:paragraph --><\/p>\n<p><strong>Garant f\u00fcr den Schutz personenbezogener Daten:<\/strong><\/p>\n<p><!-- \/wp:paragraph --><\/p>\n<p><!-- wp:list --><\/p>\n<ul>\n<li>http:\/\/www.garanteprivacy.it\/web\/guest\/home\/docweb\/-\/docweb-display\/docweb\/2145979<\/li>\n<li>Lifecityworld.com ist nicht verantwortlich f\u00fcr den Inhalt externer Websites Dritter, die m\u00f6glicherweise Cookies setzen oder nicht.<\/li>\n<\/ul>\n<p><!-- \/wp:list --><\/p>\n<p><strong>Arten von Cookies bei lifecityworld.com<\/strong><\/p>\n<p><!-- \/wp:paragraph --><\/p>\n<p><!-- wp:paragraph --><strong>Essential<\/strong><\/p>\n<p><!-- \/wp:paragraph --><\/p>\n<p>Einige Websites, wie z. B. dieser E-Commerce (wo der Verbraucher einen Warenkorb zur Verf\u00fcgung hat), funktionieren ohne die Verwendung von Cookies einfach nicht, und ihre Entfernung w\u00fcrde nicht nur die Benutzererfahrung auf der Website, sondern auch die Leistungsf\u00e4higkeit der Seite ernsthaft beeintr\u00e4chtigen und wichtige Vorg\u00e4nge wie das Hinzuf\u00fcgen von Artikeln zum Warenkorb und das Abschlie\u00dfen der Check-out-Phase beeintr\u00e4chtigen. Lifecityworld.com verf\u00fcgt \u00fcber gesch\u00fctzte Bereiche, die beim Surfen auf der Website erkannt werden m\u00fcssen.<\/p>\n<p><!-- \/wp:paragraph --><\/p>\n<p>Nach der EU-Richtlinie k\u00f6nnen Cookies, die f\u00fcr die Nutzung einer Website unerl\u00e4sslich sind, auch ohne Zustimmung verwendet werden. Lifecityworld.com m\u00f6chte den Benutzern jedoch alle verf\u00fcgbaren Informationen zur Verf\u00fcgung stellen.<\/p>\n<p><!-- \/wp:paragraph --><\/p>\n<p>Lifecityworld.com verwendet Essential Cookies f\u00fcr folgende Zwecke:<\/p>\n<p><!-- \/wp:paragraph --><\/p>\n<p><!-- wp:list --><\/p>\n<ul>\n<li>Speichern der bestellten Produkte, wenn der Nutzer bei einem einzigen Besuch mehrere Seiten \u00f6ffnet<\/li>\n<li>Speichern der bestellten Waren und Dienstleistungen, wenn der Benutzer die Checkout-Seite aufruft<\/li>\n<li>Feststellen, dass der Benutzer angemeldet ist<\/li>\n<\/ul>\n<p><!-- \/wp:list --><\/p>\n<p>Die Cookies, die lifecityworld.com als wesentlich definiert hat, werden NICHT verwendet f\u00fcr:<\/p>\n<p><!-- \/wp:paragraph --><\/p>\n<p><!-- wp:list --><\/p>\n<ul>\n<li>Sammeln von Informationen, mit denen dem Benutzer Produkte oder Dienstleistungen angeboten werden<\/li>\n<li>Speichern, nach dem aktuellen Besuch, Ihrer Einstellungen oder Ihres Benutzernamens<\/li>\n<\/ul>\n<p><!-- \/wp:list --><\/p>\n<p><strong>Statistical<\/strong><\/p>\n<p><!-- \/wp:paragraph --><\/p>\n<p>Statistische Cookies sammeln Informationen dar\u00fcber, wie der Nutzer die Website nutzt, zum Beispiel: welche Seiten besucht werden und welche Fehler gefunden werden k\u00f6nnen. Diese Cookies sind absolut anonym und werden nur von lifecityworld.com verwendet, um die Funktionsweise der Website zu verbessern und die Interessen der Nutzer zu verstehen.<\/p>\n<p><!-- \/wp:paragraph --><\/p>\n<p>lifecityworld.com verwendet statistische Cookies f\u00fcr folgende Zwecke:<\/p>\n<p><!-- \/wp:paragraph --><\/p>\n<p><!-- wp:list --><\/p>\n<ul>\n<li>Erhalten von Statistiken zur Nutzung der Website<\/li>\n<li>Beitrag zur Verbesserung der Website durch Messung von Fehlern, die auftreten<\/li>\n<\/ul>\n<p><!-- \/wp:list --><\/p>\n<p>Cookies, die als Statistical definiert wurden, werden NICHT verwendet, um:<\/p>\n<p><!-- \/wp:paragraph --><\/p>\n<p><!-- wp:list --><\/p>\n<ul>\n<li>Informationen zu sammeln, die verwendet werden k\u00f6nnen, um Ihnen Produkte oder Dienstleistungen auf anderen Websites vorzuschlagen<\/li>\n<li>Manchmal werden einige dieser Cookies im Auftrag von lifecityworld.com von Dritten verwaltet, aber lifecityworld.com hat diesen Dritten nicht erlaubt, Cookies f\u00fcr andere als die oben genannten Zwecke zu verwenden.<\/li>\n<\/ul>\n<p><!-- \/wp:list --><\/p>\n<p>Functional<\/p>\n<p><!-- \/wp:paragraph --><\/p>\n<p>Funktionale Cookies werden verwendet, um Dienste bereitzustellen oder Einstellungen zu speichern, die den Besuch und die Benutzererfahrung auf lifecityworld.com verbessern.<\/p>\n<p><!-- \/wp:paragraph --><\/p>\n<p>lifecityworld.com verwendet funktionale Cookies, um:<\/p>\n<p><!-- \/wp:paragraph --><\/p>\n<p><!-- wp:list --><\/p>\n<ul>\n<li>Dem Nutzer anzuzeigen, wenn er bei der Website angemeldet ist<\/li>\n<li>Informationen mit Partnern zu teilen, um einen Dienst auf lifecityworld.com bereitzustellen.<\/li>\n<li>Die geteilten Informationen werden ausschlie\u00dflich zur Bereitstellung des Dienstes, des Produkts oder der Funktionalit\u00e4t und niemals f\u00fcr andere Zwecke verwendet.<\/li>\n<\/ul>\n<p><!-- \/wp:list --><\/p>\n<p>Cookies, die als funktional definiert sind, werden NICHT verwendet:<\/p>\n<p><!-- \/wp:paragraph --><\/p>\n<p><!-- wp:list --><\/p>\n<ul>\n<li>F\u00fcr Zielwerbung von anderen Websites<\/li>\n<li>Manchmal werden einige dieser Cookies im Auftrag von lifecityworld.com von Dritten verwaltet, aber lifecityworld.com hat diesen Dritten nicht erlaubt, Cookies f\u00fcr andere als die oben genannten Zwecke zu verwenden.<\/li>\n<\/ul>\n<p><!-- \/wp:list --><\/p>\n<p><span lang=\"de-DE\">Um die Qualit\u00e4t der Seite und das Einkaufserlebnis unserer Kunden zu verbessern, halten wir uns an eine Zufriedenheits\u00fcberpr\u00fcfungskampagne namens &#8222;Trusted Program&#8220;.<\/span><\/p>\n<p><!-- \/wp:paragraph --><\/p>\n<p><!-- \/wp:paragraph --><\/p>\n<p><strong>Cookies von Drittanbietern<\/strong><\/p>\n<p><!-- \/wp:paragraph --><\/p>\n<p><span lang=\"de-DE\">Google Analytics verwendet &#8222;Cookies&#8220;, um anonym Informationen \u00fcber das Nutzungsverhalten auf der Website lifecityworld.com (einschlie\u00dflich Ihrer IP-Adresse) zu sammeln und zu analysieren. Diese Informationen werden von Google Analytics erfasst, das sie verarbeitet, um statistische Berichte \u00fcber die Aktivit\u00e4ten auf der Website lifecityworld.com zu erstellen. Die Website erlaubt dritten Nicht-Benutzern, das Analysetool von Google zu verwenden, um pers\u00f6nliche Identifikationsinformationen zu \u00fcberwachen oder zu sammeln. Google verkn\u00fcpft die IP-Adresse nicht mit anderen Daten von Google oder versucht, eine IP-Adresse mit der Identit\u00e4t eines Nutzers zu verkn\u00fcpfen. Google kann diese Informationen auch an Dritte weitergeben, wenn dies gesetzlich vorgeschrieben ist oder wenn diese Dritten die oben genannten Informationen im Auftrag von Google verarbeiten. Weitere Informationen finden Sie unter folgendem Link: https:\/\/www.google.it\/policies\/privacy\/partners\/<\/span><\/p>\n<p><!-- \/wp:paragraph --><\/p>\n<p><!-- \/wp:paragraph --><\/p>\n<p><span lang=\"de-DE\">Der Nutzer kann die Aktion von Google Analytics selektiv deaktivieren, indem er in seinem Browser die von Google bereitgestellte Opt-Out-Komponente installiert. Um die Google Analytics-Aktion zu deaktivieren, lesen Sie bitte den folgenden Link: https:\/\/tools.google.com\/dlpage\/gaoptout<\/span><\/p>\n<p><!-- \/wp:paragraph --><\/p>\n<p><strong>Auf der Website verwendete Cookies<\/strong><\/p>\n<p><!-- \/wp:paragraph --><\/p>\n<p><strong>Google-Cookies:<\/strong><\/p>\n<p><!-- \/wp:paragraph --><\/p>\n<p>_gat, Tracking-Cookies von Drittanbietern, Dauer 10 Minuten (f\u00fcr die Analyse von Besuchen verwendet);<\/p>\n<p><!-- \/wp:paragraph --><\/p>\n<p>_ga, persistente Tracking-Cookies von Drittanbietern, Dauer 2 Jahre (zur Unterscheidung der Nutzer).<\/p>\n<p><!-- \/wp:paragraph --><\/p>\n<p>Andere Cookies, die auf lifecityworld.com verwendet werden:<\/p>\n<p>Sitzung, l\u00e4uft am Ende der Navigation der Website ab;<\/p>\n<p>Paypal.com, Tracking-Cookies von Drittanbietern, die f\u00fcr Zahlungen verwendet werden;<\/p>\n<p>Cookie-Verwaltung \u00fcber Ihren Browser:<\/p>\n<p>Benutzer k\u00f6nnen \u00fcber ihre Browsereinstellungen entscheiden, ob sie Cookies akzeptieren oder nicht.<\/p>\n<p>So deaktivieren Sie Cookies in g\u00e4ngigen Browsern:<\/p>\n<p>Firefox: https:\/\/support.mozilla.org\/de\/kb\/Management%20dei%20cookie<\/p>\n<p>Chrome: https:\/\/support.google.com\/chrome\/answer\/95647?hl=de<\/p>\n<p>Internet Explorer: http:\/\/windows.microsoft.com\/it-it\/internet-explorer\/delete-manage-cookies#ie=ie-11<\/p>\n<p>Opera: http:\/\/help.opera.com\/Windows\/10.00\/de\/cookies.html<\/p>\n<p>Safari: http:\/\/support.apple.com\/kb\/HT1677?viewlocale=it_IT<\/p>\n<p>Microsoft Edge: https:\/\/privacy.microsoft.com\/it-IT\/windows-10-microsoft-edge-and-privacy<\/p>\n<p>Weitere Informationen<\/p>\n<p>Lesen Sie unsere <a href=\"https:\/\/www.lifecityworld.com\/de\/privacy-policy\/\" target=\"_blank\" rel=\"noopener noreferrer\">Datenschutzerkl\u00e4rung<\/a>.<\/p>\n<p>F\u00fcr weitere Informationen nutzen Sie bitte die Kontaktinformationen auf der Website.<\/p>\n<p><!-- \/wp:paragraph --><\/p>\n<\/div>\n<\/div><\/div>\n<\/div>\n<\/div>\n<\/div>\n<\/div>\n<\/div>\n","protected":false},"excerpt":{"rendered":"","protected":false},"author":1,"featured_media":0,"parent":0,"menu_order":0,"comment_status":"closed","ping_status":"closed","template":"","meta":[],"yoast_head":"<!-- This site is optimized with the Yoast SEO plugin v15.9.2 - https:\/\/yoast.com\/wordpress\/plugins\/seo\/ -->\n<title>Cookie Policy - LifeCity World<\/title>\n<meta name=\"robots\" content=\"noindex, follow\" \/>\n<meta property=\"og:locale\" content=\"de_DE\" \/>\n<meta property=\"og:type\" content=\"article\" \/>\n<meta property=\"og:title\" content=\"Cookie Policy - LifeCity World\" \/>\n<meta property=\"og:url\" content=\"https:\/\/www.lifecityworld.com\/de\/cookie-policy\/\" \/>\n<meta property=\"og:site_name\" content=\"LifeCity World\" \/>\n<meta property=\"article:modified_time\" content=\"2020-12-04T14:51:30+00:00\" \/>\n<meta name=\"twitter:card\" content=\"summary_large_image\" \/>\n<meta name=\"twitter:label1\" content=\"Gesch\u00e4tzte Lesezeit\">\n\t<meta name=\"twitter:data1\" content=\"7\u00a0Minuten\">\n<script type=\"application\/ld+json\" class=\"yoast-schema-graph\">{\"@context\":\"https:\/\/schema.org\",\"@graph\":[{\"@type\":\"WebSite\",\"@id\":\"https:\/\/www.lifecityworld.com\/#website\",\"url\":\"https:\/\/www.lifecityworld.com\/\",\"name\":\"LifeCity World\",\"description\":\"\",\"potentialAction\":[{\"@type\":\"SearchAction\",\"target\":\"https:\/\/www.lifecityworld.com\/?s={search_term_string}\",\"query-input\":\"required name=search_term_string\"}],\"inLanguage\":\"de\"},{\"@type\":\"WebPage\",\"@id\":\"https:\/\/www.lifecityworld.com\/de\/cookie-policy\/#webpage\",\"url\":\"https:\/\/www.lifecityworld.com\/de\/cookie-policy\/\",\"name\":\"Cookie Policy - LifeCity World\",\"isPartOf\":{\"@id\":\"https:\/\/www.lifecityworld.com\/#website\"},\"datePublished\":\"2020-11-26T11:35:58+00:00\",\"dateModified\":\"2020-12-04T14:51:30+00:00\",\"breadcrumb\":{\"@id\":\"https:\/\/www.lifecityworld.com\/de\/cookie-policy\/#breadcrumb\"},\"inLanguage\":\"de\",\"potentialAction\":[{\"@type\":\"ReadAction\",\"target\":[\"https:\/\/www.lifecityworld.com\/de\/cookie-policy\/\"]}]},{\"@type\":\"BreadcrumbList\",\"@id\":\"https:\/\/www.lifecityworld.com\/de\/cookie-policy\/#breadcrumb\",\"itemListElement\":[{\"@type\":\"ListItem\",\"position\":1,\"item\":{\"@type\":\"WebPage\",\"@id\":\"https:\/\/www.lifecityworld.com\/de\/\",\"url\":\"https:\/\/www.lifecityworld.com\/de\/\",\"name\":\"Home\"}},{\"@type\":\"ListItem\",\"position\":2,\"item\":{\"@type\":\"WebPage\",\"@id\":\"https:\/\/www.lifecityworld.com\/de\/cookie-policy\/\",\"url\":\"https:\/\/www.lifecityworld.com\/de\/cookie-policy\/\",\"name\":\"Cookie Policy\"}}]}]}<\/script>\n<!-- \/ Yoast SEO plugin. -->","_links":{"self":[{"href":"https:\/\/www.lifecityworld.com\/de\/wp-json\/wp\/v2\/pages\/16093"}],"collection":[{"href":"https:\/\/www.lifecityworld.com\/de\/wp-json\/wp\/v2\/pages"}],"about":[{"href":"https:\/\/www.lifecityworld.com\/de\/wp-json\/wp\/v2\/types\/page"}],"author":[{"embeddable":true,"href":"https:\/\/www.lifecityworld.com\/de\/wp-json\/wp\/v2\/users\/1"}],"replies":[{"embeddable":true,"href":"https:\/\/www.lifecityworld.com\/de\/wp-json\/wp\/v2\/comments?post=16093"}],"version-history":[{"count":2,"href":"https:\/\/www.lifecityworld.com\/de\/wp-json\/wp\/v2\/pages\/16093\/revisions"}],"predecessor-version":[{"id":16138,"href":"https:\/\/www.lifecityworld.com\/de\/wp-json\/wp\/v2\/pages\/16093\/revisions\/16138"}],"wp:attachment":[{"href":"https:\/\/www.lifecityworld.com\/de\/wp-json\/wp\/v2\/media?parent=16093"}],"curies":[{"name":"wp","href":"https:\/\/api.w.org\/{rel}","templated":true}]}}