{"id":16111,"date":"2020-12-04T15:28:15","date_gmt":"2020-12-04T14:28:15","guid":{"rendered":"https:\/\/www.lifecityworld.com\/?page_id=16111"},"modified":"2020-12-04T15:42:47","modified_gmt":"2020-12-04T14:42:47","slug":"was","status":"publish","type":"page","link":"https:\/\/www.lifecityworld.com\/de\/was\/","title":{"rendered":"Was"},"content":{"rendered":"<div id=\"cmsmasters_row_92f4be90a3\" class=\"cmsmasters_row cmsmasters_color_scheme_default blocco-titolo-mob cmsmasters_row_top_default cmsmasters_row_bot_default cmsmasters_row_boxed\">\n<div class=\"cmsmasters_row_outer_parent\">\n<div class=\"cmsmasters_row_outer\">\n<div class=\"cmsmasters_row_inner\">\n<div class=\"cmsmasters_row_margin\">\n<div id=\"cmsmasters_column_52148c5d6b\" class=\"cmsmasters_column one_first\">\n<div class=\"cmsmasters_column_inner\"><div id=\"cmsmasters_heading_5b16904444\" class=\"cmsmasters_heading_wrap cmsmasters_heading_align_center\">\n\t<h1 class=\"cmsmasters_heading\">Was<\/h1>\n<\/div><div class=\"cmsmasters_text fascione\">\n<p>LifeCity World ist ein weltweit einzigartiges l\u00e4nder\u00fcbergreifendes Projekt, das auf der Schaffung gro\u00dfer multifunktionaler St\u00e4dte basiert, die vom <strong>psychophysischen Wohlbefinden<\/strong> des Menschen inspiriert sind, angefangen von Lebensmittelsicherheit und -qualit\u00e4t.<\/p>\n<p>Jede LifeCity-Siedlung entspricht einem nachhaltigen urbanen Format, perfekt skalierbar und integriert mit lokalen Besonderheiten, reproduzierbar an verschiedenen Orten auf dem Planeten.<br \/>\nDas Projekt basiert auf der F\u00f6rderung und Verbesserung von <strong>Made in Italy<\/strong>, zusammen mit der Auswahl und dem Angebot der besten lokalen Ressourcen, sowohl im Bereich der Lebensmittelversorgungskette und der Wein-Branche als auch in Bezug auf das Handwerk, die Arbeitskr\u00e4fte und die professionellen Figuren, die eingesetzt werden.<\/p>\n<\/div>\n<div class=\"cmsmasters_img  cmsmasters_image_n\"><img src=\"https:\/\/www.lifecityworld.com\/wp-content\/uploads\/2020\/09\/made-in-italy.jpg\" \/><\/div>\n<\/div><\/div>\n<\/div>\n<\/div>\n<\/div>\n<\/div>\n<\/div>\n<div id=\"cmsmasters_row_vc6g18u6k9\" class=\"cmsmasters_row cmsmasters_color_scheme_default blocco-titolo-mob cmsmasters_row_top_default cmsmasters_row_bot_default cmsmasters_row_boxed\">\n<div class=\"cmsmasters_row_outer_parent\">\n<div class=\"cmsmasters_row_outer\">\n<div class=\"cmsmasters_row_inner\">\n<div class=\"cmsmasters_row_margin\">\n<div id=\"cmsmasters_column_aje8511zzp\" class=\"cmsmasters_column one_first\">\n<div class=\"cmsmasters_column_inner\"><div class=\"cmsmasters_text fascione\">\n<p>LifeCity umfasst ein Gesundheits- und Sozialzentrum mit einer Vielzahl von Dienstleistungen f\u00fcr die Gesundheit und das Wohlbefinden der Person, zusammen mit <strong>einem 4-Sterne-Hotel<\/strong> und einem <strong>Handels-<\/strong> und Ausstellungszentrum zur Verbesserung der Qualit\u00e4t von Gastronomie und Weinangebot. All dies in einem Kontext, der <strong>von riesigen Gr\u00fcnfl\u00e4chen<\/strong> dominiert wird und von Dienstleistungen und Einrichtungen f\u00fcr Freizeit und Sportaktivit\u00e4ten begleitet wird.<\/p>\n<p>Jedes der Projekte wird von privaten Investoren finanziert und trifft auf die Zusammenarbeit von Produzenten gro\u00dfer italienischer und internationaler Exzellenz, die sich durch ethische Produktionsprozesse auszeichnen und sich ganz der Qualit\u00e4t widmen.<\/p>\n<\/div>\n<\/div><\/div>\n<\/div>\n<\/div>\n<\/div>\n<\/div>\n<\/div>\n<div id=\"cmsmasters_row_vk2957j43b\" class=\"cmsmasters_row cmsmasters_color_scheme_default blocco-img-mob cmsmasters_row_top_default cmsmasters_row_bot_default cmsmasters_row_boxed\">\n<div class=\"cmsmasters_row_outer_parent\">\n<div class=\"cmsmasters_row_outer\">\n<div class=\"cmsmasters_row_inner\">\n<div class=\"cmsmasters_row_margin\">\n<div id=\"cmsmasters_column_y24u0f36aa\" class=\"cmsmasters_column one_first\">\n<div class=\"cmsmasters_column_inner\"><div class=\"cmsmasters_img  cmsmasters_image_n\"><img src=\"https:\/\/www.lifecityworld.com\/wp-content\/uploads\/2020\/09\/lifecity-parco-degli-ulivi.jpg\" \/><\/div>\n<\/div><\/div>\n<\/div>\n<\/div>\n<\/div>\n<\/div>\n<\/div>\n<div id=\"cmsmasters_row_b8a1aa1f72\" class=\"cmsmasters_row cmsmasters_color_scheme_default blocco-titolo-img-desk cmsmasters_row_top_default cmsmasters_row_bot_default cmsmasters_row_boxed\">\n<div class=\"cmsmasters_row_outer_parent\">\n<div class=\"cmsmasters_row_outer\">\n<div class=\"cmsmasters_row_inner\">\n<div class=\"cmsmasters_row_margin\">\n<div id=\"cmsmasters_column_bfd7c3ff06\" class=\"cmsmasters_column one_first\">\n<div class=\"cmsmasters_column_inner\"><div id=\"cmsmasters_heading_g32dqf5b6\" class=\"cmsmasters_heading_wrap cmsmasters_heading_align_center\">\n\t<h1 class=\"cmsmasters_heading\">Was<\/h1>\n<\/div><div class=\"cmsmasters_text\">\n<p><img loading=\"lazy\" class=\"wp-image-15343 size-full alignleft\" style=\"border: 8px solid white; border-radius: 5px;\" src=\"https:\/\/www.lifecityworld.com\/wp-content\/uploads\/2020\/09\/made-in-italy.jpg\" alt=\"\" width=\"600\" height=\"400\" srcset=\"https:\/\/www.lifecityworld.com\/wp-content\/uploads\/2020\/09\/made-in-italy.jpg 600w, https:\/\/www.lifecityworld.com\/wp-content\/uploads\/2020\/09\/made-in-italy-300x200.jpg 300w, https:\/\/www.lifecityworld.com\/wp-content\/uploads\/2020\/09\/made-in-italy-580x387.jpg 580w\" sizes=\"(max-width: 600px) 100vw, 600px\" \/><\/p>\n<p>LifeCity World ist ein weltweit einzigartiges l\u00e4nder\u00fcbergreifendes Projekt, das auf der Schaffung gro\u00dfer multifunktionaler St\u00e4dte basiert, die vom <strong>psychophysischen Wohlbefinden<\/strong> des Menschen inspiriert sind, angefangen von Lebensmittelsicherheit und -qualit\u00e4t.<\/p>\n<p>Jede LifeCity-Siedlung entspricht einem nachhaltigen urbanen Format, perfekt skalierbar und integriert mit lokalen Besonderheiten, reproduzierbar an verschiedenen Orten auf dem Planeten.<br \/>\nDas Projekt basiert auf der F\u00f6rderung und Verbesserung von <strong>Made in Italy<\/strong>, zusammen mit der Auswahl und dem Angebot der besten lokalen Ressourcen, sowohl im Bereich der Lebensmittelversorgungskette und der Wein-Branche als auch in Bezug auf das Handwerk, die Arbeitskr\u00e4fte und die professionellen Figuren, die eingesetzt werden.<\/p>\n<p>&nbsp;<\/p>\n<p>&nbsp;<\/p>\n<\/div>\n<div class=\"cmsmasters_text\">\n<p><img loading=\"lazy\" class=\"wp-image-15344 size-full alignright\" style=\"border: 8px solid white; border-radius: 5px;\" src=\"https:\/\/www.lifecityworld.com\/wp-content\/uploads\/2020\/09\/lifecity-parco-degli-ulivi.jpg\" alt=\"\" width=\"600\" height=\"400\" srcset=\"https:\/\/www.lifecityworld.com\/wp-content\/uploads\/2020\/09\/lifecity-parco-degli-ulivi.jpg 600w, https:\/\/www.lifecityworld.com\/wp-content\/uploads\/2020\/09\/lifecity-parco-degli-ulivi-300x200.jpg 300w, https:\/\/www.lifecityworld.com\/wp-content\/uploads\/2020\/09\/lifecity-parco-degli-ulivi-580x387.jpg 580w\" sizes=\"(max-width: 600px) 100vw, 600px\" \/><\/p>\n<p>LifeCity umfasst ein Gesundheits- und Sozialzentrum mit einer Vielzahl von Dienstleistungen f\u00fcr die Gesundheit und das Wohlbefinden der Person, zusammen mit <strong>einem 4-Sterne-Hotel<\/strong> und einem <strong>Handels-<\/strong> und Ausstellungszentrum zur Verbesserung der Qualit\u00e4t von Gastronomie und Weinangebot. All dies in einem Kontext, der <strong>von riesigen Gr\u00fcnfl\u00e4chen<\/strong> dominiert wird und von Dienstleistungen und Einrichtungen f\u00fcr Freizeit und Sportaktivit\u00e4ten begleitet wird.<\/p>\n<p>Jedes der Projekte wird von privaten Investoren finanziert und trifft auf die Zusammenarbeit von Produzenten gro\u00dfer italienischer und internationaler Exzellenz, die sich durch ethische Produktionsprozesse auszeichnen und sich ganz der Qualit\u00e4t widmen.<\/p>\n<p>&nbsp;<\/p>\n<\/div>\n<\/div><\/div>\n<\/div>\n<\/div>\n<\/div>\n<\/div>\n<\/div>\n\n","protected":false},"excerpt":{"rendered":"","protected":false},"author":1,"featured_media":0,"parent":0,"menu_order":0,"comment_status":"closed","ping_status":"closed","template":"","meta":[],"yoast_head":"<!-- This site is optimized with the Yoast SEO plugin v15.9.2 - https:\/\/yoast.com\/wordpress\/plugins\/seo\/ -->\n<title>Was - LifeCity World<\/title>\n<meta name=\"robots\" content=\"index, follow, max-snippet:-1, max-image-preview:large, max-video-preview:-1\" \/>\n<link rel=\"canonical\" href=\"https:\/\/www.lifecityworld.com\/de\/was\/\" \/>\n<meta property=\"og:locale\" content=\"de_DE\" \/>\n<meta property=\"og:type\" content=\"article\" \/>\n<meta property=\"og:title\" content=\"Was - LifeCity World\" \/>\n<meta property=\"og:url\" content=\"https:\/\/www.lifecityworld.com\/de\/was\/\" \/>\n<meta property=\"og:site_name\" content=\"LifeCity World\" \/>\n<meta property=\"article:modified_time\" content=\"2020-12-04T14:42:47+00:00\" \/>\n<meta property=\"og:image\" content=\"https:\/\/www.lifecityworld.com\/wp-content\/uploads\/2020\/09\/made-in-italy.jpg\" \/>\n<meta name=\"twitter:card\" content=\"summary_large_image\" \/>\n<meta name=\"twitter:label1\" content=\"Gesch\u00e4tzte Lesezeit\">\n\t<meta name=\"twitter:data1\" content=\"4\u00a0Minuten\">\n<script type=\"application\/ld+json\" class=\"yoast-schema-graph\">{\"@context\":\"https:\/\/schema.org\",\"@graph\":[{\"@type\":\"WebSite\",\"@id\":\"https:\/\/www.lifecityworld.com\/#website\",\"url\":\"https:\/\/www.lifecityworld.com\/\",\"name\":\"LifeCity World\",\"description\":\"\",\"potentialAction\":[{\"@type\":\"SearchAction\",\"target\":\"https:\/\/www.lifecityworld.com\/?s={search_term_string}\",\"query-input\":\"required name=search_term_string\"}],\"inLanguage\":\"de\"},{\"@type\":\"ImageObject\",\"@id\":\"https:\/\/www.lifecityworld.com\/de\/was\/#primaryimage\",\"inLanguage\":\"de\",\"url\":\"https:\/\/www.lifecityworld.com\/wp-content\/uploads\/2020\/09\/made-in-italy.jpg\",\"width\":600,\"height\":400},{\"@type\":\"WebPage\",\"@id\":\"https:\/\/www.lifecityworld.com\/de\/was\/#webpage\",\"url\":\"https:\/\/www.lifecityworld.com\/de\/was\/\",\"name\":\"Was - LifeCity World\",\"isPartOf\":{\"@id\":\"https:\/\/www.lifecityworld.com\/#website\"},\"primaryImageOfPage\":{\"@id\":\"https:\/\/www.lifecityworld.com\/de\/was\/#primaryimage\"},\"datePublished\":\"2020-12-04T14:28:15+00:00\",\"dateModified\":\"2020-12-04T14:42:47+00:00\",\"breadcrumb\":{\"@id\":\"https:\/\/www.lifecityworld.com\/de\/was\/#breadcrumb\"},\"inLanguage\":\"de\",\"potentialAction\":[{\"@type\":\"ReadAction\",\"target\":[\"https:\/\/www.lifecityworld.com\/de\/was\/\"]}]},{\"@type\":\"BreadcrumbList\",\"@id\":\"https:\/\/www.lifecityworld.com\/de\/was\/#breadcrumb\",\"itemListElement\":[{\"@type\":\"ListItem\",\"position\":1,\"item\":{\"@type\":\"WebPage\",\"@id\":\"https:\/\/www.lifecityworld.com\/de\/\",\"url\":\"https:\/\/www.lifecityworld.com\/de\/\",\"name\":\"Home\"}},{\"@type\":\"ListItem\",\"position\":2,\"item\":{\"@type\":\"WebPage\",\"@id\":\"https:\/\/www.lifecityworld.com\/de\/was\/\",\"url\":\"https:\/\/www.lifecityworld.com\/de\/was\/\",\"name\":\"Was\"}}]}]}<\/script>\n<!-- \/ Yoast SEO plugin. -->","_links":{"self":[{"href":"https:\/\/www.lifecityworld.com\/de\/wp-json\/wp\/v2\/pages\/16111"}],"collection":[{"href":"https:\/\/www.lifecityworld.com\/de\/wp-json\/wp\/v2\/pages"}],"about":[{"href":"https:\/\/www.lifecityworld.com\/de\/wp-json\/wp\/v2\/types\/page"}],"author":[{"embeddable":true,"href":"https:\/\/www.lifecityworld.com\/de\/wp-json\/wp\/v2\/users\/1"}],"replies":[{"embeddable":true,"href":"https:\/\/www.lifecityworld.com\/de\/wp-json\/wp\/v2\/comments?post=16111"}],"version-history":[{"count":3,"href":"https:\/\/www.lifecityworld.com\/de\/wp-json\/wp\/v2\/pages\/16111\/revisions"}],"predecessor-version":[{"id":16206,"href":"https:\/\/www.lifecityworld.com\/de\/wp-json\/wp\/v2\/pages\/16111\/revisions\/16206"}],"wp:attachment":[{"href":"https:\/\/www.lifecityworld.com\/de\/wp-json\/wp\/v2\/media?parent=16111"}],"curies":[{"name":"wp","href":"https:\/\/api.w.org\/{rel}","templated":true}]}}