{"id":16117,"date":"2020-11-24T09:50:35","date_gmt":"2020-11-24T08:50:35","guid":{"rendered":"https:\/\/www.lifecityworld.com\/?page_id=16117"},"modified":"2020-12-04T16:33:18","modified_gmt":"2020-12-04T15:33:18","slug":"planung","status":"publish","type":"page","link":"https:\/\/www.lifecityworld.com\/de\/planung\/","title":{"rendered":"Planung"},"content":{"rendered":"<div id=\"cmsmasters_row_oahkph6ewd\" class=\"cmsmasters_row cmsmasters_color_scheme_default blocco-titolo-mob cmsmasters_row_top_default cmsmasters_row_bot_default cmsmasters_row_boxed\">\n<div class=\"cmsmasters_row_outer_parent\">\n<div class=\"cmsmasters_row_outer\">\n<div class=\"cmsmasters_row_inner\">\n<div class=\"cmsmasters_row_margin\">\n<div id=\"cmsmasters_column_52148c5d6b\" class=\"cmsmasters_column one_first\">\n<div class=\"cmsmasters_column_inner\"><div id=\"cmsmasters_heading_b1p7lsi5aq\" class=\"cmsmasters_heading_wrap cmsmasters_heading_align_center\">\n\t<h1 class=\"cmsmasters_heading\">Planung<\/h1>\n<\/div><div class=\"cmsmasters_text fascione\">\n<p style=\"text-align: justify; font-size: 16px; line-height: 26px;\"><span style=\"color: #555;\">Alle Aktivit\u00e4ten der einzelnen Abteilungen und Unternehmen werden nach einem <strong>j\u00e4hrlichen Zeitplan programmiert<\/strong>. Alle Dienste werden \u00fcber <strong>App<\/strong> sichtbar und buchbar und einfach zu verwalten sein. Das Messe- und Handelszentrum wird auch mit Sharing-Transportsystemen ausgestattet, die jederzeit per App gebucht werden k\u00f6nnen. LifeCity wird ein modernes Labor f\u00fcr wissenschaftliche Forschung im Bereich der Ern\u00e4hrungsforschung f\u00fcr die Gesundheit beherbergen, insbesondere im Hinblick auf die Erforschung und die Nutzung der Eigenschaften von Heilpflanzen. Die Aktivit\u00e4ten werden geplant und ver\u00f6ffentlicht und \u00fcber eine eigene App f\u00fcr den Kunden sichtbar gemacht. <\/span><\/p>\n<\/div>\n<\/div><\/div>\n<\/div>\n<\/div>\n<\/div>\n<\/div>\n<\/div>\n<div id=\"cmsmasters_row_f2q66avghh\" class=\"cmsmasters_row cmsmasters_color_scheme_default blocco-img-mob cmsmasters_row_top_default cmsmasters_row_bot_default cmsmasters_row_boxed\">\n<div class=\"cmsmasters_row_outer_parent\">\n<div class=\"cmsmasters_row_outer\">\n<div class=\"cmsmasters_row_inner\">\n<div class=\"cmsmasters_row_margin\">\n<div id=\"cmsmasters_column_y24u0f36aa\" class=\"cmsmasters_column one_first\">\n<div class=\"cmsmasters_column_inner\"><div class=\"cmsmasters_img  cmsmasters_image_n\"><img src=\"https:\/\/www.lifecityworld.com\/wp-content\/uploads\/2020\/09\/pianificazione.jpg\" \/><\/div>\n<\/div><\/div>\n<\/div>\n<\/div>\n<\/div>\n<\/div>\n<\/div>\n<div id=\"cmsmasters_row_3slzqjxe7n\" class=\"cmsmasters_row cmsmasters_color_scheme_default blocco-titolo-img-desk cmsmasters_row_top_default cmsmasters_row_bot_default cmsmasters_row_boxed\">\n<div class=\"cmsmasters_row_outer_parent\">\n<div class=\"cmsmasters_row_outer\">\n<div class=\"cmsmasters_row_inner\">\n<div class=\"cmsmasters_row_margin\">\n<div id=\"cmsmasters_column_bfd7c3ff06\" class=\"cmsmasters_column one_first\">\n<div class=\"cmsmasters_column_inner\"><div id=\"cmsmasters_heading_8d2r175x9p\" class=\"cmsmasters_heading_wrap cmsmasters_heading_align_center\">\n\t<h1 class=\"cmsmasters_heading\">Planung<\/h1>\n<\/div><div class=\"cmsmasters_text\">\n<p style=\"text-align: justify; font-size: 16px; line-height: 26px;\"><span style=\"color: #555;\"><img loading=\"lazy\" class=\"wp-image-15370 size-full alignleft\" style=\"border: 8px solid white; border-radius: 5px;\" src=\"https:\/\/www.lifecityworld.com\/wp-content\/uploads\/2020\/09\/pianificazione.jpg\" alt=\"\" width=\"600\" height=\"400\" srcset=\"https:\/\/www.lifecityworld.com\/wp-content\/uploads\/2020\/09\/pianificazione.jpg 600w, https:\/\/www.lifecityworld.com\/wp-content\/uploads\/2020\/09\/pianificazione-300x200.jpg 300w, https:\/\/www.lifecityworld.com\/wp-content\/uploads\/2020\/09\/pianificazione-580x387.jpg 580w\" sizes=\"(max-width: 600px) 100vw, 600px\" \/><\/span><\/p>\n<p>Alle Aktivit\u00e4ten der einzelnen Abteilungen und Unternehmen werden nach einem <strong>j\u00e4hrlichen Zeitplan programmiert<\/strong>. Alle Dienste werden \u00fcber <strong>App<\/strong> sichtbar und buchbar und einfach zu verwalten sein. Das Messe- und Handelszentrum wird auch mit Sharing-Transportsystemen ausgestattet, die jederzeit per App gebucht werden k\u00f6nnen. LifeCity wird ein modernes Labor f\u00fcr wissenschaftliche Forschung im Bereich der Ern\u00e4hrungsforschung f\u00fcr die Gesundheit beherbergen, insbesondere im Hinblick auf die Erforschung und die Nutzung der Eigenschaften von Heilpflanzen. Die Aktivit\u00e4ten werden geplant und ver\u00f6ffentlicht und \u00fcber eine eigene App f\u00fcr den Kunden sichtbar gemacht.<\/p>\n<\/div>\n<\/div><\/div>\n<\/div>\n<\/div>\n<\/div>\n<\/div>\n<\/div>\n\n","protected":false},"excerpt":{"rendered":"","protected":false},"author":1,"featured_media":0,"parent":0,"menu_order":0,"comment_status":"closed","ping_status":"closed","template":"","meta":[],"yoast_head":"<!-- This site is optimized with the Yoast SEO plugin v15.9.2 - https:\/\/yoast.com\/wordpress\/plugins\/seo\/ -->\n<title>Planung - LifeCity World<\/title>\n<meta name=\"robots\" content=\"index, follow, max-snippet:-1, max-image-preview:large, max-video-preview:-1\" \/>\n<link rel=\"canonical\" href=\"https:\/\/www.lifecityworld.com\/de\/planung\/\" \/>\n<meta property=\"og:locale\" content=\"de_DE\" \/>\n<meta property=\"og:type\" content=\"article\" \/>\n<meta property=\"og:title\" content=\"Planung - LifeCity World\" \/>\n<meta property=\"og:url\" content=\"https:\/\/www.lifecityworld.com\/de\/planung\/\" \/>\n<meta property=\"og:site_name\" content=\"LifeCity World\" \/>\n<meta property=\"article:modified_time\" content=\"2020-12-04T15:33:18+00:00\" \/>\n<meta property=\"og:image\" content=\"https:\/\/www.lifecityworld.com\/wp-content\/uploads\/2020\/09\/pianificazione.jpg\" \/>\n<meta name=\"twitter:card\" content=\"summary_large_image\" \/>\n<meta name=\"twitter:label1\" content=\"Gesch\u00e4tzte Lesezeit\">\n\t<meta name=\"twitter:data1\" content=\"3\u00a0Minuten\">\n<script type=\"application\/ld+json\" class=\"yoast-schema-graph\">{\"@context\":\"https:\/\/schema.org\",\"@graph\":[{\"@type\":\"WebSite\",\"@id\":\"https:\/\/www.lifecityworld.com\/#website\",\"url\":\"https:\/\/www.lifecityworld.com\/\",\"name\":\"LifeCity World\",\"description\":\"\",\"potentialAction\":[{\"@type\":\"SearchAction\",\"target\":\"https:\/\/www.lifecityworld.com\/?s={search_term_string}\",\"query-input\":\"required name=search_term_string\"}],\"inLanguage\":\"de\"},{\"@type\":\"ImageObject\",\"@id\":\"https:\/\/www.lifecityworld.com\/de\/planung\/#primaryimage\",\"inLanguage\":\"de\",\"url\":\"https:\/\/www.lifecityworld.com\/wp-content\/uploads\/2020\/09\/pianificazione.jpg\",\"width\":600,\"height\":400},{\"@type\":\"WebPage\",\"@id\":\"https:\/\/www.lifecityworld.com\/de\/planung\/#webpage\",\"url\":\"https:\/\/www.lifecityworld.com\/de\/planung\/\",\"name\":\"Planung - LifeCity World\",\"isPartOf\":{\"@id\":\"https:\/\/www.lifecityworld.com\/#website\"},\"primaryImageOfPage\":{\"@id\":\"https:\/\/www.lifecityworld.com\/de\/planung\/#primaryimage\"},\"datePublished\":\"2020-11-24T08:50:35+00:00\",\"dateModified\":\"2020-12-04T15:33:18+00:00\",\"breadcrumb\":{\"@id\":\"https:\/\/www.lifecityworld.com\/de\/planung\/#breadcrumb\"},\"inLanguage\":\"de\",\"potentialAction\":[{\"@type\":\"ReadAction\",\"target\":[\"https:\/\/www.lifecityworld.com\/de\/planung\/\"]}]},{\"@type\":\"BreadcrumbList\",\"@id\":\"https:\/\/www.lifecityworld.com\/de\/planung\/#breadcrumb\",\"itemListElement\":[{\"@type\":\"ListItem\",\"position\":1,\"item\":{\"@type\":\"WebPage\",\"@id\":\"https:\/\/www.lifecityworld.com\/de\/\",\"url\":\"https:\/\/www.lifecityworld.com\/de\/\",\"name\":\"Home\"}},{\"@type\":\"ListItem\",\"position\":2,\"item\":{\"@type\":\"WebPage\",\"@id\":\"https:\/\/www.lifecityworld.com\/de\/planung\/\",\"url\":\"https:\/\/www.lifecityworld.com\/de\/planung\/\",\"name\":\"Planung\"}}]}]}<\/script>\n<!-- \/ Yoast SEO plugin. -->","_links":{"self":[{"href":"https:\/\/www.lifecityworld.com\/de\/wp-json\/wp\/v2\/pages\/16117"}],"collection":[{"href":"https:\/\/www.lifecityworld.com\/de\/wp-json\/wp\/v2\/pages"}],"about":[{"href":"https:\/\/www.lifecityworld.com\/de\/wp-json\/wp\/v2\/types\/page"}],"author":[{"embeddable":true,"href":"https:\/\/www.lifecityworld.com\/de\/wp-json\/wp\/v2\/users\/1"}],"replies":[{"embeddable":true,"href":"https:\/\/www.lifecityworld.com\/de\/wp-json\/wp\/v2\/comments?post=16117"}],"version-history":[{"count":3,"href":"https:\/\/www.lifecityworld.com\/de\/wp-json\/wp\/v2\/pages\/16117\/revisions"}],"predecessor-version":[{"id":16121,"href":"https:\/\/www.lifecityworld.com\/de\/wp-json\/wp\/v2\/pages\/16117\/revisions\/16121"}],"wp:attachment":[{"href":"https:\/\/www.lifecityworld.com\/de\/wp-json\/wp\/v2\/media?parent=16117"}],"curies":[{"name":"wp","href":"https:\/\/api.w.org\/{rel}","templated":true}]}}