{"id":16124,"date":"2020-11-24T10:09:15","date_gmt":"2020-11-24T09:09:15","guid":{"rendered":"https:\/\/www.lifecityworld.com\/?page_id=16124"},"modified":"2020-12-04T16:40:08","modified_gmt":"2020-12-04T15:40:08","slug":"sicherheit","status":"publish","type":"page","link":"https:\/\/www.lifecityworld.com\/de\/sicherheit\/","title":{"rendered":"Sicherheit"},"content":{"rendered":"<div id=\"cmsmasters_row_scu3dz0k1c\" class=\"cmsmasters_row cmsmasters_color_scheme_default blocco-titolo-mob cmsmasters_row_top_default cmsmasters_row_bot_default cmsmasters_row_boxed\">\n<div class=\"cmsmasters_row_outer_parent\">\n<div class=\"cmsmasters_row_outer\">\n<div class=\"cmsmasters_row_inner\">\n<div class=\"cmsmasters_row_margin\">\n<div id=\"cmsmasters_column_52148c5d6b\" class=\"cmsmasters_column one_first\">\n<div class=\"cmsmasters_column_inner\"><div id=\"cmsmasters_heading_yye56kp65c\" class=\"cmsmasters_heading_wrap cmsmasters_heading_align_center\">\n\t<h1 class=\"cmsmasters_heading\">Sicherheit<\/h1>\n<\/div><div class=\"cmsmasters_text fascione\">\n<p style=\"text-align: justify; font-size: 16px; line-height: 26px;\"><span style=\"color: #555;\">Die landwirtschaftlichen und gastronomischen Partnerschaften von LifeCity setzen sich aus Unternehmen zusammen, die sich um den Einsatz von Produktionsprozessen bem\u00fchen, die ein <strong>H\u00f6chstma\u00df an Transparenz und R\u00fcckverfolgbarkeit<\/strong> im Bereich der Lebensmittelsicherheit sowie die Zertifizierung von Produktionsprozessen und Vertriebskreisl\u00e4ufen der angebotenen Lebensmittel und Weinprodukte gew\u00e4hrleisten. Die Lebensmittelproduktion wird auch mit dem G\u00fctezeichen <strong>&#8222;Terra Principi Imperiali&#8220;<\/strong> zertifiziert.<\/span><\/p>\n<\/div>\n<\/div><\/div>\n<\/div>\n<\/div>\n<\/div>\n<\/div>\n<\/div>\n<div id=\"cmsmasters_row_ud0o8qqj9q\" class=\"cmsmasters_row cmsmasters_color_scheme_default blocco-img-mob cmsmasters_row_top_default cmsmasters_row_bot_default cmsmasters_row_boxed\">\n<div class=\"cmsmasters_row_outer_parent\">\n<div class=\"cmsmasters_row_outer\">\n<div class=\"cmsmasters_row_inner\">\n<div class=\"cmsmasters_row_margin\">\n<div id=\"cmsmasters_column_y24u0f36aa\" class=\"cmsmasters_column one_first\">\n<div class=\"cmsmasters_column_inner\"><div class=\"cmsmasters_img  cmsmasters_image_n\"><img src=\"https:\/\/www.lifecityworld.com\/wp-content\/uploads\/2020\/09\/sicurezza.jpg\" \/><\/div>\n<\/div><\/div>\n<\/div>\n<\/div>\n<\/div>\n<\/div>\n<\/div>\n<div id=\"cmsmasters_row_1xyrqumzta\" class=\"cmsmasters_row cmsmasters_color_scheme_default blocco-titolo-img-desk cmsmasters_row_top_default cmsmasters_row_bot_default cmsmasters_row_boxed\">\n<div class=\"cmsmasters_row_outer_parent\">\n<div class=\"cmsmasters_row_outer\">\n<div class=\"cmsmasters_row_inner\">\n<div class=\"cmsmasters_row_margin\">\n<div id=\"cmsmasters_column_bfd7c3ff06\" class=\"cmsmasters_column one_first\">\n<div class=\"cmsmasters_column_inner\"><div id=\"cmsmasters_heading_1jiqdjk7rs\" class=\"cmsmasters_heading_wrap cmsmasters_heading_align_center\">\n\t<h1 class=\"cmsmasters_heading\">Sicherheit<\/h1>\n<\/div><div class=\"cmsmasters_text\">\n<p style=\"text-align: justify; font-size: 16px; line-height: 26px;\"><span style=\"color: #555;\"><img loading=\"lazy\" class=\"wp-image-15364 size-full alignleft\" style=\"border: 8px solid white; border-radius: 5px;\" src=\"https:\/\/www.lifecityworld.com\/wp-content\/uploads\/2020\/09\/sicurezza.jpg\" alt=\"\" width=\"600\" height=\"400\" srcset=\"https:\/\/www.lifecityworld.com\/wp-content\/uploads\/2020\/09\/sicurezza.jpg 600w, https:\/\/www.lifecityworld.com\/wp-content\/uploads\/2020\/09\/sicurezza-300x200.jpg 300w, https:\/\/www.lifecityworld.com\/wp-content\/uploads\/2020\/09\/sicurezza-580x387.jpg 580w\" sizes=\"(max-width: 600px) 100vw, 600px\" \/><\/span><\/p>\n<p>Die landwirtschaftlichen und gastronomischen Partnerschaften von LifeCity setzen sich aus Unternehmen zusammen, die sich um den Einsatz von Produktionsprozessen bem\u00fchen, die ein <strong>H\u00f6chstma\u00df an Transparenz und R\u00fcckverfolgbarkeit<\/strong> im Bereich der Lebensmittelsicherheit sowie die Zertifizierung von Produktionsprozessen und Vertriebskreisl\u00e4ufen der angebotenen Lebensmittel und Weinprodukte gew\u00e4hrleisten. Die Lebensmittelproduktion wird auch mit dem G\u00fctezeichen <strong>&#8222;Terra Principi Imperiali&#8220;<\/strong> zertifiziert.<\/p>\n<\/div>\n<\/div><\/div>\n<\/div>\n<\/div>\n<\/div>\n<\/div>\n<\/div>\n\n","protected":false},"excerpt":{"rendered":"","protected":false},"author":1,"featured_media":0,"parent":0,"menu_order":0,"comment_status":"closed","ping_status":"closed","template":"","meta":[],"yoast_head":"<!-- This site is optimized with the Yoast SEO plugin v15.9.2 - https:\/\/yoast.com\/wordpress\/plugins\/seo\/ -->\n<title>Sicherheit - LifeCity World<\/title>\n<meta name=\"robots\" content=\"index, follow, max-snippet:-1, max-image-preview:large, max-video-preview:-1\" \/>\n<link rel=\"canonical\" href=\"https:\/\/www.lifecityworld.com\/de\/sicherheit\/\" \/>\n<meta property=\"og:locale\" content=\"de_DE\" \/>\n<meta property=\"og:type\" content=\"article\" \/>\n<meta property=\"og:title\" content=\"Sicherheit - LifeCity World\" \/>\n<meta property=\"og:url\" content=\"https:\/\/www.lifecityworld.com\/de\/sicherheit\/\" \/>\n<meta property=\"og:site_name\" content=\"LifeCity World\" \/>\n<meta property=\"article:modified_time\" content=\"2020-12-04T15:40:08+00:00\" \/>\n<meta property=\"og:image\" content=\"https:\/\/www.lifecityworld.com\/wp-content\/uploads\/2020\/09\/sicurezza.jpg\" \/>\n<meta name=\"twitter:card\" content=\"summary_large_image\" \/>\n<meta name=\"twitter:label1\" content=\"Gesch\u00e4tzte Lesezeit\">\n\t<meta name=\"twitter:data1\" content=\"2\u00a0Minuten\">\n<script type=\"application\/ld+json\" class=\"yoast-schema-graph\">{\"@context\":\"https:\/\/schema.org\",\"@graph\":[{\"@type\":\"WebSite\",\"@id\":\"https:\/\/www.lifecityworld.com\/#website\",\"url\":\"https:\/\/www.lifecityworld.com\/\",\"name\":\"LifeCity World\",\"description\":\"\",\"potentialAction\":[{\"@type\":\"SearchAction\",\"target\":\"https:\/\/www.lifecityworld.com\/?s={search_term_string}\",\"query-input\":\"required name=search_term_string\"}],\"inLanguage\":\"de\"},{\"@type\":\"ImageObject\",\"@id\":\"https:\/\/www.lifecityworld.com\/de\/sicherheit\/#primaryimage\",\"inLanguage\":\"de\",\"url\":\"https:\/\/www.lifecityworld.com\/wp-content\/uploads\/2020\/09\/sicurezza.jpg\",\"width\":600,\"height\":400},{\"@type\":\"WebPage\",\"@id\":\"https:\/\/www.lifecityworld.com\/de\/sicherheit\/#webpage\",\"url\":\"https:\/\/www.lifecityworld.com\/de\/sicherheit\/\",\"name\":\"Sicherheit - LifeCity World\",\"isPartOf\":{\"@id\":\"https:\/\/www.lifecityworld.com\/#website\"},\"primaryImageOfPage\":{\"@id\":\"https:\/\/www.lifecityworld.com\/de\/sicherheit\/#primaryimage\"},\"datePublished\":\"2020-11-24T09:09:15+00:00\",\"dateModified\":\"2020-12-04T15:40:08+00:00\",\"breadcrumb\":{\"@id\":\"https:\/\/www.lifecityworld.com\/de\/sicherheit\/#breadcrumb\"},\"inLanguage\":\"de\",\"potentialAction\":[{\"@type\":\"ReadAction\",\"target\":[\"https:\/\/www.lifecityworld.com\/de\/sicherheit\/\"]}]},{\"@type\":\"BreadcrumbList\",\"@id\":\"https:\/\/www.lifecityworld.com\/de\/sicherheit\/#breadcrumb\",\"itemListElement\":[{\"@type\":\"ListItem\",\"position\":1,\"item\":{\"@type\":\"WebPage\",\"@id\":\"https:\/\/www.lifecityworld.com\/de\/\",\"url\":\"https:\/\/www.lifecityworld.com\/de\/\",\"name\":\"Home\"}},{\"@type\":\"ListItem\",\"position\":2,\"item\":{\"@type\":\"WebPage\",\"@id\":\"https:\/\/www.lifecityworld.com\/de\/sicherheit\/\",\"url\":\"https:\/\/www.lifecityworld.com\/de\/sicherheit\/\",\"name\":\"Sicherheit\"}}]}]}<\/script>\n<!-- \/ Yoast SEO plugin. -->","_links":{"self":[{"href":"https:\/\/www.lifecityworld.com\/de\/wp-json\/wp\/v2\/pages\/16124"}],"collection":[{"href":"https:\/\/www.lifecityworld.com\/de\/wp-json\/wp\/v2\/pages"}],"about":[{"href":"https:\/\/www.lifecityworld.com\/de\/wp-json\/wp\/v2\/types\/page"}],"author":[{"embeddable":true,"href":"https:\/\/www.lifecityworld.com\/de\/wp-json\/wp\/v2\/users\/1"}],"replies":[{"embeddable":true,"href":"https:\/\/www.lifecityworld.com\/de\/wp-json\/wp\/v2\/comments?post=16124"}],"version-history":[{"count":2,"href":"https:\/\/www.lifecityworld.com\/de\/wp-json\/wp\/v2\/pages\/16124\/revisions"}],"predecessor-version":[{"id":16127,"href":"https:\/\/www.lifecityworld.com\/de\/wp-json\/wp\/v2\/pages\/16124\/revisions\/16127"}],"wp:attachment":[{"href":"https:\/\/www.lifecityworld.com\/de\/wp-json\/wp\/v2\/media?parent=16124"}],"curies":[{"name":"wp","href":"https:\/\/api.w.org\/{rel}","templated":true}]}}