{"id":16134,"date":"2020-11-26T12:19:11","date_gmt":"2020-11-26T11:19:11","guid":{"rendered":"https:\/\/www.lifecityworld.com\/?page_id=16134"},"modified":"2020-12-04T16:31:21","modified_gmt":"2020-12-04T15:31:21","slug":"privacy-policy","status":"publish","type":"page","link":"https:\/\/www.lifecityworld.com\/de\/privacy-policy\/","title":{"rendered":"Privacy Policy"},"content":{"rendered":"\r\n<h2><strong>INFORMATIONEN NACH ART. 13 DSGVO 679\/2016<\/strong><\/h2>\r\n\r\n\r\n\r\n<p>Diese Seite beschreibt, wie die www.lifecityworld.com Website mit Bezug auf die Verarbeitung personenbezogener Daten von Benutzern verwaltet wird, die mit dem Kauf eines Produkts auf der Website fortfahren. Hierbei handelt es sich um Informationen zur Verarbeitung personenbezogener Daten, die ebenfalls gem\u00e4\u00df Art. 13 Europ\u00e4ischer Datenschutzverordnung (nachstehend DSGVO 679\/2016) gegeben werden.<\/p>\r\n\r\n\r\n\r\n<p><strong>Zweck der Verarbeitung<\/strong><\/p>\r\n\r\n\r\n\r\n<p>Die von den Nutzern zur Verf\u00fcgung gestellten personenbezogenen Daten werden direkt verwendet, um der Anfrage des Nutzers in voller \u00dcbereinstimmung mit den Grunds\u00e4tzen der Rechtm\u00e4\u00dfigkeit und Korrektheit und den gesetzlichen Bestimmungen nachzukommen. In jedem Fall werden alle auf der Website durchgef\u00fchrten Handlungen zu folgenden Zwecken durchgef\u00fchrt: Zur Bearbeitung der Bestellung; Abonnement des Newsletters \u00fcber unsere Produkte und Dienstleistungen; Der Newsletter der Website www.lifecityworld.com wird per E-Mail an diejenigen gesendet, die ihn ausdr\u00fccklich anfordern, indem sie das Formular auf dieser Seite ausf\u00fcllen und die Marke &#8222;LifeCity World&#8220; der Firma MSC Innovative Solutions srls (Umsatzsteuer-Identifikationsnummer IT05030190754) zur Verarbeitung ihrer personenbezogenen Daten autorisieren; Um Sonderangebote von unseren Partnern zu erhalten.<\/p>\r\n\r\n\r\n\r\n<p><strong>Fakult\u00e4t f\u00fcr Datenbereitstellung<\/strong><\/p>\r\n\r\n\r\n\r\n<p>Dem Nutzer steht es frei, die personenbezogene Daten in den verschiedenen Feldern anzugeben. Die Bereitstellung von Daten, die mit dem Symbol * gekennzeichnet sind, ist obligatorisch, um die Dienste erbringen zu k\u00f6nnen, w\u00e4hrend sie f\u00fcr die anderen Daten optional bleiben. In jedem Fall kann es unm\u00f6glich sein, den angeforderten Service zu erbringen, wenn nicht alle geforderten Daten angegeben werden.<\/p>\r\n\r\n\r\n\r\n<p><strong>Kommunikation und Verbreitung<\/strong><\/p>\r\n\r\n\r\n\r\n<p>Die erhobenen Daten werden nicht Gegenstand der Kommunikation und Verbreitung sein. Die Mitteilung an Dritte erfolgt, soweit dies f\u00fcr die oben genannten Zwecke erforderlich ist, und in jedem Fall an Personen, die mit der korrekten und regelm\u00e4\u00dfigen Verfolgung der beschriebenen Zwecke befasst sind. In jedem Fall erfolgt die Verarbeitung durch Dritte unter voller Einhaltung der geltenden Rechtsvorschriften. Ihre Daten werden nicht au\u00dferhalb der EU \u00fcbertragen.<\/p>\r\n\r\n\r\n\r\n<p><strong>Methoden zur Datenverarbeitung<\/strong><\/p>\r\n\r\n\r\n\r\n<p>Die gesammelten Daten werden mit IT-Tools verarbeitet. Geeignete Sicherheitsma\u00dfnahmen werden eingehalten, um den Verlust von Daten, die illegale oder falsche Verwendung und den unbefugten Zugriff zu verhindern.<\/p>\r\n\r\n\r\n\r\n<p><strong>Verantwortlichkeit f\u00fcr die Verarbeitung<\/strong><\/p>\r\n\r\n\r\n\r\n<p>Zust\u00e4ndig f\u00fcr die Verarbeitung personenbezogener Daten ist MSC Innovative Solutions srls mit Hauptsitz in Via Milizia 55 &#8211; 73100 Lecce (Italien); Tel.: +39 338 3137911; E-Mail: info@lifecityworld.com. Die Verarbeitung der Daten erfolgt am oben genannten Firmensitz und wird nur von Personal durchgef\u00fchrt, das f\u00fcr die Verarbeitung verantwortlich ist.<\/p>\r\n\r\n\r\n\r\n<p><strong>Rechte der betroffenen Personen<\/strong><\/p>\r\n\r\n\r\n\r\n<p>Die Personen, auf die sich die personenbezogenen Daten beziehen, haben jederzeit das Recht: Ihre Einwilligung zu widerrufen; den Zugang zu personenbezogenen Daten und deren Berichtigung oder L\u00f6schung oder die Einschr\u00e4nkung der Verarbeitung personenbezogener Daten zu beantragen und deren Verarbeitung zu widersprechen, zus\u00e4tzlich zum Recht auf Vergessenwerden; eine Beschwerde bei der italienischen Datenschutzbeh\u00f6rde einzureichen.<\/p>\r\n\r\n\r\n\r\n<p>Anfragen an den Datenverantwortlichen f\u00fcr die oben angegebenen Daten richten Sie bitte per E-Mail an folgende Adresse: info@lifecityworld.com. Antr\u00e4ge sind zu stellen an: per E-Mail an die Adresse: info@lifecityworld.com per Tel.: +39 338 3137911 oder per Post an LifeCity Parco degli Ulivi von MSC Innovative Solutions srls mit Sitz in Via Milizia 55 &#8211; 73100 Lecce (Italien)<\/p>\r\n\r\n\r\n\r\n<p>oppure via posta a LifeCity Parco degli Ulivi di MSC Innovative Solutions srls con sede in Via Milizia 55 &#8211; 73100 Lecce (Italy)<\/p>\r\n\r\n\r\n\r\n<p><strong>Zustimmung des Betroffenen<\/strong><\/p>\r\n\r\n\r\n\r\n<p>Informationen gem\u00e4\u00df Art. 13 der DSGVO 679\/2016 in Bezug auf die Verarbeitung personenbezogener Daten erworben hat, die f\u00fcr die in Nummer 1 der vorgenannten Informationen genannten Zwecke erforderlich sind, und unter Ber\u00fccksichtigung der Tatsache, dass jeder Zweck von den anderen getrennt ist und die interessierte Partei daher das Recht hat, f\u00fcr einen oder mehrere der unter Nummer 1 genannten Zwecke eine Einwilligung zu erteilen oder nicht zu erteilen; erteilt zum Zeitpunkt der Annahme die Einwilligung wie folgt:<\/p>\r\n\r\n\r\n\r\n<ul>\r\n<li>F\u00fcr Ausf\u00fchren einer Bestellung<\/li>\r\n<li>Newsletter-Abonnement<\/li>\r\n<li>Erhalten von Sonderangeboten der Partner<\/li>\r\n<\/ul>\r\n","protected":false},"excerpt":{"rendered":"<p>INFORMATIONEN NACH ART. 13 DSGVO 679\/2016 Diese Seite beschreibt, wie die www.lifecityworld.com Website mit Bezug auf die Verarbeitung personenbezogener Daten von Benutzern verwaltet wird, die mit dem Kauf eines Produkts auf der Website fortfahren. Hierbei handelt es sich um Informationen zur Verarbeitung personenbezogener Daten, die ebenfalls gem\u00e4\u00df Art. 13 Europ\u00e4ischer Datenschutzverordnung (nachstehend DSGVO 679\/2016) gegeben&#8230;<\/p>\n","protected":false},"author":1,"featured_media":0,"parent":0,"menu_order":0,"comment_status":"closed","ping_status":"open","template":"","meta":[],"yoast_head":"<!-- This site is optimized with the Yoast SEO plugin v15.9.2 - https:\/\/yoast.com\/wordpress\/plugins\/seo\/ -->\n<title>Privacy Policy - LifeCity World<\/title>\n<meta name=\"robots\" content=\"noindex, follow\" \/>\n<meta property=\"og:locale\" content=\"de_DE\" \/>\n<meta property=\"og:type\" content=\"article\" \/>\n<meta property=\"og:title\" content=\"Privacy Policy - LifeCity World\" \/>\n<meta property=\"og:description\" content=\"INFORMATIONEN NACH ART. 13 DSGVO 679\/2016 Diese Seite beschreibt, wie die www.lifecityworld.com Website mit Bezug auf die Verarbeitung personenbezogener Daten von Benutzern verwaltet wird, die mit dem Kauf eines Produkts auf der Website fortfahren. Hierbei handelt es sich um Informationen zur Verarbeitung personenbezogener Daten, die ebenfalls gem\u00e4\u00df Art. 13 Europ\u00e4ischer Datenschutzverordnung (nachstehend DSGVO 679\/2016) gegeben...\" \/>\n<meta property=\"og:url\" content=\"https:\/\/www.lifecityworld.com\/de\/privacy-policy\/\" \/>\n<meta property=\"og:site_name\" content=\"LifeCity World\" \/>\n<meta property=\"article:modified_time\" content=\"2020-12-04T15:31:21+00:00\" \/>\n<meta name=\"twitter:card\" content=\"summary_large_image\" \/>\n<meta name=\"twitter:label1\" content=\"Gesch\u00e4tzte Lesezeit\">\n\t<meta name=\"twitter:data1\" content=\"3\u00a0Minuten\">\n<script type=\"application\/ld+json\" class=\"yoast-schema-graph\">{\"@context\":\"https:\/\/schema.org\",\"@graph\":[{\"@type\":\"WebSite\",\"@id\":\"https:\/\/www.lifecityworld.com\/#website\",\"url\":\"https:\/\/www.lifecityworld.com\/\",\"name\":\"LifeCity World\",\"description\":\"\",\"potentialAction\":[{\"@type\":\"SearchAction\",\"target\":\"https:\/\/www.lifecityworld.com\/?s={search_term_string}\",\"query-input\":\"required name=search_term_string\"}],\"inLanguage\":\"de\"},{\"@type\":\"WebPage\",\"@id\":\"https:\/\/www.lifecityworld.com\/de\/privacy-policy\/#webpage\",\"url\":\"https:\/\/www.lifecityworld.com\/de\/privacy-policy\/\",\"name\":\"Privacy Policy - LifeCity World\",\"isPartOf\":{\"@id\":\"https:\/\/www.lifecityworld.com\/#website\"},\"datePublished\":\"2020-11-26T11:19:11+00:00\",\"dateModified\":\"2020-12-04T15:31:21+00:00\",\"breadcrumb\":{\"@id\":\"https:\/\/www.lifecityworld.com\/de\/privacy-policy\/#breadcrumb\"},\"inLanguage\":\"de\",\"potentialAction\":[{\"@type\":\"ReadAction\",\"target\":[\"https:\/\/www.lifecityworld.com\/de\/privacy-policy\/\"]}]},{\"@type\":\"BreadcrumbList\",\"@id\":\"https:\/\/www.lifecityworld.com\/de\/privacy-policy\/#breadcrumb\",\"itemListElement\":[{\"@type\":\"ListItem\",\"position\":1,\"item\":{\"@type\":\"WebPage\",\"@id\":\"https:\/\/www.lifecityworld.com\/de\/\",\"url\":\"https:\/\/www.lifecityworld.com\/de\/\",\"name\":\"Home\"}},{\"@type\":\"ListItem\",\"position\":2,\"item\":{\"@type\":\"WebPage\",\"@id\":\"https:\/\/www.lifecityworld.com\/de\/privacy-policy\/\",\"url\":\"https:\/\/www.lifecityworld.com\/de\/privacy-policy\/\",\"name\":\"Privacy Policy\"}}]}]}<\/script>\n<!-- \/ Yoast SEO plugin. -->","_links":{"self":[{"href":"https:\/\/www.lifecityworld.com\/de\/wp-json\/wp\/v2\/pages\/16134"}],"collection":[{"href":"https:\/\/www.lifecityworld.com\/de\/wp-json\/wp\/v2\/pages"}],"about":[{"href":"https:\/\/www.lifecityworld.com\/de\/wp-json\/wp\/v2\/types\/page"}],"author":[{"embeddable":true,"href":"https:\/\/www.lifecityworld.com\/de\/wp-json\/wp\/v2\/users\/1"}],"replies":[{"embeddable":true,"href":"https:\/\/www.lifecityworld.com\/de\/wp-json\/wp\/v2\/comments?post=16134"}],"version-history":[{"count":3,"href":"https:\/\/www.lifecityworld.com\/de\/wp-json\/wp\/v2\/pages\/16134\/revisions"}],"predecessor-version":[{"id":16137,"href":"https:\/\/www.lifecityworld.com\/de\/wp-json\/wp\/v2\/pages\/16134\/revisions\/16137"}],"wp:attachment":[{"href":"https:\/\/www.lifecityworld.com\/de\/wp-json\/wp\/v2\/media?parent=16134"}],"curies":[{"name":"wp","href":"https:\/\/api.w.org\/{rel}","templated":true}]}}