{"id":16510,"date":"2021-01-15T12:37:22","date_gmt":"2021-01-15T11:37:22","guid":{"rendered":"https:\/\/www.lifecityworld.com\/?page_id=16510"},"modified":"2021-01-15T12:44:10","modified_gmt":"2021-01-15T11:44:10","slug":"open-innovation-center","status":"publish","type":"page","link":"https:\/\/www.lifecityworld.com\/de\/open-innovation-center\/","title":{"rendered":"Open Innovation Center"},"content":{"rendered":"<div id=\"cmsmasters_row_v9snw57rjp\" class=\"cmsmasters_row cmsmasters_color_scheme_default cmsmasters_row_top_default cmsmasters_row_bot_default cmsmasters_row_boxed\">\n<div class=\"cmsmasters_row_outer_parent\">\n<div class=\"cmsmasters_row_outer\">\n<div class=\"cmsmasters_row_inner\">\n<div class=\"cmsmasters_row_margin\">\n<div id=\"cmsmasters_column_bfd7c3ff06\" class=\"cmsmasters_column one_first\">\n<div class=\"cmsmasters_column_inner\"><div id=\"cmsmasters_heading_k78g1g3r0o\" class=\"cmsmasters_heading_wrap cmsmasters_heading_align_center\">\n\t<h1 class=\"cmsmasters_heading\">Open Innovation Center<\/h1>\n<\/div><div class=\"cmsmasters_text\">\n<p style=\"text-align: justify; font-size: 16px; line-height: 26px;\"><span style=\"color: #555;\"><img loading=\"lazy\" class=\"wp-image-16319 size-full alignleft\" style=\"border: 8px solid white; border-radius: 5px;\" src=\"https:\/\/www.lifecityworld.com\/wp-content\/uploads\/2021\/01\/1-mod.jpg\" alt=\"\" width=\"600\" height=\"400\" \/><\/span><\/p>\n<p><strong>Open Innovation<\/strong> ist das wichtigste Kapital des LifeCity World-Projekts, das diesen strategischen und kulturellen Ansatz verfolgt, um auf immer dynamische und offene Art und Weise Werte zu schaffen und auf dem Markt zu konkurrieren. In der Tat erweitert <em><strong>Open Innovation<\/strong><\/em> den Fluss der Unternehmensverbesserung auf den systematischen Beitrag externer Ressourcen: Ideen, L\u00f6sungen, Werkzeuge und technologische F\u00e4higkeiten, die von bestimmten Start-ups, Universit\u00e4ten, Forschungszentren und -instituten, Erfindern, Wissenschaftlern und Programmierern, Beratern, Verb\u00e4nden, Stiftungen und \u00f6ffentliche Einrichtungen stammen. Das Modell der <em>Open Innovation<\/em> von LifeCity ist auch offen f\u00fcr <strong>&#8222;Unternehmensnetzwerkvertr\u00e4ge&#8220;<\/strong>, wie sie vom <strong>Ministerium f\u00fcr wirtschaftliche Entwicklung<\/strong> vorgesehen sind.<\/p>\n<\/div>\n<div id=\"cmsmasters_divider_bcfz3qi6c\" class=\"cl\"><\/div>\n<div class=\"cmsmasters_text\">\n<p style=\"text-align: justify; font-size: 16px; line-height: 26px;\"><span style=\"color: #555;\"><img loading=\"lazy\" class=\"wp-image-16324 size-full alignright\" style=\"border: 8px solid white; border-radius: 5px;\" src=\"https:\/\/www.lifecityworld.com\/wp-content\/uploads\/2021\/01\/2-mod.jpg\" alt=\"\" width=\"600\" height=\"400\" \/><\/span><\/p>\n<p>LifeCity World arbeitet am <strong>Gesamtwohl<\/strong> der Person und l\u00e4sst in einem offenen Prozess der kontinuierlichen Weiterentwicklung die Innovation zusammenflie\u00dfen, die den Hauptthemen <strong>Gesundheit<\/strong> und <strong>Ern\u00e4hrung<\/strong> innewohnt und nutzt die <strong>Schutz<\/strong>&#8211; und <strong>Kontrollm\u00f6glichkeiten<\/strong>, die durch die <strong><em>Blockchain<\/em><\/strong> geboten werden. All dies findet in einem <strong>Open Innovation<\/strong> Center statt, das von hochkar\u00e4tigem Fachpersonal geleitet und unterst\u00fctzt wird. Ein kompetenter Fachberater, der <strong>Advanced Advisor<\/strong>, identifiziert, koordiniert und setzt die f\u00fcr das Projekt n\u00fctzlichen externen Ressourcen ein und integriert sie harmonisch mit den internen. Die Management- und Produktionsdynamik aller LifeCity-Aktivit\u00e4ten wird somit durch neue innovative Ressourcen kontaminiert, die einen kontinuierlichen <strong>Mehrwert<\/strong> schaffen, der Wettbewerbsf\u00e4higkeit und Neuigkeiten in Marktszenarien bringen kann.<\/p>\n<\/div>\n<div id=\"cmsmasters_divider_i3ebw6bjco\" class=\"cl\"><\/div>\n<div class=\"cmsmasters_text\">\n<p style=\"text-align: justify; font-size: 16px; line-height: 26px;\"><span style=\"color: #555;\"><img loading=\"lazy\" class=\"wp-image-16329 size-full alignleft\" style=\"border: 8px solid white; border-radius: 5px;\" src=\"https:\/\/www.lifecityworld.com\/wp-content\/uploads\/2021\/01\/3-mod.jpg\" alt=\"\" width=\"600\" height=\"400\" \/><\/span><\/p>\n<p>Dank des Open Innovation Center unterliegt die Produktivit\u00e4t von LifeCity-Zitadellen einem einzigartigen und unbestechlichen <strong>R\u00fcckverfolgbarkeitsmodell<\/strong>. Die offene Verwaltung von <em>Big Data<\/em> erm\u00f6glicht eine Historie des Produkts, die lesbar und unver\u00e4nderlich im verschl\u00fcsselten System der <em>Blockchain<\/em> abgelegt und unantastbar sicher ist.<\/p>\n<\/div>\n<div id=\"cmsmasters_divider_afyzw7tuqw\" class=\"cl\"><\/div>\n<div class=\"cmsmasters_text\">\n<p style=\"text-align: justify; font-size: 16px; line-height: 26px;\"><span style=\"color: #555;\"><img loading=\"lazy\" class=\"wp-image-16334 size-full alignright\" style=\"border: 8px solid white; border-radius: 5px;\" src=\"https:\/\/www.lifecityworld.com\/wp-content\/uploads\/2021\/01\/4-mod.jpg\" alt=\"\" width=\"600\" height=\"400\" \/><\/span><\/p>\n<p>Insbesondere in Bezug auf die <strong>Health Area<\/strong> von LifeCity teilt jeder beteiligte Arzt einen integrierten Ansatz f\u00fcr den Patienten, bei dem der Einsatz von Untersuchungsmitteln mit der Modalit\u00e4t <em>Smart Innovation<\/em> vertikalisiert wird, sodass jeder Spezialist von sich aus innerhalb eines speziellen Netzwerks mit verschiedenen weiteren Fachgebieten Vergleiche ziehen kann (die Auswahl kann nach Interessenzweig, Pathologie oder Gesundheitsintervention getroffen werden). Das Netzwerk umfasst private Gruppen, Universit\u00e4ten, Fachkr\u00e4fte, Forschungszentren und andere wertvollen Pers\u00f6nlichkeiten im Bereich des Gesundheitswesens.<\/p>\n<\/div>\n<div id=\"cmsmasters_divider_jcivvrsoec\" class=\"cl\"><\/div>\n<div class=\"cmsmasters_text\">\n<p style=\"text-align: justify; font-size: 16px; line-height: 26px;\"><span style=\"color: #555;\"><img loading=\"lazy\" class=\"wp-image-16339 size-full alignleft\" style=\"border: 8px solid white; border-radius: 5px;\" src=\"https:\/\/www.lifecityworld.com\/wp-content\/uploads\/2021\/01\/5-mod.jpg\" alt=\"\" width=\"600\" height=\"268\" \/><\/span><\/p>\n<p>Was den <strong>Gewerbebereich<\/strong> anbelangt, bringt das vom Advanced Advisor koordinierte Open Innovation Center externe Startups, Forschungszentren, talentierte Fachleute und interoperable Pers\u00f6nlichkeiten zusammen, die in der Lage sind, den Produktionsprozess zu innovieren, der bereits urspr\u00fcnglich ethischen Grunds\u00e4tzen entspricht und einen Fokus auf Nachhaltigkeit, Kreislaufwirtschaft und Bio-Lebensmittel hat.<br \/>\nDer Weg der Herstellung und Vermarktung von Lebensmitteln und deren Umwandlung, der vollst\u00e4ndig nach einem standardisierten Archivprotokoll erfolgt, genie\u00dft daher <strong>absolute Transparenz und R\u00fcckverfolgbarkeit vom Acker bis an den Tisch<\/strong>. Sicher und mit Datenspeicherung in der <em>Blockchain<\/em>, wo diese immer zug\u00e4nglich und unver\u00e4nderlich bleiben.<\/p>\n<\/div>\n<div id=\"cmsmasters_divider_rhmfnyj10w\" class=\"cl\"><\/div>\n<div class=\"cmsmasters_text\">\n<p style=\"text-align: justify; font-size: 16px; line-height: 26px;\"><span style=\"color: #555;\"><img loading=\"lazy\" class=\"wp-image-16344 size-full alignright\" style=\"border: 8px solid white; border-radius: 5px;\" src=\"https:\/\/www.lifecityworld.com\/wp-content\/uploads\/2021\/01\/6-mod.jpg\" alt=\"\" width=\"600\" height=\"330\" \/><\/span><\/p>\n<p>Das Open Innovation Center leitet auch die Entwicklung des LifeCity World-<em><strong>Marktplace<\/strong><\/em>, der sich noch in Design und Entwicklung befindet. Der Online-Shop wird auf einer <strong><em>Cloud<\/em>-Plattform<\/strong> verwaltet, an der das Netzwerk von Partnern, Kunden und allen am LifeCity-Projekt beteiligten Akteuren teilnimmt. Die dezentrale Speicherung von Daten in einer Cloud in Verbindung mit der Blockchain-Technologie macht das gesamte LifeCity World-System <strong>einzigartig<\/strong>.<\/p>\n<\/div>\n<\/div><\/div>\n<\/div>\n<\/div>\n<\/div>\n<\/div>\n<\/div>\n\n","protected":false},"excerpt":{"rendered":"","protected":false},"author":1,"featured_media":0,"parent":0,"menu_order":0,"comment_status":"closed","ping_status":"closed","template":"","meta":[],"yoast_head":"<!-- This site is optimized with the Yoast SEO plugin v15.9.2 - https:\/\/yoast.com\/wordpress\/plugins\/seo\/ -->\n<title>Open Innovation Center - LifeCity World<\/title>\n<meta name=\"robots\" content=\"index, follow, max-snippet:-1, max-image-preview:large, max-video-preview:-1\" \/>\n<link rel=\"canonical\" href=\"https:\/\/www.lifecityworld.com\/de\/open-innovation-center\/\" \/>\n<meta property=\"og:locale\" content=\"de_DE\" \/>\n<meta property=\"og:type\" content=\"article\" \/>\n<meta property=\"og:title\" content=\"Open Innovation Center - LifeCity World\" \/>\n<meta property=\"og:url\" content=\"https:\/\/www.lifecityworld.com\/de\/open-innovation-center\/\" \/>\n<meta property=\"og:site_name\" content=\"LifeCity World\" \/>\n<meta property=\"article:modified_time\" content=\"2021-01-15T11:44:10+00:00\" \/>\n<meta property=\"og:image\" content=\"https:\/\/www.lifecityworld.com\/wp-content\/uploads\/2021\/01\/1-mod.jpg\" \/>\n<meta name=\"twitter:card\" content=\"summary_large_image\" \/>\n<meta name=\"twitter:label1\" content=\"Gesch\u00e4tzte Lesezeit\">\n\t<meta name=\"twitter:data1\" content=\"4\u00a0Minuten\">\n<script type=\"application\/ld+json\" class=\"yoast-schema-graph\">{\"@context\":\"https:\/\/schema.org\",\"@graph\":[{\"@type\":\"WebSite\",\"@id\":\"https:\/\/www.lifecityworld.com\/#website\",\"url\":\"https:\/\/www.lifecityworld.com\/\",\"name\":\"LifeCity World\",\"description\":\"\",\"potentialAction\":[{\"@type\":\"SearchAction\",\"target\":\"https:\/\/www.lifecityworld.com\/?s={search_term_string}\",\"query-input\":\"required name=search_term_string\"}],\"inLanguage\":\"de\"},{\"@type\":\"ImageObject\",\"@id\":\"https:\/\/www.lifecityworld.com\/de\/open-innovation-center\/#primaryimage\",\"inLanguage\":\"de\",\"url\":\"https:\/\/www.lifecityworld.com\/wp-content\/uploads\/2021\/01\/1-mod.jpg\",\"width\":600,\"height\":400},{\"@type\":\"WebPage\",\"@id\":\"https:\/\/www.lifecityworld.com\/de\/open-innovation-center\/#webpage\",\"url\":\"https:\/\/www.lifecityworld.com\/de\/open-innovation-center\/\",\"name\":\"Open Innovation Center - LifeCity World\",\"isPartOf\":{\"@id\":\"https:\/\/www.lifecityworld.com\/#website\"},\"primaryImageOfPage\":{\"@id\":\"https:\/\/www.lifecityworld.com\/de\/open-innovation-center\/#primaryimage\"},\"datePublished\":\"2021-01-15T11:37:22+00:00\",\"dateModified\":\"2021-01-15T11:44:10+00:00\",\"breadcrumb\":{\"@id\":\"https:\/\/www.lifecityworld.com\/de\/open-innovation-center\/#breadcrumb\"},\"inLanguage\":\"de\",\"potentialAction\":[{\"@type\":\"ReadAction\",\"target\":[\"https:\/\/www.lifecityworld.com\/de\/open-innovation-center\/\"]}]},{\"@type\":\"BreadcrumbList\",\"@id\":\"https:\/\/www.lifecityworld.com\/de\/open-innovation-center\/#breadcrumb\",\"itemListElement\":[{\"@type\":\"ListItem\",\"position\":1,\"item\":{\"@type\":\"WebPage\",\"@id\":\"https:\/\/www.lifecityworld.com\/de\/\",\"url\":\"https:\/\/www.lifecityworld.com\/de\/\",\"name\":\"Home\"}},{\"@type\":\"ListItem\",\"position\":2,\"item\":{\"@type\":\"WebPage\",\"@id\":\"https:\/\/www.lifecityworld.com\/de\/open-innovation-center\/\",\"url\":\"https:\/\/www.lifecityworld.com\/de\/open-innovation-center\/\",\"name\":\"Open Innovation Center\"}}]}]}<\/script>\n<!-- \/ Yoast SEO plugin. -->","_links":{"self":[{"href":"https:\/\/www.lifecityworld.com\/de\/wp-json\/wp\/v2\/pages\/16510"}],"collection":[{"href":"https:\/\/www.lifecityworld.com\/de\/wp-json\/wp\/v2\/pages"}],"about":[{"href":"https:\/\/www.lifecityworld.com\/de\/wp-json\/wp\/v2\/types\/page"}],"author":[{"embeddable":true,"href":"https:\/\/www.lifecityworld.com\/de\/wp-json\/wp\/v2\/users\/1"}],"replies":[{"embeddable":true,"href":"https:\/\/www.lifecityworld.com\/de\/wp-json\/wp\/v2\/comments?post=16510"}],"version-history":[{"count":2,"href":"https:\/\/www.lifecityworld.com\/de\/wp-json\/wp\/v2\/pages\/16510\/revisions"}],"predecessor-version":[{"id":16512,"href":"https:\/\/www.lifecityworld.com\/de\/wp-json\/wp\/v2\/pages\/16510\/revisions\/16512"}],"wp:attachment":[{"href":"https:\/\/www.lifecityworld.com\/de\/wp-json\/wp\/v2\/media?parent=16510"}],"curies":[{"name":"wp","href":"https:\/\/api.w.org\/{rel}","templated":true}]}}