{"id":15916,"date":"2020-10-28T18:52:49","date_gmt":"2020-10-28T17:52:49","guid":{"rendered":"https:\/\/www.lifecityworld.com\/?page_id=15916"},"modified":"2020-10-28T18:52:49","modified_gmt":"2020-10-28T17:52:49","slug":"lenders","status":"publish","type":"page","link":"https:\/\/www.lifecityworld.com\/en\/lenders\/","title":{"rendered":"Lenders"},"content":{"rendered":"<div id=\"cmsmasters_row_pdwq91ac0m\" class=\"cmsmasters_row cmsmasters_color_scheme_default blocco-titolo-mob cmsmasters_row_top_default cmsmasters_row_bot_default cmsmasters_row_boxed\">\n<div class=\"cmsmasters_row_outer_parent\">\n<div class=\"cmsmasters_row_outer\">\n<div class=\"cmsmasters_row_inner\">\n<div class=\"cmsmasters_row_margin\">\n<div id=\"cmsmasters_column_52148c5d6b\" class=\"cmsmasters_column one_first\">\n<div class=\"cmsmasters_column_inner\"><div id=\"cmsmasters_heading_tz7aitdvos\" class=\"cmsmasters_heading_wrap cmsmasters_heading_align_center\">\n\t<h1 class=\"cmsmasters_heading\">Lenders<\/h1>\n<\/div><div class=\"cmsmasters_text fascione\">\n<p style=\"text-align: justify; font-size: 16px; line-height: 26px;\"><span style=\"color: #555;\">The LifeCity project is supported by several partners and uses the Reverse Private Project Financing (PFPI) tool, creating synergies between users-users and the partners themselves, according to a design vision that allows the former to be catchment areas and the latter to act as service providers. The work is thus configured as an innovative system, integrated at several levels, for the sustainable development of the territory.<br \/>\nThe main financiers and promoters of the project are two companies, protagonists for years in the design and implementation of innovative and low-impact socio-economic models: Enerwind and MSC Innovative Solutions.<\/span><\/p>\n<\/div>\n<div class=\"cmsmasters_img  cmsmasters_image_n\"><img src=\"https:\/\/www.lifecityworld.com\/wp-content\/uploads\/2020\/09\/finanziatori.jpg\" \/><\/div>\n<\/div><\/div>\n<\/div>\n<\/div>\n<\/div>\n<\/div>\n<\/div>\n<div id=\"cmsmasters_row_geeadi8phf\" class=\"cmsmasters_row cmsmasters_color_scheme_default blocco-img-mob cmsmasters_row_top_default cmsmasters_row_bot_default cmsmasters_row_boxed\">\n<div class=\"cmsmasters_row_outer_parent\">\n<div class=\"cmsmasters_row_outer\">\n<div class=\"cmsmasters_row_inner\">\n<div class=\"cmsmasters_row_margin\">\n<div id=\"cmsmasters_column_y24u0f36aa\" class=\"cmsmasters_column one_first\">\n<div class=\"cmsmasters_column_inner\"><div class=\"cmsmasters_text fascione\">\n<p style=\"text-align: justify; font-size: 16px; line-height: 26px;\"><span style=\"color: #555;\"><strong>Enerwind<\/strong> nasce dal <em>know how<\/em> di note aziende del settore energetico (Solarwind Intl., MSC Innovative Solutions e Winsol Project), nell\u2019intento di concentrare e finalizzare importanti investimenti nel comparto delle energie rinnovabili (eolico e fotovoltaico), in Italia e soprattutto in Puglia.<br \/>\nStudi di fattibilit\u00e0, progettazione e realizzazione di impianti sono gli ambiti operativi di Enerwind, che si configura come una compagnia multidimensionale. Pur avendo un profilo internazionale per la composizione e la vocazione dei soci, infatti, l\u2019azienda ha un legame stretto con il territorio del sud Italia, pugliese in particolare, eletto ad area target, in cui localizzare rilevanti investimenti, sia nell\u2019ambito dell\u2019energia sia nel settore terziario, prestando sempre grande attenzione ai valori del territorio e al rispetto dei luoghi.<br \/>\nEnerwind ha all\u2019attivo diversi contratti di collaborazione e di partenariato con societ\u00e0 italiane e internazionali, che le consentono lo sviluppo di progetti innovativi, sia nel campo dell\u2019energia sia in altri settori economici quali il commercio, il turismo, la sanit\u00e0 e il terziario in genere.<br \/>\nLa societ\u00e0 ha sede a Mesagne (Br) in un importante centro direzionale a pochi km dall\u2019Aeroporto del Salento, collegato strategicamente a livello logistico. La scelta di localizzare la sede legale e operativa in Puglia (ed in particolare nella provincia di Brindisi) persegue proprio la volont\u00e0 di essere baricentrica rispetto alle locations degli investimenti, anche geograficamente.<br \/>\nPer quanto riguarda l\u2019ambito del suo core business, Enerwind ha concentrato notevoli risorse su impianti di diversa tecnologia, in modo da ampliare e diversificare lo spettro degli investimenti e cogliere al meglio i benefici immediati derivanti dagli incentivi del Conto Energia.<\/span><\/p>\n<\/div>\n<div class=\"cmsmasters_img  cmsmasters_image_n\"><img src=\"https:\/\/www.lifecityworld.com\/wp-content\/uploads\/2020\/09\/enerwind.jpg\" \/><\/div><div class=\"cmsmasters_text fascione\">\n<p style=\"text-align: justify; font-size: 16px; line-height: 26px;\"><span style=\"color: #555;\"><strong>MSC Innovative Solutions<\/strong> opera da pi\u00f9 di trent&#8217;anni nel settore dell&#8217;ingegneria civile e industriale, con particolare riferimento ai seguenti ambiti: project financing, opere pubbliche, impianti di energia rinnovabile, edile, architettonico, strutturale e della sicurezza.<br \/>\nL\u2019azienda si rivolge principalmente a clienti consolidati, come societ\u00e0 e gruppi di investimento, in particolare per la realizzazione di impianti di energia rinnovabile (solare, eolico e altre fonti).<br \/>\nOltre alla propriet\u00e0 e al management, fanno parte dell\u2019organico della societ\u00e0 diverse professionalit\u00e0, quali architetti, geometri e impiantisti per parti progettuali specifiche (strutture speciali, risparmio energetico, energia rinnovabile, prevenzione incendi, sicurezza, finanza d\u2019impresa, digital e social marketing), oltre ad altre figure professionali specializzate quali geologo, agronomo, archeologo, biologo. La societ\u00e0 \u00e8 inoltre supportata da legali per ogni inquadramento giuridico delle procedure autorizzative e delle problematiche connesse.<br \/>\nMSC Innovative Solutions opera in multitasking per lo sviluppo totale del progetto di investimento. Partendo da un\u2019idea viene affrontato lo sviluppo autorizzativo complessivo, con la creazione di <em>business plan<\/em> e l\u2019elaborazione della strategia di <em>brand positioning<\/em>. La ricerca del fondi per la realizzazione delle opere \u00e8 affidata a esperti convenzionati, cos\u00ec come l\u2019elaborazione della strategia di marketing.<br \/>\nLa realizzazione di diverse opere pubbliche e private ha permesso alla societ\u00e0 di sviluppare il proprio <em>know how<\/em> e di acquisire le giuste conoscenze legali e tecniche per portare a termine diverse tipologie di opere.<br \/>\nDal rilievo alla progettazione, dalle fasi di calcolo alla presentazione pubblica degli elaborati in forma comprensibile e coinvolgente, dalla scelta chiara del procedimento amministrativo da adottare alla redazione di disegni precisi ed esaustivi, sino alla direzione dei lavori. Ogni fase viene coordinata con la massima attenzione, in modo da garantire rapidit\u00e0 di esecuzione, stretta collaborazione con i committenti e risultati certi. Il tutto al passo con gli sviluppi della finanza d\u2019impresa, con particolare riferimento alle nuove potenzialit\u00e0 delle transazioni digitali e del digital marketing.<br \/>\nLa societ\u00e0 \u00e8 titolare di diversi <em>brand<\/em> e <em>business model<\/em> in fase di sviluppo, sia in campo energetico sia nel settore terziario.<br \/>\nMSC Innovative Solutions persegue una politica di trasparenza, responsabilit\u00e0, precisione nel calcolo e qualit\u00e0 delle prestazioni fornite, per rispettare quanto le leggi prescrivono e per mantenere appropriata la dignit\u00e0 del lavoro tecnico e intellettuale.<br \/>\n<\/span><\/p>\n<\/div>\n<div class=\"cmsmasters_img  cmsmasters_image_n\"><img src=\"https:\/\/www.lifecityworld.com\/wp-content\/uploads\/2020\/09\/MSC.jpg\" \/><\/div>\n<\/div><\/div>\n<\/div>\n<\/div>\n<\/div>\n<\/div>\n<\/div>\n<div id=\"cmsmasters_row_sj58muvrg8\" class=\"cmsmasters_row cmsmasters_color_scheme_default blocco-titolo-img-desk cmsmasters_row_top_default cmsmasters_row_bot_default cmsmasters_row_boxed\">\n<div class=\"cmsmasters_row_outer_parent\">\n<div class=\"cmsmasters_row_outer\">\n<div class=\"cmsmasters_row_inner\">\n<div class=\"cmsmasters_row_margin\">\n<div id=\"cmsmasters_column_bfd7c3ff06\" class=\"cmsmasters_column one_first\">\n<div class=\"cmsmasters_column_inner\"><div id=\"cmsmasters_heading_dsnp30s81\" class=\"cmsmasters_heading_wrap cmsmasters_heading_align_center\">\n\t<h1 class=\"cmsmasters_heading\">Lenders<\/h1>\n<\/div><div class=\"cmsmasters_text\">\n<p style=\"text-align: justify; font-size: 16px; line-height: 26px;\"><span style=\"color: #555;\"><img loading=\"lazy\" class=\"wp-image-15394 size-full alignleft\" style=\"border: 8px solid white; border-radius: 5px;\" src=\"https:\/\/www.lifecityworld.com\/wp-content\/uploads\/2020\/09\/finanziatori.jpg\" alt=\"\" width=\"600\" height=\"400\" srcset=\"https:\/\/www.lifecityworld.com\/wp-content\/uploads\/2020\/09\/finanziatori.jpg 600w, https:\/\/www.lifecityworld.com\/wp-content\/uploads\/2020\/09\/finanziatori-300x200.jpg 300w, https:\/\/www.lifecityworld.com\/wp-content\/uploads\/2020\/09\/finanziatori-580x387.jpg 580w\" sizes=\"(max-width: 600px) 100vw, 600px\" \/><\/span><\/p>\n<p>The LifeCity project is supported by several partners and uses the Reverse Private Project Financing (PFPI) tool, creating synergies between users-users and the partners themselves, according to a design vision that allows the former to be catchment areas and the latter to act as service providers. The work is thus configured as an innovative system, integrated at several levels, for the sustainable development of the territory. The main financiers and promoters of the project are two companies, protagonists for years in the design and implementation of innovative and low-impact socio-economic models: Enerwind and MSC Innovative Solutions.<\/p>\n<p>&nbsp;<\/p>\n<p>&nbsp;<\/p>\n<\/div>\n<div class=\"cmsmasters_text\">\n<p style=\"text-align: justify; font-size: 16px; line-height: 26px;\"><span style=\"color: #555;\"><img loading=\"lazy\" class=\"wp-image-15425 size-full alignright\" style=\"border: 8px solid white; border-radius: 5px;\" src=\"https:\/\/www.lifecityworld.com\/wp-content\/uploads\/2020\/09\/enerwind.jpg\" alt=\"\" width=\"600\" height=\"400\" srcset=\"https:\/\/www.lifecityworld.com\/wp-content\/uploads\/2020\/09\/enerwind.jpg 600w, https:\/\/www.lifecityworld.com\/wp-content\/uploads\/2020\/09\/enerwind-300x200.jpg 300w, https:\/\/www.lifecityworld.com\/wp-content\/uploads\/2020\/09\/enerwind-580x387.jpg 580w\" sizes=\"(max-width: 600px) 100vw, 600px\" \/><\/span><\/p>\n<p><strong>Enerwind<\/strong> nasce dal <em>know how<\/em> di note aziende del settore energetico (Solarwind Intl., MSC Innovative Solutions e Winsol Project), nell\u2019intento di concentrare e finalizzare importanti investimenti nel comparto delle energie rinnovabili (eolico e fotovoltaico), in Italia e soprattutto in Puglia.<br \/>\nStudi di fattibilit\u00e0, progettazione e realizzazione di impianti sono gli ambiti operativi di Enerwind, che si configura come una compagnia multidimensionale. Pur avendo un profilo internazionale per la composizione e la vocazione dei soci, infatti, l\u2019azienda ha un legame stretto con il territorio del sud Italia, pugliese in particolare, eletto ad area target, in cui localizzare rilevanti investimenti, sia nell\u2019ambito dell\u2019energia sia nel settore terziario, prestando sempre grande attenzione ai valori del territorio e al rispetto dei luoghi.<br \/>\nEnerwind ha all\u2019attivo diversi contratti di collaborazione e di partenariato con societ\u00e0 italiane e internazionali, che le consentono lo sviluppo di progetti innovativi, sia nel campo dell\u2019energia sia in altri settori economici quali il commercio, il turismo, la sanit\u00e0 e il terziario in genere.<br \/>\nLa societ\u00e0 ha sede a Mesagne (Br) in un importante centro direzionale a pochi km dall\u2019Aeroporto del Salento, collegato strategicamente a livello logistico. La scelta di localizzare la sede legale e operativa in Puglia (ed in particolare nella provincia di Brindisi) persegue proprio la volont\u00e0 di essere baricentrica rispetto alle locations degli investimenti, anche geograficamente.<br \/>\nPer quanto riguarda l\u2019ambito del suo core business, Enerwind ha concentrato notevoli risorse su impianti di diversa tecnologia, in modo da ampliare e diversificare lo spettro degli investimenti e cogliere al meglio i benefici immediati derivanti dagli incentivi del Conto Energia.<\/p>\n<\/div>\n<div class=\"cmsmasters_text\">\n<p style=\"text-align: justify; font-size: 16px; line-height: 26px;\"><span style=\"color: #555;\"><img loading=\"lazy\" class=\"wp-image-15399 size-full alignleft\" style=\"border: 8px solid white; border-radius: 5px;\" src=\"https:\/\/www.lifecityworld.com\/wp-content\/uploads\/2020\/09\/MSC.jpg\" alt=\"\" width=\"600\" height=\"400\" srcset=\"https:\/\/www.lifecityworld.com\/wp-content\/uploads\/2020\/09\/MSC.jpg 600w, https:\/\/www.lifecityworld.com\/wp-content\/uploads\/2020\/09\/MSC-300x200.jpg 300w, https:\/\/www.lifecityworld.com\/wp-content\/uploads\/2020\/09\/MSC-580x387.jpg 580w\" sizes=\"(max-width: 600px) 100vw, 600px\" \/><\/span><\/p>\n<p><strong>MSC Innovative Solutions<\/strong> opera da pi\u00f9 di trent&#8217;anni nel settore dell&#8217;ingegneria civile e industriale, con particolare riferimento ai seguenti ambiti: project financing, opere pubbliche, impianti di energia rinnovabile, edile, architettonico, strutturale e della sicurezza.<br \/>\nL\u2019azienda si rivolge principalmente a clienti consolidati, come societ\u00e0 e gruppi di investimento, in particolare per la realizzazione di impianti di energia rinnovabile (solare, eolico e altre fonti).<br \/>\nOltre alla propriet\u00e0 e al management, fanno parte dell\u2019organico della societ\u00e0 diverse professionalit\u00e0, quali architetti, geometri e impiantisti per parti progettuali specifiche (strutture speciali, risparmio energetico, energia rinnovabile, prevenzione incendi, sicurezza, finanza d\u2019impresa, digital e social marketing), oltre ad altre figure professionali specializzate quali geologo, agronomo, archeologo, biologo. La societ\u00e0 \u00e8 inoltre supportata da legali per ogni inquadramento giuridico delle procedure autorizzative e delle problematiche connesse.<br \/>\nMSC Innovative Solutions opera in multitasking per lo sviluppo totale del progetto di investimento. Partendo da un\u2019idea viene affrontato lo sviluppo autorizzativo complessivo, con la creazione di <em>business plan<\/em> e l\u2019elaborazione della strategia di <em>brand positioning<\/em>. La ricerca del fondi per la realizzazione delle opere \u00e8 affidata a esperti convenzionati, cos\u00ec come l\u2019elaborazione della strategia di marketing.<br \/>\nLa realizzazione di diverse opere pubbliche e private ha permesso alla societ\u00e0 di sviluppare il proprio <em>know how<\/em> e di acquisire le giuste conoscenze legali e tecniche per portare a termine diverse tipologie di opere.<br \/>\nDal rilievo alla progettazione, dalle fasi di calcolo alla presentazione pubblica degli elaborati in forma comprensibile e coinvolgente, dalla scelta chiara del procedimento amministrativo da adottare alla redazione di disegni precisi ed esaustivi, sino alla direzione dei lavori. Ogni fase viene coordinata con la massima attenzione, in modo da garantire rapidit\u00e0 di esecuzione, stretta collaborazione con i committenti e risultati certi. Il tutto al passo con gli sviluppi della finanza d\u2019impresa, con particolare riferimento alle nuove potenzialit\u00e0 delle transazioni digitali e del digital marketing.<br \/>\nLa societ\u00e0 \u00e8 titolare di diversi <em>brand<\/em> e <em>business model<\/em> in fase di sviluppo, sia in campo energetico sia nel settore terziario.<br \/>\nMSC Innovative Solutions persegue una politica di trasparenza, responsabilit\u00e0, precisione nel calcolo e qualit\u00e0 delle prestazioni fornite, per rispettare quanto le leggi prescrivono e per mantenere appropriata la dignit\u00e0 del lavoro tecnico e intellettuale.<\/p>\n<\/div>\n<\/div><\/div>\n<\/div>\n<\/div>\n<\/div>\n<\/div>\n<\/div>\n\n","protected":false},"excerpt":{"rendered":"","protected":false},"author":1,"featured_media":0,"parent":0,"menu_order":0,"comment_status":"closed","ping_status":"closed","template":"","meta":[],"yoast_head":"<!-- This site is optimized with the Yoast SEO plugin v15.9.2 - https:\/\/yoast.com\/wordpress\/plugins\/seo\/ -->\n<title>Lenders - LifeCity World<\/title>\n<meta name=\"robots\" content=\"index, follow, max-snippet:-1, max-image-preview:large, max-video-preview:-1\" \/>\n<link rel=\"canonical\" href=\"https:\/\/www.lifecityworld.com\/en\/lenders\/\" \/>\n<meta property=\"og:locale\" content=\"en_US\" \/>\n<meta property=\"og:type\" content=\"article\" \/>\n<meta property=\"og:title\" content=\"Lenders - LifeCity World\" \/>\n<meta property=\"og:url\" content=\"https:\/\/www.lifecityworld.com\/en\/lenders\/\" \/>\n<meta property=\"og:site_name\" content=\"LifeCity World\" \/>\n<meta property=\"og:image\" content=\"https:\/\/www.lifecityworld.com\/wp-content\/uploads\/2020\/09\/finanziatori.jpg\" \/>\n<meta name=\"twitter:card\" content=\"summary_large_image\" \/>\n<meta name=\"twitter:label1\" content=\"Est. reading time\">\n\t<meta name=\"twitter:data1\" content=\"9 minutes\">\n<script type=\"application\/ld+json\" class=\"yoast-schema-graph\">{\"@context\":\"https:\/\/schema.org\",\"@graph\":[{\"@type\":\"WebSite\",\"@id\":\"https:\/\/www.lifecityworld.com\/#website\",\"url\":\"https:\/\/www.lifecityworld.com\/\",\"name\":\"LifeCity World\",\"description\":\"\",\"potentialAction\":[{\"@type\":\"SearchAction\",\"target\":\"https:\/\/www.lifecityworld.com\/?s={search_term_string}\",\"query-input\":\"required name=search_term_string\"}],\"inLanguage\":\"en-US\"},{\"@type\":\"ImageObject\",\"@id\":\"https:\/\/www.lifecityworld.com\/en\/lenders\/#primaryimage\",\"inLanguage\":\"en-US\",\"url\":\"https:\/\/www.lifecityworld.com\/wp-content\/uploads\/2020\/09\/finanziatori.jpg\",\"width\":600,\"height\":400},{\"@type\":\"WebPage\",\"@id\":\"https:\/\/www.lifecityworld.com\/en\/lenders\/#webpage\",\"url\":\"https:\/\/www.lifecityworld.com\/en\/lenders\/\",\"name\":\"Lenders - LifeCity World\",\"isPartOf\":{\"@id\":\"https:\/\/www.lifecityworld.com\/#website\"},\"primaryImageOfPage\":{\"@id\":\"https:\/\/www.lifecityworld.com\/en\/lenders\/#primaryimage\"},\"datePublished\":\"2020-10-28T17:52:49+00:00\",\"dateModified\":\"2020-10-28T17:52:49+00:00\",\"breadcrumb\":{\"@id\":\"https:\/\/www.lifecityworld.com\/en\/lenders\/#breadcrumb\"},\"inLanguage\":\"en-US\",\"potentialAction\":[{\"@type\":\"ReadAction\",\"target\":[\"https:\/\/www.lifecityworld.com\/en\/lenders\/\"]}]},{\"@type\":\"BreadcrumbList\",\"@id\":\"https:\/\/www.lifecityworld.com\/en\/lenders\/#breadcrumb\",\"itemListElement\":[{\"@type\":\"ListItem\",\"position\":1,\"item\":{\"@type\":\"WebPage\",\"@id\":\"https:\/\/www.lifecityworld.com\/en\/\",\"url\":\"https:\/\/www.lifecityworld.com\/en\/\",\"name\":\"Home\"}},{\"@type\":\"ListItem\",\"position\":2,\"item\":{\"@type\":\"WebPage\",\"@id\":\"https:\/\/www.lifecityworld.com\/en\/lenders\/\",\"url\":\"https:\/\/www.lifecityworld.com\/en\/lenders\/\",\"name\":\"Lenders\"}}]}]}<\/script>\n<!-- \/ Yoast SEO plugin. -->","_links":{"self":[{"href":"https:\/\/www.lifecityworld.com\/en\/wp-json\/wp\/v2\/pages\/15916"}],"collection":[{"href":"https:\/\/www.lifecityworld.com\/en\/wp-json\/wp\/v2\/pages"}],"about":[{"href":"https:\/\/www.lifecityworld.com\/en\/wp-json\/wp\/v2\/types\/page"}],"author":[{"embeddable":true,"href":"https:\/\/www.lifecityworld.com\/en\/wp-json\/wp\/v2\/users\/1"}],"replies":[{"embeddable":true,"href":"https:\/\/www.lifecityworld.com\/en\/wp-json\/wp\/v2\/comments?post=15916"}],"version-history":[{"count":2,"href":"https:\/\/www.lifecityworld.com\/en\/wp-json\/wp\/v2\/pages\/15916\/revisions"}],"predecessor-version":[{"id":15921,"href":"https:\/\/www.lifecityworld.com\/en\/wp-json\/wp\/v2\/pages\/15916\/revisions\/15921"}],"wp:attachment":[{"href":"https:\/\/www.lifecityworld.com\/en\/wp-json\/wp\/v2\/media?parent=15916"}],"curies":[{"name":"wp","href":"https:\/\/api.w.org\/{rel}","templated":true}]}}