{"id":15534,"date":"2020-10-27T19:03:40","date_gmt":"2020-10-27T18:03:40","guid":{"rendered":"https:\/\/www.lifecityworld.com\/?page_id=15534"},"modified":"2020-11-05T09:31:55","modified_gmt":"2020-11-05T08:31:55","slug":"centro-comercial-de-exhibicion","status":"publish","type":"page","link":"https:\/\/www.lifecityworld.com\/es\/centro-comercial-de-exhibicion\/","title":{"rendered":"Centro comercial de exhibici\u00f3n"},"content":{"rendered":"<div id=\"cmsmasters_row_bfba2np9mj\" class=\"cmsmasters_row cmsmasters_color_scheme_default blocco-titolo-mob cmsmasters_row_top_default cmsmasters_row_bot_default cmsmasters_row_boxed\">\n<div class=\"cmsmasters_row_outer_parent\">\n<div class=\"cmsmasters_row_outer\">\n<div class=\"cmsmasters_row_inner\">\n<div class=\"cmsmasters_row_margin\">\n<div id=\"cmsmasters_column_52148c5d6b\" class=\"cmsmasters_column one_first\">\n<div class=\"cmsmasters_column_inner\"><div id=\"cmsmasters_heading_503k2hklmf\" class=\"cmsmasters_heading_wrap cmsmasters_heading_align_center\">\n\t<h1 class=\"cmsmasters_heading\">Centro comercial de exhibici\u00f3n<\/h1>\n<\/div><div class=\"cmsmasters_text fascione\">\n<p>El coraz\u00f3n de cada ciudadela LifeCity ser\u00e1 el gran <strong>centro comercial, expositivo y de ocio<\/strong>, en el que la filosof\u00eda b\u00e1sica de todo el proyecto ser\u00e1 m\u00e1s experimental: el bienestar total, partiendo de la calidad alimentaria de una estrecha vocaci\u00f3n territorial.<br \/>\nEl centro promover\u00e1 y valorar\u00e1 los vinos, los productos l\u00e1cteos, los productos de panader\u00eda, el arte de la pasteler\u00eda y el helado, las materias primas agroalimentarias y las transformaciones en el Km 0, as\u00ed como la excelente comida y el vino. Tambi\u00e9n se considerar\u00e1 la nutrici\u00f3n org\u00e1nica, vegetariana y vegana, dando prioridad a toda la <strong>dieta mediterr\u00e1nea<\/strong>.<br \/>\nDentro del centro de exposiciones habr\u00e1 salas de degustaci\u00f3n, trattorias, asador, restaurantes y <em>grandes<\/em> <em>restaurantes gourmet<\/em>. Junto a los involucrados en la agroalimentaria, habr\u00e1 espacios comerciales para bodas, deportes y bienestar.<\/p>\n<p>E incluso el tiempo libre tendr\u00e1 un gran espacio, con bolos, cine multiplex, \u00e1rea de concierto y m\u00fasica en vivo, spa, gimnasio.<\/p>\n<\/div>\n<\/div><\/div>\n<\/div>\n<\/div>\n<\/div>\n<\/div>\n<\/div>\n<div id=\"cmsmasters_row_67ryevdg8\" class=\"cmsmasters_row cmsmasters_color_scheme_default blocco-img-mob cmsmasters_row_top_default cmsmasters_row_bot_default cmsmasters_row_boxed\">\n<div class=\"cmsmasters_row_outer_parent\">\n<div class=\"cmsmasters_row_outer\">\n<div class=\"cmsmasters_row_inner\">\n<div class=\"cmsmasters_row_margin\">\n<div id=\"cmsmasters_column_y24u0f36aa\" class=\"cmsmasters_column one_first\">\n<div class=\"cmsmasters_column_inner\"><div class=\"cmsmasters_img  cmsmasters_image_n\"><img src=\"https:\/\/www.lifecityworld.com\/wp-content\/uploads\/2020\/09\/centro1-1.jpg\" \/><\/div>\n<\/div><\/div>\n<\/div>\n<\/div>\n<\/div>\n<\/div>\n<\/div>\n<div id=\"cmsmasters_row_nwd8bu35yq\" class=\"cmsmasters_row cmsmasters_color_scheme_default blocco-titolo-mob cmsmasters_row_top_default cmsmasters_row_bot_default cmsmasters_row_boxed\">\n<div class=\"cmsmasters_row_outer_parent\">\n<div class=\"cmsmasters_row_outer\">\n<div class=\"cmsmasters_row_inner\">\n<div class=\"cmsmasters_row_margin\">\n<div id=\"cmsmasters_column_aje8511zzp\" class=\"cmsmasters_column one_first\">\n<div class=\"cmsmasters_column_inner\"><div class=\"cmsmasters_text fascione\">\n<p><strong>Lista de ofertas<\/strong><\/p>\n<ul style=\"column-count: 2;\">\n<li>Servicio de catering de calidad<\/li>\n<li>Productos t\u00edpicos de Trattoria<\/li>\n<li>Quesos y jamones t\u00edpicos<\/li>\n<li>Productos t\u00edpicos de cada regi\u00f3n<\/li>\n<li>Cata<\/li>\n<li>Degustaci\u00f3n de cervezas artesanales<\/li>\n<li>La mejor pizza<\/li>\n<li>Panader\u00eda<\/li>\n<li>Productos l\u00e1cteos de las explotaciones<\/li>\n<li>Mozzarella producida en el lugar<\/li>\n<li>Comida mediterr\u00e1nea<\/li>\n<li>Comida vegetariana<\/li>\n<li>Nutrici\u00f3n vegana<\/li>\n<li>Asador<\/li>\n<li>Helado y yogur caseros<\/li>\n<li>Confiter\u00eda de boda<\/li>\n<li>Barra VIP<\/li>\n<li>Gran restaurante gourmet<\/li>\n<li>Piano Bar<\/li>\n<li>Centro comercial<\/li>\n<li>Ropa de a.m. para bodas de hombres<\/li>\n<li>Ropa de a.m. para bodas de mujeres<\/li>\n<li>Productos y equipos para la alta cocina y la cocina<\/li>\n<li>Productos de telefon\u00eda<\/li>\n<li>Productos deportivos<\/li>\n<li>Bolos y sala de juegos<\/li>\n<li>Sala de conferencias y sala de entrenamiento<\/li>\n<li>Embalaje y transporte<\/li>\n<li>Cines y espect\u00e1culos<\/li>\n<li>M\u00fasica y catering<\/li>\n<li>Terraza y coktail<\/li>\n<li>Gimnasios<\/li>\n<li>Spa<\/li>\n<li>Piscinas y ba\u00f1eras de hidromasaje<\/li>\n<li>Planeamiento de bodas<\/li>\n<li>Zona del museo<\/li>\n<\/ul>\n<\/div>\n<\/div><\/div>\n<\/div>\n<\/div>\n<\/div>\n<\/div>\n<\/div>\n<div id=\"cmsmasters_row_eptyjkb9w4\" class=\"cmsmasters_row cmsmasters_color_scheme_default blocco-img-mob cmsmasters_row_top_default cmsmasters_row_bot_default cmsmasters_row_boxed\">\n<div class=\"cmsmasters_row_outer_parent\">\n<div class=\"cmsmasters_row_outer\">\n<div class=\"cmsmasters_row_inner\">\n<div class=\"cmsmasters_row_margin\">\n<div id=\"cmsmasters_column_yg0opicbxv\" class=\"cmsmasters_column one_first\">\n<div class=\"cmsmasters_column_inner\"><div class=\"cmsmasters_img  cmsmasters_image_n\"><img src=\"https:\/\/www.lifecityworld.com\/wp-content\/uploads\/2020\/09\/centro2-1.jpg\" \/><\/div>\n<\/div><\/div>\n<\/div>\n<\/div>\n<\/div>\n<\/div>\n<\/div>\n<div id=\"cmsmasters_row_7at4b87hk5\" class=\"cmsmasters_row cmsmasters_color_scheme_default blocco-titolo-img-desk cmsmasters_row_top_default cmsmasters_row_bot_default cmsmasters_row_boxed\">\n<div class=\"cmsmasters_row_outer_parent\">\n<div class=\"cmsmasters_row_outer\">\n<div class=\"cmsmasters_row_inner\">\n<div class=\"cmsmasters_row_margin\">\n<div id=\"cmsmasters_column_bfd7c3ff06\" class=\"cmsmasters_column one_first\">\n<div class=\"cmsmasters_column_inner\"><div id=\"cmsmasters_heading_an7jo7xjvd\" class=\"cmsmasters_heading_wrap cmsmasters_heading_align_center\">\n\t<h1 class=\"cmsmasters_heading\">Centro comercial de exhibici\u00f3n<\/h1>\n<\/div><div class=\"cmsmasters_text\">\n<p><img loading=\"lazy\" class=\"wp-image-15354 size-full alignleft\" style=\"border: 8px solid white; border-radius: 5px;\" src=\"https:\/\/www.lifecityworld.com\/wp-content\/uploads\/2020\/09\/centro1-1.jpg\" alt=\"\" width=\"600\" height=\"400\" srcset=\"https:\/\/www.lifecityworld.com\/wp-content\/uploads\/2020\/09\/centro1-1.jpg 600w, https:\/\/www.lifecityworld.com\/wp-content\/uploads\/2020\/09\/centro1-1-300x200.jpg 300w, https:\/\/www.lifecityworld.com\/wp-content\/uploads\/2020\/09\/centro1-1-580x387.jpg 580w\" sizes=\"(max-width: 600px) 100vw, 600px\" \/><\/p>\n<p>El coraz\u00f3n de cada ciudadela LifeCity ser\u00e1 el gran <strong>centro comercial, expositivo y de ocio<\/strong>, en el que la filosof\u00eda b\u00e1sica de todo el proyecto ser\u00e1 m\u00e1s experimental: el bienestar total, partiendo de la calidad alimentaria de una estrecha vocaci\u00f3n territorial.<br \/>\nEl centro promover\u00e1 y valorar\u00e1 los vinos, los productos l\u00e1cteos, los productos de panader\u00eda, el arte de la pasteler\u00eda y el helado, las materias primas agroalimentarias y las transformaciones en el Km 0, as\u00ed como la excelente comida y el vino. Tambi\u00e9n se considerar\u00e1 la nutrici\u00f3n org\u00e1nica, vegetariana y vegana, dando prioridad a toda la <strong>dieta mediterr\u00e1nea<\/strong>.<br \/>\nDentro del centro de exposiciones habr\u00e1 salas de degustaci\u00f3n, trattorias, asador, restaurantes y <em>grandes<\/em> <em>restaurantes gourmet<\/em>. Junto a los involucrados en la agroalimentaria, habr\u00e1 espacios comerciales para bodas, deportes y bienestar.<\/p>\n<p>E incluso el tiempo libre tendr\u00e1 un gran espacio, con bolos, cine multiplex, \u00e1rea de concierto y m\u00fasica en vivo, spa, gimnasio.<\/p>\n<p>&nbsp;<\/p>\n<\/div>\n<div id=\"cmsmasters_divider_wzmfgzb6p\" class=\"cl\"><\/div>\n<div class=\"cmsmasters_text\">\n<p><img loading=\"lazy\" class=\"wp-image-15355 size-full alignright\" style=\"border: 8px solid white; border-radius: 5px;\" src=\"https:\/\/www.lifecityworld.com\/wp-content\/uploads\/2020\/09\/centro2-1.jpg\" alt=\"\" width=\"600\" height=\"400\" srcset=\"https:\/\/www.lifecityworld.com\/wp-content\/uploads\/2020\/09\/centro2-1.jpg 600w, https:\/\/www.lifecityworld.com\/wp-content\/uploads\/2020\/09\/centro2-1-300x200.jpg 300w, https:\/\/www.lifecityworld.com\/wp-content\/uploads\/2020\/09\/centro2-1-580x387.jpg 580w\" sizes=\"(max-width: 600px) 100vw, 600px\" \/><\/p>\n<p><strong>Lista de ofertas<\/strong><\/p>\n<ul style=\"column-count: 2; padding: 0 10px;\">\n<li>Servicio de catering de calidad<\/li>\n<li>Productos t\u00edpicos de Trattoria<\/li>\n<li>Quesos y jamones t\u00edpicos<\/li>\n<li>Productos t\u00edpicos de cada regi\u00f3n<\/li>\n<li>Cata<\/li>\n<li>Degustaci\u00f3n de cervezas artesanales<\/li>\n<li>La mejor pizza<\/li>\n<li>Panader\u00eda<\/li>\n<li>Productos l\u00e1cteos de las explotaciones<\/li>\n<li>Mozzarella producida en el lugar<\/li>\n<li>Comida mediterr\u00e1nea<\/li>\n<li>Comida vegetariana<\/li>\n<li>Nutrici\u00f3n vegana<\/li>\n<li>Asador<\/li>\n<li>Helado y yogur caseros<\/li>\n<li>Confiter\u00eda de boda<\/li>\n<li>Barra VIP<\/li>\n<li>Gran restaurante gourmet<\/li>\n<li>Piano Bar<\/li>\n<li>Centro comercial<\/li>\n<li>Ropa de a.m. para bodas de hombres<\/li>\n<li>Ropa de a.m. para bodas de mujeres<\/li>\n<li>Productos y equipos para la alta cocina y la cocina<\/li>\n<li>Productos de telefon\u00eda<\/li>\n<li>Productos deportivos<\/li>\n<li>Bolos y sala de juegos<\/li>\n<li>Sala de conferencias y sala de entrenamiento<\/li>\n<li>Embalaje y transporte<\/li>\n<li>Cines y espect\u00e1culos<\/li>\n<li>M\u00fasica y catering<\/li>\n<li>Terraza y coktail<\/li>\n<li>Gimnasios<\/li>\n<li>Spa<\/li>\n<li>Piscinas y ba\u00f1eras de hidromasaje<\/li>\n<li>Planeamiento de bodas<\/li>\n<li>Zona del museo<\/li>\n<\/ul>\n<p>&nbsp;<\/p>\n<\/div>\n<\/div><\/div>\n<\/div>\n<\/div>\n<\/div>\n<\/div>\n<\/div>\n\n","protected":false},"excerpt":{"rendered":"","protected":false},"author":1,"featured_media":0,"parent":0,"menu_order":0,"comment_status":"closed","ping_status":"closed","template":"","meta":[],"yoast_head":"<!-- This site is optimized with the Yoast SEO plugin v15.9.2 - https:\/\/yoast.com\/wordpress\/plugins\/seo\/ -->\n<title>Centro comercial de exhibici\u00f3n - LifeCity World<\/title>\n<meta name=\"robots\" content=\"index, follow, max-snippet:-1, max-image-preview:large, max-video-preview:-1\" \/>\n<link rel=\"canonical\" href=\"https:\/\/www.lifecityworld.com\/es\/centro-comercial-de-exhibicion\/\" \/>\n<meta property=\"og:locale\" content=\"es_ES\" \/>\n<meta property=\"og:type\" content=\"article\" \/>\n<meta property=\"og:title\" content=\"Centro comercial de exhibici\u00f3n - LifeCity World\" \/>\n<meta property=\"og:url\" content=\"https:\/\/www.lifecityworld.com\/es\/centro-comercial-de-exhibicion\/\" \/>\n<meta property=\"og:site_name\" content=\"LifeCity World\" \/>\n<meta property=\"article:modified_time\" content=\"2020-11-05T08:31:55+00:00\" \/>\n<meta property=\"og:image\" content=\"https:\/\/www.lifecityworld.com\/wp-content\/uploads\/2020\/09\/centro1-1.jpg\" \/>\n<meta name=\"twitter:card\" content=\"summary_large_image\" \/>\n<meta name=\"twitter:label1\" content=\"Tiempo de lectura\">\n\t<meta name=\"twitter:data1\" content=\"6 minutos\">\n<script type=\"application\/ld+json\" class=\"yoast-schema-graph\">{\"@context\":\"https:\/\/schema.org\",\"@graph\":[{\"@type\":\"WebSite\",\"@id\":\"https:\/\/www.lifecityworld.com\/#website\",\"url\":\"https:\/\/www.lifecityworld.com\/\",\"name\":\"LifeCity World\",\"description\":\"\",\"potentialAction\":[{\"@type\":\"SearchAction\",\"target\":\"https:\/\/www.lifecityworld.com\/?s={search_term_string}\",\"query-input\":\"required name=search_term_string\"}],\"inLanguage\":\"es\"},{\"@type\":\"ImageObject\",\"@id\":\"https:\/\/www.lifecityworld.com\/es\/centro-comercial-de-exhibicion\/#primaryimage\",\"inLanguage\":\"es\",\"url\":\"https:\/\/www.lifecityworld.com\/wp-content\/uploads\/2020\/09\/centro1-1.jpg\",\"width\":600,\"height\":400},{\"@type\":\"WebPage\",\"@id\":\"https:\/\/www.lifecityworld.com\/es\/centro-comercial-de-exhibicion\/#webpage\",\"url\":\"https:\/\/www.lifecityworld.com\/es\/centro-comercial-de-exhibicion\/\",\"name\":\"Centro comercial de exhibici\\u00f3n - LifeCity World\",\"isPartOf\":{\"@id\":\"https:\/\/www.lifecityworld.com\/#website\"},\"primaryImageOfPage\":{\"@id\":\"https:\/\/www.lifecityworld.com\/es\/centro-comercial-de-exhibicion\/#primaryimage\"},\"datePublished\":\"2020-10-27T18:03:40+00:00\",\"dateModified\":\"2020-11-05T08:31:55+00:00\",\"breadcrumb\":{\"@id\":\"https:\/\/www.lifecityworld.com\/es\/centro-comercial-de-exhibicion\/#breadcrumb\"},\"inLanguage\":\"es\",\"potentialAction\":[{\"@type\":\"ReadAction\",\"target\":[\"https:\/\/www.lifecityworld.com\/es\/centro-comercial-de-exhibicion\/\"]}]},{\"@type\":\"BreadcrumbList\",\"@id\":\"https:\/\/www.lifecityworld.com\/es\/centro-comercial-de-exhibicion\/#breadcrumb\",\"itemListElement\":[{\"@type\":\"ListItem\",\"position\":1,\"item\":{\"@type\":\"WebPage\",\"@id\":\"https:\/\/www.lifecityworld.com\/es\/\",\"url\":\"https:\/\/www.lifecityworld.com\/es\/\",\"name\":\"Home\"}},{\"@type\":\"ListItem\",\"position\":2,\"item\":{\"@type\":\"WebPage\",\"@id\":\"https:\/\/www.lifecityworld.com\/es\/centro-comercial-de-exhibicion\/\",\"url\":\"https:\/\/www.lifecityworld.com\/es\/centro-comercial-de-exhibicion\/\",\"name\":\"Centro comercial de exhibici\\u00f3n\"}}]}]}<\/script>\n<!-- \/ Yoast SEO plugin. -->","_links":{"self":[{"href":"https:\/\/www.lifecityworld.com\/es\/wp-json\/wp\/v2\/pages\/15534"}],"collection":[{"href":"https:\/\/www.lifecityworld.com\/es\/wp-json\/wp\/v2\/pages"}],"about":[{"href":"https:\/\/www.lifecityworld.com\/es\/wp-json\/wp\/v2\/types\/page"}],"author":[{"embeddable":true,"href":"https:\/\/www.lifecityworld.com\/es\/wp-json\/wp\/v2\/users\/1"}],"replies":[{"embeddable":true,"href":"https:\/\/www.lifecityworld.com\/es\/wp-json\/wp\/v2\/comments?post=15534"}],"version-history":[{"count":3,"href":"https:\/\/www.lifecityworld.com\/es\/wp-json\/wp\/v2\/pages\/15534\/revisions"}],"predecessor-version":[{"id":15539,"href":"https:\/\/www.lifecityworld.com\/es\/wp-json\/wp\/v2\/pages\/15534\/revisions\/15539"}],"wp:attachment":[{"href":"https:\/\/www.lifecityworld.com\/es\/wp-json\/wp\/v2\/media?parent=15534"}],"curies":[{"name":"wp","href":"https:\/\/api.w.org\/{rel}","templated":true}]}}