{"id":15619,"date":"2020-10-28T10:41:00","date_gmt":"2020-10-28T09:41:00","guid":{"rendered":"https:\/\/www.lifecityworld.com\/?page_id=15619"},"modified":"2020-11-05T09:32:29","modified_gmt":"2020-11-05T08:32:29","slug":"seguridad","status":"publish","type":"page","link":"https:\/\/www.lifecityworld.com\/es\/seguridad\/","title":{"rendered":"Seguridad"},"content":{"rendered":"<div id=\"cmsmasters_row_scu3dz0k1c\" class=\"cmsmasters_row cmsmasters_color_scheme_default blocco-titolo-mob cmsmasters_row_top_default cmsmasters_row_bot_default cmsmasters_row_boxed\">\n<div class=\"cmsmasters_row_outer_parent\">\n<div class=\"cmsmasters_row_outer\">\n<div class=\"cmsmasters_row_inner\">\n<div class=\"cmsmasters_row_margin\">\n<div id=\"cmsmasters_column_52148c5d6b\" class=\"cmsmasters_column one_first\">\n<div class=\"cmsmasters_column_inner\"><div id=\"cmsmasters_heading_yye56kp65c\" class=\"cmsmasters_heading_wrap cmsmasters_heading_align_center\">\n\t<h1 class=\"cmsmasters_heading\">Seguridad<\/h1>\n<\/div><div class=\"cmsmasters_text fascione\">\n<p style=\"text-align: justify; font-size: 16px; line-height: 26px;\"><span style=\"color: #555;\">La asociaci\u00f3n agroalimentaria y alimentaria de LifeCity est\u00e1 compuesta por empresas comprometidas con la realizaci\u00f3n de procesos de producci\u00f3n que garanticen la m\u00e1xima <strong>transparencia y trazabilidad<\/strong> en el \u00e1mbito de la inocuidad de los alimentos, as\u00ed como la certificaci\u00f3n de los procesos de producci\u00f3n y los circuitos de distribuci\u00f3n de los productos alimenticios y vitivin\u00edcolas ofrecidos. \u2028La producci\u00f3n de alimentos tambi\u00e9n se certificar\u00e1 con la marca de calidad <strong>\u00abTerra Principi Imperiali\u00bb<\/strong>. <\/span><\/p>\n<\/div>\n<\/div><\/div>\n<\/div>\n<\/div>\n<\/div>\n<\/div>\n<\/div>\n<div id=\"cmsmasters_row_ud0o8qqj9q\" class=\"cmsmasters_row cmsmasters_color_scheme_default blocco-img-mob cmsmasters_row_top_default cmsmasters_row_bot_default cmsmasters_row_boxed\">\n<div class=\"cmsmasters_row_outer_parent\">\n<div class=\"cmsmasters_row_outer\">\n<div class=\"cmsmasters_row_inner\">\n<div class=\"cmsmasters_row_margin\">\n<div id=\"cmsmasters_column_y24u0f36aa\" class=\"cmsmasters_column one_first\">\n<div class=\"cmsmasters_column_inner\"><div class=\"cmsmasters_img  cmsmasters_image_n\"><img src=\"https:\/\/www.lifecityworld.com\/wp-content\/uploads\/2020\/09\/sicurezza.jpg\" \/><\/div>\n<\/div><\/div>\n<\/div>\n<\/div>\n<\/div>\n<\/div>\n<\/div>\n<div id=\"cmsmasters_row_1xyrqumzta\" class=\"cmsmasters_row cmsmasters_color_scheme_default blocco-titolo-img-desk cmsmasters_row_top_default cmsmasters_row_bot_default cmsmasters_row_boxed\">\n<div class=\"cmsmasters_row_outer_parent\">\n<div class=\"cmsmasters_row_outer\">\n<div class=\"cmsmasters_row_inner\">\n<div class=\"cmsmasters_row_margin\">\n<div id=\"cmsmasters_column_bfd7c3ff06\" class=\"cmsmasters_column one_first\">\n<div class=\"cmsmasters_column_inner\"><div id=\"cmsmasters_heading_1jiqdjk7rs\" class=\"cmsmasters_heading_wrap cmsmasters_heading_align_center\">\n\t<h1 class=\"cmsmasters_heading\">Seguridad<\/h1>\n<\/div><div class=\"cmsmasters_text\">\n<p style=\"text-align: justify; font-size: 16px; line-height: 26px;\"><span style=\"color: #555;\"><img loading=\"lazy\" class=\"wp-image-15364 size-full alignleft\" style=\"border: 8px solid white; border-radius: 5px;\" src=\"https:\/\/www.lifecityworld.com\/wp-content\/uploads\/2020\/09\/sicurezza.jpg\" alt=\"\" width=\"600\" height=\"400\" srcset=\"https:\/\/www.lifecityworld.com\/wp-content\/uploads\/2020\/09\/sicurezza.jpg 600w, https:\/\/www.lifecityworld.com\/wp-content\/uploads\/2020\/09\/sicurezza-300x200.jpg 300w, https:\/\/www.lifecityworld.com\/wp-content\/uploads\/2020\/09\/sicurezza-580x387.jpg 580w\" sizes=\"(max-width: 600px) 100vw, 600px\" \/><\/span><\/p>\n<p>La asociaci\u00f3n agroalimentaria y alimentaria de LifeCity est\u00e1 compuesta por empresas comprometidas con la realizaci\u00f3n de procesos de producci\u00f3n que garanticen la m\u00e1xima <strong>transparencia y trazabilidad<\/strong> en el \u00e1mbito de la inocuidad de los alimentos, as\u00ed como la certificaci\u00f3n de los procesos de producci\u00f3n y los circuitos de distribuci\u00f3n de los productos alimenticios y vitivin\u00edcolas ofrecidos. \u2028La producci\u00f3n de alimentos tambi\u00e9n se certificar\u00e1 con la marca de calidad <strong>\u00abTerra Principi Imperiali\u00bb<\/strong>.<\/p>\n<\/div>\n<\/div><\/div>\n<\/div>\n<\/div>\n<\/div>\n<\/div>\n<\/div>\n\n","protected":false},"excerpt":{"rendered":"","protected":false},"author":1,"featured_media":0,"parent":0,"menu_order":0,"comment_status":"closed","ping_status":"closed","template":"","meta":[],"yoast_head":"<!-- This site is optimized with the Yoast SEO plugin v15.9.2 - https:\/\/yoast.com\/wordpress\/plugins\/seo\/ -->\n<title>Seguridad - LifeCity World<\/title>\n<meta name=\"robots\" content=\"index, follow, max-snippet:-1, max-image-preview:large, max-video-preview:-1\" \/>\n<link rel=\"canonical\" href=\"https:\/\/www.lifecityworld.com\/es\/seguridad\/\" \/>\n<meta property=\"og:locale\" content=\"es_ES\" \/>\n<meta property=\"og:type\" content=\"article\" \/>\n<meta property=\"og:title\" content=\"Seguridad - LifeCity World\" \/>\n<meta property=\"og:url\" content=\"https:\/\/www.lifecityworld.com\/es\/seguridad\/\" \/>\n<meta property=\"og:site_name\" content=\"LifeCity World\" \/>\n<meta property=\"article:modified_time\" content=\"2020-11-05T08:32:29+00:00\" \/>\n<meta property=\"og:image\" content=\"https:\/\/www.lifecityworld.com\/wp-content\/uploads\/2020\/09\/sicurezza.jpg\" \/>\n<meta name=\"twitter:card\" content=\"summary_large_image\" \/>\n<meta name=\"twitter:label1\" content=\"Tiempo de lectura\">\n\t<meta name=\"twitter:data1\" content=\"2 minutos\">\n<script type=\"application\/ld+json\" class=\"yoast-schema-graph\">{\"@context\":\"https:\/\/schema.org\",\"@graph\":[{\"@type\":\"WebSite\",\"@id\":\"https:\/\/www.lifecityworld.com\/#website\",\"url\":\"https:\/\/www.lifecityworld.com\/\",\"name\":\"LifeCity World\",\"description\":\"\",\"potentialAction\":[{\"@type\":\"SearchAction\",\"target\":\"https:\/\/www.lifecityworld.com\/?s={search_term_string}\",\"query-input\":\"required name=search_term_string\"}],\"inLanguage\":\"es\"},{\"@type\":\"ImageObject\",\"@id\":\"https:\/\/www.lifecityworld.com\/es\/seguridad\/#primaryimage\",\"inLanguage\":\"es\",\"url\":\"https:\/\/www.lifecityworld.com\/wp-content\/uploads\/2020\/09\/sicurezza.jpg\",\"width\":600,\"height\":400},{\"@type\":\"WebPage\",\"@id\":\"https:\/\/www.lifecityworld.com\/es\/seguridad\/#webpage\",\"url\":\"https:\/\/www.lifecityworld.com\/es\/seguridad\/\",\"name\":\"Seguridad - LifeCity World\",\"isPartOf\":{\"@id\":\"https:\/\/www.lifecityworld.com\/#website\"},\"primaryImageOfPage\":{\"@id\":\"https:\/\/www.lifecityworld.com\/es\/seguridad\/#primaryimage\"},\"datePublished\":\"2020-10-28T09:41:00+00:00\",\"dateModified\":\"2020-11-05T08:32:29+00:00\",\"breadcrumb\":{\"@id\":\"https:\/\/www.lifecityworld.com\/es\/seguridad\/#breadcrumb\"},\"inLanguage\":\"es\",\"potentialAction\":[{\"@type\":\"ReadAction\",\"target\":[\"https:\/\/www.lifecityworld.com\/es\/seguridad\/\"]}]},{\"@type\":\"BreadcrumbList\",\"@id\":\"https:\/\/www.lifecityworld.com\/es\/seguridad\/#breadcrumb\",\"itemListElement\":[{\"@type\":\"ListItem\",\"position\":1,\"item\":{\"@type\":\"WebPage\",\"@id\":\"https:\/\/www.lifecityworld.com\/es\/\",\"url\":\"https:\/\/www.lifecityworld.com\/es\/\",\"name\":\"Home\"}},{\"@type\":\"ListItem\",\"position\":2,\"item\":{\"@type\":\"WebPage\",\"@id\":\"https:\/\/www.lifecityworld.com\/es\/seguridad\/\",\"url\":\"https:\/\/www.lifecityworld.com\/es\/seguridad\/\",\"name\":\"Seguridad\"}}]}]}<\/script>\n<!-- \/ Yoast SEO plugin. -->","_links":{"self":[{"href":"https:\/\/www.lifecityworld.com\/es\/wp-json\/wp\/v2\/pages\/15619"}],"collection":[{"href":"https:\/\/www.lifecityworld.com\/es\/wp-json\/wp\/v2\/pages"}],"about":[{"href":"https:\/\/www.lifecityworld.com\/es\/wp-json\/wp\/v2\/types\/page"}],"author":[{"embeddable":true,"href":"https:\/\/www.lifecityworld.com\/es\/wp-json\/wp\/v2\/users\/1"}],"replies":[{"embeddable":true,"href":"https:\/\/www.lifecityworld.com\/es\/wp-json\/wp\/v2\/comments?post=15619"}],"version-history":[{"count":2,"href":"https:\/\/www.lifecityworld.com\/es\/wp-json\/wp\/v2\/pages\/15619\/revisions"}],"predecessor-version":[{"id":15627,"href":"https:\/\/www.lifecityworld.com\/es\/wp-json\/wp\/v2\/pages\/15619\/revisions\/15627"}],"wp:attachment":[{"href":"https:\/\/www.lifecityworld.com\/es\/wp-json\/wp\/v2\/media?parent=15619"}],"curies":[{"name":"wp","href":"https:\/\/api.w.org\/{rel}","templated":true}]}}