{"id":15641,"date":"2020-10-28T11:08:40","date_gmt":"2020-10-28T10:08:40","guid":{"rendered":"https:\/\/www.lifecityworld.com\/?page_id=15641"},"modified":"2021-01-18T12:38:02","modified_gmt":"2021-01-18T11:38:02","slug":"responsabilidad","status":"publish","type":"page","link":"https:\/\/www.lifecityworld.com\/es\/responsabilidad\/","title":{"rendered":"Responsabilidad"},"content":{"rendered":"<div id=\"cmsmasters_row_5c29kcsdcq\" class=\"cmsmasters_row cmsmasters_color_scheme_default blocco-titolo-mob cmsmasters_row_top_default cmsmasters_row_bot_default cmsmasters_row_boxed\">\n<div class=\"cmsmasters_row_outer_parent\">\n<div class=\"cmsmasters_row_outer\">\n<div class=\"cmsmasters_row_inner\">\n<div class=\"cmsmasters_row_margin\">\n<div id=\"cmsmasters_column_52148c5d6b\" class=\"cmsmasters_column one_first\">\n<div class=\"cmsmasters_column_inner\"><div id=\"cmsmasters_heading_itjp2jdgxl\" class=\"cmsmasters_heading_wrap cmsmasters_heading_align_center\">\n\t<h1 class=\"cmsmasters_heading\">Responsabilidad<\/h1>\n<\/div><div class=\"cmsmasters_text fascione\">\n<p style=\"text-align: justify; font-size: 16px; line-height: 26px;\"><span style=\"color: #555;\">Los socios cuentan con el apoyo de la gesti\u00f3n de LifeCity durante todo el proceso de desarrollo comercial, con referencia tanto a la implementaci\u00f3n de la log\u00edstica como al posicionamiento de los productos\/servicios ofrecidos. El proceso de producci\u00f3n de los socios, como cualquier otro sistema conectado a \u00e9l, ser\u00e1 procesado y producido en un entorno <em><strong>blockchain<\/strong><\/em>, visible y rastreable. El sistema se mover\u00e1 de acuerdo con rutas automatizadas, verificables y verificables en cada paso tambi\u00e9n por <strong>aplicaciones<\/strong>, respetando la privacidad. Figuras profesionales especialmente entrenadas garantizar\u00e1n el correcto funcionamiento del sistema.<\/span><\/p>\n<\/div>\n<\/div><\/div>\n<\/div>\n<\/div>\n<\/div>\n<\/div>\n<\/div>\n<div id=\"cmsmasters_row_5clibchq3c\" class=\"cmsmasters_row cmsmasters_color_scheme_default blocco-img-mob cmsmasters_row_top_default cmsmasters_row_bot_default cmsmasters_row_boxed\">\n<div class=\"cmsmasters_row_outer_parent\">\n<div class=\"cmsmasters_row_outer\">\n<div class=\"cmsmasters_row_inner\">\n<div class=\"cmsmasters_row_margin\">\n<div id=\"cmsmasters_column_y24u0f36aa\" class=\"cmsmasters_column one_first\">\n<div class=\"cmsmasters_column_inner\"><div class=\"cmsmasters_img  cmsmasters_image_n\"><img src=\"https:\/\/www.lifecityworld.com\/wp-content\/uploads\/2020\/09\/app.jpg\" \/><\/div>\n<\/div><\/div>\n<\/div>\n<\/div>\n<\/div>\n<\/div>\n<\/div>\n<div id=\"cmsmasters_row_v9snw57rjp\" class=\"cmsmasters_row cmsmasters_color_scheme_default blocco-titolo-img-desk cmsmasters_row_top_default cmsmasters_row_bot_default cmsmasters_row_boxed\">\n<div class=\"cmsmasters_row_outer_parent\">\n<div class=\"cmsmasters_row_outer\">\n<div class=\"cmsmasters_row_inner\">\n<div class=\"cmsmasters_row_margin\">\n<div id=\"cmsmasters_column_bfd7c3ff06\" class=\"cmsmasters_column one_first\">\n<div class=\"cmsmasters_column_inner\"><div id=\"cmsmasters_heading_k78g1g3r0o\" class=\"cmsmasters_heading_wrap cmsmasters_heading_align_center\">\n\t<h1 class=\"cmsmasters_heading\">Responsabilidad<\/h1>\n<\/div><div class=\"cmsmasters_text\">\n<p style=\"text-align: justify; font-size: 16px; line-height: 26px;\"><span style=\"color: #555;\"><img loading=\"lazy\" class=\"wp-image-15368 size-full alignleft\" style=\"border: 8px solid white; border-radius: 5px;\" src=\"https:\/\/www.lifecityworld.com\/wp-content\/uploads\/2020\/09\/app.jpg\" alt=\"\" width=\"600\" height=\"400\" srcset=\"https:\/\/www.lifecityworld.com\/wp-content\/uploads\/2020\/09\/app.jpg 600w, https:\/\/www.lifecityworld.com\/wp-content\/uploads\/2020\/09\/app-300x200.jpg 300w, https:\/\/www.lifecityworld.com\/wp-content\/uploads\/2020\/09\/app-580x387.jpg 580w\" sizes=\"(max-width: 600px) 100vw, 600px\" \/><\/span><\/p>\n<p>Los socios cuentan con el apoyo de la gesti\u00f3n de LifeCity durante todo el proceso de desarrollo comercial, con referencia tanto a la implementaci\u00f3n de la log\u00edstica como al posicionamiento de los productos\/servicios ofrecidos. El proceso de producci\u00f3n de los socios, como cualquier otro sistema conectado a \u00e9l, ser\u00e1 procesado y producido en un entorno <em><strong>blockchain<\/strong><\/em>, visible y rastreable. El sistema se mover\u00e1 de acuerdo con rutas automatizadas, verificables y verificables en cada paso tambi\u00e9n por <strong>aplicaciones<\/strong>, respetando la privacidad. Figuras profesionales especialmente entrenadas garantizar\u00e1n el correcto funcionamiento del sistema.<\/p>\n<\/div>\n<\/div><\/div>\n<\/div>\n<\/div>\n<\/div>\n<\/div>\n<\/div>\n\n","protected":false},"excerpt":{"rendered":"","protected":false},"author":1,"featured_media":0,"parent":0,"menu_order":0,"comment_status":"closed","ping_status":"closed","template":"","meta":[],"yoast_head":"<!-- This site is optimized with the Yoast SEO plugin v15.9.2 - https:\/\/yoast.com\/wordpress\/plugins\/seo\/ -->\n<title>Responsabilidad - LifeCity World<\/title>\n<meta name=\"robots\" content=\"index, follow, max-snippet:-1, max-image-preview:large, max-video-preview:-1\" \/>\n<link rel=\"canonical\" href=\"https:\/\/www.lifecityworld.com\/es\/responsabilidad\/\" \/>\n<meta property=\"og:locale\" content=\"es_ES\" \/>\n<meta property=\"og:type\" content=\"article\" \/>\n<meta property=\"og:title\" content=\"Responsabilidad - LifeCity World\" \/>\n<meta property=\"og:url\" content=\"https:\/\/www.lifecityworld.com\/es\/responsabilidad\/\" \/>\n<meta property=\"og:site_name\" content=\"LifeCity World\" \/>\n<meta property=\"article:modified_time\" content=\"2021-01-18T11:38:02+00:00\" \/>\n<meta property=\"og:image\" content=\"https:\/\/www.lifecityworld.com\/wp-content\/uploads\/2020\/09\/app.jpg\" \/>\n<meta name=\"twitter:card\" content=\"summary_large_image\" \/>\n<meta name=\"twitter:label1\" content=\"Tiempo de lectura\">\n\t<meta name=\"twitter:data1\" content=\"3 minutos\">\n<script type=\"application\/ld+json\" class=\"yoast-schema-graph\">{\"@context\":\"https:\/\/schema.org\",\"@graph\":[{\"@type\":\"WebSite\",\"@id\":\"https:\/\/www.lifecityworld.com\/#website\",\"url\":\"https:\/\/www.lifecityworld.com\/\",\"name\":\"LifeCity World\",\"description\":\"\",\"potentialAction\":[{\"@type\":\"SearchAction\",\"target\":\"https:\/\/www.lifecityworld.com\/?s={search_term_string}\",\"query-input\":\"required name=search_term_string\"}],\"inLanguage\":\"es\"},{\"@type\":\"ImageObject\",\"@id\":\"https:\/\/www.lifecityworld.com\/es\/responsabilidad\/#primaryimage\",\"inLanguage\":\"es\",\"url\":\"https:\/\/www.lifecityworld.com\/wp-content\/uploads\/2020\/09\/app.jpg\",\"width\":600,\"height\":400},{\"@type\":\"WebPage\",\"@id\":\"https:\/\/www.lifecityworld.com\/es\/responsabilidad\/#webpage\",\"url\":\"https:\/\/www.lifecityworld.com\/es\/responsabilidad\/\",\"name\":\"Responsabilidad - LifeCity World\",\"isPartOf\":{\"@id\":\"https:\/\/www.lifecityworld.com\/#website\"},\"primaryImageOfPage\":{\"@id\":\"https:\/\/www.lifecityworld.com\/es\/responsabilidad\/#primaryimage\"},\"datePublished\":\"2020-10-28T10:08:40+00:00\",\"dateModified\":\"2021-01-18T11:38:02+00:00\",\"breadcrumb\":{\"@id\":\"https:\/\/www.lifecityworld.com\/es\/responsabilidad\/#breadcrumb\"},\"inLanguage\":\"es\",\"potentialAction\":[{\"@type\":\"ReadAction\",\"target\":[\"https:\/\/www.lifecityworld.com\/es\/responsabilidad\/\"]}]},{\"@type\":\"BreadcrumbList\",\"@id\":\"https:\/\/www.lifecityworld.com\/es\/responsabilidad\/#breadcrumb\",\"itemListElement\":[{\"@type\":\"ListItem\",\"position\":1,\"item\":{\"@type\":\"WebPage\",\"@id\":\"https:\/\/www.lifecityworld.com\/es\/\",\"url\":\"https:\/\/www.lifecityworld.com\/es\/\",\"name\":\"Home\"}},{\"@type\":\"ListItem\",\"position\":2,\"item\":{\"@type\":\"WebPage\",\"@id\":\"https:\/\/www.lifecityworld.com\/es\/responsabilidad\/\",\"url\":\"https:\/\/www.lifecityworld.com\/es\/responsabilidad\/\",\"name\":\"Responsabilidad\"}}]}]}<\/script>\n<!-- \/ Yoast SEO plugin. -->","_links":{"self":[{"href":"https:\/\/www.lifecityworld.com\/es\/wp-json\/wp\/v2\/pages\/15641"}],"collection":[{"href":"https:\/\/www.lifecityworld.com\/es\/wp-json\/wp\/v2\/pages"}],"about":[{"href":"https:\/\/www.lifecityworld.com\/es\/wp-json\/wp\/v2\/types\/page"}],"author":[{"embeddable":true,"href":"https:\/\/www.lifecityworld.com\/es\/wp-json\/wp\/v2\/users\/1"}],"replies":[{"embeddable":true,"href":"https:\/\/www.lifecityworld.com\/es\/wp-json\/wp\/v2\/comments?post=15641"}],"version-history":[{"count":2,"href":"https:\/\/www.lifecityworld.com\/es\/wp-json\/wp\/v2\/pages\/15641\/revisions"}],"predecessor-version":[{"id":15644,"href":"https:\/\/www.lifecityworld.com\/es\/wp-json\/wp\/v2\/pages\/15641\/revisions\/15644"}],"wp:attachment":[{"href":"https:\/\/www.lifecityworld.com\/es\/wp-json\/wp\/v2\/media?parent=15641"}],"curies":[{"name":"wp","href":"https:\/\/api.w.org\/{rel}","templated":true}]}}