{"id":15650,"date":"2020-10-28T11:18:31","date_gmt":"2020-10-28T10:18:31","guid":{"rendered":"https:\/\/www.lifecityworld.com\/?page_id=15650"},"modified":"2020-10-28T18:41:25","modified_gmt":"2020-10-28T17:41:25","slug":"el-disenador","status":"publish","type":"page","link":"https:\/\/www.lifecityworld.com\/es\/el-disenador\/","title":{"rendered":"El Dise\u00f1ador"},"content":{"rendered":"<div id=\"cmsmasters_row_jqla23as34\" class=\"cmsmasters_row cmsmasters_color_scheme_default blocco-titolo-mob cmsmasters_row_top_default cmsmasters_row_bot_default cmsmasters_row_boxed\">\n<div class=\"cmsmasters_row_outer_parent\">\n<div class=\"cmsmasters_row_outer\">\n<div class=\"cmsmasters_row_inner\">\n<div class=\"cmsmasters_row_margin\">\n<div id=\"cmsmasters_column_52148c5d6b\" class=\"cmsmasters_column one_first\">\n<div class=\"cmsmasters_column_inner\"><div id=\"cmsmasters_heading_hxxyfcgsln\" class=\"cmsmasters_heading_wrap cmsmasters_heading_align_center\">\n\t<h1 class=\"cmsmasters_heading\">El Dise\u00f1ador<\/h1>\n<\/div><div class=\"cmsmasters_text fascione\">\n<p style=\"text-align: justify; font-size: 16px; line-height: 26px;\"><span style=\"color: #555;\">LifeCity World es un proyecto firmado por Ing.<strong>\u00a0Santo Masilla<\/strong>.<br \/>\nEgresado del Polit\u00e9cnico de Tur\u00edn en 1985, Masilla ocup\u00f3 numerosos cargos de gesti\u00f3n p\u00fablica en varias oficinas municipales, completando numerosas obras p\u00fablicas, desde la idea de dise\u00f1o hasta el suministro de los recursos financieros necesarios. En 1999 fue el primero en Italia en adoptar el sistema de <strong>Financiaci\u00f3n de Proyectos<\/strong> en obras p\u00fablicas, lo que permiti\u00f3 a varios municipios dotarse de importantes obras para la comunidad, tambi\u00e9n merece la atenci\u00f3n del peri\u00f3dico econ\u00f3mico <strong><em>Il Sole 24 Ore<\/em><\/strong>. \u2028Masilla tambi\u00e9n ha realizado varias obras p\u00fablicas importantes en el \u00e1mbito de las energ\u00edas renovables. Es <strong>autor de patentes<\/strong> para la explotaci\u00f3n de los recursos naturales, \u00fatiles para producir electricidad a partir de fuentes renovables las 24 horas del d\u00eda.<\/span><\/p>\n<\/div>\n<\/div><\/div>\n<\/div>\n<\/div>\n<\/div>\n<\/div>\n<\/div>\n<div id=\"cmsmasters_row_293fnlffu\" class=\"cmsmasters_row cmsmasters_color_scheme_default blocco-img-mob cmsmasters_row_top_default cmsmasters_row_bot_default cmsmasters_row_boxed\">\n<div class=\"cmsmasters_row_outer_parent\">\n<div class=\"cmsmasters_row_outer\">\n<div class=\"cmsmasters_row_inner\">\n<div class=\"cmsmasters_row_margin\">\n<div id=\"cmsmasters_column_y24u0f36aa\" class=\"cmsmasters_column one_first\">\n<div class=\"cmsmasters_column_inner\"><div class=\"cmsmasters_img  cmsmasters_image_n\"><img src=\"https:\/\/www.lifecityworld.com\/wp-content\/uploads\/2020\/10\/creador.jpg\" \/><\/div>\n<\/div><\/div>\n<\/div>\n<\/div>\n<\/div>\n<\/div>\n<\/div>\n<div id=\"cmsmasters_row_zw7hy2usns\" class=\"cmsmasters_row cmsmasters_color_scheme_default blocco-titolo-img-desk cmsmasters_row_top_default cmsmasters_row_bot_default cmsmasters_row_boxed\">\n<div class=\"cmsmasters_row_outer_parent\">\n<div class=\"cmsmasters_row_outer\">\n<div class=\"cmsmasters_row_inner\">\n<div class=\"cmsmasters_row_margin\">\n<div id=\"cmsmasters_column_bfd7c3ff06\" class=\"cmsmasters_column one_first\">\n<div class=\"cmsmasters_column_inner\"><div id=\"cmsmasters_heading_0v1ytshdqg\" class=\"cmsmasters_heading_wrap cmsmasters_heading_align_center\">\n\t<h1 class=\"cmsmasters_heading\">El Dise\u00f1ador<\/h1>\n<\/div><div class=\"cmsmasters_text\">\n<p style=\"text-align: justify; font-size: 16px; line-height: 26px;\"><span style=\"color: #555;\"><img loading=\"lazy\" class=\"wp-image-15658 size-full alignleft\" style=\"border: 8px solid white; border-radius: 5px;\" src=\"https:\/\/www.lifecityworld.com\/wp-content\/uploads\/2020\/10\/creador.jpg\" alt=\"\" width=\"600\" height=\"400\" srcset=\"https:\/\/www.lifecityworld.com\/wp-content\/uploads\/2020\/10\/creador.jpg 600w, https:\/\/www.lifecityworld.com\/wp-content\/uploads\/2020\/10\/creador-300x200.jpg 300w, https:\/\/www.lifecityworld.com\/wp-content\/uploads\/2020\/10\/creador-580x387.jpg 580w\" sizes=\"(max-width: 600px) 100vw, 600px\" \/><\/span><\/p>\n<p>LifeCity World es un proyecto firmado por Ing.<strong> Santo Masilla<\/strong>.<br \/>\nEgresado del Polit\u00e9cnico de Tur\u00edn en 1985, Masilla ocup\u00f3 numerosos cargos de gesti\u00f3n p\u00fablica en varias oficinas municipales, completando numerosas obras p\u00fablicas, desde la idea de dise\u00f1o hasta el suministro de los recursos financieros necesarios. En 1999 fue el primero en Italia en adoptar el sistema de <strong>Financiaci\u00f3n de Proyectos<\/strong> en obras p\u00fablicas, lo que permiti\u00f3 a varios municipios dotarse de importantes obras para la comunidad, tambi\u00e9n merece la atenci\u00f3n del peri\u00f3dico econ\u00f3mico <strong><em>Il Sole 24 Ore<\/em><\/strong>. \u2028Masilla tambi\u00e9n ha realizado varias obras p\u00fablicas importantes en el \u00e1mbito de las energ\u00edas renovables. Es <strong>autor de patentes<\/strong> para la explotaci\u00f3n de los recursos naturales, \u00fatiles para producir electricidad a partir de fuentes renovables las 24 horas del d\u00eda.<\/p>\n<\/div>\n<\/div><\/div>\n<\/div>\n<\/div>\n<\/div>\n<\/div>\n<\/div>\n\n","protected":false},"excerpt":{"rendered":"","protected":false},"author":1,"featured_media":0,"parent":0,"menu_order":0,"comment_status":"closed","ping_status":"closed","template":"","meta":[],"yoast_head":"<!-- This site is optimized with the Yoast SEO plugin v15.9.2 - https:\/\/yoast.com\/wordpress\/plugins\/seo\/ -->\n<title>El Dise\u00f1ador - LifeCity World<\/title>\n<meta name=\"robots\" content=\"index, follow, max-snippet:-1, max-image-preview:large, max-video-preview:-1\" \/>\n<link rel=\"canonical\" href=\"https:\/\/www.lifecityworld.com\/es\/el-disenador\/\" \/>\n<meta property=\"og:locale\" content=\"es_ES\" \/>\n<meta property=\"og:type\" content=\"article\" \/>\n<meta property=\"og:title\" content=\"El Dise\u00f1ador - LifeCity World\" \/>\n<meta property=\"og:url\" content=\"https:\/\/www.lifecityworld.com\/es\/el-disenador\/\" \/>\n<meta property=\"og:site_name\" content=\"LifeCity World\" \/>\n<meta property=\"article:modified_time\" content=\"2020-10-28T17:41:25+00:00\" \/>\n<meta property=\"og:image\" content=\"https:\/\/www.lifecityworld.com\/wp-content\/uploads\/2020\/10\/creador.jpg\" \/>\n<meta name=\"twitter:card\" content=\"summary_large_image\" \/>\n<meta name=\"twitter:label1\" content=\"Tiempo de lectura\">\n\t<meta name=\"twitter:data1\" content=\"3 minutos\">\n<script type=\"application\/ld+json\" class=\"yoast-schema-graph\">{\"@context\":\"https:\/\/schema.org\",\"@graph\":[{\"@type\":\"WebSite\",\"@id\":\"https:\/\/www.lifecityworld.com\/#website\",\"url\":\"https:\/\/www.lifecityworld.com\/\",\"name\":\"LifeCity World\",\"description\":\"\",\"potentialAction\":[{\"@type\":\"SearchAction\",\"target\":\"https:\/\/www.lifecityworld.com\/?s={search_term_string}\",\"query-input\":\"required name=search_term_string\"}],\"inLanguage\":\"es\"},{\"@type\":\"ImageObject\",\"@id\":\"https:\/\/www.lifecityworld.com\/es\/el-disenador\/#primaryimage\",\"inLanguage\":\"es\",\"url\":\"https:\/\/www.lifecityworld.com\/wp-content\/uploads\/2020\/10\/creador.jpg\",\"width\":600,\"height\":400},{\"@type\":\"WebPage\",\"@id\":\"https:\/\/www.lifecityworld.com\/es\/el-disenador\/#webpage\",\"url\":\"https:\/\/www.lifecityworld.com\/es\/el-disenador\/\",\"name\":\"El Dise\\u00f1ador - LifeCity World\",\"isPartOf\":{\"@id\":\"https:\/\/www.lifecityworld.com\/#website\"},\"primaryImageOfPage\":{\"@id\":\"https:\/\/www.lifecityworld.com\/es\/el-disenador\/#primaryimage\"},\"datePublished\":\"2020-10-28T10:18:31+00:00\",\"dateModified\":\"2020-10-28T17:41:25+00:00\",\"breadcrumb\":{\"@id\":\"https:\/\/www.lifecityworld.com\/es\/el-disenador\/#breadcrumb\"},\"inLanguage\":\"es\",\"potentialAction\":[{\"@type\":\"ReadAction\",\"target\":[\"https:\/\/www.lifecityworld.com\/es\/el-disenador\/\"]}]},{\"@type\":\"BreadcrumbList\",\"@id\":\"https:\/\/www.lifecityworld.com\/es\/el-disenador\/#breadcrumb\",\"itemListElement\":[{\"@type\":\"ListItem\",\"position\":1,\"item\":{\"@type\":\"WebPage\",\"@id\":\"https:\/\/www.lifecityworld.com\/es\/\",\"url\":\"https:\/\/www.lifecityworld.com\/es\/\",\"name\":\"Home\"}},{\"@type\":\"ListItem\",\"position\":2,\"item\":{\"@type\":\"WebPage\",\"@id\":\"https:\/\/www.lifecityworld.com\/es\/el-disenador\/\",\"url\":\"https:\/\/www.lifecityworld.com\/es\/el-disenador\/\",\"name\":\"El Dise\\u00f1ador\"}}]}]}<\/script>\n<!-- \/ Yoast SEO plugin. -->","_links":{"self":[{"href":"https:\/\/www.lifecityworld.com\/es\/wp-json\/wp\/v2\/pages\/15650"}],"collection":[{"href":"https:\/\/www.lifecityworld.com\/es\/wp-json\/wp\/v2\/pages"}],"about":[{"href":"https:\/\/www.lifecityworld.com\/es\/wp-json\/wp\/v2\/types\/page"}],"author":[{"embeddable":true,"href":"https:\/\/www.lifecityworld.com\/es\/wp-json\/wp\/v2\/users\/1"}],"replies":[{"embeddable":true,"href":"https:\/\/www.lifecityworld.com\/es\/wp-json\/wp\/v2\/comments?post=15650"}],"version-history":[{"count":4,"href":"https:\/\/www.lifecityworld.com\/es\/wp-json\/wp\/v2\/pages\/15650\/revisions"}],"predecessor-version":[{"id":15915,"href":"https:\/\/www.lifecityworld.com\/es\/wp-json\/wp\/v2\/pages\/15650\/revisions\/15915"}],"wp:attachment":[{"href":"https:\/\/www.lifecityworld.com\/es\/wp-json\/wp\/v2\/media?parent=15650"}],"curies":[{"name":"wp","href":"https:\/\/api.w.org\/{rel}","templated":true}]}}