{"id":15678,"date":"2020-10-28T12:08:48","date_gmt":"2020-10-28T11:08:48","guid":{"rendered":"https:\/\/www.lifecityworld.com\/?page_id=15678"},"modified":"2020-10-28T18:55:42","modified_gmt":"2020-10-28T17:55:42","slug":"terra-dei-principi-imperiali","status":"publish","type":"page","link":"https:\/\/www.lifecityworld.com\/es\/terra-dei-principi-imperiali\/","title":{"rendered":"Terra dei Principi Imperiali"},"content":{"rendered":"<div id=\"cmsmasters_row_a45tsg5ytl\" class=\"cmsmasters_row cmsmasters_color_scheme_default blocco-titolo-mob cmsmasters_row_top_default cmsmasters_row_bot_default cmsmasters_row_boxed\">\n<div class=\"cmsmasters_row_outer_parent\">\n<div class=\"cmsmasters_row_outer\">\n<div class=\"cmsmasters_row_inner\">\n<div class=\"cmsmasters_row_margin\">\n<div id=\"cmsmasters_column_52148c5d6b\" class=\"cmsmasters_column one_first\">\n<div class=\"cmsmasters_column_inner\"><div id=\"cmsmasters_heading_cev8zyc35k\" class=\"cmsmasters_heading_wrap cmsmasters_heading_align_center\">\n\t<h1 class=\"cmsmasters_heading\">Terra dei Principi Imperiali<\/h1>\n<\/div><div class=\"cmsmasters_text fascione\">\n<p>LifeCity se ha asociado con el Consorcio \u00abTerra dei Principi Imperiali\u00bb, para <strong>promover la excelencia agroalimentario y productos alimenticios y vitivin\u00edcolas<\/strong> del territorio hom\u00f3nimo, correspondientes a una zona particularmente adecuada, situada en el sureste de Italia, en la provincia de Brindisi.<\/p>\n<p>Los productos ser\u00e1n certificados con la Marca de Calidad <strong>\u00abTerra dei Principi Imperiali\u00bb<\/strong>, promovida por el consorcio con el objetivo de defender y potenciar estas producciones, tambi\u00e9n a nivel internacional, garantizando calidad y excelencia para el consumidor, en cumplimiento de protocolos especiales presentados ante el Ministerio de Desarrollo Econ\u00f3mico.<\/p>\n<\/div>\n<\/div><\/div>\n<\/div>\n<\/div>\n<\/div>\n<\/div>\n<\/div>\n<div id=\"cmsmasters_row_mzw38x7wcp\" class=\"cmsmasters_row cmsmasters_color_scheme_default blocco-img-mob cmsmasters_row_top_default cmsmasters_row_bot_default cmsmasters_row_boxed\">\n<div class=\"cmsmasters_row_outer_parent\">\n<div class=\"cmsmasters_row_outer\">\n<div class=\"cmsmasters_row_inner\">\n<div class=\"cmsmasters_row_margin\">\n<div id=\"cmsmasters_column_y24u0f36aa\" class=\"cmsmasters_column one_first\">\n<div class=\"cmsmasters_column_inner\"><div class=\"cmsmasters_img  cmsmasters_image_n\"><img src=\"https:\/\/www.lifecityworld.com\/wp-content\/uploads\/2020\/09\/terra-dei-principi.jpg\" \/><\/div>\n<\/div><\/div>\n<\/div>\n<\/div>\n<\/div>\n<\/div>\n<\/div>\n<div id=\"cmsmasters_row_0in944j3pg\" class=\"cmsmasters_row cmsmasters_color_scheme_default blocco-titolo-mob cmsmasters_row_top_default cmsmasters_row_bot_default cmsmasters_row_boxed\">\n<div class=\"cmsmasters_row_outer_parent\">\n<div class=\"cmsmasters_row_outer\">\n<div class=\"cmsmasters_row_inner\">\n<div class=\"cmsmasters_row_margin\">\n<div id=\"cmsmasters_column_aje8511zzp\" class=\"cmsmasters_column one_first\">\n<div class=\"cmsmasters_column_inner\"><div class=\"cmsmasters_text fascione\">\n<p>El l\u00edder del proyecto es el Dr. <strong>Francesco Fullone<\/strong>, gerente de negocios y director general de la Academia Imperial. Desde hace algunos a\u00f1os la Academia lleva adelante un proyecto para promover la <strong>dieta mediterr\u00e1nea<\/strong>, que dio sus primeros pasos en la d\u00e9cada de 1700 desde Oria (provincia de Brindisi), con el gran cocinero Vincenzo Corrado. \u2028En el Consejo Acad\u00e9mico, con sede en Roma, como Secretario General Adjunto, Dr. <strong>Pasquale Maroni<\/strong>, directora ejecutiva s\u00e9nior experta en la gesti\u00f3n de una Unidad de Negocio de TI y servicios profesionales, con responsabilidad directa en ventas y marketing, desarrollo de productos y servicios profesionales asociados.<\/p>\n<p>Todo este dise\u00f1o y la profesionalidad asociada a \u00e9l estar\u00e1n al servicio del desarrollo del plan maestro LifeCity. El modelo de negocio se basar\u00e1 en la propuesta agroalimentaria y alimentaria y vin\u00edcola de excelencia italiana, favoreciendo productos en Km0 y ecol\u00f3gicos, tanto con venta como degustaci\u00f3n directas y dentro de cursos profesionales de formaci\u00f3n de alta cocina, impartidos por chefs con estrella Michelin. En los proyectos no europeos, el proyecto complementar\u00e1 la reinterpretaci\u00f3n y mejora de los productos y recetas locales.<\/p>\n<\/div>\n<\/div><\/div>\n<\/div>\n<\/div>\n<\/div>\n<\/div>\n<\/div>\n<div id=\"cmsmasters_row_ezawphqv7\" class=\"cmsmasters_row cmsmasters_color_scheme_default blocco-img-mob cmsmasters_row_top_default cmsmasters_row_bot_default cmsmasters_row_boxed\">\n<div class=\"cmsmasters_row_outer_parent\">\n<div class=\"cmsmasters_row_outer\">\n<div class=\"cmsmasters_row_inner\">\n<div class=\"cmsmasters_row_margin\">\n<div id=\"cmsmasters_column_c7e65rm7vj\" class=\"cmsmasters_column one_first\">\n<div class=\"cmsmasters_column_inner\"><div class=\"cmsmasters_img  cmsmasters_image_n\"><img src=\"https:\/\/www.lifecityworld.com\/wp-content\/uploads\/2020\/10\/terra-dei-principi.jpg\" \/><\/div>\n<\/div><\/div>\n<\/div>\n<\/div>\n<\/div>\n<\/div>\n<\/div>\n<div id=\"cmsmasters_row_6a8gs8clb\" class=\"cmsmasters_row cmsmasters_color_scheme_default blocco-titolo-img-desk cmsmasters_row_top_default cmsmasters_row_bot_default cmsmasters_row_boxed\">\n<div class=\"cmsmasters_row_outer_parent\">\n<div class=\"cmsmasters_row_outer\">\n<div class=\"cmsmasters_row_inner\">\n<div class=\"cmsmasters_row_margin\">\n<div id=\"cmsmasters_column_bfd7c3ff06\" class=\"cmsmasters_column one_first\">\n<div class=\"cmsmasters_column_inner\"><div id=\"cmsmasters_heading_5ql9jygg96\" class=\"cmsmasters_heading_wrap cmsmasters_heading_align_center\">\n\t<h1 class=\"cmsmasters_heading\">Terra dei Principi Imperiali<\/h1>\n<\/div><div class=\"cmsmasters_text\">\n<p><img loading=\"lazy\" class=\"wp-image-15680 size-full alignleft\" style=\"border: 8px solid white; border-radius: 5px;\" src=\"https:\/\/www.lifecityworld.com\/wp-content\/uploads\/2020\/09\/terra-dei-principi.jpg\" alt=\"\" width=\"600\" height=\"400\" srcset=\"https:\/\/www.lifecityworld.com\/wp-content\/uploads\/2020\/09\/terra-dei-principi.jpg 600w, https:\/\/www.lifecityworld.com\/wp-content\/uploads\/2020\/09\/terra-dei-principi-300x200.jpg 300w, https:\/\/www.lifecityworld.com\/wp-content\/uploads\/2020\/09\/terra-dei-principi-580x387.jpg 580w\" sizes=\"(max-width: 600px) 100vw, 600px\" \/><\/p>\n<p>LifeCity se ha asociado con el Consorcio \u00abTerra dei Principi Imperiali\u00bb, para <strong>promover la excelencia agroalimentario y productos alimenticios y vitivin\u00edcolas<\/strong> del territorio hom\u00f3nimo, correspondientes a una zona particularmente adecuada, situada en el sureste de Italia, en la provincia de Brindisi.<\/p>\n<p>Los productos ser\u00e1n certificados con la Marca de Calidad <strong>\u00abTerra dei Principi Imperiali\u00bb<\/strong>, promovida por el consorcio con el objetivo de defender y potenciar estas producciones, tambi\u00e9n a nivel internacional, garantizando calidad y excelencia para el consumidor, en cumplimiento de protocolos especiales presentados ante el Ministerio de Desarrollo Econ\u00f3mico.<\/p>\n<p>&nbsp;<\/p>\n<\/div>\n<div id=\"cmsmasters_divider_etsv5r0ssp\" class=\"cl\"><\/div>\n<div class=\"cmsmasters_text\">\n<p><img loading=\"lazy\" class=\"wp-image-15691 size-full alignright\" style=\"border: 8px solid white; border-radius: 5px;\" src=\"https:\/\/www.lifecityworld.com\/wp-content\/uploads\/2020\/10\/terra-dei-principi.jpg\" alt=\"\" width=\"600\" height=\"400\" srcset=\"https:\/\/www.lifecityworld.com\/wp-content\/uploads\/2020\/10\/terra-dei-principi.jpg 600w, https:\/\/www.lifecityworld.com\/wp-content\/uploads\/2020\/10\/terra-dei-principi-300x200.jpg 300w, https:\/\/www.lifecityworld.com\/wp-content\/uploads\/2020\/10\/terra-dei-principi-580x387.jpg 580w\" sizes=\"(max-width: 600px) 100vw, 600px\" \/><\/p>\n<p>El l\u00edder del proyecto es el Dr. <strong>Francesco Fullone<\/strong>, gerente de negocios y director general de la Academia Imperial. Desde hace algunos a\u00f1os la Academia lleva adelante un proyecto para promover la <strong>dieta mediterr\u00e1nea<\/strong>, que dio sus primeros pasos en la d\u00e9cada de 1700 desde Oria (provincia de Brindisi), con el gran cocinero Vincenzo Corrado. \u2028En el Consejo Acad\u00e9mico, con sede en Roma, como Secretario General Adjunto, Dr. <strong>Pasquale Maroni<\/strong>, directora ejecutiva s\u00e9nior experta en la gesti\u00f3n de una Unidad de Negocio de TI y servicios profesionales, con responsabilidad directa en ventas y marketing, desarrollo de productos y servicios profesionales asociados.<\/p>\n<p>Todo este dise\u00f1o y la profesionalidad asociada a \u00e9l estar\u00e1n al servicio del desarrollo del plan maestro LifeCity. El modelo de negocio se basar\u00e1 en la propuesta agroalimentaria y alimentaria y vin\u00edcola de excelencia italiana, favoreciendo productos en Km0 y ecol\u00f3gicos, tanto con venta como degustaci\u00f3n directas y dentro de cursos profesionales de formaci\u00f3n de alta cocina, impartidos por chefs con estrella Michelin. En los proyectos no europeos, el proyecto complementar\u00e1 la reinterpretaci\u00f3n y mejora de los productos y recetas locales.<\/p>\n<p>&nbsp;<\/p>\n<\/div>\n<\/div><\/div>\n<\/div>\n<\/div>\n<\/div>\n<\/div>\n<\/div>\n\n","protected":false},"excerpt":{"rendered":"","protected":false},"author":1,"featured_media":0,"parent":0,"menu_order":0,"comment_status":"closed","ping_status":"closed","template":"","meta":[],"yoast_head":"<!-- This site is optimized with the Yoast SEO plugin v15.9.2 - https:\/\/yoast.com\/wordpress\/plugins\/seo\/ -->\n<title>Terra dei Principi Imperiali - LifeCity World<\/title>\n<meta name=\"robots\" content=\"index, follow, max-snippet:-1, max-image-preview:large, max-video-preview:-1\" \/>\n<link rel=\"canonical\" href=\"https:\/\/www.lifecityworld.com\/es\/terra-dei-principi-imperiali\/\" \/>\n<meta property=\"og:locale\" content=\"es_ES\" \/>\n<meta property=\"og:type\" content=\"article\" \/>\n<meta property=\"og:title\" content=\"Terra dei Principi Imperiali - LifeCity World\" \/>\n<meta property=\"og:url\" content=\"https:\/\/www.lifecityworld.com\/es\/terra-dei-principi-imperiali\/\" \/>\n<meta property=\"og:site_name\" content=\"LifeCity World\" \/>\n<meta property=\"article:modified_time\" content=\"2020-10-28T17:55:42+00:00\" \/>\n<meta property=\"og:image\" content=\"https:\/\/www.lifecityworld.com\/wp-content\/uploads\/2020\/09\/terra-dei-principi.jpg\" \/>\n<meta name=\"twitter:card\" content=\"summary_large_image\" \/>\n<meta name=\"twitter:label1\" content=\"Tiempo de lectura\">\n\t<meta name=\"twitter:data1\" content=\"5 minutos\">\n<script type=\"application\/ld+json\" class=\"yoast-schema-graph\">{\"@context\":\"https:\/\/schema.org\",\"@graph\":[{\"@type\":\"WebSite\",\"@id\":\"https:\/\/www.lifecityworld.com\/#website\",\"url\":\"https:\/\/www.lifecityworld.com\/\",\"name\":\"LifeCity World\",\"description\":\"\",\"potentialAction\":[{\"@type\":\"SearchAction\",\"target\":\"https:\/\/www.lifecityworld.com\/?s={search_term_string}\",\"query-input\":\"required name=search_term_string\"}],\"inLanguage\":\"es\"},{\"@type\":\"ImageObject\",\"@id\":\"https:\/\/www.lifecityworld.com\/es\/terra-dei-principi-imperiali\/#primaryimage\",\"inLanguage\":\"es\",\"url\":\"https:\/\/www.lifecityworld.com\/wp-content\/uploads\/2020\/09\/terra-dei-principi.jpg\",\"width\":600,\"height\":400},{\"@type\":\"WebPage\",\"@id\":\"https:\/\/www.lifecityworld.com\/es\/terra-dei-principi-imperiali\/#webpage\",\"url\":\"https:\/\/www.lifecityworld.com\/es\/terra-dei-principi-imperiali\/\",\"name\":\"Terra dei Principi Imperiali - LifeCity World\",\"isPartOf\":{\"@id\":\"https:\/\/www.lifecityworld.com\/#website\"},\"primaryImageOfPage\":{\"@id\":\"https:\/\/www.lifecityworld.com\/es\/terra-dei-principi-imperiali\/#primaryimage\"},\"datePublished\":\"2020-10-28T11:08:48+00:00\",\"dateModified\":\"2020-10-28T17:55:42+00:00\",\"breadcrumb\":{\"@id\":\"https:\/\/www.lifecityworld.com\/es\/terra-dei-principi-imperiali\/#breadcrumb\"},\"inLanguage\":\"es\",\"potentialAction\":[{\"@type\":\"ReadAction\",\"target\":[\"https:\/\/www.lifecityworld.com\/es\/terra-dei-principi-imperiali\/\"]}]},{\"@type\":\"BreadcrumbList\",\"@id\":\"https:\/\/www.lifecityworld.com\/es\/terra-dei-principi-imperiali\/#breadcrumb\",\"itemListElement\":[{\"@type\":\"ListItem\",\"position\":1,\"item\":{\"@type\":\"WebPage\",\"@id\":\"https:\/\/www.lifecityworld.com\/es\/\",\"url\":\"https:\/\/www.lifecityworld.com\/es\/\",\"name\":\"Home\"}},{\"@type\":\"ListItem\",\"position\":2,\"item\":{\"@type\":\"WebPage\",\"@id\":\"https:\/\/www.lifecityworld.com\/es\/terra-dei-principi-imperiali\/\",\"url\":\"https:\/\/www.lifecityworld.com\/es\/terra-dei-principi-imperiali\/\",\"name\":\"Terra dei Principi Imperiali\"}}]}]}<\/script>\n<!-- \/ Yoast SEO plugin. -->","_links":{"self":[{"href":"https:\/\/www.lifecityworld.com\/es\/wp-json\/wp\/v2\/pages\/15678"}],"collection":[{"href":"https:\/\/www.lifecityworld.com\/es\/wp-json\/wp\/v2\/pages"}],"about":[{"href":"https:\/\/www.lifecityworld.com\/es\/wp-json\/wp\/v2\/types\/page"}],"author":[{"embeddable":true,"href":"https:\/\/www.lifecityworld.com\/es\/wp-json\/wp\/v2\/users\/1"}],"replies":[{"embeddable":true,"href":"https:\/\/www.lifecityworld.com\/es\/wp-json\/wp\/v2\/comments?post=15678"}],"version-history":[{"count":2,"href":"https:\/\/www.lifecityworld.com\/es\/wp-json\/wp\/v2\/pages\/15678\/revisions"}],"predecessor-version":[{"id":15711,"href":"https:\/\/www.lifecityworld.com\/es\/wp-json\/wp\/v2\/pages\/15678\/revisions\/15711"}],"wp:attachment":[{"href":"https:\/\/www.lifecityworld.com\/es\/wp-json\/wp\/v2\/media?parent=15678"}],"curies":[{"name":"wp","href":"https:\/\/api.w.org\/{rel}","templated":true}]}}