{"id":15796,"date":"2020-10-28T12:36:57","date_gmt":"2020-10-28T11:36:57","guid":{"rendered":"https:\/\/www.lifecityworld.com\/?page_id=15796"},"modified":"2020-12-04T19:26:20","modified_gmt":"2020-12-04T18:26:20","slug":"home","status":"publish","type":"page","link":"https:\/\/www.lifecityworld.com\/es\/","title":{"rendered":"Home"},"content":{"rendered":"<div id=\"cmsmasters_row_09c8631611\" class=\"cmsmasters_row cmsmasters_color_scheme_default cmsmasters_row_top_default cmsmasters_row_bot_default cmsmasters_row_fullwidth\">\n<div class=\"cmsmasters_row_outer_parent\">\n<div class=\"cmsmasters_row_outer\">\n<div class=\"cmsmasters_row_inner cmsmasters_row_fullwidth\">\n<div class=\"cmsmasters_row_margin\">\n<div id=\"cmsmasters_column_681aa11f42\" class=\"cmsmasters_column one_first\">\n<div class=\"cmsmasters_column_inner\"><div class=\"cmsmasters_text\">\n<p>\n\t\t\t<!-- START slider shortcodes  SPA REVOLUTION SLIDER 6.2.14 --><p class=\"rs-p-wp-fix\"><\/p>\n\t\t\t<rs-module-wrap id=\"rev_slider_6_1_wrapper\" data-source=\"gallery\" style=\"background:#e6dcd7;padding:0;\">\n\t\t\t\t<rs-module id=\"rev_slider_6_1\" style=\"\" data-version=\"6.2.14\">\n\t\t\t\t\t<rs-slides>\n\t\t\t\t\t\t<rs-slide data-key=\"rs-31\" data-title=\"Slide\" data-anim=\"ei:d;eo:d;s:600;r:0;t:fade;sl:d;\">\n\t\t\t\t\t\t\t<img src=\"\/\/www.lifecityworld.com\/wp-content\/plugins\/revslider\/public\/assets\/assets\/transparent.png\" alt=\"Slide\" title=\"Home\" class=\"rev-slidebg\" data-no-retina>\n<!--\n\t\t\t\t\t\t\t--><rs-layer\n\t\t\t\t\t\t\t\tid=\"slider-6-slide-31-layer-1\" \n\t\t\t\t\t\t\t\tdata-type=\"text\"\n\t\t\t\t\t\t\t\tdata-rsp_ch=\"on\"\n\t\t\t\t\t\t\t\tdata-xy=\"x:c;y:m;yo:-16px,-16px,-16px,-36px;\"\n\t\t\t\t\t\t\t\tdata-text=\"w:normal;s:90,70,54,44;l:22,22,22,44;fw:700;a:center;\"\n\t\t\t\t\t\t\t\tdata-dim=\"w:1294px,1294px,1294px,323px;h:46px,46px,46px,auto;\"\n\t\t\t\t\t\t\t\tdata-frame_1=\"x:0,0,0,0px;y:0,0,0,0px;st:900;sp:800;sR:900;\"\n\t\t\t\t\t\t\t\tdata-frame_999=\"o:0;st:w;sR:7300;\"\n\t\t\t\t\t\t\t\tstyle=\"z-index:10;font-family:Montserrat;\"\n\t\t\t\t\t\t\t>En el coraz\u00f3n del futuro \n\t\t\t\t\t\t\t<\/rs-layer><!--\n\n\t\t\t\t\t\t\t--><rs-layer\n\t\t\t\t\t\t\t\tid=\"slider-6-slide-31-layer-2\" \n\t\t\t\t\t\t\t\tdata-type=\"text\"\n\t\t\t\t\t\t\t\tdata-rsp_ch=\"on\"\n\t\t\t\t\t\t\t\tdata-xy=\"x:c;y:m;yo:59px,41px,31px,34px;\"\n\t\t\t\t\t\t\t\tdata-text=\"w:normal;s:24,20,18,18;l:28,28,28,24;fw:600;a:center;\"\n\t\t\t\t\t\t\t\tdata-dim=\"w:730px,730px,730px,372px;\"\n\t\t\t\t\t\t\t\tdata-frame_1=\"st:1500;sp:800;sR:1460;\"\n\t\t\t\t\t\t\t\tdata-frame_999=\"o:0;st:w;sR:7240;\"\n\t\t\t\t\t\t\t\tstyle=\"z-index:11;font-family:Montserrat;\"\n\t\t\t\t\t\t\t>Un proyecto adaptado al hombre contempor\u00e1neo \n\t\t\t\t\t\t\t<\/rs-layer><!--\n\n\t\t\t\t\t\t\t--><rs-layer\n\t\t\t\t\t\t\t\tid=\"slider-6-slide-31-layer-3\" \n\t\t\t\t\t\t\t\tclass=\"rs-fsv rs-nolc rs-layer-video intrinsic-ignore\"\n\t\t\t\t\t\t\t\tdata-type=\"video\"\n\t\t\t\t\t\t\t\tdata-rsp_ch=\"on\"\n\t\t\t\t\t\t\t\tdata-xy=\"x:0;y:0;\"\n\t\t\t\t\t\t\t\tdata-text=\"w:normal;s:20,12,9,5;l:0,16,12,7;\"\n\t\t\t\t\t\t\t\tdata-dim=\"w:100%;h:100%;\"\n\t\t\t\t\t\t\t\tdata-basealign=\"slide\"\n\t\t\t\t\t\t\t\tdata-video=\"vd:100;noint:t;fc:true;l:true;ptimer:false;nse:f;sav:f;\"\n\t\t\t\t\t\t\t\tdata-mp4=\"\/\/www.lifecityworld.com\/wp-content\/uploads\/2020\/07\/video-slide-sito.mp4\"\n\t\t\t\t\t\t\t\tdata-frame_1=\"sp:1000;\"\n\t\t\t\t\t\t\t\tdata-frame_999=\"o:0;st:w;sR:8000;\"\n\t\t\t\t\t\t\t\tstyle=\"z-index:8;\"\n\t\t\t\t\t\t\t>\n\t\t\t\t\t\t\t<\/rs-layer><!--\n\n\t\t\t\t\t\t\t--><rs-layer\n\t\t\t\t\t\t\t\tid=\"slider-6-slide-31-layer-4\" \n\t\t\t\t\t\t\t\tdata-type=\"shape\"\n\t\t\t\t\t\t\t\tdata-rsp_ch=\"on\"\n\t\t\t\t\t\t\t\tdata-xy=\"x:c;y:m;\"\n\t\t\t\t\t\t\t\tdata-text=\"w:normal;s:20,12,9,5;l:0,16,12,7;\"\n\t\t\t\t\t\t\t\tdata-dim=\"w:100%;h:100%;\"\n\t\t\t\t\t\t\t\tdata-basealign=\"slide\"\n\t\t\t\t\t\t\t\tdata-frame_1=\"sp:800;\"\n\t\t\t\t\t\t\t\tdata-frame_999=\"o:0;st:w;sR:8200;\"\n\t\t\t\t\t\t\t\tstyle=\"z-index:9;background-color:rgba(0,0,0,0.15);\"\n\t\t\t\t\t\t\t> \n\t\t\t\t\t\t\t<\/rs-layer><!--\n-->\t\t\t\t\t\t<\/rs-slide>\n\t\t\t\t\t<\/rs-slides>\n\t\t\t\t<\/rs-module>\n\t\t\t\t<script type=\"text\/javascript\">\n\t\t\t\t\tsetREVStartSize({c: 'rev_slider_6_1',rl:[1240,1024,778,480],el:[560,768,960,720],gw:[1600,1024,778,480],gh:[560,768,960,720],type:'hero',justify:'',layout:'fullscreen',offsetContainer:'',offset:'',mh:\"0\"});\n\t\t\t\t\tvar\trevapi6,\n\t\t\t\t\t\ttpj;\n\t\t\t\t\tjQuery(function() {\n\t\t\t\t\t\ttpj = jQuery;\n\t\t\t\t\t\trevapi6 = tpj(\"#rev_slider_6_1\")\n\t\t\t\t\t\tif(revapi6==undefined || revapi6.revolution == undefined){\n\t\t\t\t\t\t\trevslider_showDoubleJqueryError(\"rev_slider_6_1\");\n\t\t\t\t\t\t}else{\n\t\t\t\t\t\t\trevapi6.revolution({\n\t\t\t\t\t\t\t\tsliderType:\"hero\",\n\t\t\t\t\t\t\t\tsliderLayout:\"fullscreen\",\n\t\t\t\t\t\t\t\tvisibilityLevels:\"1240,1024,778,480\",\n\t\t\t\t\t\t\t\tgridwidth:\"1600,1024,778,480\",\n\t\t\t\t\t\t\t\tgridheight:\"560,768,960,720\",\n\t\t\t\t\t\t\t\tspinner:\"spinner7\",\n\t\t\t\t\t\t\t\tperspective:600,\n\t\t\t\t\t\t\t\tperspectiveType:\"local\",\n\t\t\t\t\t\t\t\tspinnerclr:\"#1b2d59\",\n\t\t\t\t\t\t\t\teditorheight:\"560,768,960,720\",\n\t\t\t\t\t\t\t\tresponsiveLevels:\"1240,1024,778,480\",\n\t\t\t\t\t\t\t\tprogressBar:{disableProgressBar:true},\n\t\t\t\t\t\t\t\tnavigation: {\n\t\t\t\t\t\t\t\t\tonHoverStop:false\n\t\t\t\t\t\t\t\t},\n\t\t\t\t\t\t\t\tfallbacks: {\n\t\t\t\t\t\t\t\t\tallowHTML5AutoPlayOnAndroid:true\n\t\t\t\t\t\t\t\t},\n\t\t\t\t\t\t\t});\n\t\t\t\t\t\t}\n\t\t\t\t\t\t\n\t\t\t\t\t});\n\t\t\t\t<\/script>\n\t\t\t<\/rs-module-wrap>\n\t\t\t<!-- END REVOLUTION SLIDER -->\n<\/p>\n<\/div>\n<\/div><\/div>\n<\/div>\n<\/div>\n<\/div>\n<\/div>\n<\/div>\n<div id=\"cmsmasters_row_0hlgmz1t6m\" class=\"cmsmasters_row cmsmasters_color_scheme_default cmsmasters_row_top_default cmsmasters_row_bot_default cmsmasters_row_boxed\">\n<div class=\"cmsmasters_row_outer_parent\">\n<div class=\"cmsmasters_row_outer\">\n<div class=\"cmsmasters_row_inner\">\n<div class=\"cmsmasters_row_margin\">\n<div id=\"cmsmasters_column_e6cyclra2v\" class=\"cmsmasters_column one_first\">\n<div class=\"cmsmasters_column_inner\"><div class=\"cmsmasters_text\">\n<p class=\"text-benvenuto\">LifeCity World es un proyecto supranacional, centrado en la creaci\u00f3n \u2013 en diferentes lugares del mundo \u2013 de grandes ciudades multifuncionales, inspiradas en el bienestar psicof\u00edso de la persona. Cada ciudadela incluye un centro de salud y bienestar social, un \u00e1rea dedicada a los servicios hoteleros, un centro de exposiciones y comerciales. Y mucho m\u00e1s.<\/p>\n<\/div>\n<\/div><\/div>\n<\/div>\n<\/div>\n<\/div>\n<\/div>\n<\/div>\n<div id=\"cmsmasters_row_a4562a9d19\" class=\"cmsmasters_row cmsmasters_color_scheme_default cmsmasters_homepage_featured_blocks cmsmasters_row_top_default cmsmasters_row_bot_default cmsmasters_row_boxed\">\n<div class=\"cmsmasters_row_outer_parent\">\n<div class=\"cmsmasters_row_outer\">\n<div class=\"cmsmasters_row_inner cmsmasters_row_no_margin\">\n<div class=\"cmsmasters_row_margin cmsmasters_row_columns_behavior\">\n<div id=\"cmsmasters_column_e42bb3625e\" class=\"cmsmasters_column one_third\">\n<div class=\"cmsmasters_column_inner\"><div id=\"cmsmasters_fb_d1d82c10f4\" class=\"cmsmasters_featured_block\">\n<div class=\"featured_block_inner\">\n<div class=\"featured_block_text\">\n<p><img style=\"margin-bottom: 15px;\" src=\"\/wp-content\/uploads\/2020\/07\/commerciale.svg\" width=\"58\" \/><br \/>\n<span style=\"color: #1b2d59; font-size: 24px; font-weight: bold; line-height: 28px;\">Exposici\u00f3n y centro comercial<span style=\"color: #333300;\"><div id=\"cmsmasters_divider_876025ffb8\" class=\"cl\"><\/div><\/span><\/span><\/p>\n<p><span style=\"color: #555; font-size: 14px; line-height: 24px;\">Agroalimentario, alimentaci\u00f3n, vino y ocio. Toda la excelencia, partiendo de la mejora de los recursos territoriales.<span style=\"color: #003300;\"><div id=\"cmsmasters_divider_14d61f848c\" class=\"cl\"><\/div><\/span><\/span><div id=\"cmsmasters_button_c1ff276b73\" class=\"button_wrap\"><a href=\"\/es\/centro-comercial-de-exhibicion\" class=\"cmsmasters_button\"><span>SIGUE AS\u00cd<\/span><\/a><\/div>\n\n<\/div>\n<\/div>\n<\/div>\n<\/div><\/div>\n<div id=\"cmsmasters_column_54c834f0dd\" class=\"cmsmasters_column one_third\">\n<div class=\"cmsmasters_column_inner\"><div id=\"cmsmasters_fb_109f0m07dp\" class=\"cmsmasters_featured_block\">\n<div class=\"featured_block_inner\">\n<div class=\"featured_block_text\">\n<p><img style=\"margin-bottom: 15px;\" src=\"\/wp-content\/uploads\/2020\/07\/hotel.svg\" width=\"52\" \/><br \/>\n<span style=\"color: #324f97; font-size: 24px; font-weight: bold; line-height: 28px;\">Hotel<br \/>\nLifeCity<span style=\"color: #333300;\"><div id=\"cmsmasters_divider_109f0m07dp\" class=\"cl\"><\/div><\/span><\/span><\/p>\n<p><span style=\"color: #555; font-size: 14px; line-height: 24px;\">Un hotel de 4 estrellas rodeado de vegetaci\u00f3n, con servicios integrados para clientes de negocios, bienestar y ocio.<span style=\"color: #003300;\"><div id=\"cmsmasters_divider_109f0m07dp\" class=\"cl\"><\/div><\/span><\/span><div id=\"cmsmasters_button_109f0m07dp\" class=\"button_wrap\"><a href=\"\/es\/hotel-lifecity\" class=\"cmsmasters_button\"><span>SIGUE AS\u00cd<\/span><\/a><\/div>\n\n<\/div>\n<\/div>\n<\/div>\n<\/div><\/div>\n<div id=\"cmsmasters_column_aa42780e3a\" class=\"cmsmasters_column one_third\">\n<div class=\"cmsmasters_column_inner\"><div id=\"cmsmasters_fb_r06ct3gl2f\" class=\"cmsmasters_featured_block\">\n<div class=\"featured_block_inner\">\n<div class=\"featured_block_text\">\n<p><img style=\"margin-bottom: 15px;\" src=\"\/wp-content\/uploads\/2020\/07\/sanita.svg\" width=\"52\" \/><br \/>\n<span style=\"color: #5672b5; font-size: 24px; font-weight: bold; line-height: 28px;\">Unidad de Salud<br \/>\nMultifuncional<span style=\"color: #333300;\"><div id=\"cmsmasters_divider_r06ct3gl2f\" class=\"cl\"><\/div><\/span><\/span><\/p>\n<p><span style=\"color: #555; font-size: 14px; line-height: 24px;\">Un grande centro poliambulatoriale, con un\u2019area specializzata nelle malattie neurodegenerative (cura e riabilitazione).<span style=\"color: #003300;\"><div id=\"cmsmasters_divider_r06ct3gl2f\" class=\"cl\"><\/div><\/span><\/span><div id=\"cmsmasters_button_r06ct3gl2f\" class=\"button_wrap\"><a href=\"\/es\/unidad-de-salud-multifuncional\" class=\"cmsmasters_button\"><span>SIGUE AS\u00cd<\/span><\/a><\/div>\n\n<\/div>\n<\/div>\n<\/div>\n<\/div><\/div>\n<\/div>\n<\/div>\n<\/div>\n<\/div>\n<\/div>\n<div id=\"cmsmasters_row_vrl8gka2ee\" class=\"cmsmasters_row cmsmasters_color_scheme_default cmsmasters_row_top_default cmsmasters_row_bot_default cmsmasters_row_boxed\">\n<div class=\"cmsmasters_row_outer_parent\">\n<div class=\"cmsmasters_row_outer\">\n<div class=\"cmsmasters_row_inner\">\n<div class=\"cmsmasters_row_margin cmsmasters_row_columns_behavior\">\n<div id=\"cmsmasters_column_oz1rm2u1fr\" class=\"cmsmasters_column two_third\">\n<div class=\"cmsmasters_column_inner\">\n<div id=\"cmsmasters_video_wrap_\" class=\"cmsmasters_video_wrap\">\n<iframe title=\"LifeCity Parco degli Ulivi - Identity Economics\" width=\"1160\" height=\"653\" src=\"https:\/\/www.youtube.com\/embed\/2x9L31gr2Fg?feature=oembed\" frameborder=\"0\" allow=\"accelerometer; autoplay; clipboard-write; encrypted-media; gyroscope; picture-in-picture\" allowfullscreen><\/iframe>\n<\/div>\n<\/div><\/div>\n<div id=\"cmsmasters_column_ajd4i58d58\" class=\"cmsmasters_column one_third\">\n<div class=\"cmsmasters_column_inner\"><div id=\"cmsmasters_heading_w391bpvm1k\" class=\"cmsmasters_heading_wrap cmsmasters_heading_align_left\">\n\t<h3 class=\"cmsmasters_heading\">Art\u00edculos m\u00e1s recientes<\/h3>\n<\/div>\n<div class=\"cmsmasters_posts_slider post\" >\r\n\t\t<div id=\"cmsmasters_slider_ap7ukuxksw\" class=\"cmsmasters_owl_slider owl-carousel\" data-items=\"4\" data-single-item=\"false\" data-auto-play=\"5000\" data-pagination=\"false\" data-navigation=\"true\"><div class=\"cmsmasters_owl_slider_item\"><!-- Start Posts Slider Post Article -->\r\n<article id=\"post-16291\" class=\"cmsmasters_slider_post post-16291 post type-post status-publish format-standard has-post-thumbnail hentry\">\r\n\t<div class=\"cmsmasters_slider_post_outer\">\r\n\t<div class=\"cmsmasters_slider_post_img_wrap\"><figure class=\"cmsmasters_img_rollover_wrap preloader\"><img width=\"580\" height=\"360\" src=\"https:\/\/www.lifecityworld.com\/wp-content\/uploads\/2020\/09\/Italian-restaurant-LifeCity-World-580x360.jpg\" class=\"full-width wp-post-image\" alt=\"Restaurante italiano, cada vez m\u00e1s consumo tricolor fuera de la casa en el mundo\" loading=\"lazy\" title=\"Restaurante italiano, cada vez m\u00e1s consumo tricolor fuera de la casa en el mundo\" \/><div class=\"cmsmasters_img_rollover\"><a href=\"https:\/\/www.lifecityworld.com\/es\/restaurante-italiano-cada-vez-mas-consumo-tricolor-fuera-de-la-casa-en-el-mundo\/\" title=\"Restaurante italiano, cada vez m\u00e1s consumo tricolor fuera de la casa en el mundo\" class=\"cmsmasters_open_link\"><\/a><\/div><\/figure><\/div><div class=\"cmsmasters_slider_post_inner\"><div class=\"cmsmasters_slider_post_inner_header\"><span class=\"cmsmasters_slider_post_date cmsmasters-icon-calendar-3\"><abbr class=\"published\" title=\"04\/12\/2020\"><span class=\"cmsmasters_day_mon\">04 diciembre<\/span><span class=\"cmsmasters_year\">, 2020<\/span><\/abbr><abbr class=\"dn date updated\" title=\"29\/01\/2021\">29\/01\/2021<\/abbr><\/span><div class=\"cmsmasters_slider_post_meta_wrap entry-meta\"><\/div><\/div><header class=\"cmsmasters_slider_post_header entry-header\"><h4 class=\"cmsmasters_slider_post_title entry-title\"><a href=\"https:\/\/www.lifecityworld.com\/es\/restaurante-italiano-cada-vez-mas-consumo-tricolor-fuera-de-la-casa-en-el-mundo\/\">Restaurante italiano, cada vez m\u00e1s consumo tricolor fuera de la casa en el mundo<\/a><\/h4><\/header><\/div>\t<\/div>\r\n<\/article>\r\n<!-- Finish Posts Slider Post Article -->\r\n\r\n<\/div><div class=\"cmsmasters_owl_slider_item\"><!-- Start Posts Slider Post Article -->\r\n<article id=\"post-16287\" class=\"cmsmasters_slider_post post-16287 post type-post status-publish format-standard has-post-thumbnail hentry\">\r\n\t<div class=\"cmsmasters_slider_post_outer\">\r\n\t<div class=\"cmsmasters_slider_post_img_wrap\"><figure class=\"cmsmasters_img_rollover_wrap preloader\"><img width=\"580\" height=\"360\" src=\"https:\/\/www.lifecityworld.com\/wp-content\/uploads\/2020\/11\/Blockchain-LifeCity-World-580x360.png\" class=\"full-width wp-post-image\" alt=\"Hecho en Italia agroalimentario, el equipo extra es blockchain\" loading=\"lazy\" title=\"Hecho en Italia agroalimentario, el equipo extra es blockchain\" \/><div class=\"cmsmasters_img_rollover\"><a href=\"https:\/\/www.lifecityworld.com\/es\/hecho-en-italia-agroalimentario-el-equipo-extra-es-blockchain\/\" title=\"Hecho en Italia agroalimentario, el equipo extra es blockchain\" class=\"cmsmasters_open_link\"><\/a><\/div><\/figure><\/div><div class=\"cmsmasters_slider_post_inner\"><div class=\"cmsmasters_slider_post_inner_header\"><span class=\"cmsmasters_slider_post_date cmsmasters-icon-calendar-3\"><abbr class=\"published\" title=\"04\/12\/2020\"><span class=\"cmsmasters_day_mon\">04 diciembre<\/span><span class=\"cmsmasters_year\">, 2020<\/span><\/abbr><abbr class=\"dn date updated\" title=\"29\/01\/2021\">29\/01\/2021<\/abbr><\/span><div class=\"cmsmasters_slider_post_meta_wrap entry-meta\"><\/div><\/div><header class=\"cmsmasters_slider_post_header entry-header\"><h4 class=\"cmsmasters_slider_post_title entry-title\"><a href=\"https:\/\/www.lifecityworld.com\/es\/hecho-en-italia-agroalimentario-el-equipo-extra-es-blockchain\/\">Hecho en Italia agroalimentario, el equipo extra es blockchain<\/a><\/h4><\/header><\/div>\t<\/div>\r\n<\/article>\r\n<!-- Finish Posts Slider Post Article -->\r\n\r\n<\/div><\/div><\/div>\n<\/div><\/div>\n<\/div>\n<\/div>\n<\/div>\n<\/div>\n<\/div>\n<div id=\"cmsmasters_row_b931f9f2b6\" class=\"cmsmasters_row cmsmasters_color_scheme_default cmsmasters_row_top_default cmsmasters_row_bot_default cmsmasters_row_boxed\">\n<div class=\"cmsmasters_row_outer_parent\">\n<div class=\"cmsmasters_row_outer\">\n<div class=\"cmsmasters_row_inner\">\n<div class=\"cmsmasters_row_margin\">\n<div id=\"cmsmasters_column_j5l68tjac\" class=\"cmsmasters_column one_third\">\n<div class=\"cmsmasters_column_inner\"><div class=\"cmsmasters_text\">\n<p><span style=\"color: #d0a087; font-size: 24px; font-weight: bold; line-height: 28px;\">Tarjeta de fidelidad<span style=\"color: #333300;\"><div id=\"cmsmasters_divider_876025ffb8\" class=\"cl\"><\/div><\/span><\/span><\/p>\n<p><span style=\"color: #555; font-size: 14px; line-height: 24px;\">Unirse al programa de fidelizaci\u00f3n LifeCity World: est\u00e1 abierto tanto a los operadores econ\u00f3micos como a los consumidores.<br \/>\nAquellos que inviertan en el proyecto disfrutar\u00e1n de ventajas comerciales especiales, mientras que los consumidores acceder\u00e1n a descuentos exclusivos, regalos y promociones en los productos y servicios ofrecidos. Ahora solicite m\u00e1s informaci\u00f3n sobre la Tarjeta Fidelity: conocer\u00e1 los privilegios reservados para usted de inmediato.<span style=\"color: #003300;\"><div id=\"cmsmasters_divider_14d61f848c\" class=\"cl\"><\/div><\/span><\/span><div id=\"cmsmasters_button_c1ff276b74\" class=\"button_wrap\"><a href=\"\/es\/tarjeta%20de%20fidelidad\/\" class=\"cmsmasters_button\"><span>SIGUE AS\u00cd<\/span><\/a><\/div>\n<\/div>\n<\/div><\/div>\n<div id=\"cmsmasters_column_342c0f912d\" class=\"cmsmasters_column two_third\">\n<div class=\"cmsmasters_column_inner\"><div class=\"cmsmasters_img  cmsmasters_image_n\"><img src=\"https:\/\/www.lifecityworld.com\/wp-content\/uploads\/2020\/07\/card-4.jpg\" \/><\/div>\n<\/div><\/div>\n<\/div>\n<\/div>\n<\/div>\n<\/div>\n<\/div>\n<div id=\"cmsmasters_row_fdf708f8b9\" class=\"cmsmasters_row cmsmasters_color_scheme_default cmsmasters_row_top_default cmsmasters_row_bot_default cmsmasters_row_boxed\">\n<div class=\"cmsmasters_row_outer_parent\">\n<div class=\"cmsmasters_row_outer\">\n<div class=\"cmsmasters_row_inner\">\n<div class=\"cmsmasters_row_margin\">\n<div id=\"cmsmasters_column_c24fa9c6e7\" class=\"cmsmasters_column one_first\">\n<div class=\"cmsmasters_column_inner\"><div id=\"cmsmasters_heading_81133ede8e\" class=\"cmsmasters_heading_wrap cmsmasters_heading_align_left\">\n\t<h1 class=\"cmsmasters_heading\">Socios<\/h1>\n<\/div><div class=\"cmsmasters_clients_grid_wrap\">\n<div id=\"cmsmasters_clients_c243de31e5\" class=\"cmsmasters_clients_grid clients_five\">\n<div class=\"cmsmasters_clients_items slides\">\n<div class=\"cmsmasters_clients_item item\"><img src=\"https:\/\/www.lifecityworld.com\/wp-content\/uploads\/2020\/09\/ener.jpg\" alt=\"Enerwind srl\" title=\"Enerwind srl\" \/><\/div><div class=\"cmsmasters_clients_item item\"><img src=\"https:\/\/www.lifecityworld.com\/wp-content\/uploads\/2020\/09\/msc2.jpg\" alt=\"MSC innovative solutions\" title=\"MSC innovative solutions\" \/><\/div><div class=\"cmsmasters_clients_item item\"><a href=\"http:\/\/www.icnbm.com\/en\/\" target=\"_blank\"><img src=\"https:\/\/www.lifecityworld.com\/wp-content\/uploads\/2020\/07\/cnbm.png\" alt=\"CNBM\" title=\"CNBM\" \/><\/a><\/div><div class=\"cmsmasters_clients_item item\"><a href=\"http:\/\/www.leukos.org\" target=\"_blank\"><img src=\"https:\/\/www.lifecityworld.com\/wp-content\/uploads\/2020\/01\/leukos.jpg\" alt=\"Leukos\" title=\"Leukos\" \/><\/a><\/div><div class=\"cmsmasters_clients_item item\"><img src=\"https:\/\/www.lifecityworld.com\/wp-content\/uploads\/2020\/07\/terra.png\" alt=\"Terra dei Principi Imperiali\" title=\"Terra dei Principi Imperiali\" \/><\/div><\/div>\n<\/div>\n<\/div>\n<\/div><\/div>\n<\/div>\n<\/div>\n<\/div>\n<\/div>\n<\/div>\n\n","protected":false},"excerpt":{"rendered":"","protected":false},"author":1,"featured_media":0,"parent":0,"menu_order":0,"comment_status":"closed","ping_status":"closed","template":"","meta":[],"yoast_head":"<!-- This site is optimized with the Yoast SEO plugin v15.9.2 - https:\/\/yoast.com\/wordpress\/plugins\/seo\/ -->\n<title>Home - LifeCity World<\/title>\n<meta name=\"description\" content=\"Un progetto sovrannazionale, incentrato sulla realizzazione \u2013 in diversi posti del mondo \u2013 di cittadelle polifunzionali, ispirate al benessere della persona\" \/>\n<meta name=\"robots\" content=\"index, follow, max-snippet:-1, max-image-preview:large, max-video-preview:-1\" \/>\n<link rel=\"canonical\" href=\"https:\/\/www.lifecityworld.com\/es\/\" \/>\n<meta property=\"og:locale\" content=\"es_ES\" \/>\n<meta property=\"og:type\" content=\"article\" \/>\n<meta property=\"og:title\" content=\"LifeCity World, al centro del futuro\" \/>\n<meta property=\"og:description\" content=\"Un progetto sovrannazionale, incentrato sulla realizzazione \u2013 in diversi posti del mondo \u2013 di cittadelle polifunzionali, ispirate al benessere psico-fisico della persona.\" \/>\n<meta property=\"og:url\" content=\"https:\/\/www.lifecityworld.com\/es\/\" \/>\n<meta property=\"og:site_name\" content=\"LifeCity World\" \/>\n<meta property=\"article:modified_time\" content=\"2020-12-04T18:26:20+00:00\" \/>\n<meta property=\"og:image\" content=\"https:\/\/www.lifecityworld.com\/wp-content\/uploads\/2020\/10\/LifeCity-World-vista.jpg\" \/>\n<meta name=\"twitter:card\" content=\"summary_large_image\" \/>\n<meta name=\"twitter:title\" content=\"LifeCity World, al centro del futuro\" \/>\n<meta name=\"twitter:description\" content=\"Un progetto sovrannazionale, incentrato sulla realizzazione \u2013 in diversi posti del mondo \u2013 di cittadelle polifunzionali, ispirate al benessere psico-fisico della persona.\" \/>\n<meta name=\"twitter:image\" content=\"https:\/\/www.lifecityworld.com\/wp-content\/uploads\/2020\/10\/LifeCity-World-vista.jpg\" \/>\n<meta name=\"twitter:label1\" content=\"Tiempo de lectura\">\n\t<meta name=\"twitter:data1\" content=\"7 minutos\">\n<script type=\"application\/ld+json\" class=\"yoast-schema-graph\">{\"@context\":\"https:\/\/schema.org\",\"@graph\":[{\"@type\":\"WebSite\",\"@id\":\"https:\/\/www.lifecityworld.com\/#website\",\"url\":\"https:\/\/www.lifecityworld.com\/\",\"name\":\"LifeCity World\",\"description\":\"\",\"potentialAction\":[{\"@type\":\"SearchAction\",\"target\":\"https:\/\/www.lifecityworld.com\/?s={search_term_string}\",\"query-input\":\"required name=search_term_string\"}],\"inLanguage\":\"es\"},{\"@type\":\"ImageObject\",\"@id\":\"https:\/\/www.lifecityworld.com\/es\/#primaryimage\",\"inLanguage\":\"es\",\"url\":\"\/wp-content\/uploads\/2020\/07\/commerciale.svg\"},{\"@type\":\"WebPage\",\"@id\":\"https:\/\/www.lifecityworld.com\/es\/#webpage\",\"url\":\"https:\/\/www.lifecityworld.com\/es\/\",\"name\":\"Home - LifeCity World\",\"isPartOf\":{\"@id\":\"https:\/\/www.lifecityworld.com\/#website\"},\"primaryImageOfPage\":{\"@id\":\"https:\/\/www.lifecityworld.com\/es\/#primaryimage\"},\"datePublished\":\"2020-10-28T11:36:57+00:00\",\"dateModified\":\"2020-12-04T18:26:20+00:00\",\"description\":\"Un progetto sovrannazionale, incentrato sulla realizzazione \\u2013 in diversi posti del mondo \\u2013 di cittadelle polifunzionali, ispirate al benessere della persona\",\"breadcrumb\":{\"@id\":\"https:\/\/www.lifecityworld.com\/es\/#breadcrumb\"},\"inLanguage\":\"es\",\"potentialAction\":[{\"@type\":\"ReadAction\",\"target\":[\"https:\/\/www.lifecityworld.com\/es\/\"]}]},{\"@type\":\"BreadcrumbList\",\"@id\":\"https:\/\/www.lifecityworld.com\/es\/#breadcrumb\",\"itemListElement\":[{\"@type\":\"ListItem\",\"position\":1,\"item\":{\"@type\":\"WebPage\",\"@id\":\"https:\/\/www.lifecityworld.com\/es\/\",\"url\":\"https:\/\/www.lifecityworld.com\/es\/\",\"name\":\"Home\"}},{\"@type\":\"ListItem\",\"position\":2,\"item\":{\"@type\":\"WebPage\",\"@id\":\"https:\/\/www.lifecityworld.com\/es\/\",\"url\":\"https:\/\/www.lifecityworld.com\/es\/\",\"name\":\"Home\"}}]}]}<\/script>\n<!-- \/ Yoast SEO plugin. -->","_links":{"self":[{"href":"https:\/\/www.lifecityworld.com\/es\/wp-json\/wp\/v2\/pages\/15796"}],"collection":[{"href":"https:\/\/www.lifecityworld.com\/es\/wp-json\/wp\/v2\/pages"}],"about":[{"href":"https:\/\/www.lifecityworld.com\/es\/wp-json\/wp\/v2\/types\/page"}],"author":[{"embeddable":true,"href":"https:\/\/www.lifecityworld.com\/es\/wp-json\/wp\/v2\/users\/1"}],"replies":[{"embeddable":true,"href":"https:\/\/www.lifecityworld.com\/es\/wp-json\/wp\/v2\/comments?post=15796"}],"version-history":[{"count":10,"href":"https:\/\/www.lifecityworld.com\/es\/wp-json\/wp\/v2\/pages\/15796\/revisions"}],"predecessor-version":[{"id":16295,"href":"https:\/\/www.lifecityworld.com\/es\/wp-json\/wp\/v2\/pages\/15796\/revisions\/16295"}],"wp:attachment":[{"href":"https:\/\/www.lifecityworld.com\/es\/wp-json\/wp\/v2\/media?parent=15796"}],"curies":[{"name":"wp","href":"https:\/\/api.w.org\/{rel}","templated":true}]}}