{"id":16170,"date":"2020-11-27T11:11:11","date_gmt":"2020-11-27T10:11:11","guid":{"rendered":"https:\/\/www.lifecityworld.com\/?page_id=16170"},"modified":"2021-01-18T17:09:28","modified_gmt":"2021-01-18T16:09:28","slug":"que","status":"publish","type":"page","link":"https:\/\/www.lifecityworld.com\/es\/que\/","title":{"rendered":"Qu\u00e9"},"content":{"rendered":"<div id=\"cmsmasters_row_92f4be90a3\" class=\"cmsmasters_row cmsmasters_color_scheme_default blocco-titolo-mob cmsmasters_row_top_default cmsmasters_row_bot_default cmsmasters_row_boxed\">\n<div class=\"cmsmasters_row_outer_parent\">\n<div class=\"cmsmasters_row_outer\">\n<div class=\"cmsmasters_row_inner\">\n<div class=\"cmsmasters_row_margin\">\n<div id=\"cmsmasters_column_52148c5d6b\" class=\"cmsmasters_column one_first\">\n<div class=\"cmsmasters_column_inner\"><div id=\"cmsmasters_heading_5b16904444\" class=\"cmsmasters_heading_wrap cmsmasters_heading_align_center\">\n\t<h1 class=\"cmsmasters_heading\">Qu\u00e9<\/h1>\n<\/div><div class=\"cmsmasters_text fascione\">\n<p>LifeCity World es un proyecto supranacional \u00fanico en el mundo, que est\u00e1 justificado en la realizaci\u00f3n de grandes ciudadelas multifuncionales inspiradas en el <strong>bienestar psicof\u00edsico de la persona<\/strong>, partiendo de la seguridad alimentaria y la calidad.<\/p>\n<p>Cada asentamiento LifeCity corresponde a un formato urbano sostenible, perfectamente escalable e integrado con especificidades locales, replicables en diferentes lugares del planeta.<br \/>\nEl proyecto se basa en la promoci\u00f3n y puesta en valor de <em><strong>Made in Italy<\/strong><\/em>, junto con la selecci\u00f3n y propuesta de los mejores recursos locales, tanto en el sector agroalimentario y alimentario y vitivin\u00edcola como en t\u00e9rminos de fabricaci\u00f3n, trabajo y profesionalidad empleada.<\/p>\n<\/div>\n<div class=\"cmsmasters_img  cmsmasters_image_n\"><img src=\"https:\/\/www.lifecityworld.com\/wp-content\/uploads\/2020\/09\/made-in-italy.jpg\" \/><\/div>\n<\/div><\/div>\n<\/div>\n<\/div>\n<\/div>\n<\/div>\n<\/div>\n<div id=\"cmsmasters_row_vc6g18u6k9\" class=\"cmsmasters_row cmsmasters_color_scheme_default blocco-titolo-mob cmsmasters_row_top_default cmsmasters_row_bot_default cmsmasters_row_boxed\">\n<div class=\"cmsmasters_row_outer_parent\">\n<div class=\"cmsmasters_row_outer\">\n<div class=\"cmsmasters_row_inner\">\n<div class=\"cmsmasters_row_margin\">\n<div id=\"cmsmasters_column_aje8511zzp\" class=\"cmsmasters_column one_first\">\n<div class=\"cmsmasters_column_inner\"><div class=\"cmsmasters_text fascione\">\n<p>LifeCity contempla un <strong>centro asistencial sanitario y social<\/strong>, con pluralidad de servicios para la salud y el bienestar de la persona, junto a un <strong>hotel de 4 estrellas<\/strong> y un <strong>centro comercial y de exposiciones<\/strong> para la puesta en valor de excelentes productos agroalimentarios y gastron\u00f3micos. Todos esto en un contexto dominado por <strong>enormes espacios verdes<\/strong> y acompa\u00f1ado de estructuras y servicios para el ocio y el deporte.<\/p>\n<p>Cada proyecto est\u00e1 financiado por inversores privados y cumple con la colaboraci\u00f3n de productores de alta excelencia italiana e internacional, que se distinguen por procesos de producci\u00f3n \u00e9ticos y totalmente dedicados a la calidad.<\/p>\n<\/div>\n<\/div><\/div>\n<\/div>\n<\/div>\n<\/div>\n<\/div>\n<\/div>\n<div id=\"cmsmasters_row_vk2957j43b\" class=\"cmsmasters_row cmsmasters_color_scheme_default blocco-img-mob cmsmasters_row_top_default cmsmasters_row_bot_default cmsmasters_row_boxed\">\n<div class=\"cmsmasters_row_outer_parent\">\n<div class=\"cmsmasters_row_outer\">\n<div class=\"cmsmasters_row_inner\">\n<div class=\"cmsmasters_row_margin\">\n<div id=\"cmsmasters_column_y24u0f36aa\" class=\"cmsmasters_column one_first\">\n<div class=\"cmsmasters_column_inner\"><div class=\"cmsmasters_img  cmsmasters_image_n\"><img src=\"https:\/\/www.lifecityworld.com\/wp-content\/uploads\/2020\/09\/lifecity-parco-degli-ulivi.jpg\" \/><\/div>\n<\/div><\/div>\n<\/div>\n<\/div>\n<\/div>\n<\/div>\n<\/div>\n<div id=\"cmsmasters_row_b8a1aa1f72\" class=\"cmsmasters_row cmsmasters_color_scheme_default blocco-titolo-img-desk cmsmasters_row_top_default cmsmasters_row_bot_default cmsmasters_row_boxed\">\n<div class=\"cmsmasters_row_outer_parent\">\n<div class=\"cmsmasters_row_outer\">\n<div class=\"cmsmasters_row_inner\">\n<div class=\"cmsmasters_row_margin\">\n<div id=\"cmsmasters_column_bfd7c3ff06\" class=\"cmsmasters_column one_first\">\n<div class=\"cmsmasters_column_inner\"><div id=\"cmsmasters_heading_g32dqf5b6\" class=\"cmsmasters_heading_wrap cmsmasters_heading_align_center\">\n\t<h1 class=\"cmsmasters_heading\">Qu\u00e9<\/h1>\n<\/div><div class=\"cmsmasters_text\">\n<p><img loading=\"lazy\" class=\"wp-image-15343 size-full alignleft\" style=\"border: 8px solid white; border-radius: 5px;\" src=\"https:\/\/www.lifecityworld.com\/wp-content\/uploads\/2020\/09\/made-in-italy.jpg\" alt=\"\" width=\"600\" height=\"400\" srcset=\"https:\/\/www.lifecityworld.com\/wp-content\/uploads\/2020\/09\/made-in-italy.jpg 600w, https:\/\/www.lifecityworld.com\/wp-content\/uploads\/2020\/09\/made-in-italy-300x200.jpg 300w, https:\/\/www.lifecityworld.com\/wp-content\/uploads\/2020\/09\/made-in-italy-580x387.jpg 580w\" sizes=\"(max-width: 600px) 100vw, 600px\" \/><\/p>\n<p>LifeCity World es un proyecto supranacional \u00fanico en el mundo, que est\u00e1 justificado en la realizaci\u00f3n de grandes ciudadelas multifuncionales inspiradas en el <strong>bienestar psicof\u00edsico de la persona<\/strong>, partiendo de la seguridad alimentaria y la calidad.<br \/>\nCada asentamiento LifeCity corresponde a un formato urbano sostenible, perfectamente escalable e integrado con especificidades locales, replicables en diferentes lugares del planeta.<\/p>\n<p>El proyecto se basa en la promoci\u00f3n y puesta en valor de <em><strong>Made in Italy<\/strong><\/em>, junto con la selecci\u00f3n y propuesta de los mejores recursos locales, tanto en el sector agroalimentario y alimentario y vitivin\u00edcola como en t\u00e9rminos de fabricaci\u00f3n, trabajo y profesionalidad empleada.<\/p>\n<p>&nbsp;<\/p>\n<\/div>\n<div class=\"cmsmasters_text\">\n<p><img loading=\"lazy\" class=\"wp-image-15344 size-full alignright\" style=\"border: 8px solid white; border-radius: 5px;\" src=\"https:\/\/www.lifecityworld.com\/wp-content\/uploads\/2020\/09\/lifecity-parco-degli-ulivi.jpg\" alt=\"\" width=\"600\" height=\"400\" srcset=\"https:\/\/www.lifecityworld.com\/wp-content\/uploads\/2020\/09\/lifecity-parco-degli-ulivi.jpg 600w, https:\/\/www.lifecityworld.com\/wp-content\/uploads\/2020\/09\/lifecity-parco-degli-ulivi-300x200.jpg 300w, https:\/\/www.lifecityworld.com\/wp-content\/uploads\/2020\/09\/lifecity-parco-degli-ulivi-580x387.jpg 580w\" sizes=\"(max-width: 600px) 100vw, 600px\" \/><\/p>\n<p>LifeCity contempla un <strong>centro asistencial sanitario y social<\/strong>, con pluralidad de servicios para la salud y el bienestar de la persona, junto a un <strong>hotel de 4 estrellas<\/strong> y un <strong>centro comercial y de exposiciones<\/strong> para la puesta en valor de excelentes productos agroalimentarios y gastron\u00f3micos. Todos esto en un contexto dominado por <strong>enormes espacios verdes<\/strong> y acompa\u00f1ado de estructuras y servicios para el ocio y el deporte.<\/p>\n<p>Cada proyecto est\u00e1 financiado por inversores privados y cumple con la colaboraci\u00f3n de productores de alta excelencia italiana e internacional, que se distinguen por procesos de producci\u00f3n \u00e9ticos y totalmente dedicados a la calidad.<\/p>\n<\/div>\n<\/div><\/div>\n<\/div>\n<\/div>\n<\/div>\n<\/div>\n<\/div>\n\n","protected":false},"excerpt":{"rendered":"","protected":false},"author":1,"featured_media":0,"parent":0,"menu_order":0,"comment_status":"closed","ping_status":"closed","template":"","meta":[],"yoast_head":"<!-- This site is optimized with the Yoast SEO plugin v15.9.2 - https:\/\/yoast.com\/wordpress\/plugins\/seo\/ -->\n<title>Qu\u00e9 - LifeCity World<\/title>\n<meta name=\"robots\" content=\"index, follow, max-snippet:-1, max-image-preview:large, max-video-preview:-1\" \/>\n<link rel=\"canonical\" href=\"https:\/\/www.lifecityworld.com\/es\/que\/\" \/>\n<meta property=\"og:locale\" content=\"es_ES\" \/>\n<meta property=\"og:type\" content=\"article\" \/>\n<meta property=\"og:title\" content=\"Qu\u00e9 - LifeCity World\" \/>\n<meta property=\"og:url\" content=\"https:\/\/www.lifecityworld.com\/es\/que\/\" \/>\n<meta property=\"og:site_name\" content=\"LifeCity World\" \/>\n<meta property=\"article:modified_time\" content=\"2021-01-18T16:09:28+00:00\" \/>\n<meta property=\"og:image\" content=\"https:\/\/www.lifecityworld.com\/wp-content\/uploads\/2020\/09\/made-in-italy.jpg\" \/>\n<meta name=\"twitter:card\" content=\"summary_large_image\" \/>\n<meta name=\"twitter:label1\" content=\"Tiempo de lectura\">\n\t<meta name=\"twitter:data1\" content=\"4 minutos\">\n<script type=\"application\/ld+json\" class=\"yoast-schema-graph\">{\"@context\":\"https:\/\/schema.org\",\"@graph\":[{\"@type\":\"WebSite\",\"@id\":\"https:\/\/www.lifecityworld.com\/#website\",\"url\":\"https:\/\/www.lifecityworld.com\/\",\"name\":\"LifeCity World\",\"description\":\"\",\"potentialAction\":[{\"@type\":\"SearchAction\",\"target\":\"https:\/\/www.lifecityworld.com\/?s={search_term_string}\",\"query-input\":\"required name=search_term_string\"}],\"inLanguage\":\"es\"},{\"@type\":\"ImageObject\",\"@id\":\"https:\/\/www.lifecityworld.com\/es\/que\/#primaryimage\",\"inLanguage\":\"es\",\"url\":\"https:\/\/www.lifecityworld.com\/wp-content\/uploads\/2020\/09\/made-in-italy.jpg\",\"width\":600,\"height\":400},{\"@type\":\"WebPage\",\"@id\":\"https:\/\/www.lifecityworld.com\/es\/que\/#webpage\",\"url\":\"https:\/\/www.lifecityworld.com\/es\/que\/\",\"name\":\"Qu\\u00e9 - LifeCity World\",\"isPartOf\":{\"@id\":\"https:\/\/www.lifecityworld.com\/#website\"},\"primaryImageOfPage\":{\"@id\":\"https:\/\/www.lifecityworld.com\/es\/que\/#primaryimage\"},\"datePublished\":\"2020-11-27T10:11:11+00:00\",\"dateModified\":\"2021-01-18T16:09:28+00:00\",\"breadcrumb\":{\"@id\":\"https:\/\/www.lifecityworld.com\/es\/que\/#breadcrumb\"},\"inLanguage\":\"es\",\"potentialAction\":[{\"@type\":\"ReadAction\",\"target\":[\"https:\/\/www.lifecityworld.com\/es\/que\/\"]}]},{\"@type\":\"BreadcrumbList\",\"@id\":\"https:\/\/www.lifecityworld.com\/es\/que\/#breadcrumb\",\"itemListElement\":[{\"@type\":\"ListItem\",\"position\":1,\"item\":{\"@type\":\"WebPage\",\"@id\":\"https:\/\/www.lifecityworld.com\/es\/\",\"url\":\"https:\/\/www.lifecityworld.com\/es\/\",\"name\":\"Home\"}},{\"@type\":\"ListItem\",\"position\":2,\"item\":{\"@type\":\"WebPage\",\"@id\":\"https:\/\/www.lifecityworld.com\/es\/que\/\",\"url\":\"https:\/\/www.lifecityworld.com\/es\/que\/\",\"name\":\"Qu\\u00e9\"}}]}]}<\/script>\n<!-- \/ Yoast SEO plugin. -->","_links":{"self":[{"href":"https:\/\/www.lifecityworld.com\/es\/wp-json\/wp\/v2\/pages\/16170"}],"collection":[{"href":"https:\/\/www.lifecityworld.com\/es\/wp-json\/wp\/v2\/pages"}],"about":[{"href":"https:\/\/www.lifecityworld.com\/es\/wp-json\/wp\/v2\/types\/page"}],"author":[{"embeddable":true,"href":"https:\/\/www.lifecityworld.com\/es\/wp-json\/wp\/v2\/users\/1"}],"replies":[{"embeddable":true,"href":"https:\/\/www.lifecityworld.com\/es\/wp-json\/wp\/v2\/comments?post=16170"}],"version-history":[{"count":6,"href":"https:\/\/www.lifecityworld.com\/es\/wp-json\/wp\/v2\/pages\/16170\/revisions"}],"predecessor-version":[{"id":16178,"href":"https:\/\/www.lifecityworld.com\/es\/wp-json\/wp\/v2\/pages\/16170\/revisions\/16178"}],"wp:attachment":[{"href":"https:\/\/www.lifecityworld.com\/es\/wp-json\/wp\/v2\/media?parent=16170"}],"curies":[{"name":"wp","href":"https:\/\/api.w.org\/{rel}","templated":true}]}}