{"id":16184,"date":"2020-11-27T11:52:03","date_gmt":"2020-11-27T10:52:03","guid":{"rendered":"https:\/\/www.lifecityworld.com\/?page_id=16184"},"modified":"2020-11-27T11:52:03","modified_gmt":"2020-11-27T10:52:03","slug":"cookie-policy","status":"publish","type":"page","link":"https:\/\/www.lifecityworld.com\/es\/cookie-policy\/","title":{"rendered":"Cookie Policy"},"content":{"rendered":"<div id=\"cmsmasters_row_\" class=\"cmsmasters_row cmsmasters_color_scheme_default cmsmasters_row_top_default cmsmasters_row_bot_default cmsmasters_row_boxed\">\n<div class=\"cmsmasters_row_outer_parent\">\n<div class=\"cmsmasters_row_outer\">\n<div class=\"cmsmasters_row_inner\">\n<div class=\"cmsmasters_row_margin\">\n<div id=\"cmsmasters_column_\" class=\"cmsmasters_column one_first\">\n<div class=\"cmsmasters_column_inner\"><div class=\"cmsmasters_text\">\n<p>Las cookies son peque\u00f1os archivos de texto almacenados en el ordenador del usuario por los sitios web. A ra\u00edz de las noticias de la Directiva 2009\/136\/CE sobre Privacidad y Comunicaciones Electr\u00f3nicas, transpuestas por el Decreto Legislativo 28\/5\/2012, n. 69, ahora es ilegal utilizar cookies para recopilar informaci\u00f3n sobre los usuarios sin obtener primero el consentimiento.<\/p>\n<p><!-- \/wp:paragraph --><\/p>\n<p><strong>C\u00f3mo usamos las cookies<\/strong><\/p>\n<p><!-- \/wp:paragraph --><\/p>\n<p>Utilizamos cookies por una serie de razones que se exponen a continuaci\u00f3n. Desafortunadamente, en la mayor\u00eda de los casos no hay procedimientos est\u00e1ndar para deshabilitar las cookies sin deshabilitar completamente las caracter\u00edsticas y caracter\u00edsticas adicionales del sitio. Es aconsejable dejar todas las cookies activas, si no est\u00e1 seguro.<\/p>\n<p><!-- \/wp:paragraph --><\/p>\n<p><strong>Desactivar Cookies<\/strong><\/p>\n<p><!-- \/wp:paragraph --><\/p>\n<p>Puede evitar el uso de cookies cambiando la configuraci\u00f3n de su navegador (consulte la gu\u00eda de su navegador sobre c\u00f3mo proceder). Tenga en cuenta que deshabilitar las cookies afectar\u00e1 a las caracter\u00edsticas de este y muchos otros sitios web que visite. La desactivaci\u00f3n de las cookies suele hacer que algunas funciones y caracter\u00edsticas del sitio se interrumpan. Por lo tanto, es aconsejable no desactivar las cookies.<\/p>\n<p><!-- \/wp:paragraph --><\/p>\n<p><strong>Por qu\u00e9 lifecityworld.com no utiliza cookies<\/strong><\/p>\n<p><!-- \/wp:paragraph --><\/p>\n<p>lifecityworld.com utiliza cookies por varias razones. Algunas cookies son esenciales, ya que no ser\u00eda posible, por ejemplo, comprar productos sin su uso.<\/p>\n<p>lifecityworld.com siempre est\u00e1 buscando maneras de mejorar su sitio web y facilitarle la recopilaci\u00f3n de informaci\u00f3n sobre sus productos. Para ello, es lifecityworld.com entender c\u00f3mo los usuarios utilizan su sitio web.<\/p>\n<p>lifecityworld.com ha clasificado las cookies que utiliza seg\u00fan el tipo de uso, en las categor\u00edas Esencial, Estad\u00edstica, Funcional y Seguimiento.<\/p>\n<p><!-- \/wp:paragraph --><\/p>\n<p><strong>C\u00f3mo notificarle y obtener su consentimiento<\/strong><\/p>\n<p><!-- \/wp:paragraph --><\/p>\n<p>Cuando visita por primera vez el sitio web de lifecityworld.com, aparece un banner en la parte inferior de la pantalla para informarle lifecityworld.com utiliza las cookies descritas en esta pol\u00edtica. El banner solicita al usuario si desea m\u00e1s informaci\u00f3n y contiene un v\u00ednculo para abrir la p\u00e1gina correspondiente. Si decide ignorar la notificaci\u00f3n y continuar utilizando el sitio web, lifecityworld.com almacenar\u00e1 una cookie en el ordenador del usuario para registrar esa elecci\u00f3n y la posterior navegaci\u00f3n del sitio web se considerar\u00e1 un consentimiento para el uso de las cookies utilizadas en el sitio web en cuesti\u00f3n.<\/p>\n<p>Si decide eliminar parcial o totalmente las cookies, debe recordarse que el uso del sitio web puede verse afectado por la eliminaci\u00f3n de cookies y, si se comparte el ordenador en el que se desactivan las cookies, dicha eliminaci\u00f3n afectar\u00e1 a todos los usuarios que utilicen dicho ordenador.<\/p>\n<p><!-- \/wp:paragraph --><\/p>\n<p><strong>Garante para la Protecci\u00f3n de Datos Personales:<\/strong><\/p>\n<p><!-- \/wp:paragraph --><\/p>\n<p><!-- wp:list --><\/p>\n<ul>\n<li>http:\/\/www.garanteprivacy.it\/web\/guest\/home\/docweb\/-\/docweb-display\/docweb\/2145979<\/li>\n<li>lifecityworld.com no se hace responsable del contenido de sitios web externos de terceros que puedan establecer o no establecer cookies.<\/li>\n<\/ul>\n<p><!-- \/wp:list --><\/p>\n<p><strong>Tipos de lifecityworld.com<\/strong><\/p>\n<p><!-- \/wp:paragraph --><\/p>\n<p><!-- wp:paragraph --><strong>Esencial<\/strong><\/p>\n<p><!-- \/wp:paragraph --><\/p>\n<p>Algunos sitios, como este comercio electr\u00f3nico (donde el consumidor tiene un carro de la compra disponible) simplemente no funcionan sin el uso de cookies y su eliminaci\u00f3n comprometer\u00eda seriamente no s\u00f3lo la experiencia del usuario en el sitio, sino tambi\u00e9n la capacidad de realizar operaciones \u00fatiles como agregar art\u00edculos al carrito y completar la fase de check-out. lifecityworld.com tiene \u00e1reas protegidas que necesita reconocer mientras navega por el usuario en el sitio web.<\/p>\n<p><!-- \/wp:paragraph --><\/p>\n<p>De acuerdo con la Directiva de la UE, las cookies que son esenciales para el uso de un sitio web tambi\u00e9n pueden utilizarse sin consentimiento; sin embargo, lifecityworld.com no quiere proporcionar a los usuarios toda la informaci\u00f3n disponible.<\/p>\n<p><!-- \/wp:paragraph --><\/p>\n<p>lifecityworld.com utiliza cookies esenciales para los siguientes fines:<\/p>\n<p><!-- \/wp:paragraph --><\/p>\n<p><!-- wp:list --><\/p>\n<ul>\n<li>Recuerde lo que el usuario orden\u00f3 al abrir otras p\u00e1ginas en una visita<\/li>\n<li>Recuerde los bienes y servicios ordenados cuando vaya a la p\u00e1gina de pago<\/li>\n<li>Identifique que el usuario ha iniciado sesi\u00f3n<\/li>\n<\/ul>\n<p><!-- \/wp:list --><\/p>\n<p>Las cookies que usted lifecityworld.com como EsencialES NO se utilizar\u00e1n para:<\/p>\n<p><!-- \/wp:paragraph --><\/p>\n<p><!-- wp:list --><\/p>\n<ul>\n<li>Recopilar informaci\u00f3n que se puede utilizar para anunciarle productos o servicios<\/li>\n<li>Recuerde sus preferencias o nombre de usuario despu\u00e9s de su visita<\/li>\n<\/ul>\n<p><!-- \/wp:list --><\/p>\n<p><strong>Estad\u00edstica<\/strong><\/p>\n<p><!-- \/wp:paragraph --><\/p>\n<p>Las cookies estad\u00edsticas recopilan informaci\u00f3n sobre c\u00f3mo el usuario utiliza el sitio web, por ejemplo: qu\u00e9 p\u00e1ginas se visitan y los errores que se pueden encontrar. Estas cookies son absolutamente an\u00f3nimas y se utilizan \u00fanicamente para lifecityworld.com para mejorar el funcionamiento de su sitio web y para comprender los intereses de los usuarios.<\/p>\n<p><!-- \/wp:paragraph --><\/p>\n<p>lifecityworld.com utiliza cookies estad\u00edsticas para los siguientes fines:<\/p>\n<p><!-- \/wp:paragraph --><\/p>\n<p><!-- wp:list --><\/p>\n<ul>\n<li>Obt\u00e9n estad\u00edsticas sobre c\u00f3mo usar tu sitio web<\/li>\n<li>Contribuir a la mejora del sitio web midiendo cualquier error que se produzca<\/li>\n<\/ul>\n<p><!-- \/wp:list --><\/p>\n<p>Las cookies que se han definido como Estad\u00edsticos NO se utilizar\u00e1n para:<\/p>\n<p><!-- \/wp:paragraph --><\/p>\n<p><!-- wp:list --><\/p>\n<ul>\n<li>Recopilar informaci\u00f3n que se puede utilizar para anunciarle productos o servicios en otros sitios web<\/li>\n<li>A veces, algunas de estas cookies son gestionadas en nombre de lifecityworld.com por terceros, pero lifecityworld.com no permite que dichos terceros utilicen cookies para fines distintos de los mencionados anteriormente.<\/li>\n<\/ul>\n<p><!-- \/wp:list --><\/p>\n<p><strong>Funcional<\/strong><\/p>\n<p><!-- \/wp:paragraph --><\/p>\n<p>Las cookies funcionales se utilizan para proporcionar servicios o recordar la configuraci\u00f3n con el fin de mejorar la visita y la experiencia del usuario en lifecityworld.com.<\/p>\n<p><!-- \/wp:paragraph --><\/p>\n<p>lifecityworld.com utiliza cookies funcionales para:<\/p>\n<p><!-- \/wp:paragraph --><\/p>\n<p><!-- wp:list --><\/p>\n<ul>\n<li>Mostrar al usuario cuando haya iniciado sesi\u00f3n en el sitio web<\/li>\n<li>Comparta informaci\u00f3n con los socios para proporcionar un servicio en el lifecityworld.com<\/li>\n<li>La informaci\u00f3n compartida se utiliza \u00fanicamente para proporcionar el servicio, producto o funcionalidad y nunca para ning\u00fan otro prop\u00f3sito<\/li>\n<\/ul>\n<p><!-- \/wp:list --><\/p>\n<p>Las cookies definidas como Funcional ES NO se utilizar\u00e1n para:<\/p>\n<p><!-- \/wp:paragraph --><\/p>\n<p><!-- wp:list --><\/p>\n<ul>\n<li>Dirigir publicidad desde otros sitios web al usuario<\/li>\n<\/ul>\n<p><!-- \/wp:list --><\/p>\n<p>Algunas de estas cookies son gestionadas en nombre de lifecityworld.com por terceros. En ese caso, no lifecityworld.com permite a dichos terceros utilizar cookies para fines distintos de los mencionados anteriormente.<\/p>\n<p><!-- \/wp:paragraph --><\/p>\n<p><strong>Gesti\u00f3n de los comentarios de los clientes<\/strong><\/p>\n<p><!-- \/wp:paragraph --><\/p>\n<p>Con el fin de mejorar la calidad y la experiencia de compra de nuestros clientes nos adherimos a una campa\u00f1a de verificaci\u00f3n de satisfacci\u00f3n llamada \u00abPrograma de confianza\u00bb.<\/p>\n<p><!-- \/wp:paragraph --><\/p>\n<p><strong>Cookies de terceros<\/strong><\/p>\n<p><!-- \/wp:paragraph --><\/p>\n<p>Google Analytics utiliza \u00abcookies\u00bb para recopilar y analizar de forma an\u00f3nima informaci\u00f3n sobre el comportamiento de uso del sitio web de lifecityworld.com (incluida su direcci\u00f3n IP). Esta informaci\u00f3n es recopilada por Google Analytics, que la procesa con el fin de elaborar informes estad\u00edsticos lifecityworld.com sobre las actividades en el sitio web. Este sitio no utiliza, y no permite que terceros utilicen, la herramienta de an\u00e1lisis de Google para supervisar o recopilar informaci\u00f3n de identificaci\u00f3n personal. Google no asocia la direcci\u00f3n IP con ning\u00fan otro dato en poder de Google ni intenta vincular una direcci\u00f3n IP con la identidad de un usuario. Google tambi\u00e9n puede divulgar esta informaci\u00f3n a terceros cuando as\u00ed lo exija la ley o cuando dichos terceros procesen la informaci\u00f3n anterior en nombre de Google. Para obtener m\u00e1s informaci\u00f3n, consulte el siguiente enlace: https:\/\/www.google.it\/policies\/privacy\/partners\/<\/p>\n<p><!-- \/wp:paragraph --><\/p>\n<p>El usuario puede desactivar selectivamente la acci\u00f3n de Google Analytics instalando en su navegador el componente de exclusi\u00f3n proporcionada por Google. Para desactivar la acci\u00f3n de Google Analytics, consulte el siguiente enlace: https:\/\/tools.google.com\/dlpage\/gaoptout<\/p>\n<p><!-- \/wp:paragraph --><\/p>\n<p><strong>Cookies utilizadas en el sitio web<\/strong><\/p>\n<p><!-- \/wp:paragraph --><\/p>\n<p><!-- wp:paragraph --><strong>Cookies de Google:<\/strong><\/p>\n<p><!-- \/wp:paragraph --><\/p>\n<p>_gat, cookies de seguimiento de terceros, duraci\u00f3n 10 minutos (utilizada para el an\u00e1lisis de visitas);<\/p>\n<p>_ga, persistentes, cookies de seguimiento de terceros, duraci\u00f3n 2 a\u00f1os (utilizado para distinguir a los usuarios).<\/p>\n<p>Otras cookies utilizadas en lifecityworld.com:<\/p>\n<p>Sesi\u00f3n, expira al final de la navegaci\u00f3n del sitio web;<\/p>\n<p>Paypal.com, cookies de seguimiento de terceros, utilizadas para los pagos;<\/p>\n<p>Gesti\u00f3n de cookies a trav\u00e9s de su navegador:<\/p>\n<p>Los usuarios pueden decidir a trav\u00e9s de la configuraci\u00f3n de su navegador si aceptan o no cookies.<\/p>\n<p>A continuaci\u00f3n, se muestra c\u00f3mo desactivar las cookies en los navegadores comunes:<\/p>\n<p>Firefox: https:\/\/support.mozilla.org\/en\/kb\/Management%20dei%20cookie<\/p>\n<p>Chrome: https:\/\/support.google.com\/chrome\/answer\/95647?hl-en<\/p>\n<p>Internet Explorer: http:\/\/windows.microsoft.com\/it-it\/internet-explorer\/delete-manage-cookies#ie=ie-11<\/p>\n<p>Trabajo: http:\/\/help.opera.com\/Windows\/10.00\/en\/cookies.html<\/p>\n<p>Safari: http:\/\/support.apple.com\/kb\/HT1677?viewlocale=it_IT<\/p>\n<p>Microsoft Edge: https:\/\/privacy.microsoft.com\/it-IT\/windows-10-microsoft-edge-and-privacy<\/p>\n<p><!-- \/wp:paragraph --><\/p>\n<p>M\u00e1s informaci\u00f3n<\/p>\n<p><!-- \/wp:paragraph --><\/p>\n<p>Lea nuestra <a href=\"informativa-privacy\">Pol\u00edtica de privacidad<\/a>.<\/p>\n<p><!-- \/wp:paragraph --><\/p>\n<p>Para obtener m\u00e1s informaci\u00f3n, utilice sus contactos en el sitio.<\/p>\n<p><!-- \/wp:paragraph --><\/p>\n<\/div>\n<\/div><\/div>\n<\/div>\n<\/div>\n<\/div>\n<\/div>\n<\/div>\n","protected":false},"excerpt":{"rendered":"","protected":false},"author":1,"featured_media":0,"parent":0,"menu_order":0,"comment_status":"closed","ping_status":"closed","template":"","meta":[],"yoast_head":"<!-- This site is optimized with the Yoast SEO plugin v15.9.2 - https:\/\/yoast.com\/wordpress\/plugins\/seo\/ -->\n<title>Cookie Policy - LifeCity World<\/title>\n<meta name=\"robots\" content=\"noindex, follow\" \/>\n<meta property=\"og:locale\" content=\"es_ES\" \/>\n<meta property=\"og:type\" content=\"article\" \/>\n<meta property=\"og:title\" content=\"Cookie Policy - LifeCity World\" \/>\n<meta property=\"og:url\" content=\"https:\/\/www.lifecityworld.com\/es\/cookie-policy\/\" \/>\n<meta property=\"og:site_name\" content=\"LifeCity World\" \/>\n<meta name=\"twitter:card\" content=\"summary_large_image\" \/>\n<meta name=\"twitter:label1\" content=\"Tiempo de lectura\">\n\t<meta name=\"twitter:data1\" content=\"7 minutos\">\n<script type=\"application\/ld+json\" class=\"yoast-schema-graph\">{\"@context\":\"https:\/\/schema.org\",\"@graph\":[{\"@type\":\"WebSite\",\"@id\":\"https:\/\/www.lifecityworld.com\/#website\",\"url\":\"https:\/\/www.lifecityworld.com\/\",\"name\":\"LifeCity World\",\"description\":\"\",\"potentialAction\":[{\"@type\":\"SearchAction\",\"target\":\"https:\/\/www.lifecityworld.com\/?s={search_term_string}\",\"query-input\":\"required name=search_term_string\"}],\"inLanguage\":\"es\"},{\"@type\":\"WebPage\",\"@id\":\"https:\/\/www.lifecityworld.com\/es\/cookie-policy\/#webpage\",\"url\":\"https:\/\/www.lifecityworld.com\/es\/cookie-policy\/\",\"name\":\"Cookie Policy - LifeCity World\",\"isPartOf\":{\"@id\":\"https:\/\/www.lifecityworld.com\/#website\"},\"datePublished\":\"2020-11-27T10:52:03+00:00\",\"dateModified\":\"2020-11-27T10:52:03+00:00\",\"breadcrumb\":{\"@id\":\"https:\/\/www.lifecityworld.com\/es\/cookie-policy\/#breadcrumb\"},\"inLanguage\":\"es\",\"potentialAction\":[{\"@type\":\"ReadAction\",\"target\":[\"https:\/\/www.lifecityworld.com\/es\/cookie-policy\/\"]}]},{\"@type\":\"BreadcrumbList\",\"@id\":\"https:\/\/www.lifecityworld.com\/es\/cookie-policy\/#breadcrumb\",\"itemListElement\":[{\"@type\":\"ListItem\",\"position\":1,\"item\":{\"@type\":\"WebPage\",\"@id\":\"https:\/\/www.lifecityworld.com\/es\/\",\"url\":\"https:\/\/www.lifecityworld.com\/es\/\",\"name\":\"Home\"}},{\"@type\":\"ListItem\",\"position\":2,\"item\":{\"@type\":\"WebPage\",\"@id\":\"https:\/\/www.lifecityworld.com\/es\/cookie-policy\/\",\"url\":\"https:\/\/www.lifecityworld.com\/es\/cookie-policy\/\",\"name\":\"Cookie Policy\"}}]}]}<\/script>\n<!-- \/ Yoast SEO plugin. -->","_links":{"self":[{"href":"https:\/\/www.lifecityworld.com\/es\/wp-json\/wp\/v2\/pages\/16184"}],"collection":[{"href":"https:\/\/www.lifecityworld.com\/es\/wp-json\/wp\/v2\/pages"}],"about":[{"href":"https:\/\/www.lifecityworld.com\/es\/wp-json\/wp\/v2\/types\/page"}],"author":[{"embeddable":true,"href":"https:\/\/www.lifecityworld.com\/es\/wp-json\/wp\/v2\/users\/1"}],"replies":[{"embeddable":true,"href":"https:\/\/www.lifecityworld.com\/es\/wp-json\/wp\/v2\/comments?post=16184"}],"version-history":[{"count":2,"href":"https:\/\/www.lifecityworld.com\/es\/wp-json\/wp\/v2\/pages\/16184\/revisions"}],"predecessor-version":[{"id":16186,"href":"https:\/\/www.lifecityworld.com\/es\/wp-json\/wp\/v2\/pages\/16184\/revisions\/16186"}],"wp:attachment":[{"href":"https:\/\/www.lifecityworld.com\/es\/wp-json\/wp\/v2\/media?parent=16184"}],"curies":[{"name":"wp","href":"https:\/\/api.w.org\/{rel}","templated":true}]}}