{"id":16187,"date":"2020-12-04T18:54:18","date_gmt":"2020-12-04T17:54:18","guid":{"rendered":"https:\/\/www.lifecityworld.com\/?page_id=16187"},"modified":"2020-12-04T18:54:18","modified_gmt":"2020-12-04T17:54:18","slug":"donde-es","status":"publish","type":"page","link":"https:\/\/www.lifecityworld.com\/es\/donde-es\/","title":{"rendered":"Donde es"},"content":{"rendered":"<div id=\"cmsmasters_row_3h8axrcs\" class=\"cmsmasters_row cmsmasters_color_scheme_default blocco-titolo-mob cmsmasters_row_top_default cmsmasters_row_bot_default cmsmasters_row_boxed\">\n<div class=\"cmsmasters_row_outer_parent\">\n<div class=\"cmsmasters_row_outer\">\n<div class=\"cmsmasters_row_inner\">\n<div class=\"cmsmasters_row_margin\">\n<div id=\"cmsmasters_column_52148c5d6b\" class=\"cmsmasters_column one_first\">\n<div class=\"cmsmasters_column_inner\"><div id=\"cmsmasters_heading_8x8zg0g316\" class=\"cmsmasters_heading_wrap cmsmasters_heading_align_center\">\n\t<h1 class=\"cmsmasters_heading\">Donde es<\/h1>\n<\/div><div class=\"cmsmasters_text fascione\">\n<p>LifeCity es un <strong>formato de planificaci\u00f3n urbana<\/strong> que se puede rechazar en cualquier lugar, una idea de la ciudad de un hombre a la escala del hombre contempor\u00e1neo. Su ubicaci\u00f3n est\u00e1 pensada para ser siempre correcta y armoniosa en cada tejido urbano, respetando los usos y recursos del \u00e1mbito local e integr\u00e1ndose en los planes urban\u00edsticos de las ciudades de destino. Para todos los casos, de hecho, el proyecto est\u00e1 sujeto a la <strong>autorizaci\u00f3n<\/strong> expresa de las instituciones locales, la cual se expide siguiendo un proceso administrativo regular.<\/p>\n<\/div>\n<\/div><\/div>\n<\/div>\n<\/div>\n<\/div>\n<\/div>\n<\/div>\n<div id=\"cmsmasters_row_0on29i6tm\" class=\"cmsmasters_row cmsmasters_color_scheme_default blocco-img-mob cmsmasters_row_top_default cmsmasters_row_bot_default cmsmasters_row_boxed\">\n<div class=\"cmsmasters_row_outer_parent\">\n<div class=\"cmsmasters_row_outer\">\n<div class=\"cmsmasters_row_inner\">\n<div class=\"cmsmasters_row_margin\">\n<div id=\"cmsmasters_column_y24u0f36aa\" class=\"cmsmasters_column one_first\">\n<div class=\"cmsmasters_column_inner\"><div class=\"cmsmasters_img  cmsmasters_image_n\"><img src=\"https:\/\/www.lifecityworld.com\/wp-content\/uploads\/2020\/09\/logo-lifecity.jpg\" \/><\/div>\n<\/div><\/div>\n<\/div>\n<\/div>\n<\/div>\n<\/div>\n<\/div>\n<div id=\"cmsmasters_row_k73x3wfih\" class=\"cmsmasters_row cmsmasters_color_scheme_default blocco-titolo-mob cmsmasters_row_top_default cmsmasters_row_bot_default cmsmasters_row_boxed\">\n<div class=\"cmsmasters_row_outer_parent\">\n<div class=\"cmsmasters_row_outer\">\n<div class=\"cmsmasters_row_inner\">\n<div class=\"cmsmasters_row_margin\">\n<div id=\"cmsmasters_column_aje8511zzp\" class=\"cmsmasters_column one_first\">\n<div class=\"cmsmasters_column_inner\"><div class=\"cmsmasters_text fascione\">\n<p>En Italia, el formato toma el nombre de LifeCity Parco degli Ulivi, tomando como referencia simb\u00f3lica el \u00e1rbol principal del paisaje mediterr\u00e1neo. El primer proyecto italiano ser\u00e1 el de <a href=\"https:\/\/www.lifecityworld.com\/es\/san-pancrazio-salentino\/\"><strong>San Pancrazio Salentino<\/strong><\/a>, en la provincia de Brindisi.<\/p>\n<p>La presentaci\u00f3n de nuevos proyectos est\u00e1 en curso en varias otras ciudades italianas, mientras que las condiciones de viabilidad urban\u00edstica a\u00fan se est\u00e1n estudiando para muchos centros extranjeros.<br \/>\nEstoy en la \u00f3rbita de los proyectos LifeCity:<\/p>\n<ul style=\"column-count: 2; padding: 0 10px;\">\n<li>Milano<\/li>\n<li>Torino<\/li>\n<li>Pistoia<\/li>\n<li>Roma<\/li>\n<li>Bari<\/li>\n<li>Brindisi<\/li>\n<li>Monaco di Baviera<\/li>\n<li>Francoforte<\/li>\n<li>Lione<\/li>\n<li>Londra<\/li>\n<li>Parigi<\/li>\n<li>Barcellona<\/li>\n<li>Zurigo<\/li>\n<li>Ginevra<\/li>\n<li>Riga<\/li>\n<li>New York<\/li>\n<li>San Francisco<\/li>\n<li>Las Vegas<\/li>\n<li>Miami<\/li>\n<li>Dallas<\/li>\n<li>Mosca<\/li>\n<li>Tokyo<\/li>\n<\/ul>\n<\/div>\n<\/div><\/div>\n<\/div>\n<\/div>\n<\/div>\n<\/div>\n<\/div>\n<div id=\"cmsmasters_row_qxsxsxpi9d\" class=\"cmsmasters_row cmsmasters_color_scheme_default blocco-img-mob cmsmasters_row_top_default cmsmasters_row_bot_default cmsmasters_row_boxed\">\n<div class=\"cmsmasters_row_outer_parent\">\n<div class=\"cmsmasters_row_outer\">\n<div class=\"cmsmasters_row_inner\">\n<div class=\"cmsmasters_row_margin\">\n<div id=\"cmsmasters_column_ibvw3ytgko\" class=\"cmsmasters_column one_first\">\n<div class=\"cmsmasters_column_inner\"><div class=\"cmsmasters_text\">\n<iframe src=\"https:\/\/www.google.com\/maps\/d\/embed?mid=1fpA7Ekh2lA5DEJOpHxNvFuY1iD1GY-bS\" width=\"100%\" height=\"400\"><\/iframe>\n<\/div>\n<\/div><\/div>\n<\/div>\n<\/div>\n<\/div>\n<\/div>\n<\/div>\n<div id=\"cmsmasters_row_mv5204x3fg\" class=\"cmsmasters_row cmsmasters_color_scheme_default blocco-titolo-img-desk cmsmasters_row_top_default cmsmasters_row_bot_default cmsmasters_row_boxed\">\n<div class=\"cmsmasters_row_outer_parent\">\n<div class=\"cmsmasters_row_outer\">\n<div class=\"cmsmasters_row_inner\">\n<div class=\"cmsmasters_row_margin\">\n<div id=\"cmsmasters_column_bfd7c3ff06\" class=\"cmsmasters_column one_first\">\n<div class=\"cmsmasters_column_inner\"><div id=\"cmsmasters_heading_6xsiwo4knl\" class=\"cmsmasters_heading_wrap cmsmasters_heading_align_center\">\n\t<h1 class=\"cmsmasters_heading\">Donde es<\/h1>\n<\/div><div class=\"cmsmasters_text\">\n<p><img loading=\"lazy\" class=\"wp-image-15333 size-full alignleft\" style=\"border: 8px solid white; border-radius: 5px;\" src=\"https:\/\/www.lifecityworld.com\/wp-content\/uploads\/2020\/09\/logo-lifecity.jpg\" alt=\"\" width=\"600\" height=\"400\" srcset=\"https:\/\/www.lifecityworld.com\/wp-content\/uploads\/2020\/09\/logo-lifecity.jpg 600w, https:\/\/www.lifecityworld.com\/wp-content\/uploads\/2020\/09\/logo-lifecity-300x200.jpg 300w, https:\/\/www.lifecityworld.com\/wp-content\/uploads\/2020\/09\/logo-lifecity-580x387.jpg 580w\" sizes=\"(max-width: 600px) 100vw, 600px\" \/><\/p>\n<p>LifeCity es un <strong>formato de planificaci\u00f3n urbana<\/strong> que se puede rechazar en cualquier lugar, una idea de la ciudad de un hombre a la escala del hombre contempor\u00e1neo. Su ubicaci\u00f3n est\u00e1 pensada para ser siempre correcta y armoniosa en cada tejido urbano, respetando los usos y recursos del \u00e1mbito local e integr\u00e1ndose en los planes urban\u00edsticos de las ciudades de destino. Para todos los casos, de hecho, el proyecto est\u00e1 sujeto a la <strong>autorizaci\u00f3n<\/strong> expresa de las instituciones locales, la cual se expide siguiendo un proceso administrativo regular.<\/p>\n<p>En Italia, el formato toma el nombre de LifeCity Parco degli Ulivi, tomando como referencia simb\u00f3lica el \u00e1rbol principal del paisaje mediterr\u00e1neo. El primer proyecto italiano ser\u00e1 el de <a href=\"https:\/\/www.lifecityworld.com\/es\/san-pancrazio-salentino\/\"><strong>San Pancrazio Salentino<\/strong><\/a>, en la provincia de Brindisi.<\/p>\n<\/div>\n<\/div><\/div>\n<\/div>\n<\/div>\n<\/div>\n<\/div>\n<\/div>\n<div id=\"cmsmasters_row_irefl7hib5\" class=\"cmsmasters_row cmsmasters_color_scheme_default blocco-titolo-img-desk cmsmasters_row_top_default cmsmasters_row_bot_default cmsmasters_row_boxed\">\n<div class=\"cmsmasters_row_outer_parent\">\n<div class=\"cmsmasters_row_outer\">\n<div class=\"cmsmasters_row_inner\">\n<div class=\"cmsmasters_row_margin\">\n<div id=\"cmsmasters_column_t4pl2r3k22\" class=\"cmsmasters_column one_first\">\n<div class=\"cmsmasters_column_inner\"><div class=\"cmsmasters_text\">\n<p>La presentaci\u00f3n de nuevos proyectos est\u00e1 en curso en varias otras ciudades italianas, mientras que las condiciones de viabilidad urban\u00edstica a\u00fan se est\u00e1n estudiando para muchos centros extranjeros.<\/p>\n<p>Sono nell\u2019orbita dei progetti LifeCity:<\/p>\n<ul style=\"column-count: 2; padding: 0 10px;\">\n<li>Milano<\/li>\n<li>Torino<\/li>\n<li>Pistoia<\/li>\n<li>Roma<\/li>\n<li>Bari<\/li>\n<li>Brindisi<\/li>\n<li>Monaco di Baviera<\/li>\n<li>Francoforte<\/li>\n<li>Lione<\/li>\n<li>Londra<\/li>\n<li>Parigi<\/li>\n<li>Barcellona<\/li>\n<li>Zurigo<\/li>\n<li>Ginevra<\/li>\n<li>Riga<\/li>\n<li>New York<\/li>\n<li>San Francisco<\/li>\n<li>Las Vegas<\/li>\n<li>Miami<\/li>\n<li>Dallas<\/li>\n<li>Mosca<\/li>\n<li>Tokyo<\/li>\n<\/ul>\n<p>&nbsp;<\/p>\n<\/div>\n<div class=\"cmsmasters_text\">\n<iframe src=\"https:\/\/www.google.com\/maps\/d\/embed?mid=1fpA7Ekh2lA5DEJOpHxNvFuY1iD1GY-bS\" width=\"100%\" height=\"450\"><\/iframe>\n<\/div>\n<\/div><\/div>\n<\/div>\n<\/div>\n<\/div>\n<\/div>\n<\/div>\n\n","protected":false},"excerpt":{"rendered":"","protected":false},"author":1,"featured_media":0,"parent":0,"menu_order":0,"comment_status":"closed","ping_status":"closed","template":"","meta":[],"yoast_head":"<!-- This site is optimized with the Yoast SEO plugin v15.9.2 - https:\/\/yoast.com\/wordpress\/plugins\/seo\/ -->\n<title>Donde es - LifeCity World<\/title>\n<meta name=\"robots\" content=\"index, follow, max-snippet:-1, max-image-preview:large, max-video-preview:-1\" \/>\n<link rel=\"canonical\" href=\"https:\/\/www.lifecityworld.com\/es\/donde-es\/\" \/>\n<meta property=\"og:locale\" content=\"es_ES\" \/>\n<meta property=\"og:type\" content=\"article\" \/>\n<meta property=\"og:title\" content=\"Donde es - LifeCity World\" \/>\n<meta property=\"og:url\" content=\"https:\/\/www.lifecityworld.com\/es\/donde-es\/\" \/>\n<meta property=\"og:site_name\" content=\"LifeCity World\" \/>\n<meta property=\"og:image\" content=\"https:\/\/www.lifecityworld.com\/wp-content\/uploads\/2020\/09\/logo-lifecity.jpg\" \/>\n<meta name=\"twitter:card\" content=\"summary_large_image\" \/>\n<meta name=\"twitter:label1\" content=\"Tiempo de lectura\">\n\t<meta name=\"twitter:data1\" content=\"5 minutos\">\n<script type=\"application\/ld+json\" class=\"yoast-schema-graph\">{\"@context\":\"https:\/\/schema.org\",\"@graph\":[{\"@type\":\"WebSite\",\"@id\":\"https:\/\/www.lifecityworld.com\/#website\",\"url\":\"https:\/\/www.lifecityworld.com\/\",\"name\":\"LifeCity World\",\"description\":\"\",\"potentialAction\":[{\"@type\":\"SearchAction\",\"target\":\"https:\/\/www.lifecityworld.com\/?s={search_term_string}\",\"query-input\":\"required name=search_term_string\"}],\"inLanguage\":\"es\"},{\"@type\":\"ImageObject\",\"@id\":\"https:\/\/www.lifecityworld.com\/es\/donde-es\/#primaryimage\",\"inLanguage\":\"es\",\"url\":\"https:\/\/www.lifecityworld.com\/wp-content\/uploads\/2020\/09\/logo-lifecity.jpg\",\"width\":600,\"height\":400},{\"@type\":\"WebPage\",\"@id\":\"https:\/\/www.lifecityworld.com\/es\/donde-es\/#webpage\",\"url\":\"https:\/\/www.lifecityworld.com\/es\/donde-es\/\",\"name\":\"Donde es - LifeCity World\",\"isPartOf\":{\"@id\":\"https:\/\/www.lifecityworld.com\/#website\"},\"primaryImageOfPage\":{\"@id\":\"https:\/\/www.lifecityworld.com\/es\/donde-es\/#primaryimage\"},\"datePublished\":\"2020-12-04T17:54:18+00:00\",\"dateModified\":\"2020-12-04T17:54:18+00:00\",\"breadcrumb\":{\"@id\":\"https:\/\/www.lifecityworld.com\/es\/donde-es\/#breadcrumb\"},\"inLanguage\":\"es\",\"potentialAction\":[{\"@type\":\"ReadAction\",\"target\":[\"https:\/\/www.lifecityworld.com\/es\/donde-es\/\"]}]},{\"@type\":\"BreadcrumbList\",\"@id\":\"https:\/\/www.lifecityworld.com\/es\/donde-es\/#breadcrumb\",\"itemListElement\":[{\"@type\":\"ListItem\",\"position\":1,\"item\":{\"@type\":\"WebPage\",\"@id\":\"https:\/\/www.lifecityworld.com\/es\/\",\"url\":\"https:\/\/www.lifecityworld.com\/es\/\",\"name\":\"Home\"}},{\"@type\":\"ListItem\",\"position\":2,\"item\":{\"@type\":\"WebPage\",\"@id\":\"https:\/\/www.lifecityworld.com\/es\/donde-es\/\",\"url\":\"https:\/\/www.lifecityworld.com\/es\/donde-es\/\",\"name\":\"Donde es\"}}]}]}<\/script>\n<!-- \/ Yoast SEO plugin. -->","_links":{"self":[{"href":"https:\/\/www.lifecityworld.com\/es\/wp-json\/wp\/v2\/pages\/16187"}],"collection":[{"href":"https:\/\/www.lifecityworld.com\/es\/wp-json\/wp\/v2\/pages"}],"about":[{"href":"https:\/\/www.lifecityworld.com\/es\/wp-json\/wp\/v2\/types\/page"}],"author":[{"embeddable":true,"href":"https:\/\/www.lifecityworld.com\/es\/wp-json\/wp\/v2\/users\/1"}],"replies":[{"embeddable":true,"href":"https:\/\/www.lifecityworld.com\/es\/wp-json\/wp\/v2\/comments?post=16187"}],"version-history":[{"count":2,"href":"https:\/\/www.lifecityworld.com\/es\/wp-json\/wp\/v2\/pages\/16187\/revisions"}],"predecessor-version":[{"id":16273,"href":"https:\/\/www.lifecityworld.com\/es\/wp-json\/wp\/v2\/pages\/16187\/revisions\/16273"}],"wp:attachment":[{"href":"https:\/\/www.lifecityworld.com\/es\/wp-json\/wp\/v2\/media?parent=16187"}],"curies":[{"name":"wp","href":"https:\/\/api.w.org\/{rel}","templated":true}]}}