{"id":16524,"date":"2021-01-18T13:11:02","date_gmt":"2021-01-18T12:11:02","guid":{"rendered":"https:\/\/www.lifecityworld.com\/?page_id=16524"},"modified":"2021-01-18T15:14:48","modified_gmt":"2021-01-18T14:14:48","slug":"sistema-lifecity-world","status":"publish","type":"page","link":"https:\/\/www.lifecityworld.com\/es\/sistema-lifecity-world\/","title":{"rendered":"Sistema LifeCity World"},"content":{"rendered":"<div id=\"cmsmasters_row_xsp5myvxet\" class=\"cmsmasters_row cmsmasters_color_scheme_default blocco-titolo-mob cmsmasters_row_top_default cmsmasters_row_bot_default cmsmasters_row_boxed\">\n<div class=\"cmsmasters_row_outer_parent\">\n<div class=\"cmsmasters_row_outer\">\n<div class=\"cmsmasters_row_inner\">\n<div class=\"cmsmasters_row_margin\">\n<div id=\"cmsmasters_column_52148c5d6b\" class=\"cmsmasters_column one_first\">\n<div class=\"cmsmasters_column_inner\"><div id=\"cmsmasters_heading_yby6ce9mf\" class=\"cmsmasters_heading_wrap cmsmasters_heading_align_center\">\n\t<h1 class=\"cmsmasters_heading\">Sistema LifeCity World<\/h1>\n<\/div><div class=\"cmsmasters_text fascione\">\n<p>Toda la Vida Del Mundo Est\u00e1 representada por la marca principal <strong>LifeCity World<\/strong>, que representa el alcance internacional de todo el proyecto y susactores. La marca (de la que pertenece <strong>MSC Innovative Solutions<\/strong>), dehecho, re\u00fane tanto a socios y patrocinadores de renombre mundial como a operadores econ\u00f3micos locales, todos capaces de garantizar la seguridad y la calidad de los productos y servicios dentro de las ciudadelas de LifeCity.<\/p>\n<p>En cada contexto, LifeCity mejorar\u00e1 sus productos locales y h\u00e1bitos alimenticios locales, integr\u00e1ndolos en la cadena de suministro y organizaci\u00f3n general de LifeCity World. Salas de exposici\u00f3n de alimentos y vinos, tiendas de artesan\u00eda, servicios de restauraci\u00f3n y liquidaci\u00f3n LifeCity corresponder\u00e1 a esta calidad organizativa y <strong>procesos de producci\u00f3n y gesti\u00f3n \u00e9ticos y sostenibles<\/strong>.<\/p>\n<\/div>\n<\/div><\/div>\n<\/div>\n<\/div>\n<\/div>\n<\/div>\n<\/div>\n<div id=\"cmsmasters_row_smawucy00b\" class=\"cmsmasters_row cmsmasters_color_scheme_default blocco-img-mob cmsmasters_row_top_default cmsmasters_row_bot_default cmsmasters_row_boxed\">\n<div class=\"cmsmasters_row_outer_parent\">\n<div class=\"cmsmasters_row_outer\">\n<div class=\"cmsmasters_row_inner\">\n<div class=\"cmsmasters_row_margin\">\n<div id=\"cmsmasters_column_y24u0f36aa\" class=\"cmsmasters_column one_first\">\n<div class=\"cmsmasters_column_inner\"><div class=\"cmsmasters_img  cmsmasters_image_n\"><img src=\"https:\/\/www.lifecityworld.com\/wp-content\/uploads\/2020\/09\/logo-lifecity-world-1.jpg\" \/><\/div>\n<\/div><\/div>\n<\/div>\n<\/div>\n<\/div>\n<\/div>\n<\/div>\n<div id=\"cmsmasters_row_7kl9ibjasm\" class=\"cmsmasters_row cmsmasters_color_scheme_default blocco-titolo-mob cmsmasters_row_top_default cmsmasters_row_bot_default cmsmasters_row_boxed\">\n<div class=\"cmsmasters_row_outer_parent\">\n<div class=\"cmsmasters_row_outer\">\n<div class=\"cmsmasters_row_inner\">\n<div class=\"cmsmasters_row_margin\">\n<div id=\"cmsmasters_column_aje8511zzp\" class=\"cmsmasters_column one_first\">\n<div class=\"cmsmasters_column_inner\"><div class=\"cmsmasters_text fascione\">\n<p>En particular, la gran \u00e1rea integrada equipada comercial, con servicios adjuntos, prevista en cada proyecto LifeCity, ser\u00e1 la primera instalaci\u00f3n en el mundo que se organizar\u00e1 en l\u00ednea, con una fuerza de trabajo a disposici\u00f3n de los socios \u00edntegramente en el trabajo <em><strong>Smart working<\/strong><\/em>.<\/p>\n<p>LifeCity World ser\u00e1 principalmente una plataforma log\u00edstica y comercial, basada en intercambios en l\u00ednea garantizados por un sistema <em><strong>blockchain<\/strong><\/em>, que tambi\u00e9n se puede controlar a trav\u00e9s de una aplicaci\u00f3n. Junto a ella habr\u00e1 estructuras f\u00edsicas para la preparaci\u00f3n y envasado de los productos, que tambi\u00e9n se encuentran en otra zona territorial en comparaci\u00f3n con la de la insistencia de cada ciudadela.<\/p>\n<\/div>\n<\/div><\/div>\n<\/div>\n<\/div>\n<\/div>\n<\/div>\n<\/div>\n<div id=\"cmsmasters_row_eni0uikiwl\" class=\"cmsmasters_row cmsmasters_color_scheme_default blocco-img-mob cmsmasters_row_top_default cmsmasters_row_bot_default cmsmasters_row_boxed\">\n<div class=\"cmsmasters_row_outer_parent\">\n<div class=\"cmsmasters_row_outer\">\n<div class=\"cmsmasters_row_inner\">\n<div class=\"cmsmasters_row_margin\">\n<div id=\"cmsmasters_column_3vqgf3a55\" class=\"cmsmasters_column one_first\">\n<div class=\"cmsmasters_column_inner\"><div class=\"cmsmasters_img  cmsmasters_image_n\"><img src=\"https:\/\/www.lifecityworld.com\/wp-content\/uploads\/2020\/09\/blockchain.jpg\" \/><\/div>\n<\/div><\/div>\n<\/div>\n<\/div>\n<\/div>\n<\/div>\n<\/div>\n<div id=\"cmsmasters_row_ksee9a0ftm\" class=\"cmsmasters_row cmsmasters_color_scheme_default blocco-titolo-img-desk cmsmasters_row_top_default cmsmasters_row_bot_default cmsmasters_row_boxed\">\n<div class=\"cmsmasters_row_outer_parent\">\n<div class=\"cmsmasters_row_outer\">\n<div class=\"cmsmasters_row_inner\">\n<div class=\"cmsmasters_row_margin\">\n<div id=\"cmsmasters_column_bfd7c3ff06\" class=\"cmsmasters_column one_first\">\n<div class=\"cmsmasters_column_inner\"><div id=\"cmsmasters_heading_27m65u07s2\" class=\"cmsmasters_heading_wrap cmsmasters_heading_align_center\">\n\t<h1 class=\"cmsmasters_heading\">Sistema LifeCity World<\/h1>\n<\/div><div class=\"cmsmasters_text\">\n<p><img loading=\"lazy\" class=\"wp-image-15336 size-full alignleft\" style=\"border: 8px solid white; border-radius: 5px;\" src=\"https:\/\/www.lifecityworld.com\/wp-content\/uploads\/2020\/09\/logo-lifecity-world-1.jpg\" alt=\"\" width=\"600\" height=\"400\" srcset=\"https:\/\/www.lifecityworld.com\/wp-content\/uploads\/2020\/09\/logo-lifecity-world-1.jpg 600w, https:\/\/www.lifecityworld.com\/wp-content\/uploads\/2020\/09\/logo-lifecity-world-1-300x200.jpg 300w, https:\/\/www.lifecityworld.com\/wp-content\/uploads\/2020\/09\/logo-lifecity-world-1-580x387.jpg 580w\" sizes=\"(max-width: 600px) 100vw, 600px\" \/><\/p>\n<p>Toda la Vida Del Mundo Est\u00e1 representada por la marca principal <strong>LifeCity World<\/strong>, que representa el alcance internacional de todo el proyecto y susactores. La marca (de la que pertenece <strong>MSC Innovative Solutions<\/strong>), dehecho, re\u00fane tanto a socios y patrocinadores de renombre mundial como a operadores econ\u00f3micos locales, todos capaces de garantizar la seguridad y la calidad de los productos y servicios dentro de las ciudadelas de LifeCity.<\/p>\n<p>En cada contexto, LifeCity mejorar\u00e1 sus productos locales y h\u00e1bitos alimenticios locales, integr\u00e1ndolos en la cadena de suministro y organizaci\u00f3n general de LifeCity World. Salas de exposici\u00f3n de alimentos y vinos, tiendas de artesan\u00eda, servicios de restauraci\u00f3n y liquidaci\u00f3n LifeCity corresponder\u00e1 a esta calidad organizativa y <strong>procesos de producci\u00f3n y gesti\u00f3n \u00e9ticos y sostenibles<\/strong>.<\/p>\n<p>&nbsp;<\/p>\n<p>&nbsp;<\/p>\n<\/div>\n<div id=\"cmsmasters_divider_ayi1ak2h5m\" class=\"cl\"><\/div>\n<div class=\"cmsmasters_text\">\n<p><img loading=\"lazy\" class=\"wp-image-15351 size-full alignright\" style=\"border: 8px solid white; border-radius: 5px;\" src=\"https:\/\/www.lifecityworld.com\/wp-content\/uploads\/2020\/09\/blockchain.jpg\" alt=\"\" width=\"600\" height=\"400\" srcset=\"https:\/\/www.lifecityworld.com\/wp-content\/uploads\/2020\/09\/blockchain.jpg 600w, https:\/\/www.lifecityworld.com\/wp-content\/uploads\/2020\/09\/blockchain-300x200.jpg 300w, https:\/\/www.lifecityworld.com\/wp-content\/uploads\/2020\/09\/blockchain-580x387.jpg 580w\" sizes=\"(max-width: 600px) 100vw, 600px\" \/><\/p>\n<p>En particular, la gran \u00e1rea integrada equipada comercial, con servicios adjuntos, prevista en cada proyecto LifeCity, ser\u00e1 la primera instalaci\u00f3n en el mundo que se organizar\u00e1 en l\u00ednea, con una fuerza de trabajo a disposici\u00f3n de los socios \u00edntegramente en el trabajo <em><strong>Smart working<\/strong><\/em>.<\/p>\n<p>LifeCity World ser\u00e1 principalmente una plataforma log\u00edstica y comercial, basada en intercambios en l\u00ednea garantizados por un sistema <em><strong>blockchain<\/strong><\/em>, que tambi\u00e9n se puede controlar a trav\u00e9s de una aplicaci\u00f3n. Junto a ella habr\u00e1 estructuras f\u00edsicas para la preparaci\u00f3n y envasado de los productos, que tambi\u00e9n se encuentran en otra zona territorial en comparaci\u00f3n con la de la insistencia de cada ciudadela.<\/p>\n<p>&nbsp;<\/p>\n<p>&nbsp;<\/p>\n<p>&nbsp;<\/p>\n<p>&nbsp;<\/p>\n<\/div>\n<\/div><\/div>\n<\/div>\n<\/div>\n<\/div>\n<\/div>\n<\/div>\n\n","protected":false},"excerpt":{"rendered":"","protected":false},"author":1,"featured_media":0,"parent":0,"menu_order":0,"comment_status":"closed","ping_status":"closed","template":"","meta":[],"yoast_head":"<!-- This site is optimized with the Yoast SEO plugin v15.9.2 - https:\/\/yoast.com\/wordpress\/plugins\/seo\/ -->\n<title>Sistema LifeCity World - LifeCity World<\/title>\n<meta name=\"robots\" content=\"index, follow, max-snippet:-1, max-image-preview:large, max-video-preview:-1\" \/>\n<link rel=\"canonical\" href=\"https:\/\/www.lifecityworld.com\/es\/sistema-lifecity-world\/\" \/>\n<meta property=\"og:locale\" content=\"es_ES\" \/>\n<meta property=\"og:type\" content=\"article\" \/>\n<meta property=\"og:title\" content=\"Sistema LifeCity World - LifeCity World\" \/>\n<meta property=\"og:url\" content=\"https:\/\/www.lifecityworld.com\/es\/sistema-lifecity-world\/\" \/>\n<meta property=\"og:site_name\" content=\"LifeCity World\" \/>\n<meta property=\"article:modified_time\" content=\"2021-01-18T14:14:48+00:00\" \/>\n<meta property=\"og:image\" content=\"https:\/\/www.lifecityworld.com\/wp-content\/uploads\/2020\/09\/logo-lifecity-world-1.jpg\" \/>\n<meta name=\"twitter:card\" content=\"summary_large_image\" \/>\n<meta name=\"twitter:label1\" content=\"Tiempo de lectura\">\n\t<meta name=\"twitter:data1\" content=\"3 minutos\">\n<script type=\"application\/ld+json\" class=\"yoast-schema-graph\">{\"@context\":\"https:\/\/schema.org\",\"@graph\":[{\"@type\":\"WebSite\",\"@id\":\"https:\/\/www.lifecityworld.com\/#website\",\"url\":\"https:\/\/www.lifecityworld.com\/\",\"name\":\"LifeCity World\",\"description\":\"\",\"potentialAction\":[{\"@type\":\"SearchAction\",\"target\":\"https:\/\/www.lifecityworld.com\/?s={search_term_string}\",\"query-input\":\"required name=search_term_string\"}],\"inLanguage\":\"es\"},{\"@type\":\"ImageObject\",\"@id\":\"https:\/\/www.lifecityworld.com\/es\/sistema-lifecity-world\/#primaryimage\",\"inLanguage\":\"es\",\"url\":\"https:\/\/www.lifecityworld.com\/wp-content\/uploads\/2020\/09\/logo-lifecity-world-1.jpg\",\"width\":600,\"height\":400},{\"@type\":\"WebPage\",\"@id\":\"https:\/\/www.lifecityworld.com\/es\/sistema-lifecity-world\/#webpage\",\"url\":\"https:\/\/www.lifecityworld.com\/es\/sistema-lifecity-world\/\",\"name\":\"Sistema LifeCity World - LifeCity World\",\"isPartOf\":{\"@id\":\"https:\/\/www.lifecityworld.com\/#website\"},\"primaryImageOfPage\":{\"@id\":\"https:\/\/www.lifecityworld.com\/es\/sistema-lifecity-world\/#primaryimage\"},\"datePublished\":\"2021-01-18T12:11:02+00:00\",\"dateModified\":\"2021-01-18T14:14:48+00:00\",\"breadcrumb\":{\"@id\":\"https:\/\/www.lifecityworld.com\/es\/sistema-lifecity-world\/#breadcrumb\"},\"inLanguage\":\"es\",\"potentialAction\":[{\"@type\":\"ReadAction\",\"target\":[\"https:\/\/www.lifecityworld.com\/es\/sistema-lifecity-world\/\"]}]},{\"@type\":\"BreadcrumbList\",\"@id\":\"https:\/\/www.lifecityworld.com\/es\/sistema-lifecity-world\/#breadcrumb\",\"itemListElement\":[{\"@type\":\"ListItem\",\"position\":1,\"item\":{\"@type\":\"WebPage\",\"@id\":\"https:\/\/www.lifecityworld.com\/es\/\",\"url\":\"https:\/\/www.lifecityworld.com\/es\/\",\"name\":\"Home\"}},{\"@type\":\"ListItem\",\"position\":2,\"item\":{\"@type\":\"WebPage\",\"@id\":\"https:\/\/www.lifecityworld.com\/es\/sistema-lifecity-world\/\",\"url\":\"https:\/\/www.lifecityworld.com\/es\/sistema-lifecity-world\/\",\"name\":\"Sistema LifeCity World\"}}]}]}<\/script>\n<!-- \/ Yoast SEO plugin. -->","_links":{"self":[{"href":"https:\/\/www.lifecityworld.com\/es\/wp-json\/wp\/v2\/pages\/16524"}],"collection":[{"href":"https:\/\/www.lifecityworld.com\/es\/wp-json\/wp\/v2\/pages"}],"about":[{"href":"https:\/\/www.lifecityworld.com\/es\/wp-json\/wp\/v2\/types\/page"}],"author":[{"embeddable":true,"href":"https:\/\/www.lifecityworld.com\/es\/wp-json\/wp\/v2\/users\/1"}],"replies":[{"embeddable":true,"href":"https:\/\/www.lifecityworld.com\/es\/wp-json\/wp\/v2\/comments?post=16524"}],"version-history":[{"count":4,"href":"https:\/\/www.lifecityworld.com\/es\/wp-json\/wp\/v2\/pages\/16524\/revisions"}],"predecessor-version":[{"id":16530,"href":"https:\/\/www.lifecityworld.com\/es\/wp-json\/wp\/v2\/pages\/16524\/revisions\/16530"}],"wp:attachment":[{"href":"https:\/\/www.lifecityworld.com\/es\/wp-json\/wp\/v2\/media?parent=16524"}],"curies":[{"name":"wp","href":"https:\/\/api.w.org\/{rel}","templated":true}]}}