{"id":16539,"date":"2021-01-18T15:41:42","date_gmt":"2021-01-18T14:41:42","guid":{"rendered":"https:\/\/www.lifecityworld.com\/?page_id=16539"},"modified":"2021-01-18T15:46:44","modified_gmt":"2021-01-18T14:46:44","slug":"san-pancrazio-salentino","status":"publish","type":"page","link":"https:\/\/www.lifecityworld.com\/es\/san-pancrazio-salentino\/","title":{"rendered":"San Pancrazio Salentino"},"content":{"rendered":"<div id=\"cmsmasters_row_5c29kcsdcq\" class=\"cmsmasters_row cmsmasters_color_scheme_default blocco-titolo-mob cmsmasters_row_top_default cmsmasters_row_bot_default cmsmasters_row_boxed\">\n<div class=\"cmsmasters_row_outer_parent\">\n<div class=\"cmsmasters_row_outer\">\n<div class=\"cmsmasters_row_inner\">\n<div class=\"cmsmasters_row_margin\">\n<div id=\"cmsmasters_column_52148c5d6b\" class=\"cmsmasters_column one_first\">\n<div class=\"cmsmasters_column_inner\"><div id=\"cmsmasters_heading_itjp2jdgxl\" class=\"cmsmasters_heading_wrap cmsmasters_heading_align_center\">\n\t<h1 class=\"cmsmasters_heading\">San Pancrazio Salentino<\/h1>\n<\/div><div class=\"cmsmasters_text fascione\">\n<p style=\"text-align: justify; font-size: 16px; line-height: 26px;\"><span style=\"color: #555;\">El primer proyecto italiano llamado <strong>LifeCity Parco degli Ulivi<\/strong> ser\u00e1 el de <strong>San Pancrazio Salentino<\/strong>, en la provincia de Brindisi. Se trata de una ciudad agr\u00edcola, en la que el modelo LifeCity estimular\u00e1 el desarrollo de km0 inducidos y servir\u00e1 a una considerable zona de captaci\u00f3n, coincidiendo con la zona del norte de Salento. \u2028Distribuido en 50 hect\u00e1reas y enclavado en un paisaje encantador, el distrito se levantar\u00e1 en las inmediaciones de la carretera estatal 7 Ter Taranto-Lecce y ser\u00e1 una verdadera ciudadela multifuncional, que sirve al territorio.<br \/>\nDescarga las tablas relacionadas con el proyecto LifeCity Parco degli Ulivi de San Pancracy Salentino.<\/span><\/p>\n<\/div>\n<\/div><\/div>\n<\/div>\n<\/div>\n<\/div>\n<\/div>\n<\/div>\n<div id=\"cmsmasters_row_5clibchq3c\" class=\"cmsmasters_row cmsmasters_color_scheme_default blocco-img-mob cmsmasters_row_top_default cmsmasters_row_bot_default cmsmasters_row_boxed\">\n<div class=\"cmsmasters_row_outer_parent\">\n<div class=\"cmsmasters_row_outer\">\n<div class=\"cmsmasters_row_inner\">\n<div class=\"cmsmasters_row_margin\">\n<div id=\"cmsmasters_column_y24u0f36aa\" class=\"cmsmasters_column one_first\">\n<div class=\"cmsmasters_column_inner\"><div class=\"cmsmasters_img  cmsmasters_image_n\"><img src=\"https:\/\/www.lifecityworld.com\/wp-content\/uploads\/2020\/09\/san-pancrazio.jpg\" \/><\/div><div class=\"cmsmasters_text\">\n<p>&nbsp;<\/p>\n<p style=\"text-align: center;\"><strong>Descarga los tableros relacionados con el proyecto LifeCity Parco degli Ulivi de San Pancrazio Salentino<\/strong><\/p>\n<\/div>\n<\/div><\/div>\n<\/div>\n<\/div>\n<\/div>\n<\/div>\n<\/div>\n<div id=\"cmsmasters_row_tdcgn7e1e2\" class=\"cmsmasters_row cmsmasters_color_scheme_default blocco-img-mob cmsmasters_row_top_default cmsmasters_row_bot_default cmsmasters_row_boxed\">\n<div class=\"cmsmasters_row_outer_parent\">\n<div class=\"cmsmasters_row_outer\">\n<div class=\"cmsmasters_row_inner\">\n<div class=\"cmsmasters_row_margin\">\n<div id=\"cmsmasters_column_ww4ns2dfxp\" class=\"cmsmasters_column one_third\">\n<div class=\"cmsmasters_column_inner\"><div class=\"cmsmasters_text\">\n<p style=\"text-align: center;\"><strong><a href=\"\/wp-content\/uploads\/2020\/09\/MASTER_PLAN_PROGETTO.pdf\">MASTER_PLAN_PROGETTO<\/a><\/strong><\/p>\n<p style=\"text-align: center;\"><strong><a href=\"\/wp-content\/uploads\/2020\/09\/UBICAZIONE-SU-ORTOFOTO.pdf\">UBICAZIONE SU ORTOFOTO<\/a><\/strong><\/p>\n<p style=\"text-align: center;\"><strong><a href=\"\/wp-content\/uploads\/2020\/09\/UPS_PIANO_INTERRATO.pdf\">UPS_PIANO_INTERRATO<\/a><\/strong><\/p>\n<p style=\"text-align: center;\"><strong><a href=\"\/wp-content\/uploads\/2020\/09\/UPS_PIANO_TERRA.pdf\">UPS_PIANO_TERRA<\/a><\/strong><\/p>\n<p style=\"text-align: center;\"><strong><a href=\"\/wp-content\/uploads\/2020\/09\/UPS_PIANO_PRIMO.pdf\">UPS_PIANO_PRIMO<\/a><\/strong><\/p>\n<\/div>\n<\/div><\/div>\n<div id=\"cmsmasters_column_194o381dv\" class=\"cmsmasters_column one_third\">\n<div class=\"cmsmasters_column_inner\"><div class=\"cmsmasters_text\">\n<p style=\"text-align: center;\"><strong><a href=\"\/wp-content\/uploads\/2020\/09\/UPS_AREA_SANITARIA_STRUTTURE_AMM_PT.pdf\">UPS_AREA_SANITARIA_STRUTTURE_AMM_PT<\/a><\/strong><\/p>\n<p style=\"text-align: center;\"><strong><a href=\"\/wp-content\/uploads\/2020\/09\/UPS_AREA_SANITARIA_STRUTTURE_AMM_PP.pdf\">UPS_AREA_SANITARIA_STRUTTURE_AMM_PP<\/a><\/strong><\/p>\n<p style=\"text-align: center;\"><strong><a href=\"\/wp-content\/uploads\/2020\/09\/UPS_AREA_SANITARIA_ASILO.pdf\">UPS_AREA_SANITARIA_ASILO<\/a><\/strong><\/p>\n<p style=\"text-align: center;\"><strong><a href=\"\/wp-content\/uploads\/2020\/09\/PIANTA_PIANO_INTERRATO_CENTRO_COMM.pdf\">PIANTA_PIANO_INTERRATO_CENTRO_COMM<\/a><\/strong><\/p>\n<p style=\"text-align: center;\"><strong><a href=\"\/wp-content\/uploads\/2020\/09\/PIANO_TERRA_CENTRO_COMM.pdf\">PIANO_TERRA_CENTRO_COMM<\/a><\/strong><\/p>\n<p style=\"text-align: center;\">\n<\/div>\n<div class=\"cmsmasters_text\">\n<p>&nbsp;<\/p>\n<\/div>\n<div class=\"cmsmasters_text\">\n<p>&nbsp;<\/p>\n<\/div>\n<\/div><\/div>\n<div id=\"cmsmasters_column_pphdh5y0xs\" class=\"cmsmasters_column one_third\">\n<div class=\"cmsmasters_column_inner\"><div class=\"cmsmasters_text\">\n<p style=\"text-align: center;\"><strong><a href=\"\/wp-content\/uploads\/2020\/09\/HOTEL-PISCINA_COPERTA.pdf\">HOTEL-PISCINA_COPERTA<\/a><\/strong><\/p>\n<p style=\"text-align: center;\"><strong><a href=\"\/wp-content\/uploads\/2020\/09\/HOTEL-PISCINA_COPERTA_PIANTE.pdf\">HOTEL-PISCINA_COPERTA_PIANTE<\/a><\/strong><\/p>\n<p style=\"text-align: center;\"><strong><a href=\"\/wp-content\/uploads\/2020\/09\/HOTEL-PISCINA_COPERTA_PROSPETTI.pdf\">HOTEL-PISCINA_COPERTA_PROSPETTI<\/a><\/strong><\/p>\n<p style=\"text-align: center;\"><strong><a href=\"\/wp-content\/uploads\/2020\/09\/PIANTA_PRIMO_PIANO_CENTRO_COMM.pdf\">PIANTA_PRIMO_PIANO_CENTRO_COMM<\/a><\/strong><\/p>\n<\/div>\n<\/div><\/div>\n<\/div>\n<\/div>\n<\/div>\n<\/div>\n<\/div>\n<div id=\"cmsmasters_row_v9snw57rjp\" class=\"cmsmasters_row cmsmasters_color_scheme_default blocco-titolo-img-desk cmsmasters_row_top_default cmsmasters_row_bot_default cmsmasters_row_boxed\">\n<div class=\"cmsmasters_row_outer_parent\">\n<div class=\"cmsmasters_row_outer\">\n<div class=\"cmsmasters_row_inner\">\n<div class=\"cmsmasters_row_margin\">\n<div id=\"cmsmasters_column_bfd7c3ff06\" class=\"cmsmasters_column one_first\">\n<div class=\"cmsmasters_column_inner\"><div id=\"cmsmasters_heading_k78g1g3r0o\" class=\"cmsmasters_heading_wrap cmsmasters_heading_align_center\">\n\t<h1 class=\"cmsmasters_heading\">San Pancrazio Salentino<\/h1>\n<\/div><div class=\"cmsmasters_text\">\n<p style=\"text-align: justify; font-size: 16px; line-height: 26px;\"><span style=\"color: #555;\"><img loading=\"lazy\" class=\"wp-image-15458 size-full alignleft\" style=\"border: 8px solid white; border-radius: 5px;\" src=\"https:\/\/www.lifecityworld.com\/wp-content\/uploads\/2020\/09\/san-pancrazio.jpg\" alt=\"\" width=\"600\" height=\"400\" srcset=\"https:\/\/www.lifecityworld.com\/wp-content\/uploads\/2020\/09\/san-pancrazio.jpg 600w, https:\/\/www.lifecityworld.com\/wp-content\/uploads\/2020\/09\/san-pancrazio-300x200.jpg 300w, https:\/\/www.lifecityworld.com\/wp-content\/uploads\/2020\/09\/san-pancrazio-580x387.jpg 580w\" sizes=\"(max-width: 600px) 100vw, 600px\" \/><\/span><\/p>\n<p>El primer proyecto italiano llamado <strong>LifeCity Parco degli Ulivi<\/strong> ser\u00e1 el de <strong>San Pancrazio Salentino<\/strong>, en la provincia de Brindisi. Se trata de una ciudad agr\u00edcola, en la que el modelo LifeCity estimular\u00e1 el desarrollo de km0 inducidos y servir\u00e1 a una considerable zona de captaci\u00f3n, coincidiendo con la zona del norte de Salento. \u2028Distribuido en 50 hect\u00e1reas y enclavado en un paisaje encantador, el distrito se levantar\u00e1 en las inmediaciones de la carretera estatal 7 Ter Taranto-Lecce y ser\u00e1 una verdadera ciudadela multifuncional, que sirve al territorio.<br \/>\nDescarga las tablas relacionadas con el proyecto LifeCity Parco degli Ulivi de San Pancracy Salentino.<\/p>\n<div id=\"bo\" style=\"display: inline-block; width: 100%; margin-top: 20px;\">\n<p style=\"text-align: center;\"><strong>Descarga los tableros relacionados con el proyecto LifeCity Parco degli Ulivi de San Pancrazio Salentino<\/strong><\/p>\n<\/div>\n<\/div>\n<\/div><\/div>\n<\/div>\n<\/div>\n<\/div>\n<\/div>\n<\/div>\n<div id=\"cmsmasters_row_ovh7w7cp1i\" class=\"cmsmasters_row cmsmasters_color_scheme_default blocco-titolo-img-desk cmsmasters_row_top_default cmsmasters_row_bot_default cmsmasters_row_boxed\">\n<div class=\"cmsmasters_row_outer_parent\">\n<div class=\"cmsmasters_row_outer\">\n<div class=\"cmsmasters_row_inner\">\n<div class=\"cmsmasters_row_margin\">\n<div id=\"cmsmasters_column_zch71o5yab\" class=\"cmsmasters_column one_third\">\n<div class=\"cmsmasters_column_inner\"><div class=\"cmsmasters_text\">\n<p><strong><a href=\"\/wp-content\/uploads\/2020\/09\/MASTER_PLAN_PROGETTO.pdf\">MASTER_PLAN_PROGETTO<\/a><\/strong><\/p>\n<p><strong><a href=\"\/wp-content\/uploads\/2020\/09\/UBICAZIONE-SU-ORTOFOTO.pdf\">UBICAZIONE SU ORTOFOTO<\/a><\/strong><\/p>\n<p><strong><a href=\"\/wp-content\/uploads\/2020\/09\/UPS_PIANO_INTERRATO.pdf\">UPS_PIANO_INTERRATO<\/a><\/strong><\/p>\n<p><strong><a href=\"\/wp-content\/uploads\/2020\/09\/UPS_PIANO_TERRA.pdf\">UPS_PIANO_TERRA<\/a><\/strong><\/p>\n<p><strong><a href=\"\/wp-content\/uploads\/2020\/09\/UPS_PIANO_PRIMO.pdf\">UPS_PIANO_PRIMO<\/a><\/strong><\/p>\n<\/div>\n<\/div><\/div>\n<div id=\"cmsmasters_column_vorr8sjsu\" class=\"cmsmasters_column one_third\">\n<div class=\"cmsmasters_column_inner\"><div class=\"cmsmasters_text\">\n<p><strong><a href=\"\/wp-content\/uploads\/2020\/09\/UPS_AREA_SANITARIA_STRUTTURE_AMM_PT.pdf\">UPS_AREA_SANITARIA_STRUTTURE_AMM_PT<\/a><\/strong><\/p>\n<p><strong><a href=\"\/wp-content\/uploads\/2020\/09\/UPS_AREA_SANITARIA_STRUTTURE_AMM_PP.pdf\">UPS_AREA_SANITARIA_STRUTTURE_AMM_PP<\/a><\/strong><\/p>\n<p><strong><a href=\"\/wp-content\/uploads\/2020\/09\/UPS_AREA_SANITARIA_ASILO.pdf\">UPS_AREA_SANITARIA_ASILO<\/a><\/strong><\/p>\n<p><strong><a href=\"\/wp-content\/uploads\/2020\/09\/PIANTA_PIANO_INTERRATO_CENTRO_COMM.pdf\">PIANTA_PIANO_INTERRATO_CENTRO_COMM<\/a><\/strong><\/p>\n<p><strong><a href=\"\/wp-content\/uploads\/2020\/09\/PIANO_TERRA_CENTRO_COMM.pdf\">PIANO_TERRA_CENTRO_COMM<\/a><\/strong><\/p>\n<p>&nbsp;<\/p>\n<\/div>\n<\/div><\/div>\n<div id=\"cmsmasters_column_t4ikm95w6\" class=\"cmsmasters_column one_third\">\n<div class=\"cmsmasters_column_inner\"><div class=\"cmsmasters_text\">\n<p style=\"text-align: right;\"><strong><a href=\"https:\/\/www.lifecityworld.com\/wp-content\/uploads\/2020\/09\/HOTEL-PISCINA_COPERTA.pdf\">HOTEL-PISCINA_COPERTA<\/a><\/strong><\/p>\n<p style=\"text-align: right;\"><strong><a href=\"https:\/\/www.lifecityworld.com\/wp-content\/uploads\/2020\/09\/HOTEL-PISCINA_COPERTA_PIANTE.pdf\">HOTEL-PISCINA_COPERTA_PIANTE<\/a><\/strong><\/p>\n<p style=\"text-align: right;\"><strong><a href=\"https:\/\/www.lifecityworld.com\/wp-content\/uploads\/2020\/09\/HOTEL-PISCINA_COPERTA_PROSPETTI.pdf\">HOTEL-PISCINA_COPERTA_PROSPETTI<\/a><\/strong><\/p>\n<p style=\"text-align: right;\"><strong><a href=\"https:\/\/www.lifecityworld.com\/wp-content\/uploads\/2020\/09\/PIANTA_PRIMO_PIANO_CENTRO_COMM.pdf\">PIANTA_PRIMO_PIANO_CENTRO_COMM<\/a><\/strong><\/p>\n<\/div>\n<\/div><\/div>\n<\/div>\n<\/div>\n<\/div>\n<\/div>\n<\/div>\n\n","protected":false},"excerpt":{"rendered":"","protected":false},"author":1,"featured_media":0,"parent":0,"menu_order":0,"comment_status":"closed","ping_status":"closed","template":"","meta":[],"yoast_head":"<!-- This site is optimized with the Yoast SEO plugin v15.9.2 - https:\/\/yoast.com\/wordpress\/plugins\/seo\/ -->\n<title>San Pancrazio Salentino - LifeCity World<\/title>\n<meta name=\"robots\" content=\"index, follow, max-snippet:-1, max-image-preview:large, max-video-preview:-1\" \/>\n<link rel=\"canonical\" href=\"https:\/\/www.lifecityworld.com\/es\/san-pancrazio-salentino\/\" \/>\n<meta property=\"og:locale\" content=\"es_ES\" \/>\n<meta property=\"og:type\" content=\"article\" \/>\n<meta property=\"og:title\" content=\"San Pancrazio Salentino - LifeCity World\" \/>\n<meta property=\"og:url\" content=\"https:\/\/www.lifecityworld.com\/es\/san-pancrazio-salentino\/\" \/>\n<meta property=\"og:site_name\" content=\"LifeCity World\" \/>\n<meta property=\"article:modified_time\" content=\"2021-01-18T14:46:44+00:00\" \/>\n<meta property=\"og:image\" content=\"https:\/\/www.lifecityworld.com\/wp-content\/uploads\/2020\/09\/san-pancrazio.jpg\" \/>\n<meta name=\"twitter:card\" content=\"summary_large_image\" \/>\n<meta name=\"twitter:label1\" content=\"Tiempo de lectura\">\n\t<meta name=\"twitter:data1\" content=\"2 minutos\">\n<script type=\"application\/ld+json\" class=\"yoast-schema-graph\">{\"@context\":\"https:\/\/schema.org\",\"@graph\":[{\"@type\":\"WebSite\",\"@id\":\"https:\/\/www.lifecityworld.com\/#website\",\"url\":\"https:\/\/www.lifecityworld.com\/\",\"name\":\"LifeCity World\",\"description\":\"\",\"potentialAction\":[{\"@type\":\"SearchAction\",\"target\":\"https:\/\/www.lifecityworld.com\/?s={search_term_string}\",\"query-input\":\"required name=search_term_string\"}],\"inLanguage\":\"es\"},{\"@type\":\"ImageObject\",\"@id\":\"https:\/\/www.lifecityworld.com\/es\/san-pancrazio-salentino\/#primaryimage\",\"inLanguage\":\"es\",\"url\":\"https:\/\/www.lifecityworld.com\/wp-content\/uploads\/2020\/09\/san-pancrazio.jpg\",\"width\":600,\"height\":400},{\"@type\":\"WebPage\",\"@id\":\"https:\/\/www.lifecityworld.com\/es\/san-pancrazio-salentino\/#webpage\",\"url\":\"https:\/\/www.lifecityworld.com\/es\/san-pancrazio-salentino\/\",\"name\":\"San Pancrazio Salentino - LifeCity World\",\"isPartOf\":{\"@id\":\"https:\/\/www.lifecityworld.com\/#website\"},\"primaryImageOfPage\":{\"@id\":\"https:\/\/www.lifecityworld.com\/es\/san-pancrazio-salentino\/#primaryimage\"},\"datePublished\":\"2021-01-18T14:41:42+00:00\",\"dateModified\":\"2021-01-18T14:46:44+00:00\",\"breadcrumb\":{\"@id\":\"https:\/\/www.lifecityworld.com\/es\/san-pancrazio-salentino\/#breadcrumb\"},\"inLanguage\":\"es\",\"potentialAction\":[{\"@type\":\"ReadAction\",\"target\":[\"https:\/\/www.lifecityworld.com\/es\/san-pancrazio-salentino\/\"]}]},{\"@type\":\"BreadcrumbList\",\"@id\":\"https:\/\/www.lifecityworld.com\/es\/san-pancrazio-salentino\/#breadcrumb\",\"itemListElement\":[{\"@type\":\"ListItem\",\"position\":1,\"item\":{\"@type\":\"WebPage\",\"@id\":\"https:\/\/www.lifecityworld.com\/es\/\",\"url\":\"https:\/\/www.lifecityworld.com\/es\/\",\"name\":\"Home\"}},{\"@type\":\"ListItem\",\"position\":2,\"item\":{\"@type\":\"WebPage\",\"@id\":\"https:\/\/www.lifecityworld.com\/es\/san-pancrazio-salentino\/\",\"url\":\"https:\/\/www.lifecityworld.com\/es\/san-pancrazio-salentino\/\",\"name\":\"San Pancrazio Salentino\"}}]}]}<\/script>\n<!-- \/ Yoast SEO plugin. -->","_links":{"self":[{"href":"https:\/\/www.lifecityworld.com\/es\/wp-json\/wp\/v2\/pages\/16539"}],"collection":[{"href":"https:\/\/www.lifecityworld.com\/es\/wp-json\/wp\/v2\/pages"}],"about":[{"href":"https:\/\/www.lifecityworld.com\/es\/wp-json\/wp\/v2\/types\/page"}],"author":[{"embeddable":true,"href":"https:\/\/www.lifecityworld.com\/es\/wp-json\/wp\/v2\/users\/1"}],"replies":[{"embeddable":true,"href":"https:\/\/www.lifecityworld.com\/es\/wp-json\/wp\/v2\/comments?post=16539"}],"version-history":[{"count":3,"href":"https:\/\/www.lifecityworld.com\/es\/wp-json\/wp\/v2\/pages\/16539\/revisions"}],"predecessor-version":[{"id":16557,"href":"https:\/\/www.lifecityworld.com\/es\/wp-json\/wp\/v2\/pages\/16539\/revisions\/16557"}],"wp:attachment":[{"href":"https:\/\/www.lifecityworld.com\/es\/wp-json\/wp\/v2\/media?parent=16539"}],"curies":[{"name":"wp","href":"https:\/\/api.w.org\/{rel}","templated":true}]}}