{"id":16787,"date":"2021-01-29T15:19:03","date_gmt":"2021-01-29T14:19:03","guid":{"rendered":"https:\/\/www.lifecityworld.com\/?page_id=16787"},"modified":"2021-01-29T15:32:42","modified_gmt":"2021-01-29T14:32:42","slug":"privacy-policy","status":"publish","type":"page","link":"https:\/\/www.lifecityworld.com\/es\/privacy-policy\/","title":{"rendered":"Privacy Policy"},"content":{"rendered":"<div id=\"cmsmasters_row_\" class=\"cmsmasters_row cmsmasters_color_scheme_default cmsmasters_row_top_default cmsmasters_row_bot_default cmsmasters_row_boxed\">\n<div class=\"cmsmasters_row_outer_parent\">\n<div class=\"cmsmasters_row_outer\">\n<div class=\"cmsmasters_row_inner\">\n<div class=\"cmsmasters_row_margin\">\n<div id=\"cmsmasters_column_\" class=\"cmsmasters_column one_first\">\n<div class=\"cmsmasters_column_inner\"><div class=\"cmsmasters_text\">\n<h2><strong>INFORMACION DE ACUERDO CON EL ARTE. 13 GDPR 679\/2016<\/strong><\/h2>\n<p>Esta p\u00e1gina describe c\u00f3mo gestionar el sitio web de www.lifecityworld.com con referencia al procesamiento de datos personales de los usuarios que proceden a comprar un producto en el sitio. Se trata de una informaci\u00f3n para el tratamiento de datos personales que tambi\u00e9n se realiza de conformidad con el arte. 13 Reglamento Europeo de Privacidad (en adelante GDPR 679\/2016).<\/p>\n<\/p>\n<p><strong>Finalidad del tratamiento<\/strong><\/p>\n<\/p>\n<p>Los datos personales facilitados por los usuarios se utilizan directamente para dar cumplimiento a la solicitud del usuario, en pleno cumplimiento de los principios de legalidad y correcci\u00f3n y disposiciones legales. En cualquier caso, todos los tratamientos realizados dentro del sitio se llevan a cabo con los siguientes fines: dar paso a la orden de compra; suscribirse al bolet\u00edn informativo sobre nuestros productos y servicios; el bolet\u00edn del sitio www.lifecityworld.com se env\u00eda por correo electr\u00f3nico a quienes lo soliciten expl\u00edcitamente, rellenando el foro en esta p\u00e1gina y autorizando la marca \u00abLifeCity World\u00bb, perteneciente a la empresa MSC Innovative Solutions srls (P. IVA IT05030190754), al tratamiento de sus datos personales; recibir ofertas especiales de nuestros socios.<\/p>\n<\/p>\n<p><strong>Facultad de provisi\u00f3n de datos<\/strong><\/p>\n<\/p>\n<p>El usuario es libre de proporcionar los datos personales reportados en los diferentes campos. El suministro de datos marcados con el s\u00edmbolo * es obligatorio para poder prestar los servicios sin dejar de ser opcional para los dem\u00e1s datos. En cualquier caso, la falta de su disposici\u00f3n puede hacer imposible obtener lo solicitado.<\/p>\n<\/p>\n<p><strong>Comunicaci\u00f3n y difusi\u00f3n<\/strong><\/p>\n<\/p>\n<p>Los datos recogidos no ser\u00e1n objeto de comunicaci\u00f3n y difusi\u00f3n. La comunicaci\u00f3n a terceros, se proporciona cuando sea necesario para los fines anteriores, y en cualquier caso a los sujetos que se dedican a la correcta y regular b\u00fasqueda de los fines descritos. En cualquier caso, el tratamiento por parte de terceros se llevar\u00e1 a cabo de acuerdo con el pleno cumplimiento de la legislaci\u00f3n vigente. Sus datos no se transferir\u00e1n fuera de la UE.<\/p>\n<\/p>\n<p><strong>C\u00f3mo se tratar\u00e1n los datos<\/strong><\/p>\n<\/p>\n<p>Los datos recopilados se procesan con herramientas de TI. Se observan las medidas de seguridad adecuadas para evitar la p\u00e9rdida de datos, los usos ilegales o incorrectos y el acceso no autorizado.<\/p>\n<\/p>\n<p><strong>El controlador de datos<\/strong><\/p>\n<\/p>\n<p>El controlador de datos es MSC Innovative Solutions srls, con sede en Via Milizia 55 &#8211; 73100 Lecce (Italia); tel: +39 338 3137911; correo electr\u00f3nico: info@lifecityworld.com. El tratamiento de los datos relacionados se lleva a cabo en la mencionada sede de la empresa y es atendido \u00fanicamente por el personal encargado del tratamiento.<\/p>\n<\/p>\n<p><strong>Derechos de los interesados<\/strong><\/p>\n<\/p>\n<p>Los sujetos a los que se refieren los datos personales tienen derecho en cualquier momento a revocar los suyos; solicitar el acceso a los datos personales y la rectificaci\u00f3n o supresi\u00f3n de los datos personales o la limitaci\u00f3n del tratamiento de los datos personales que le conciernen y oponerse a su tratamiento, as\u00ed como el derecho a la portabilidad de los datos y las solicitudes de derecho al olvido; presentar una queja ante la Autoridad Italiana de Protecci\u00f3n de Datos. Las solicitudes deben dirigirse al Responsable del tratamiento especificado anteriormente, enviando un correo electr\u00f3nico a la siguiente direcci\u00f3n: info@lifecityworld.com.<\/p>\n<\/p>\n<p><strong>Las solicitudes deben hacerse:<\/strong><\/p>\n<\/p>\n<p>por correo electr\u00f3nico, en: info@lifecityworld.com<\/p>\n<\/p>\n<p>v\u00eda tel: +39 338 3137911<\/p>\n<\/p>\n<p>o por correo postal a LifeCity Parco degli Ulivi de MSC Innovative Solutions srls con sede en Via Milizia 55 &#8211; 73100 Lecce (Italia)<\/p>\n<\/p>\n<p><strong>Consentimiento del interesado<\/strong><\/p>\n<\/p>\n<p>Los abajo firmantes, adquirieron la informaci\u00f3n proporcionada por el Responsable del tratamiento, de conformidad con el art. 13 del RGPD 679\/2016, en relaci\u00f3n con el tratamiento de los datos personales necesarios para los fines mencionados en el punto 1 de la informaci\u00f3n antes mencionada y teniendo en cuenta que cada finalidad est\u00e1 desarticulada de los dem\u00e1s y que, por lo tanto, el interesado tiene derecho a dar o no su consentimiento para uno o varios de los fines mencionados en el punto 1; consentimiento, en el momento de la aceptaci\u00f3n, como se destaca a continuaci\u00f3n:<\/p>\n<\/p>\n<ul>\n<li>poner la orden de compra en la l\u00ednea<\/li>\n<li>suscribirse al bolet\u00edn de noticias<\/li>\n<li>recibir ofertas especiales de nuestros socios<\/li>\n<\/ul>\n<\/div>\n<\/div><\/div>\n<\/div>\n<\/div>\n<\/div>\n<\/div>\n<\/div>\n","protected":false},"excerpt":{"rendered":"","protected":false},"author":1,"featured_media":0,"parent":0,"menu_order":0,"comment_status":"closed","ping_status":"open","template":"","meta":[],"yoast_head":"<!-- This site is optimized with the Yoast SEO plugin v15.9.2 - https:\/\/yoast.com\/wordpress\/plugins\/seo\/ -->\n<title>Privacy Policy - LifeCity World<\/title>\n<meta name=\"robots\" content=\"noindex, follow\" \/>\n<meta property=\"og:locale\" content=\"es_ES\" \/>\n<meta property=\"og:type\" content=\"article\" \/>\n<meta property=\"og:title\" content=\"Privacy Policy - LifeCity World\" \/>\n<meta property=\"og:url\" content=\"https:\/\/www.lifecityworld.com\/es\/privacy-policy\/\" \/>\n<meta property=\"og:site_name\" content=\"LifeCity World\" \/>\n<meta property=\"article:modified_time\" content=\"2021-01-29T14:32:42+00:00\" \/>\n<meta name=\"twitter:card\" content=\"summary_large_image\" \/>\n<meta name=\"twitter:label1\" content=\"Tiempo de lectura\">\n\t<meta name=\"twitter:data1\" content=\"3 minutos\">\n<script type=\"application\/ld+json\" class=\"yoast-schema-graph\">{\"@context\":\"https:\/\/schema.org\",\"@graph\":[{\"@type\":\"WebSite\",\"@id\":\"https:\/\/www.lifecityworld.com\/#website\",\"url\":\"https:\/\/www.lifecityworld.com\/\",\"name\":\"LifeCity World\",\"description\":\"\",\"potentialAction\":[{\"@type\":\"SearchAction\",\"target\":\"https:\/\/www.lifecityworld.com\/?s={search_term_string}\",\"query-input\":\"required name=search_term_string\"}],\"inLanguage\":\"es\"},{\"@type\":\"WebPage\",\"@id\":\"https:\/\/www.lifecityworld.com\/es\/privacy-policy\/#webpage\",\"url\":\"https:\/\/www.lifecityworld.com\/es\/privacy-policy\/\",\"name\":\"Privacy Policy - LifeCity World\",\"isPartOf\":{\"@id\":\"https:\/\/www.lifecityworld.com\/#website\"},\"datePublished\":\"2021-01-29T14:19:03+00:00\",\"dateModified\":\"2021-01-29T14:32:42+00:00\",\"breadcrumb\":{\"@id\":\"https:\/\/www.lifecityworld.com\/es\/privacy-policy\/#breadcrumb\"},\"inLanguage\":\"es\",\"potentialAction\":[{\"@type\":\"ReadAction\",\"target\":[\"https:\/\/www.lifecityworld.com\/es\/privacy-policy\/\"]}]},{\"@type\":\"BreadcrumbList\",\"@id\":\"https:\/\/www.lifecityworld.com\/es\/privacy-policy\/#breadcrumb\",\"itemListElement\":[{\"@type\":\"ListItem\",\"position\":1,\"item\":{\"@type\":\"WebPage\",\"@id\":\"https:\/\/www.lifecityworld.com\/es\/\",\"url\":\"https:\/\/www.lifecityworld.com\/es\/\",\"name\":\"Home\"}},{\"@type\":\"ListItem\",\"position\":2,\"item\":{\"@type\":\"WebPage\",\"@id\":\"https:\/\/www.lifecityworld.com\/es\/privacy-policy\/\",\"url\":\"https:\/\/www.lifecityworld.com\/es\/privacy-policy\/\",\"name\":\"Privacy Policy\"}}]}]}<\/script>\n<!-- \/ Yoast SEO plugin. -->","_links":{"self":[{"href":"https:\/\/www.lifecityworld.com\/es\/wp-json\/wp\/v2\/pages\/16787"}],"collection":[{"href":"https:\/\/www.lifecityworld.com\/es\/wp-json\/wp\/v2\/pages"}],"about":[{"href":"https:\/\/www.lifecityworld.com\/es\/wp-json\/wp\/v2\/types\/page"}],"author":[{"embeddable":true,"href":"https:\/\/www.lifecityworld.com\/es\/wp-json\/wp\/v2\/users\/1"}],"replies":[{"embeddable":true,"href":"https:\/\/www.lifecityworld.com\/es\/wp-json\/wp\/v2\/comments?post=16787"}],"version-history":[{"count":3,"href":"https:\/\/www.lifecityworld.com\/es\/wp-json\/wp\/v2\/pages\/16787\/revisions"}],"predecessor-version":[{"id":16790,"href":"https:\/\/www.lifecityworld.com\/es\/wp-json\/wp\/v2\/pages\/16787\/revisions\/16790"}],"wp:attachment":[{"href":"https:\/\/www.lifecityworld.com\/es\/wp-json\/wp\/v2\/media?parent=16787"}],"curies":[{"name":"wp","href":"https:\/\/api.w.org\/{rel}","templated":true}]}}