{"id":16382,"date":"2021-01-07T10:25:32","date_gmt":"2021-01-07T09:25:32","guid":{"rendered":"https:\/\/www.lifecityworld.com\/?page_id=16382"},"modified":"2021-01-18T19:15:41","modified_gmt":"2021-01-18T18:15:41","slug":"pourquoi","status":"publish","type":"page","link":"https:\/\/www.lifecityworld.com\/fr\/pourquoi\/","title":{"rendered":"Pourquoi"},"content":{"rendered":"<div id=\"cmsmasters_row_92f4be90a3\" class=\"cmsmasters_row cmsmasters_color_scheme_default blocco-titolo-mob cmsmasters_row_top_default cmsmasters_row_bot_default cmsmasters_row_boxed\">\n<div class=\"cmsmasters_row_outer_parent\">\n<div class=\"cmsmasters_row_outer\">\n<div class=\"cmsmasters_row_inner\">\n<div class=\"cmsmasters_row_margin\">\n<div id=\"cmsmasters_column_52148c5d6b\" class=\"cmsmasters_column one_first\">\n<div class=\"cmsmasters_column_inner\"><div id=\"cmsmasters_heading_5b16904444\" class=\"cmsmasters_heading_wrap cmsmasters_heading_align_center\">\n\t<h1 class=\"cmsmasters_heading\">Pourquoi<\/h1>\n<\/div><div class=\"cmsmasters_text fascione\">\n<p>Un nouvel humanisme est possible et ne peut na\u00eetre que de la pens\u00e9e. C\u2019est pourquoi LifeCity est la r\u00e9alisation d\u2019un projet inspir\u00e9 d\u2019une vision diff\u00e9rente de l\u2019homme contemporain, qui <strong>reconsid\u00e8re la personne dans sa dimension int\u00e9gr\u00e9e de l\u2019esprit, de l\u2019esprit et du corps<\/strong>, dans le lieu d\u2019origine, mais dans des espaces sp\u00e9cialement con\u00e7us pour recalibrer son \u00e9quilibre. Tout cela sans jamais avoir des croyances culturelles et religieuses.<\/p>\n<p>Et ici, la <strong>nutrition<\/strong> devient un point focal et provient de ce nouveau bien-\u00eatre, \u00e9tant un r\u00e9gulateur important. En fait, de nombreuses \u00e9tudes scientifiques ont \u00e9tabli la corr\u00e9lation entre la qualit\u00e9 de la nutrition et l\u2019apparition de diverses pathologies. L\u2019apport incorrect en sucres et en graisses est de plus en plus r\u00e9pandu et au d\u00e9triment des c\u00e9r\u00e9ales, des fruits et des l\u00e9gumes, avec un r\u00e9sultat d\u00e9vastateur en termes de mortalit\u00e9 due aux maladies cardiovasculaires, au cancer et au diab\u00e8te. Par cons\u00e9quent, LifeCity entend s\u2019<strong>int\u00e9resser collectivement<\/strong> \u00e0 la nutrition correcte, \u00e0 partir de l\u2019utilisation de produits certifi\u00e9s et de mati\u00e8res premi\u00e8res, principalement au Km 0, selon une approche de s\u00e9curit\u00e9 structur\u00e9e pour retracer vertueusement les cha\u00eenes de production, m\u00eame dans la s\u00e9lection des semences dans les cultures.<\/p>\n<\/div>\n<div class=\"cmsmasters_img  cmsmasters_image_n\"><img src=\"https:\/\/www.lifecityworld.com\/wp-content\/uploads\/2020\/09\/dieta.jpg\" \/><\/div>\n<\/div><\/div>\n<\/div>\n<\/div>\n<\/div>\n<\/div>\n<\/div>\n<div id=\"cmsmasters_row_vc6g18u6k9\" class=\"cmsmasters_row cmsmasters_color_scheme_default blocco-titolo-mob cmsmasters_row_top_default cmsmasters_row_bot_default cmsmasters_row_boxed\">\n<div class=\"cmsmasters_row_outer_parent\">\n<div class=\"cmsmasters_row_outer\">\n<div class=\"cmsmasters_row_inner\">\n<div class=\"cmsmasters_row_margin\">\n<div id=\"cmsmasters_column_aje8511zzp\" class=\"cmsmasters_column one_first\">\n<div class=\"cmsmasters_column_inner\"><div class=\"cmsmasters_text fascione\">\n<p>Les citadelles de LifeCity seront des <strong>centres d\u2019int\u00e9r\u00eat physiques<\/strong>, capables de prendre soin de la sant\u00e9 psycho-physique de la personne dans un contexte urbain unique, harmonieux et innovants, \u00e9thiques et durables, y compris tous les \u00e9l\u00e9ments qui contribuent au bien-\u00eatre, tels que les loisirs, la sant\u00e9, le sport et la d\u00e9tente.<br \/>\nLifeCity valorisera \u00e9galement les activit\u00e9s d\u2019information et de diffusion scientifique des domaines contigus de la nutrition-sant\u00e9-bien-\u00eatre-\u00e9tat d\u2019esprit, visant l\u2019\u00e9quilibre de la personne sous toutes ses formes.<\/p>\n<p>Ce sera une nouvelle fa\u00e7on de concevoir l\u2019excellence du Made in Italy, capable de regarder au-del\u00e0 de toutes les fronti\u00e8res. M\u00eame ceux compartiment\u00e9s des syst\u00e8mes de production.<\/p>\n<\/div>\n<\/div><\/div>\n<\/div>\n<\/div>\n<\/div>\n<\/div>\n<\/div>\n<div id=\"cmsmasters_row_vk2957j43b\" class=\"cmsmasters_row cmsmasters_color_scheme_default blocco-img-mob cmsmasters_row_top_default cmsmasters_row_bot_default cmsmasters_row_boxed\">\n<div class=\"cmsmasters_row_outer_parent\">\n<div class=\"cmsmasters_row_outer\">\n<div class=\"cmsmasters_row_inner\">\n<div class=\"cmsmasters_row_margin\">\n<div id=\"cmsmasters_column_y24u0f36aa\" class=\"cmsmasters_column one_first\">\n<div class=\"cmsmasters_column_inner\"><div class=\"cmsmasters_img  cmsmasters_image_n\"><img src=\"https:\/\/www.lifecityworld.com\/wp-content\/uploads\/2020\/09\/fitness.jpg\" \/><\/div>\n<\/div><\/div>\n<\/div>\n<\/div>\n<\/div>\n<\/div>\n<\/div>\n<div id=\"cmsmasters_row_b8a1aa1f72\" class=\"cmsmasters_row cmsmasters_color_scheme_default blocco-titolo-img-desk cmsmasters_row_top_default cmsmasters_row_bot_default cmsmasters_row_boxed\">\n<div class=\"cmsmasters_row_outer_parent\">\n<div class=\"cmsmasters_row_outer\">\n<div class=\"cmsmasters_row_inner\">\n<div class=\"cmsmasters_row_margin\">\n<div id=\"cmsmasters_column_bfd7c3ff06\" class=\"cmsmasters_column one_first\">\n<div class=\"cmsmasters_column_inner\"><div id=\"cmsmasters_heading_g32dqf5b6\" class=\"cmsmasters_heading_wrap cmsmasters_heading_align_center\">\n\t<h1 class=\"cmsmasters_heading\">Pouquoi<\/h1>\n<\/div><div class=\"cmsmasters_text\">\n<p><img loading=\"lazy\" class=\"wp-image-15346 size-full alignleft\" style=\"border: 8px solid white; border-radius: 5px;\" src=\"https:\/\/www.lifecityworld.com\/wp-content\/uploads\/2020\/09\/dieta.jpg\" alt=\"\" width=\"600\" height=\"400\" srcset=\"https:\/\/www.lifecityworld.com\/wp-content\/uploads\/2020\/09\/dieta.jpg 600w, https:\/\/www.lifecityworld.com\/wp-content\/uploads\/2020\/09\/dieta-300x200.jpg 300w, https:\/\/www.lifecityworld.com\/wp-content\/uploads\/2020\/09\/dieta-580x387.jpg 580w\" sizes=\"(max-width: 600px) 100vw, 600px\" \/><\/p>\n<p>Un nouvel humanisme est possible et ne peut na\u00eetre que de la pens\u00e9e. C\u2019est pourquoi LifeCity est la r\u00e9alisation d\u2019un projet inspir\u00e9 d\u2019une vision diff\u00e9rente de l\u2019homme contemporain, qui <strong>reconsid\u00e8re la personne dans sa dimension int\u00e9gr\u00e9e de l\u2019esprit, de l\u2019esprit et du corps<\/strong>, dans le lieu d\u2019origine, mais dans des espaces sp\u00e9cialement con\u00e7us pour recalibrer son \u00e9quilibre. Tout cela sans jamais avoir des croyances culturelles et religieuses.<\/p>\n<p>Et ici, la <strong>nutrition<\/strong> devient un point focal et provient de ce nouveau bien-\u00eatre, \u00e9tant un r\u00e9gulateur important. En fait, de nombreuses \u00e9tudes scientifiques ont \u00e9tabli la corr\u00e9lation entre la qualit\u00e9 de la nutrition et l\u2019apparition de diverses pathologies. L\u2019apport incorrect en sucres et en graisses est de plus en plus r\u00e9pandu et au d\u00e9triment des c\u00e9r\u00e9ales, des fruits et des l\u00e9gumes, avec un r\u00e9sultat d\u00e9vastateur en termes de mortalit\u00e9 due aux maladies cardiovasculaires, au cancer et au diab\u00e8te. Par cons\u00e9quent, LifeCity entend s\u2019<strong>int\u00e9resser collectivement<\/strong> \u00e0 la nutrition correcte, \u00e0 partir de l\u2019utilisation de produits certifi\u00e9s et de mati\u00e8res premi\u00e8res, principalement au Km 0, selon une approche de s\u00e9curit\u00e9 structur\u00e9e pour retracer vertueusement les cha\u00eenes de production, m\u00eame dans la s\u00e9lection des semences dans les cultures.<\/p>\n<\/div>\n<div id=\"cmsmasters_divider_tj82nz561w\" class=\"cl\"><\/div>\n<div class=\"cmsmasters_text\">\n<p><img loading=\"lazy\" class=\"wp-image-15347 size-full alignright\" style=\"border: 8px solid white; border-radius: 5px;\" src=\"https:\/\/www.lifecityworld.com\/wp-content\/uploads\/2020\/09\/fitness.jpg\" alt=\"\" width=\"600\" height=\"400\" srcset=\"https:\/\/www.lifecityworld.com\/wp-content\/uploads\/2020\/09\/fitness.jpg 600w, https:\/\/www.lifecityworld.com\/wp-content\/uploads\/2020\/09\/fitness-300x200.jpg 300w, https:\/\/www.lifecityworld.com\/wp-content\/uploads\/2020\/09\/fitness-580x387.jpg 580w\" sizes=\"(max-width: 600px) 100vw, 600px\" \/><\/p>\n<p>Les citadelles de LifeCity seront des <strong>centres d\u2019int\u00e9r\u00eat physiques<\/strong>, capables de prendre soin de la sant\u00e9 psycho-physique de la personne dans un contexte urbain unique, harmonieux et innovants, \u00e9thiques et durables, y compris tous les \u00e9l\u00e9ments qui contribuent au bien-\u00eatre, tels que les loisirs, la sant\u00e9, le sport et la d\u00e9tente.<br \/>\nLifeCity valorisera \u00e9galement les activit\u00e9s d\u2019information et de diffusion scientifique des domaines contigus de la nutrition-sant\u00e9-bien-\u00eatre-\u00e9tat d\u2019esprit, visant l\u2019\u00e9quilibre de la personne sous toutes ses formes.<\/p>\n<p>Ce sera une nouvelle fa\u00e7on de concevoir l\u2019excellence du Made in Italy, capable de regarder au-del\u00e0 de toutes les fronti\u00e8res. M\u00eame ceux compartiment\u00e9s des syst\u00e8mes de production.<\/p>\n<\/div>\n<\/div><\/div>\n<\/div>\n<\/div>\n<\/div>\n<\/div>\n<\/div>\n\n","protected":false},"excerpt":{"rendered":"","protected":false},"author":1,"featured_media":0,"parent":0,"menu_order":0,"comment_status":"closed","ping_status":"closed","template":"","meta":[],"yoast_head":"<!-- This site is optimized with the Yoast SEO plugin v15.9.2 - https:\/\/yoast.com\/wordpress\/plugins\/seo\/ -->\n<title>Pourquoi - LifeCity World<\/title>\n<meta name=\"robots\" content=\"index, follow, max-snippet:-1, max-image-preview:large, max-video-preview:-1\" \/>\n<link rel=\"canonical\" href=\"https:\/\/www.lifecityworld.com\/fr\/pourquoi\/\" \/>\n<meta property=\"og:locale\" content=\"fr_FR\" \/>\n<meta property=\"og:type\" content=\"article\" \/>\n<meta property=\"og:title\" content=\"Pourquoi - LifeCity World\" \/>\n<meta property=\"og:url\" content=\"https:\/\/www.lifecityworld.com\/fr\/pourquoi\/\" \/>\n<meta property=\"og:site_name\" content=\"LifeCity World\" \/>\n<meta property=\"article:modified_time\" content=\"2021-01-18T18:15:41+00:00\" \/>\n<meta property=\"og:image\" content=\"https:\/\/www.lifecityworld.com\/wp-content\/uploads\/2020\/09\/dieta.jpg\" \/>\n<meta name=\"twitter:card\" content=\"summary_large_image\" \/>\n<meta name=\"twitter:label1\" content=\"Dur\u00e9e de lecture est.\">\n\t<meta name=\"twitter:data1\" content=\"6 minutes\">\n<script type=\"application\/ld+json\" class=\"yoast-schema-graph\">{\"@context\":\"https:\/\/schema.org\",\"@graph\":[{\"@type\":\"WebSite\",\"@id\":\"https:\/\/www.lifecityworld.com\/#website\",\"url\":\"https:\/\/www.lifecityworld.com\/\",\"name\":\"LifeCity World\",\"description\":\"\",\"potentialAction\":[{\"@type\":\"SearchAction\",\"target\":\"https:\/\/www.lifecityworld.com\/?s={search_term_string}\",\"query-input\":\"required name=search_term_string\"}],\"inLanguage\":\"fr-FR\"},{\"@type\":\"ImageObject\",\"@id\":\"https:\/\/www.lifecityworld.com\/fr\/pourquoi\/#primaryimage\",\"inLanguage\":\"fr-FR\",\"url\":\"https:\/\/www.lifecityworld.com\/wp-content\/uploads\/2020\/09\/dieta.jpg\",\"width\":600,\"height\":400},{\"@type\":\"WebPage\",\"@id\":\"https:\/\/www.lifecityworld.com\/fr\/pourquoi\/#webpage\",\"url\":\"https:\/\/www.lifecityworld.com\/fr\/pourquoi\/\",\"name\":\"Pourquoi - LifeCity World\",\"isPartOf\":{\"@id\":\"https:\/\/www.lifecityworld.com\/#website\"},\"primaryImageOfPage\":{\"@id\":\"https:\/\/www.lifecityworld.com\/fr\/pourquoi\/#primaryimage\"},\"datePublished\":\"2021-01-07T09:25:32+00:00\",\"dateModified\":\"2021-01-18T18:15:41+00:00\",\"breadcrumb\":{\"@id\":\"https:\/\/www.lifecityworld.com\/fr\/pourquoi\/#breadcrumb\"},\"inLanguage\":\"fr-FR\",\"potentialAction\":[{\"@type\":\"ReadAction\",\"target\":[\"https:\/\/www.lifecityworld.com\/fr\/pourquoi\/\"]}]},{\"@type\":\"BreadcrumbList\",\"@id\":\"https:\/\/www.lifecityworld.com\/fr\/pourquoi\/#breadcrumb\",\"itemListElement\":[{\"@type\":\"ListItem\",\"position\":1,\"item\":{\"@type\":\"WebPage\",\"@id\":\"https:\/\/www.lifecityworld.com\/fr\/\",\"url\":\"https:\/\/www.lifecityworld.com\/fr\/\",\"name\":\"Home\"}},{\"@type\":\"ListItem\",\"position\":2,\"item\":{\"@type\":\"WebPage\",\"@id\":\"https:\/\/www.lifecityworld.com\/fr\/pourquoi\/\",\"url\":\"https:\/\/www.lifecityworld.com\/fr\/pourquoi\/\",\"name\":\"Pourquoi\"}}]}]}<\/script>\n<!-- \/ Yoast SEO plugin. -->","_links":{"self":[{"href":"https:\/\/www.lifecityworld.com\/fr\/wp-json\/wp\/v2\/pages\/16382"}],"collection":[{"href":"https:\/\/www.lifecityworld.com\/fr\/wp-json\/wp\/v2\/pages"}],"about":[{"href":"https:\/\/www.lifecityworld.com\/fr\/wp-json\/wp\/v2\/types\/page"}],"author":[{"embeddable":true,"href":"https:\/\/www.lifecityworld.com\/fr\/wp-json\/wp\/v2\/users\/1"}],"replies":[{"embeddable":true,"href":"https:\/\/www.lifecityworld.com\/fr\/wp-json\/wp\/v2\/comments?post=16382"}],"version-history":[{"count":5,"href":"https:\/\/www.lifecityworld.com\/fr\/wp-json\/wp\/v2\/pages\/16382\/revisions"}],"predecessor-version":[{"id":16394,"href":"https:\/\/www.lifecityworld.com\/fr\/wp-json\/wp\/v2\/pages\/16382\/revisions\/16394"}],"wp:attachment":[{"href":"https:\/\/www.lifecityworld.com\/fr\/wp-json\/wp\/v2\/media?parent=16382"}],"curies":[{"name":"wp","href":"https:\/\/api.w.org\/{rel}","templated":true}]}}