{"id":16395,"date":"2021-01-07T10:57:42","date_gmt":"2021-01-07T09:57:42","guid":{"rendered":"https:\/\/www.lifecityworld.com\/?page_id=16395"},"modified":"2021-01-18T19:17:17","modified_gmt":"2021-01-18T18:17:17","slug":"systeme-lifecity-world","status":"publish","type":"page","link":"https:\/\/www.lifecityworld.com\/fr\/systeme-lifecity-world\/","title":{"rendered":"Syst\u00e8me LifeCity World"},"content":{"rendered":"<div id=\"cmsmasters_row_xsp5myvxet\" class=\"cmsmasters_row cmsmasters_color_scheme_default blocco-titolo-mob cmsmasters_row_top_default cmsmasters_row_bot_default cmsmasters_row_boxed\">\n<div class=\"cmsmasters_row_outer_parent\">\n<div class=\"cmsmasters_row_outer\">\n<div class=\"cmsmasters_row_inner\">\n<div class=\"cmsmasters_row_margin\">\n<div id=\"cmsmasters_column_52148c5d6b\" class=\"cmsmasters_column one_first\">\n<div class=\"cmsmasters_column_inner\"><div id=\"cmsmasters_heading_yby6ce9mf\" class=\"cmsmasters_heading_wrap cmsmasters_heading_align_center\">\n\t<h1 class=\"cmsmasters_heading\">Syst\u00e8me LifeCity World<\/h1>\n<\/div><div class=\"cmsmasters_text fascione\">\n<p>Tout le monde de la vie est repr\u00e9sent\u00e9 par la <em>marque principale<\/em> <strong>LifeCity World<\/strong>, qui repr\u00e9sente la port\u00e9e internationale de l\u2019ensemble du projet et de ses acteurs. Le marque (dont <strong>MSC solutions innovantes<\/strong> est le d\u00e9positaire), en effet, rassemble \u00e0 la fois des partenaires et des sponsors de prestige mondial et les op\u00e9rateurs \u00e9conomiques locaux, tous en mesure de garantir la s\u00e9curit\u00e9 et la qualit\u00e9 des produits et services dans les villes Lifecity.<\/p>\n<p>Dans tous les contextes, LifeCity valorisera les produits locaux typiques respectifs et les habitudes alimentaires locales, en les int\u00e9grant dans la <em>cha\u00eene d\u2019approvisionnement<\/em> et dans l\u2019organisation g\u00e9n\u00e9rale de LifeCity World. Les salles d\u2019exposition d\u2019aliments et de vins, les ateliers d\u2019artisanat, les services de restauration et d\u2019\u00e9tablissement de vie correspondent \u00e0 cette qualit\u00e9 organisationnelle et \u00e0 des <strong>processus \u00e9thiques et de gestion \u00e9thiques et durables<\/strong>.<\/p>\n<\/div>\n<\/div><\/div>\n<\/div>\n<\/div>\n<\/div>\n<\/div>\n<\/div>\n<div id=\"cmsmasters_row_smawucy00b\" class=\"cmsmasters_row cmsmasters_color_scheme_default blocco-img-mob cmsmasters_row_top_default cmsmasters_row_bot_default cmsmasters_row_boxed\">\n<div class=\"cmsmasters_row_outer_parent\">\n<div class=\"cmsmasters_row_outer\">\n<div class=\"cmsmasters_row_inner\">\n<div class=\"cmsmasters_row_margin\">\n<div id=\"cmsmasters_column_y24u0f36aa\" class=\"cmsmasters_column one_first\">\n<div class=\"cmsmasters_column_inner\"><div class=\"cmsmasters_img  cmsmasters_image_n\"><img src=\"https:\/\/www.lifecityworld.com\/wp-content\/uploads\/2020\/09\/logo-lifecity-world-1.jpg\" \/><\/div>\n<\/div><\/div>\n<\/div>\n<\/div>\n<\/div>\n<\/div>\n<\/div>\n<div id=\"cmsmasters_row_7kl9ibjasm\" class=\"cmsmasters_row cmsmasters_color_scheme_default blocco-titolo-mob cmsmasters_row_top_default cmsmasters_row_bot_default cmsmasters_row_boxed\">\n<div class=\"cmsmasters_row_outer_parent\">\n<div class=\"cmsmasters_row_outer\">\n<div class=\"cmsmasters_row_inner\">\n<div class=\"cmsmasters_row_margin\">\n<div id=\"cmsmasters_column_aje8511zzp\" class=\"cmsmasters_column one_first\">\n<div class=\"cmsmasters_column_inner\"><div class=\"cmsmasters_text fascione\">\n<p>En particulier, la grande zone commerciale int\u00e9gr\u00e9e \u00e9quip\u00e9e, avec des services joints, fournis dans chaque projet LifeCity, sera la premi\u00e8re structure au monde \u00e0 \u00eatre organis\u00e9e <strong>en ligne<\/strong>, avec une main-d\u2019\u0153uvre enti\u00e8rement mise \u00e0 la disposition des partenaires dans le <em><strong>travail intelligent<\/strong><\/em>.<\/p>\n<p>LifeCity World sera principalement une plate-forme logistique et commerciale, bas\u00e9e sur des \u00e9changes en ligne garantis par un syst\u00e8me <em><strong>blockchain<\/strong><\/em>, qui peut \u00e9galement \u00eatre contr\u00f4l\u00e9 par une application. Parall\u00e8lement, il agira des structures physiques pour la pr\u00e9paration et l\u2019emballage des produits, \u00e9galement situ\u00e9s dans une autre zone territoriale par rapport \u00e0 celle de l\u2019insistance de chaque citadelle.<\/p>\n<\/div>\n<\/div><\/div>\n<\/div>\n<\/div>\n<\/div>\n<\/div>\n<\/div>\n<div id=\"cmsmasters_row_eni0uikiwl\" class=\"cmsmasters_row cmsmasters_color_scheme_default blocco-img-mob cmsmasters_row_top_default cmsmasters_row_bot_default cmsmasters_row_boxed\">\n<div class=\"cmsmasters_row_outer_parent\">\n<div class=\"cmsmasters_row_outer\">\n<div class=\"cmsmasters_row_inner\">\n<div class=\"cmsmasters_row_margin\">\n<div id=\"cmsmasters_column_3vqgf3a55\" class=\"cmsmasters_column one_first\">\n<div class=\"cmsmasters_column_inner\"><div class=\"cmsmasters_img  cmsmasters_image_n\"><img src=\"https:\/\/www.lifecityworld.com\/wp-content\/uploads\/2020\/09\/blockchain.jpg\" \/><\/div>\n<\/div><\/div>\n<\/div>\n<\/div>\n<\/div>\n<\/div>\n<\/div>\n<div id=\"cmsmasters_row_ksee9a0ftm\" class=\"cmsmasters_row cmsmasters_color_scheme_default blocco-titolo-img-desk cmsmasters_row_top_default cmsmasters_row_bot_default cmsmasters_row_boxed\">\n<div class=\"cmsmasters_row_outer_parent\">\n<div class=\"cmsmasters_row_outer\">\n<div class=\"cmsmasters_row_inner\">\n<div class=\"cmsmasters_row_margin\">\n<div id=\"cmsmasters_column_bfd7c3ff06\" class=\"cmsmasters_column one_first\">\n<div class=\"cmsmasters_column_inner\"><div id=\"cmsmasters_heading_27m65u07s2\" class=\"cmsmasters_heading_wrap cmsmasters_heading_align_center\">\n\t<h1 class=\"cmsmasters_heading\"> Syst\u00e8me LifeCity World<\/h1>\n<\/div><div class=\"cmsmasters_text\">\n<p><img loading=\"lazy\" class=\"wp-image-15336 size-full alignleft\" style=\"border: 8px solid white; border-radius: 5px;\" src=\"https:\/\/www.lifecityworld.com\/wp-content\/uploads\/2020\/09\/logo-lifecity-world-1.jpg\" alt=\"\" width=\"600\" height=\"400\" srcset=\"https:\/\/www.lifecityworld.com\/wp-content\/uploads\/2020\/09\/logo-lifecity-world-1.jpg 600w, https:\/\/www.lifecityworld.com\/wp-content\/uploads\/2020\/09\/logo-lifecity-world-1-300x200.jpg 300w, https:\/\/www.lifecityworld.com\/wp-content\/uploads\/2020\/09\/logo-lifecity-world-1-580x387.jpg 580w\" sizes=\"(max-width: 600px) 100vw, 600px\" \/><\/p>\n<p>Tout le monde de la vie est repr\u00e9sent\u00e9 par la <em>marque principale<\/em> <strong>LifeCity World<\/strong>, qui repr\u00e9sente la port\u00e9e internationale de l\u2019ensemble du projet et de ses acteurs. Le marque (dont <strong>MSC solutions innovantes<\/strong> est le d\u00e9positaire), en effet, rassemble \u00e0 la fois des partenaires et des sponsors de prestige mondial et les op\u00e9rateurs \u00e9conomiques locaux, tous en mesure de garantir la s\u00e9curit\u00e9 et la qualit\u00e9 des produits et services dans les villes Lifecity.<\/p>\n<p>Dans tous les contextes, LifeCity valorisera les produits locaux typiques respectifs et les habitudes alimentaires locales, en les int\u00e9grant dans la <em>cha\u00eene d\u2019approvisionnement<\/em> et dans l\u2019organisation g\u00e9n\u00e9rale de LifeCity World. Les salles d\u2019exposition d\u2019aliments et de vins, les ateliers d\u2019artisanat, les services de restauration et d\u2019\u00e9tablissement de vie correspondent \u00e0 cette qualit\u00e9 organisationnelle et \u00e0 des <strong>processus \u00e9thiques et de gestion \u00e9thiques et durables<\/strong>.<\/p>\n<\/div>\n<div id=\"cmsmasters_divider_ayi1ak2h5m\" class=\"cl\"><\/div>\n<div class=\"cmsmasters_text\">\n<p><img loading=\"lazy\" class=\"wp-image-15351 size-full alignright\" style=\"border: 8px solid white; border-radius: 5px;\" src=\"https:\/\/www.lifecityworld.com\/wp-content\/uploads\/2020\/09\/blockchain.jpg\" alt=\"\" width=\"600\" height=\"400\" srcset=\"https:\/\/www.lifecityworld.com\/wp-content\/uploads\/2020\/09\/blockchain.jpg 600w, https:\/\/www.lifecityworld.com\/wp-content\/uploads\/2020\/09\/blockchain-300x200.jpg 300w, https:\/\/www.lifecityworld.com\/wp-content\/uploads\/2020\/09\/blockchain-580x387.jpg 580w\" sizes=\"(max-width: 600px) 100vw, 600px\" \/><\/p>\n<p>En particulier, la grande zone commerciale int\u00e9gr\u00e9e \u00e9quip\u00e9e, avec des services joints, fournis dans chaque projet LifeCity, sera la premi\u00e8re structure au monde \u00e0 \u00eatre organis\u00e9e <strong>en ligne<\/strong>, avec une main-d\u2019\u0153uvre enti\u00e8rement mise \u00e0 la disposition des partenaires dans le <em><strong>travail intelligent<\/strong><\/em>.<\/p>\n<p>LifeCity World sera principalement une plate-forme logistique et commerciale, bas\u00e9e sur des \u00e9changes en ligne garantis par un syst\u00e8me <em><strong>blockchain<\/strong><\/em>, qui peut \u00e9galement \u00eatre contr\u00f4l\u00e9 par une application. Parall\u00e8lement, il agira des structures physiques pour la pr\u00e9paration et l\u2019emballage des produits, \u00e9galement situ\u00e9s dans une autre zone territoriale par rapport \u00e0 celle de l\u2019insistance de chaque citadelle.<\/p>\n<\/div>\n<\/div><\/div>\n<\/div>\n<\/div>\n<\/div>\n<\/div>\n<\/div>\n\n","protected":false},"excerpt":{"rendered":"","protected":false},"author":1,"featured_media":0,"parent":0,"menu_order":0,"comment_status":"closed","ping_status":"closed","template":"","meta":[],"yoast_head":"<!-- This site is optimized with the Yoast SEO plugin v15.9.2 - https:\/\/yoast.com\/wordpress\/plugins\/seo\/ -->\n<title>Syst\u00e8me LifeCity World - LifeCity World<\/title>\n<meta name=\"robots\" content=\"index, follow, max-snippet:-1, max-image-preview:large, max-video-preview:-1\" \/>\n<link rel=\"canonical\" href=\"https:\/\/www.lifecityworld.com\/fr\/systeme-lifecity-world\/\" \/>\n<meta property=\"og:locale\" content=\"fr_FR\" \/>\n<meta property=\"og:type\" content=\"article\" \/>\n<meta property=\"og:title\" content=\"Syst\u00e8me LifeCity World - LifeCity World\" \/>\n<meta property=\"og:url\" content=\"https:\/\/www.lifecityworld.com\/fr\/systeme-lifecity-world\/\" \/>\n<meta property=\"og:site_name\" content=\"LifeCity World\" \/>\n<meta property=\"article:modified_time\" content=\"2021-01-18T18:17:17+00:00\" \/>\n<meta property=\"og:image\" content=\"https:\/\/www.lifecityworld.com\/wp-content\/uploads\/2020\/09\/logo-lifecity-world-1.jpg\" \/>\n<meta name=\"twitter:card\" content=\"summary_large_image\" \/>\n<meta name=\"twitter:label1\" content=\"Dur\u00e9e de lecture est.\">\n\t<meta name=\"twitter:data1\" content=\"5 minutes\">\n<script type=\"application\/ld+json\" class=\"yoast-schema-graph\">{\"@context\":\"https:\/\/schema.org\",\"@graph\":[{\"@type\":\"WebSite\",\"@id\":\"https:\/\/www.lifecityworld.com\/#website\",\"url\":\"https:\/\/www.lifecityworld.com\/\",\"name\":\"LifeCity World\",\"description\":\"\",\"potentialAction\":[{\"@type\":\"SearchAction\",\"target\":\"https:\/\/www.lifecityworld.com\/?s={search_term_string}\",\"query-input\":\"required name=search_term_string\"}],\"inLanguage\":\"fr-FR\"},{\"@type\":\"ImageObject\",\"@id\":\"https:\/\/www.lifecityworld.com\/fr\/systeme-lifecity-world\/#primaryimage\",\"inLanguage\":\"fr-FR\",\"url\":\"https:\/\/www.lifecityworld.com\/wp-content\/uploads\/2020\/09\/logo-lifecity-world-1.jpg\",\"width\":600,\"height\":400},{\"@type\":\"WebPage\",\"@id\":\"https:\/\/www.lifecityworld.com\/fr\/systeme-lifecity-world\/#webpage\",\"url\":\"https:\/\/www.lifecityworld.com\/fr\/systeme-lifecity-world\/\",\"name\":\"Syst\\u00e8me LifeCity World - LifeCity World\",\"isPartOf\":{\"@id\":\"https:\/\/www.lifecityworld.com\/#website\"},\"primaryImageOfPage\":{\"@id\":\"https:\/\/www.lifecityworld.com\/fr\/systeme-lifecity-world\/#primaryimage\"},\"datePublished\":\"2021-01-07T09:57:42+00:00\",\"dateModified\":\"2021-01-18T18:17:17+00:00\",\"breadcrumb\":{\"@id\":\"https:\/\/www.lifecityworld.com\/fr\/systeme-lifecity-world\/#breadcrumb\"},\"inLanguage\":\"fr-FR\",\"potentialAction\":[{\"@type\":\"ReadAction\",\"target\":[\"https:\/\/www.lifecityworld.com\/fr\/systeme-lifecity-world\/\"]}]},{\"@type\":\"BreadcrumbList\",\"@id\":\"https:\/\/www.lifecityworld.com\/fr\/systeme-lifecity-world\/#breadcrumb\",\"itemListElement\":[{\"@type\":\"ListItem\",\"position\":1,\"item\":{\"@type\":\"WebPage\",\"@id\":\"https:\/\/www.lifecityworld.com\/fr\/\",\"url\":\"https:\/\/www.lifecityworld.com\/fr\/\",\"name\":\"Home\"}},{\"@type\":\"ListItem\",\"position\":2,\"item\":{\"@type\":\"WebPage\",\"@id\":\"https:\/\/www.lifecityworld.com\/fr\/systeme-lifecity-world\/\",\"url\":\"https:\/\/www.lifecityworld.com\/fr\/systeme-lifecity-world\/\",\"name\":\"Syst\\u00e8me LifeCity World\"}}]}]}<\/script>\n<!-- \/ Yoast SEO plugin. -->","_links":{"self":[{"href":"https:\/\/www.lifecityworld.com\/fr\/wp-json\/wp\/v2\/pages\/16395"}],"collection":[{"href":"https:\/\/www.lifecityworld.com\/fr\/wp-json\/wp\/v2\/pages"}],"about":[{"href":"https:\/\/www.lifecityworld.com\/fr\/wp-json\/wp\/v2\/types\/page"}],"author":[{"embeddable":true,"href":"https:\/\/www.lifecityworld.com\/fr\/wp-json\/wp\/v2\/users\/1"}],"replies":[{"embeddable":true,"href":"https:\/\/www.lifecityworld.com\/fr\/wp-json\/wp\/v2\/comments?post=16395"}],"version-history":[{"count":2,"href":"https:\/\/www.lifecityworld.com\/fr\/wp-json\/wp\/v2\/pages\/16395\/revisions"}],"predecessor-version":[{"id":16399,"href":"https:\/\/www.lifecityworld.com\/fr\/wp-json\/wp\/v2\/pages\/16395\/revisions\/16399"}],"wp:attachment":[{"href":"https:\/\/www.lifecityworld.com\/fr\/wp-json\/wp\/v2\/media?parent=16395"}],"curies":[{"name":"wp","href":"https:\/\/api.w.org\/{rel}","templated":true}]}}