{"id":16405,"date":"2021-01-07T11:42:06","date_gmt":"2021-01-07T10:42:06","guid":{"rendered":"https:\/\/www.lifecityworld.com\/?page_id=16405"},"modified":"2021-01-18T19:16:48","modified_gmt":"2021-01-18T18:16:48","slug":"san-pancrazio-salentino","status":"publish","type":"page","link":"https:\/\/www.lifecityworld.com\/fr\/san-pancrazio-salentino\/","title":{"rendered":"San Pancrazio Salentino"},"content":{"rendered":"<div id=\"cmsmasters_row_5c29kcsdcq\" class=\"cmsmasters_row cmsmasters_color_scheme_default blocco-titolo-mob cmsmasters_row_top_default cmsmasters_row_bot_default cmsmasters_row_boxed\">\n<div class=\"cmsmasters_row_outer_parent\">\n<div class=\"cmsmasters_row_outer\">\n<div class=\"cmsmasters_row_inner\">\n<div class=\"cmsmasters_row_margin\">\n<div id=\"cmsmasters_column_52148c5d6b\" class=\"cmsmasters_column one_first\">\n<div class=\"cmsmasters_column_inner\"><div id=\"cmsmasters_heading_itjp2jdgxl\" class=\"cmsmasters_heading_wrap cmsmasters_heading_align_center\">\n\t<h1 class=\"cmsmasters_heading\">San Pancrazio Salentino<\/h1>\n<\/div><div class=\"cmsmasters_text fascione\">\n<p style=\"text-align: justify; font-size: 16px; line-height: 26px;\"><span style=\"color: #555;\">Le premier projet italien appel\u00e9 <strong>LifeCity Parco degli Ulivi<\/strong> sera celui de <strong>San Pancrazio Salentino<\/strong>, dans la province de Brindisi. C\u2019est une ville \u00e0 vocation agricole, dans laquelle le mod\u00e8le LifeCity stimulera le d\u00e9veloppement des intronis\u00e9s au Km0 et desservira une zone de chalandise consid\u00e9rable, co\u00efncidant avec la r\u00e9gion du nord de Salento.<br \/>\nR\u00e9parti sur 50 hectares et immerg\u00e9 dans un paysage enchanteur, le quartier s\u2019\u00e9l\u00e8vera \u00e0 proximit\u00e9 de la route d\u2019Etat 7 Ter Taranto-Lecce et sera une v\u00e9ritable citadelle multifonctionnelle, au service du territoire.<\/span><\/p>\n<\/div>\n<\/div><\/div>\n<\/div>\n<\/div>\n<\/div>\n<\/div>\n<\/div>\n<div id=\"cmsmasters_row_5clibchq3c\" class=\"cmsmasters_row cmsmasters_color_scheme_default blocco-img-mob cmsmasters_row_top_default cmsmasters_row_bot_default cmsmasters_row_boxed\">\n<div class=\"cmsmasters_row_outer_parent\">\n<div class=\"cmsmasters_row_outer\">\n<div class=\"cmsmasters_row_inner\">\n<div class=\"cmsmasters_row_margin\">\n<div id=\"cmsmasters_column_y24u0f36aa\" class=\"cmsmasters_column one_first\">\n<div class=\"cmsmasters_column_inner\"><div class=\"cmsmasters_img  cmsmasters_image_n\"><img src=\"https:\/\/www.lifecityworld.com\/wp-content\/uploads\/2020\/09\/san-pancrazio.jpg\" \/><\/div><div class=\"cmsmasters_text\">\n<p>&nbsp;<\/p>\n<p style=\"text-align: center;\"><strong>T\u00e9l\u00e9charger les tableaux li\u00e9s au projet LifeCity Park of Olives de San Pancrazio Salentino<\/strong><\/p>\n<\/div>\n<\/div><\/div>\n<\/div>\n<\/div>\n<\/div>\n<\/div>\n<\/div>\n<div id=\"cmsmasters_row_tdcgn7e1e2\" class=\"cmsmasters_row cmsmasters_color_scheme_default blocco-img-mob cmsmasters_row_top_default cmsmasters_row_bot_default cmsmasters_row_boxed\">\n<div class=\"cmsmasters_row_outer_parent\">\n<div class=\"cmsmasters_row_outer\">\n<div class=\"cmsmasters_row_inner\">\n<div class=\"cmsmasters_row_margin\">\n<div id=\"cmsmasters_column_ww4ns2dfxp\" class=\"cmsmasters_column one_third\">\n<div class=\"cmsmasters_column_inner\"><div class=\"cmsmasters_text\">\n<p style=\"text-align: center;\"><strong><a href=\"\/wp-content\/uploads\/2020\/09\/MASTER_PLAN_PROGETTO.pdf\">MASTER_PLAN_PROGETTO<\/a><\/strong><\/p>\n<p style=\"text-align: center;\"><strong><a href=\"\/wp-content\/uploads\/2020\/09\/UBICAZIONE-SU-ORTOFOTO.pdf\">UBICAZIONE SU ORTOFOTO<\/a><\/strong><\/p>\n<p style=\"text-align: center;\"><strong><a href=\"\/wp-content\/uploads\/2020\/09\/UPS_PIANO_INTERRATO.pdf\">UPS_PIANO_INTERRATO<\/a><\/strong><\/p>\n<p style=\"text-align: center;\"><strong><a href=\"\/wp-content\/uploads\/2020\/09\/UPS_PIANO_TERRA.pdf\">UPS_PIANO_TERRA<\/a><\/strong><\/p>\n<p style=\"text-align: center;\"><strong><a href=\"\/wp-content\/uploads\/2020\/09\/UPS_PIANO_PRIMO.pdf\">UPS_PIANO_PRIMO<\/a><\/strong><\/p>\n<\/div>\n<\/div><\/div>\n<div id=\"cmsmasters_column_194o381dv\" class=\"cmsmasters_column one_third\">\n<div class=\"cmsmasters_column_inner\"><div class=\"cmsmasters_text\">\n<p style=\"text-align: center;\"><strong><a href=\"\/wp-content\/uploads\/2020\/09\/UPS_AREA_SANITARIA_STRUTTURE_AMM_PT.pdf\">UPS_AREA_SANITARIA_STRUTTURE_AMM_PT<\/a><\/strong><\/p>\n<p style=\"text-align: center;\"><strong><a href=\"\/wp-content\/uploads\/2020\/09\/UPS_AREA_SANITARIA_STRUTTURE_AMM_PP.pdf\">UPS_AREA_SANITARIA_STRUTTURE_AMM_PP<\/a><\/strong><\/p>\n<p style=\"text-align: center;\"><strong><a href=\"\/wp-content\/uploads\/2020\/09\/UPS_AREA_SANITARIA_ASILO.pdf\">UPS_AREA_SANITARIA_ASILO<\/a><\/strong><\/p>\n<p style=\"text-align: center;\"><strong><a href=\"\/wp-content\/uploads\/2020\/09\/PIANTA_PIANO_INTERRATO_CENTRO_COMM.pdf\">PIANTA_PIANO_INTERRATO_CENTRO_COMM<\/a><\/strong><\/p>\n<p style=\"text-align: center;\"><strong><a href=\"\/wp-content\/uploads\/2020\/09\/PIANO_TERRA_CENTRO_COMM.pdf\">PIANO_TERRA_CENTRO_COMM<\/a><\/strong><\/p>\n<p style=\"text-align: center;\">\n<\/div>\n<div class=\"cmsmasters_text\">\n<p>&nbsp;<\/p>\n<\/div>\n<\/div><\/div>\n<div id=\"cmsmasters_column_pphdh5y0xs\" class=\"cmsmasters_column one_third\">\n<div class=\"cmsmasters_column_inner\"><div class=\"cmsmasters_text\">\n<p style=\"text-align: center;\"><strong><a href=\"\/wp-content\/uploads\/2020\/09\/HOTEL-PISCINA_COPERTA.pdf\">HOTEL-PISCINA_COPERTA<\/a><\/strong><\/p>\n<p style=\"text-align: center;\"><strong><a href=\"\/wp-content\/uploads\/2020\/09\/HOTEL-PISCINA_COPERTA_PIANTE.pdf\">HOTEL-PISCINA_COPERTA_PIANTE<\/a><\/strong><\/p>\n<p style=\"text-align: center;\"><strong><a href=\"\/wp-content\/uploads\/2020\/09\/HOTEL-PISCINA_COPERTA_PROSPETTI.pdf\">HOTEL-PISCINA_COPERTA_PROSPETTI<\/a><\/strong><\/p>\n<p style=\"text-align: center;\"><strong><a href=\"\/wp-content\/uploads\/2020\/09\/PIANTA_PRIMO_PIANO_CENTRO_COMM.pdf\">PIANTA_PRIMO_PIANO_CENTRO_COMM<\/a><\/strong><\/p>\n<\/div>\n<\/div><\/div>\n<\/div>\n<\/div>\n<\/div>\n<\/div>\n<\/div>\n<div id=\"cmsmasters_row_v9snw57rjp\" class=\"cmsmasters_row cmsmasters_color_scheme_default blocco-titolo-img-desk cmsmasters_row_top_default cmsmasters_row_bot_default cmsmasters_row_boxed\">\n<div class=\"cmsmasters_row_outer_parent\">\n<div class=\"cmsmasters_row_outer\">\n<div class=\"cmsmasters_row_inner\">\n<div class=\"cmsmasters_row_margin\">\n<div id=\"cmsmasters_column_bfd7c3ff06\" class=\"cmsmasters_column one_first\">\n<div class=\"cmsmasters_column_inner\"><div id=\"cmsmasters_heading_k78g1g3r0o\" class=\"cmsmasters_heading_wrap cmsmasters_heading_align_center\">\n\t<h1 class=\"cmsmasters_heading\">San Pancrazio Salentino<\/h1>\n<\/div><div class=\"cmsmasters_text\">\n<p style=\"text-align: justify; font-size: 16px; line-height: 26px;\"><span style=\"color: #555;\"><img loading=\"lazy\" class=\"wp-image-15458 size-full alignleft\" style=\"border: 8px solid white; border-radius: 5px;\" src=\"https:\/\/www.lifecityworld.com\/wp-content\/uploads\/2020\/09\/san-pancrazio.jpg\" alt=\"\" width=\"600\" height=\"400\" srcset=\"https:\/\/www.lifecityworld.com\/wp-content\/uploads\/2020\/09\/san-pancrazio.jpg 600w, https:\/\/www.lifecityworld.com\/wp-content\/uploads\/2020\/09\/san-pancrazio-300x200.jpg 300w, https:\/\/www.lifecityworld.com\/wp-content\/uploads\/2020\/09\/san-pancrazio-580x387.jpg 580w\" sizes=\"(max-width: 600px) 100vw, 600px\" \/><\/span><\/p>\n<p>Le premier projet italien appel\u00e9 <strong>LifeCity Parco degli Ulivi<\/strong> sera celui de <strong>San Pancrazio Salentino<\/strong>, dans la province de Brindisi. C\u2019est une ville \u00e0 vocation agricole, dans laquelle le mod\u00e8le LifeCity stimulera le d\u00e9veloppement des intronis\u00e9s au Km0 et desservira une zone de chalandise consid\u00e9rable, co\u00efncidant avec la r\u00e9gion du nord de Salento.<br \/>\nR\u00e9parti sur 50 hectares et immerg\u00e9 dans un paysage enchanteur, le quartier s\u2019\u00e9l\u00e8vera \u00e0 proximit\u00e9 de la route d\u2019Etat 7 Ter Taranto-Lecce et sera une v\u00e9ritable citadelle multifonctionnelle, au service du territoire.<\/p>\n<div id=\"bo\" style=\"display: inline-block; width: 100%; margin-top: 20px;\">\n<p style=\"text-align: center;\"><strong>T\u00e9l\u00e9charger les tableaux li\u00e9s au projet LifeCity Park of Olives de San Pancrazio Salentino<\/strong><\/p>\n<\/div>\n<\/div>\n<\/div><\/div>\n<\/div>\n<\/div>\n<\/div>\n<\/div>\n<\/div>\n<div id=\"cmsmasters_row_ovh7w7cp1i\" class=\"cmsmasters_row cmsmasters_color_scheme_default blocco-titolo-img-desk cmsmasters_row_top_default cmsmasters_row_bot_default cmsmasters_row_boxed\">\n<div class=\"cmsmasters_row_outer_parent\">\n<div class=\"cmsmasters_row_outer\">\n<div class=\"cmsmasters_row_inner\">\n<div class=\"cmsmasters_row_margin\">\n<div id=\"cmsmasters_column_zch71o5yab\" class=\"cmsmasters_column one_third\">\n<div class=\"cmsmasters_column_inner\"><div class=\"cmsmasters_text\">\n<p><strong><a href=\"\/wp-content\/uploads\/2020\/09\/MASTER_PLAN_PROGETTO.pdf\">MASTER_PLAN_PROGETTO<\/a><\/strong><\/p>\n<p><strong><a href=\"\/wp-content\/uploads\/2020\/09\/UBICAZIONE-SU-ORTOFOTO.pdf\">UBICAZIONE SU ORTOFOTO<\/a><\/strong><\/p>\n<p><strong><a href=\"\/wp-content\/uploads\/2020\/09\/UPS_PIANO_INTERRATO.pdf\">UPS_PIANO_INTERRATO<\/a><\/strong><\/p>\n<p><strong><a href=\"\/wp-content\/uploads\/2020\/09\/UPS_PIANO_TERRA.pdf\">UPS_PIANO_TERRA<\/a><\/strong><\/p>\n<p><strong><a href=\"\/wp-content\/uploads\/2020\/09\/UPS_PIANO_PRIMO.pdf\">UPS_PIANO_PRIMO<\/a><\/strong><\/p>\n<\/div>\n<\/div><\/div>\n<div id=\"cmsmasters_column_vorr8sjsu\" class=\"cmsmasters_column one_third\">\n<div class=\"cmsmasters_column_inner\"><div class=\"cmsmasters_text\">\n<p><strong><a href=\"\/wp-content\/uploads\/2020\/09\/UPS_AREA_SANITARIA_STRUTTURE_AMM_PT.pdf\">UPS_AREA_SANITARIA_STRUTTURE_AMM_PT<\/a><\/strong><\/p>\n<p><strong><a href=\"\/wp-content\/uploads\/2020\/09\/UPS_AREA_SANITARIA_STRUTTURE_AMM_PP.pdf\">UPS_AREA_SANITARIA_STRUTTURE_AMM_PP<\/a><\/strong><\/p>\n<p><strong><a href=\"\/wp-content\/uploads\/2020\/09\/UPS_AREA_SANITARIA_ASILO.pdf\">UPS_AREA_SANITARIA_ASILO<\/a><\/strong><\/p>\n<p><strong><a href=\"\/wp-content\/uploads\/2020\/09\/PIANTA_PIANO_INTERRATO_CENTRO_COMM.pdf\">PIANTA_PIANO_INTERRATO_CENTRO_COMM<\/a><\/strong><\/p>\n<p><strong><a href=\"\/wp-content\/uploads\/2020\/09\/PIANO_TERRA_CENTRO_COMM.pdf\">PIANO_TERRA_CENTRO_COMM<\/a><\/strong><\/p>\n<p>&nbsp;<\/p>\n<\/div>\n<\/div><\/div>\n<div id=\"cmsmasters_column_t4ikm95w6\" class=\"cmsmasters_column one_third\">\n<div class=\"cmsmasters_column_inner\"><div class=\"cmsmasters_text\">\n<p style=\"text-align: right;\"><strong><a href=\"https:\/\/www.lifecityworld.com\/wp-content\/uploads\/2020\/09\/HOTEL-PISCINA_COPERTA.pdf\">HOTEL-PISCINA_COPERTA<\/a><\/strong><\/p>\n<p style=\"text-align: right;\"><strong><a href=\"https:\/\/www.lifecityworld.com\/wp-content\/uploads\/2020\/09\/HOTEL-PISCINA_COPERTA_PIANTE.pdf\">HOTEL-PISCINA_COPERTA_PIANTE<\/a><\/strong><\/p>\n<p style=\"text-align: right;\"><strong><a href=\"https:\/\/www.lifecityworld.com\/wp-content\/uploads\/2020\/09\/HOTEL-PISCINA_COPERTA_PROSPETTI.pdf\">HOTEL-PISCINA_COPERTA_PROSPETTI<\/a><\/strong><\/p>\n<p style=\"text-align: right;\"><strong><a href=\"https:\/\/www.lifecityworld.com\/wp-content\/uploads\/2020\/09\/PIANTA_PRIMO_PIANO_CENTRO_COMM.pdf\">PIANTA_PRIMO_PIANO_CENTRO_COMM<\/a><\/strong><\/p>\n<\/div>\n<\/div><\/div>\n<\/div>\n<\/div>\n<\/div>\n<\/div>\n<\/div>\n\n","protected":false},"excerpt":{"rendered":"","protected":false},"author":1,"featured_media":0,"parent":0,"menu_order":0,"comment_status":"closed","ping_status":"closed","template":"","meta":[],"yoast_head":"<!-- This site is optimized with the Yoast SEO plugin v15.9.2 - https:\/\/yoast.com\/wordpress\/plugins\/seo\/ -->\n<title>San Pancrazio Salentino - LifeCity World<\/title>\n<meta name=\"robots\" content=\"index, follow, max-snippet:-1, max-image-preview:large, max-video-preview:-1\" \/>\n<link rel=\"canonical\" href=\"https:\/\/www.lifecityworld.com\/fr\/san-pancrazio-salentino\/\" \/>\n<meta property=\"og:locale\" content=\"fr_FR\" \/>\n<meta property=\"og:type\" content=\"article\" \/>\n<meta property=\"og:title\" content=\"San Pancrazio Salentino - LifeCity World\" \/>\n<meta property=\"og:url\" content=\"https:\/\/www.lifecityworld.com\/fr\/san-pancrazio-salentino\/\" \/>\n<meta property=\"og:site_name\" content=\"LifeCity World\" \/>\n<meta property=\"article:modified_time\" content=\"2021-01-18T18:16:48+00:00\" \/>\n<meta property=\"og:image\" content=\"https:\/\/www.lifecityworld.com\/wp-content\/uploads\/2020\/09\/san-pancrazio.jpg\" \/>\n<meta name=\"twitter:card\" content=\"summary_large_image\" \/>\n<meta name=\"twitter:label1\" content=\"Dur\u00e9e de lecture est.\">\n\t<meta name=\"twitter:data1\" content=\"5 minutes\">\n<script type=\"application\/ld+json\" class=\"yoast-schema-graph\">{\"@context\":\"https:\/\/schema.org\",\"@graph\":[{\"@type\":\"WebSite\",\"@id\":\"https:\/\/www.lifecityworld.com\/#website\",\"url\":\"https:\/\/www.lifecityworld.com\/\",\"name\":\"LifeCity World\",\"description\":\"\",\"potentialAction\":[{\"@type\":\"SearchAction\",\"target\":\"https:\/\/www.lifecityworld.com\/?s={search_term_string}\",\"query-input\":\"required name=search_term_string\"}],\"inLanguage\":\"fr-FR\"},{\"@type\":\"ImageObject\",\"@id\":\"https:\/\/www.lifecityworld.com\/fr\/san-pancrazio-salentino\/#primaryimage\",\"inLanguage\":\"fr-FR\",\"url\":\"https:\/\/www.lifecityworld.com\/wp-content\/uploads\/2020\/09\/san-pancrazio.jpg\",\"width\":600,\"height\":400},{\"@type\":\"WebPage\",\"@id\":\"https:\/\/www.lifecityworld.com\/fr\/san-pancrazio-salentino\/#webpage\",\"url\":\"https:\/\/www.lifecityworld.com\/fr\/san-pancrazio-salentino\/\",\"name\":\"San Pancrazio Salentino - LifeCity World\",\"isPartOf\":{\"@id\":\"https:\/\/www.lifecityworld.com\/#website\"},\"primaryImageOfPage\":{\"@id\":\"https:\/\/www.lifecityworld.com\/fr\/san-pancrazio-salentino\/#primaryimage\"},\"datePublished\":\"2021-01-07T10:42:06+00:00\",\"dateModified\":\"2021-01-18T18:16:48+00:00\",\"breadcrumb\":{\"@id\":\"https:\/\/www.lifecityworld.com\/fr\/san-pancrazio-salentino\/#breadcrumb\"},\"inLanguage\":\"fr-FR\",\"potentialAction\":[{\"@type\":\"ReadAction\",\"target\":[\"https:\/\/www.lifecityworld.com\/fr\/san-pancrazio-salentino\/\"]}]},{\"@type\":\"BreadcrumbList\",\"@id\":\"https:\/\/www.lifecityworld.com\/fr\/san-pancrazio-salentino\/#breadcrumb\",\"itemListElement\":[{\"@type\":\"ListItem\",\"position\":1,\"item\":{\"@type\":\"WebPage\",\"@id\":\"https:\/\/www.lifecityworld.com\/fr\/\",\"url\":\"https:\/\/www.lifecityworld.com\/fr\/\",\"name\":\"Home\"}},{\"@type\":\"ListItem\",\"position\":2,\"item\":{\"@type\":\"WebPage\",\"@id\":\"https:\/\/www.lifecityworld.com\/fr\/san-pancrazio-salentino\/\",\"url\":\"https:\/\/www.lifecityworld.com\/fr\/san-pancrazio-salentino\/\",\"name\":\"San Pancrazio Salentino\"}}]}]}<\/script>\n<!-- \/ Yoast SEO plugin. -->","_links":{"self":[{"href":"https:\/\/www.lifecityworld.com\/fr\/wp-json\/wp\/v2\/pages\/16405"}],"collection":[{"href":"https:\/\/www.lifecityworld.com\/fr\/wp-json\/wp\/v2\/pages"}],"about":[{"href":"https:\/\/www.lifecityworld.com\/fr\/wp-json\/wp\/v2\/types\/page"}],"author":[{"embeddable":true,"href":"https:\/\/www.lifecityworld.com\/fr\/wp-json\/wp\/v2\/users\/1"}],"replies":[{"embeddable":true,"href":"https:\/\/www.lifecityworld.com\/fr\/wp-json\/wp\/v2\/comments?post=16405"}],"version-history":[{"count":2,"href":"https:\/\/www.lifecityworld.com\/fr\/wp-json\/wp\/v2\/pages\/16405\/revisions"}],"predecessor-version":[{"id":16422,"href":"https:\/\/www.lifecityworld.com\/fr\/wp-json\/wp\/v2\/pages\/16405\/revisions\/16422"}],"wp:attachment":[{"href":"https:\/\/www.lifecityworld.com\/fr\/wp-json\/wp\/v2\/media?parent=16405"}],"curies":[{"name":"wp","href":"https:\/\/api.w.org\/{rel}","templated":true}]}}