{"id":16423,"date":"2021-01-07T12:09:18","date_gmt":"2021-01-07T11:09:18","guid":{"rendered":"https:\/\/www.lifecityworld.com\/?page_id=16423"},"modified":"2021-01-18T18:59:01","modified_gmt":"2021-01-18T17:59:01","slug":"centre-dexposition","status":"publish","type":"page","link":"https:\/\/www.lifecityworld.com\/fr\/centre-dexposition\/","title":{"rendered":"Centre d&rsquo;exposition"},"content":{"rendered":"<div id=\"cmsmasters_row_bfba2np9mj\" class=\"cmsmasters_row cmsmasters_color_scheme_default blocco-titolo-mob cmsmasters_row_top_default cmsmasters_row_bot_default cmsmasters_row_boxed\">\n<div class=\"cmsmasters_row_outer_parent\">\n<div class=\"cmsmasters_row_outer\">\n<div class=\"cmsmasters_row_inner\">\n<div class=\"cmsmasters_row_margin\">\n<div id=\"cmsmasters_column_52148c5d6b\" class=\"cmsmasters_column one_first\">\n<div class=\"cmsmasters_column_inner\"><div id=\"cmsmasters_heading_503k2hklmf\" class=\"cmsmasters_heading_wrap cmsmasters_heading_align_center\">\n\t<h1 class=\"cmsmasters_heading\">Centre d&rsquo;exposition<\/h1>\n<\/div><div class=\"cmsmasters_text fascione\">\n<p>Le c\u0153ur de chaque citadelle de LifeCity sera le grand <strong>centre de shopping, d\u2019exposition et de loisirs<\/strong>, dans lequel la philosophie de base de l\u2019ensemble du projet sera plus exp\u00e9rimentale: le bien-\u00eatre total, \u00e0 partir de la qualit\u00e9 alimentaire d\u2019une vocation territoriale proche.<br \/>\nLe centre fera la promotion et valorisera les vins, les produits laitiers, les produits de boulangerie, l\u2019art de la p\u00e2tisserie et de la cr\u00e8me glac\u00e9e, les mati\u00e8res premi\u00e8res agroalimentaires et les transformations au Km 0, ainsi que d\u2019excellents aliments et vins. La nutrition biologique, v\u00e9g\u00e9tarienne et v\u00e9g\u00e9talienne sera \u00e9galement envisag\u00e9e, donnant la priorit\u00e9 \u00e0 l\u2019ensemble du <strong>r\u00e9gime m\u00e9diterran\u00e9en<\/strong>.<\/p>\n<p>A l\u2019int\u00e9rieur du centre d\u2019exposition, il y aura des salles de d\u00e9gustation, des trattorias, des r\u00f4tisseries, des restaurants et de <em> grands restaurants gastronomiques<\/em>. Aux c\u00f4t\u00e9s des acteurs de l\u2019agroalimentaire, il y aura des espaces commerciaux pour les mariages, les sports et le bien-\u00eatre.<br \/>\nEt m\u00eame le temps libre aura un grand espace, avec bowling, cin\u00e9ma multiplexe, concert et salle de concert, spa, salle de gym.<\/p>\n<\/div>\n<\/div><\/div>\n<\/div>\n<\/div>\n<\/div>\n<\/div>\n<\/div>\n<div id=\"cmsmasters_row_67ryevdg8\" class=\"cmsmasters_row cmsmasters_color_scheme_default blocco-img-mob cmsmasters_row_top_default cmsmasters_row_bot_default cmsmasters_row_boxed\">\n<div class=\"cmsmasters_row_outer_parent\">\n<div class=\"cmsmasters_row_outer\">\n<div class=\"cmsmasters_row_inner\">\n<div class=\"cmsmasters_row_margin\">\n<div id=\"cmsmasters_column_y24u0f36aa\" class=\"cmsmasters_column one_first\">\n<div class=\"cmsmasters_column_inner\"><div class=\"cmsmasters_img  cmsmasters_image_n\"><img src=\"https:\/\/www.lifecityworld.com\/wp-content\/uploads\/2020\/09\/centro1-1.jpg\" \/><\/div>\n<\/div><\/div>\n<\/div>\n<\/div>\n<\/div>\n<\/div>\n<\/div>\n<div id=\"cmsmasters_row_nwd8bu35yq\" class=\"cmsmasters_row cmsmasters_color_scheme_default blocco-titolo-mob cmsmasters_row_top_default cmsmasters_row_bot_default cmsmasters_row_boxed\">\n<div class=\"cmsmasters_row_outer_parent\">\n<div class=\"cmsmasters_row_outer\">\n<div class=\"cmsmasters_row_inner\">\n<div class=\"cmsmasters_row_margin\">\n<div id=\"cmsmasters_column_aje8511zzp\" class=\"cmsmasters_column one_first\">\n<div class=\"cmsmasters_column_inner\"><div class=\"cmsmasters_text fascione\">\n<p><strong>Liste des offres<\/strong><\/p>\n<ul style=\"column-count: 2;\">\n<li>Restauration de qualit\u00e9<\/li>\n<li>Trattoria produits typiques<\/li>\n<li>Fromages et jambons typiques<\/li>\n<li>Produits typiques de chaque r\u00e9gion<\/li>\n<li>D\u00e9gustation<\/li>\n<li>D\u00e9gustation de bi\u00e8res artisanales<\/li>\n<li>La meilleure pizza<\/li>\n<li>Boulangerie<\/li>\n<li>Produits laitiers des fermes<\/li>\n<li>Mozzarella produite sur place<\/li>\n<li>Nourriture m\u00e9diterran\u00e9enne<\/li>\n<li>Nourriture v\u00e9g\u00e9tarienne<\/li>\n<li>Nutrition v\u00e9g\u00e9talienne<\/li>\n<li>R\u00f4tisserie<\/li>\n<li>Cr\u00e8me glac\u00e9e et yogourt maison<\/li>\n<li>Confiserie de mariage<\/li>\n<li>Bar vip<\/li>\n<li>Restaurant gastronomique Gran<\/li>\n<li>Piano Bar<\/li>\n<li>Centre commercial<\/li>\n<li>V\u00eatements d\u2019a.m. pour les mariages d\u2019hommes<\/li>\n<li>V\u00eatements d\u2019a.m. pour les mariages de femmes<\/li>\n<li>Produits et \u00e9quipements pour la haute cuisine et la cuisine<\/li>\n<li>Produits de t\u00e9l\u00e9phonie<\/li>\n<li>Produits sportifs<\/li>\n<li>Salle de bowling et de giochi<\/li>\n<li>Salle de conf\u00e9rence et salle de formation<\/li>\n<li>Emballage et transport<\/li>\n<li>Cin\u00e9mas et spectacles<\/li>\n<li>Musique et restauration<\/li>\n<li>Terrazzo e cocktail<\/li>\n<li>Gymnases<\/li>\n<li>Spa<\/li>\n<li>Piscines et bains \u00e0 remous<\/li>\n<li>Wedding Planner<\/li>\n<li>Espace mus\u00e9e<\/li>\n<\/ul>\n<\/div>\n<\/div><\/div>\n<\/div>\n<\/div>\n<\/div>\n<\/div>\n<\/div>\n<div id=\"cmsmasters_row_eptyjkb9w4\" class=\"cmsmasters_row cmsmasters_color_scheme_default blocco-img-mob cmsmasters_row_top_default cmsmasters_row_bot_default cmsmasters_row_boxed\">\n<div class=\"cmsmasters_row_outer_parent\">\n<div class=\"cmsmasters_row_outer\">\n<div class=\"cmsmasters_row_inner\">\n<div class=\"cmsmasters_row_margin\">\n<div id=\"cmsmasters_column_yg0opicbxv\" class=\"cmsmasters_column one_first\">\n<div class=\"cmsmasters_column_inner\"><div class=\"cmsmasters_img  cmsmasters_image_n\"><img src=\"https:\/\/www.lifecityworld.com\/wp-content\/uploads\/2020\/09\/centro2-1.jpg\" \/><\/div>\n<\/div><\/div>\n<\/div>\n<\/div>\n<\/div>\n<\/div>\n<\/div>\n<div id=\"cmsmasters_row_7at4b87hk5\" class=\"cmsmasters_row cmsmasters_color_scheme_default blocco-titolo-img-desk cmsmasters_row_top_default cmsmasters_row_bot_default cmsmasters_row_boxed\">\n<div class=\"cmsmasters_row_outer_parent\">\n<div class=\"cmsmasters_row_outer\">\n<div class=\"cmsmasters_row_inner\">\n<div class=\"cmsmasters_row_margin\">\n<div id=\"cmsmasters_column_bfd7c3ff06\" class=\"cmsmasters_column one_first\">\n<div class=\"cmsmasters_column_inner\"><div id=\"cmsmasters_heading_an7jo7xjvd\" class=\"cmsmasters_heading_wrap cmsmasters_heading_align_center\">\n\t<h1 class=\"cmsmasters_heading\">Centre d&rsquo;exposition<\/h1>\n<\/div><div class=\"cmsmasters_text\">\n<p><img loading=\"lazy\" class=\"wp-image-15354 size-full alignleft\" style=\"border: 8px solid white; border-radius: 5px;\" src=\"https:\/\/www.lifecityworld.com\/wp-content\/uploads\/2020\/09\/centro1-1.jpg\" alt=\"\" width=\"600\" height=\"400\" srcset=\"https:\/\/www.lifecityworld.com\/wp-content\/uploads\/2020\/09\/centro1-1.jpg 600w, https:\/\/www.lifecityworld.com\/wp-content\/uploads\/2020\/09\/centro1-1-300x200.jpg 300w, https:\/\/www.lifecityworld.com\/wp-content\/uploads\/2020\/09\/centro1-1-580x387.jpg 580w\" sizes=\"(max-width: 600px) 100vw, 600px\" \/><\/p>\n<p>Le c\u0153ur de chaque citadelle de LifeCity sera le grand <strong>centre de shopping, d\u2019exposition et de loisirs<\/strong>, dans lequel la philosophie de base de l\u2019ensemble du projet sera plus exp\u00e9rimentale: le bien-\u00eatre total, \u00e0 partir de la qualit\u00e9 alimentaire d\u2019une vocation territoriale proche.<br \/>\nLe centre fera la promotion et valorisera les vins, les produits laitiers, les produits de boulangerie, l\u2019art de la p\u00e2tisserie et de la cr\u00e8me glac\u00e9e, les mati\u00e8res premi\u00e8res agroalimentaires et les transformations au Km 0, ainsi que d\u2019excellents aliments et vins. La nutrition biologique, v\u00e9g\u00e9tarienne et v\u00e9g\u00e9talienne sera \u00e9galement envisag\u00e9e, donnant la priorit\u00e9 \u00e0 l\u2019ensemble du <strong>r\u00e9gime m\u00e9diterran\u00e9en<\/strong>.<\/p>\n<p>A l\u2019int\u00e9rieur du centre d\u2019exposition, il y aura des salles de d\u00e9gustation, des trattorias, des r\u00f4tisseries, des restaurants et de <em> grands restaurants gastronomiques<\/em>. Aux c\u00f4t\u00e9s des acteurs de l\u2019agroalimentaire, il y aura des espaces commerciaux pour les mariages, les sports et le bien-\u00eatre.<br \/>\nEt m\u00eame le temps libre aura un grand espace, avec bowling, cin\u00e9ma multiplexe, concert et salle de concert, spa, salle de gym.<\/p>\n<\/div>\n<div id=\"cmsmasters_divider_wzmfgzb6p\" class=\"cl\"><\/div>\n<div class=\"cmsmasters_text\">\n<p><img loading=\"lazy\" class=\"wp-image-15355 size-full alignright\" style=\"border: 8px solid white; border-radius: 5px;\" src=\"https:\/\/www.lifecityworld.com\/wp-content\/uploads\/2020\/09\/centro2-1.jpg\" alt=\"\" width=\"600\" height=\"400\" srcset=\"https:\/\/www.lifecityworld.com\/wp-content\/uploads\/2020\/09\/centro2-1.jpg 600w, https:\/\/www.lifecityworld.com\/wp-content\/uploads\/2020\/09\/centro2-1-300x200.jpg 300w, https:\/\/www.lifecityworld.com\/wp-content\/uploads\/2020\/09\/centro2-1-580x387.jpg 580w\" sizes=\"(max-width: 600px) 100vw, 600px\" \/><\/p>\n<p><strong>Liste des offres<\/strong><\/p>\n<ul style=\"column-count: 2;\">\n<li>Restauration de qualit\u00e9<\/li>\n<li>Trattoria produits typiques<\/li>\n<li>Fromages et jambons typiques<\/li>\n<li>Produits typiques de chaque r\u00e9gion<\/li>\n<li>D\u00e9gustation<\/li>\n<li>D\u00e9gustation de bi\u00e8res artisanales<\/li>\n<li>La meilleure pizza<\/li>\n<li>Boulangerie<\/li>\n<li>Produits laitiers des fermes<\/li>\n<li>Mozzarella produite sur place<\/li>\n<li>Nourriture m\u00e9diterran\u00e9enne<\/li>\n<li>Nourriture v\u00e9g\u00e9tarienne<\/li>\n<li>Nutrition v\u00e9g\u00e9talienne<\/li>\n<li>R\u00f4tisserie<\/li>\n<li>Cr\u00e8me glac\u00e9e et yogourt maison<\/li>\n<li>Confiserie de mariage<\/li>\n<li>Bar vip<\/li>\n<li>Restaurant gastronomique Gran<\/li>\n<li>Piano Bar<\/li>\n<li>Centre commercial<\/li>\n<li>V\u00eatements d\u2019a.m. pour les mariages d\u2019hommes<\/li>\n<li>V\u00eatements d\u2019a.m. pour les mariages de femmes<\/li>\n<li>Produits et \u00e9quipements pour la haute cuisine et la cuisine<\/li>\n<li>Produits de t\u00e9l\u00e9phonie<\/li>\n<li>Produits sportifs<\/li>\n<li>Salle de bowling et de giochi<\/li>\n<li>Salle de conf\u00e9rence et salle de formation<\/li>\n<li>Emballage et transport<\/li>\n<li>Cin\u00e9mas et spectacles<\/li>\n<li>Musique et restauration<\/li>\n<li>Terrazzo e cocktail<\/li>\n<li>Gymnases<\/li>\n<li>Spa<\/li>\n<li>Piscines et bains \u00e0 remous<\/li>\n<li>Wedding Planner<\/li>\n<li>Espace mus\u00e9e<\/li>\n<\/ul>\n<\/div>\n<\/div><\/div>\n<\/div>\n<\/div>\n<\/div>\n<\/div>\n<\/div>\n\n","protected":false},"excerpt":{"rendered":"","protected":false},"author":1,"featured_media":0,"parent":0,"menu_order":0,"comment_status":"closed","ping_status":"closed","template":"","meta":[],"yoast_head":"<!-- This site is optimized with the Yoast SEO plugin v15.9.2 - https:\/\/yoast.com\/wordpress\/plugins\/seo\/ -->\n<title>Centre d&#039;exposition - LifeCity World<\/title>\n<meta name=\"robots\" content=\"index, follow, max-snippet:-1, max-image-preview:large, max-video-preview:-1\" \/>\n<link rel=\"canonical\" href=\"https:\/\/www.lifecityworld.com\/fr\/centre-dexposition\/\" \/>\n<meta property=\"og:locale\" content=\"fr_FR\" \/>\n<meta property=\"og:type\" content=\"article\" \/>\n<meta property=\"og:title\" content=\"Centre d&#039;exposition - LifeCity World\" \/>\n<meta property=\"og:url\" content=\"https:\/\/www.lifecityworld.com\/fr\/centre-dexposition\/\" \/>\n<meta property=\"og:site_name\" content=\"LifeCity World\" \/>\n<meta property=\"article:modified_time\" content=\"2021-01-18T17:59:01+00:00\" \/>\n<meta property=\"og:image\" content=\"https:\/\/www.lifecityworld.com\/wp-content\/uploads\/2020\/09\/centro1-1.jpg\" \/>\n<meta name=\"twitter:card\" content=\"summary_large_image\" \/>\n<meta name=\"twitter:label1\" content=\"Dur\u00e9e de lecture est.\">\n\t<meta name=\"twitter:data1\" content=\"6 minutes\">\n<script type=\"application\/ld+json\" class=\"yoast-schema-graph\">{\"@context\":\"https:\/\/schema.org\",\"@graph\":[{\"@type\":\"WebSite\",\"@id\":\"https:\/\/www.lifecityworld.com\/#website\",\"url\":\"https:\/\/www.lifecityworld.com\/\",\"name\":\"LifeCity World\",\"description\":\"\",\"potentialAction\":[{\"@type\":\"SearchAction\",\"target\":\"https:\/\/www.lifecityworld.com\/?s={search_term_string}\",\"query-input\":\"required name=search_term_string\"}],\"inLanguage\":\"fr-FR\"},{\"@type\":\"ImageObject\",\"@id\":\"https:\/\/www.lifecityworld.com\/fr\/centre-dexposition\/#primaryimage\",\"inLanguage\":\"fr-FR\",\"url\":\"https:\/\/www.lifecityworld.com\/wp-content\/uploads\/2020\/09\/centro1-1.jpg\",\"width\":600,\"height\":400},{\"@type\":\"WebPage\",\"@id\":\"https:\/\/www.lifecityworld.com\/fr\/centre-dexposition\/#webpage\",\"url\":\"https:\/\/www.lifecityworld.com\/fr\/centre-dexposition\/\",\"name\":\"Centre d'exposition - LifeCity World\",\"isPartOf\":{\"@id\":\"https:\/\/www.lifecityworld.com\/#website\"},\"primaryImageOfPage\":{\"@id\":\"https:\/\/www.lifecityworld.com\/fr\/centre-dexposition\/#primaryimage\"},\"datePublished\":\"2021-01-07T11:09:18+00:00\",\"dateModified\":\"2021-01-18T17:59:01+00:00\",\"breadcrumb\":{\"@id\":\"https:\/\/www.lifecityworld.com\/fr\/centre-dexposition\/#breadcrumb\"},\"inLanguage\":\"fr-FR\",\"potentialAction\":[{\"@type\":\"ReadAction\",\"target\":[\"https:\/\/www.lifecityworld.com\/fr\/centre-dexposition\/\"]}]},{\"@type\":\"BreadcrumbList\",\"@id\":\"https:\/\/www.lifecityworld.com\/fr\/centre-dexposition\/#breadcrumb\",\"itemListElement\":[{\"@type\":\"ListItem\",\"position\":1,\"item\":{\"@type\":\"WebPage\",\"@id\":\"https:\/\/www.lifecityworld.com\/fr\/\",\"url\":\"https:\/\/www.lifecityworld.com\/fr\/\",\"name\":\"Home\"}},{\"@type\":\"ListItem\",\"position\":2,\"item\":{\"@type\":\"WebPage\",\"@id\":\"https:\/\/www.lifecityworld.com\/fr\/centre-dexposition\/\",\"url\":\"https:\/\/www.lifecityworld.com\/fr\/centre-dexposition\/\",\"name\":\"Centre d&#8217;exposition\"}}]}]}<\/script>\n<!-- \/ Yoast SEO plugin. -->","_links":{"self":[{"href":"https:\/\/www.lifecityworld.com\/fr\/wp-json\/wp\/v2\/pages\/16423"}],"collection":[{"href":"https:\/\/www.lifecityworld.com\/fr\/wp-json\/wp\/v2\/pages"}],"about":[{"href":"https:\/\/www.lifecityworld.com\/fr\/wp-json\/wp\/v2\/types\/page"}],"author":[{"embeddable":true,"href":"https:\/\/www.lifecityworld.com\/fr\/wp-json\/wp\/v2\/users\/1"}],"replies":[{"embeddable":true,"href":"https:\/\/www.lifecityworld.com\/fr\/wp-json\/wp\/v2\/comments?post=16423"}],"version-history":[{"count":4,"href":"https:\/\/www.lifecityworld.com\/fr\/wp-json\/wp\/v2\/pages\/16423\/revisions"}],"predecessor-version":[{"id":16435,"href":"https:\/\/www.lifecityworld.com\/fr\/wp-json\/wp\/v2\/pages\/16423\/revisions\/16435"}],"wp:attachment":[{"href":"https:\/\/www.lifecityworld.com\/fr\/wp-json\/wp\/v2\/media?parent=16423"}],"curies":[{"name":"wp","href":"https:\/\/api.w.org\/{rel}","templated":true}]}}