{"id":16438,"date":"2021-01-07T12:29:35","date_gmt":"2021-01-07T11:29:35","guid":{"rendered":"https:\/\/www.lifecityworld.com\/?page_id=16438"},"modified":"2021-01-18T18:59:52","modified_gmt":"2021-01-18T17:59:52","slug":"hotel-lifecity","status":"publish","type":"page","link":"https:\/\/www.lifecityworld.com\/fr\/hotel-lifecity\/","title":{"rendered":"Hotel LifeCity"},"content":{"rendered":"<div id=\"cmsmasters_row_\" class=\"cmsmasters_row cmsmasters_color_scheme_default cmsmasters_row_top_default cmsmasters_row_bot_default cmsmasters_row_boxed\">\n<div class=\"cmsmasters_row_outer_parent\">\n<div class=\"cmsmasters_row_outer\">\n<div class=\"cmsmasters_row_inner\">\n<div class=\"cmsmasters_row_margin\">\n<div id=\"cmsmasters_column_\" class=\"cmsmasters_column one_first\">\n<div class=\"cmsmasters_column_inner\"><div class=\"cmsmasters_text\">\n<p>&nbsp;<\/p>\n<\/div>\n<\/div><\/div>\n<\/div>\n<\/div>\n<\/div>\n<\/div>\n<\/div>\n<div id=\"cmsmasters_row_jouonlixra\" class=\"cmsmasters_row cmsmasters_color_scheme_default blocco-titolo-mob cmsmasters_row_top_default cmsmasters_row_bot_default cmsmasters_row_boxed\">\n<div class=\"cmsmasters_row_outer_parent\">\n<div class=\"cmsmasters_row_outer\">\n<div class=\"cmsmasters_row_inner\">\n<div class=\"cmsmasters_row_margin\">\n<div id=\"cmsmasters_column_52148c5d6b\" class=\"cmsmasters_column one_first\">\n<div class=\"cmsmasters_column_inner\"><div id=\"cmsmasters_heading_ybqnr9948s\" class=\"cmsmasters_heading_wrap cmsmasters_heading_align_center\">\n\t<h1 class=\"cmsmasters_heading\">Hotel LifeCity<\/h1>\n<\/div><div class=\"cmsmasters_text fascione\">\n<p>Le deuxi\u00e8me plus grand hub de LifeCity sera un <strong>h\u00f4tel 4 \u00e9toilesmoderne<\/strong>. A l\u2019int\u00e9rieur se trouvent \u00e9galement un restaurant, une salle de conf\u00e9rence, des espaces r\u00e9serv\u00e9s aux affaires et aux r\u00e9unions, un spa, avec piscine int\u00e9rieure, une terrasse \u00e9quip\u00e9e, une piscine ext\u00e9rieure. A cela s\u2019ajouteront une agence de voyages et d\u2019immobilier, des services bancaires et d\u2019assurance, des services postaux. Dans le d\u2019autre part, il y aura des espaces de jogging, de pique-nique et d\u2019autopartage pour la mobilit\u00e9 \u00e9lectrique.<\/p>\n<\/div>\n<\/div><\/div>\n<\/div>\n<\/div>\n<\/div>\n<\/div>\n<\/div>\n<div id=\"cmsmasters_row_\" class=\"cmsmasters_row cmsmasters_color_scheme_default cmsmasters_row_top_default cmsmasters_row_bot_default cmsmasters_row_boxed\">\n<div class=\"cmsmasters_row_outer_parent\">\n<div class=\"cmsmasters_row_outer\">\n<div class=\"cmsmasters_row_inner\">\n<div class=\"cmsmasters_row_margin\">\n<div id=\"cmsmasters_column_\" class=\"cmsmasters_column one_first\">\n<div class=\"cmsmasters_column_inner\"><div class=\"cmsmasters_text\">\n<p>&nbsp;<\/p>\n<\/div>\n<\/div><\/div>\n<\/div>\n<\/div>\n<\/div>\n<\/div>\n<\/div>\n<div id=\"cmsmasters_row_nwoo8p6g2\" class=\"cmsmasters_row cmsmasters_color_scheme_default blocco-img-mob cmsmasters_row_top_default cmsmasters_row_bot_default cmsmasters_row_boxed\">\n<div class=\"cmsmasters_row_outer_parent\">\n<div class=\"cmsmasters_row_outer\">\n<div class=\"cmsmasters_row_inner\">\n<div class=\"cmsmasters_row_margin\">\n<div id=\"cmsmasters_column_y24u0f36aa\" class=\"cmsmasters_column one_first\">\n<div class=\"cmsmasters_column_inner\"><div class=\"cmsmasters_img  cmsmasters_image_n\"><img src=\"https:\/\/www.lifecityworld.com\/wp-content\/uploads\/2020\/09\/hotel1.jpg\" \/><\/div>\n<\/div><\/div>\n<\/div>\n<\/div>\n<\/div>\n<\/div>\n<\/div>\n<div id=\"cmsmasters_row_93stdnhod\" class=\"cmsmasters_row cmsmasters_color_scheme_default blocco-titolo-mob cmsmasters_row_top_default cmsmasters_row_bot_default cmsmasters_row_boxed\">\n<div class=\"cmsmasters_row_outer_parent\">\n<div class=\"cmsmasters_row_outer\">\n<div class=\"cmsmasters_row_inner\">\n<div class=\"cmsmasters_row_margin\">\n<div id=\"cmsmasters_column_aje8511zzp\" class=\"cmsmasters_column one_first\">\n<div class=\"cmsmasters_column_inner\"><div class=\"cmsmasters_text fascione\">\n<p><strong>Liste d\u2019offres<\/strong><\/p>\n<ul style=\"column-count: 2; padding: 0 10px;\">\n<li>H\u00f4tels avec chambres 4 \u00e9toiles<\/li>\n<li>Restauration, salle de conf\u00e9rence<\/li>\n<li>Bar terrasse<\/li>\n<li>Spa<\/li>\n<li>Piscine de jardin avec bar<\/li>\n<li>Piscine int\u00e9rieure<\/li>\n<li>Zone r\u00e9serv\u00e9e avec bureau<\/li>\n<li>Si\u00e8ge social de l\u2019entreprise et r\u00e9unions<\/li>\n<li>Chambres r\u00e9serv\u00e9es<\/li>\n<li>Traitements confidentiels d\u2019affaires<\/li>\n<li>Pied de secteur<\/li>\n<li>Camps sportifs polyvalents<\/li>\n<li>Pique-nique de secteur<\/li>\n<li>Partage de voitures \u00e9lectriques<\/li>\n<li>Agence de voyage<\/li>\n<li>Agence immobili\u00e8re<\/li>\n<li>Services d\u2019assurance et bancaires<\/li>\n<li>Services postaux et envois<\/li>\n<\/ul>\n<\/div>\n<\/div><\/div>\n<\/div>\n<\/div>\n<\/div>\n<\/div>\n<\/div>\n<div id=\"cmsmasters_row_nzjv1c0hbe\" class=\"cmsmasters_row cmsmasters_color_scheme_default blocco-img-mob cmsmasters_row_top_default cmsmasters_row_bot_default cmsmasters_row_boxed\">\n<div class=\"cmsmasters_row_outer_parent\">\n<div class=\"cmsmasters_row_outer\">\n<div class=\"cmsmasters_row_inner\">\n<div class=\"cmsmasters_row_margin\">\n<div id=\"cmsmasters_column_8wie6kw7ml\" class=\"cmsmasters_column one_first\">\n<div class=\"cmsmasters_column_inner\"><div class=\"cmsmasters_img  cmsmasters_image_n\"><img src=\"https:\/\/www.lifecityworld.com\/wp-content\/uploads\/2020\/09\/hotel2.jpg\" \/><\/div>\n<\/div><\/div>\n<\/div>\n<\/div>\n<\/div>\n<\/div>\n<\/div>\n<div id=\"cmsmasters_row_83z3vl6nzf\" class=\"cmsmasters_row cmsmasters_color_scheme_default blocco-titolo-img-desk cmsmasters_row_top_default cmsmasters_row_bot_default cmsmasters_row_boxed\">\n<div class=\"cmsmasters_row_outer_parent\">\n<div class=\"cmsmasters_row_outer\">\n<div class=\"cmsmasters_row_inner\">\n<div class=\"cmsmasters_row_margin\">\n<div id=\"cmsmasters_column_bfd7c3ff06\" class=\"cmsmasters_column one_first\">\n<div class=\"cmsmasters_column_inner\"><div id=\"cmsmasters_heading_2jpbdhj63\" class=\"cmsmasters_heading_wrap cmsmasters_heading_align_center\">\n\t<h1 class=\"cmsmasters_heading\">Hotel LifeCity<\/h1>\n<\/div><div class=\"cmsmasters_text\">\n<p><img loading=\"lazy\" class=\"wp-image-15358 size-full alignleft\" style=\"border: 8px solid white; border-radius: 5px;\" src=\"https:\/\/www.lifecityworld.com\/wp-content\/uploads\/2020\/09\/hotel1.jpg\" alt=\"\" width=\"600\" height=\"400\" srcset=\"https:\/\/www.lifecityworld.com\/wp-content\/uploads\/2020\/09\/hotel1.jpg 600w, https:\/\/www.lifecityworld.com\/wp-content\/uploads\/2020\/09\/hotel1-300x200.jpg 300w, https:\/\/www.lifecityworld.com\/wp-content\/uploads\/2020\/09\/hotel1-580x387.jpg 580w\" sizes=\"(max-width: 600px) 100vw, 600px\" \/><\/p>\n<p>Le deuxi\u00e8me plus grand hub de LifeCity sera un <strong>h\u00f4tel 4 \u00e9toilesmoderne<\/strong>. A l\u2019int\u00e9rieur se trouvent \u00e9galement un restaurant, une salle de conf\u00e9rence, des espaces r\u00e9serv\u00e9s aux affaires et aux r\u00e9unions, un spa, avec piscine int\u00e9rieure, une terrasse \u00e9quip\u00e9e, une piscine ext\u00e9rieure. A cela s\u2019ajouteront une agence de voyages et d\u2019immobilier, des services bancaires et d\u2019assurance, des services postaux. Dans le d\u2019autre part, il y aura des espaces de jogging, de pique-nique et d\u2019autopartage pour la mobilit\u00e9 \u00e9lectrique.<\/p>\n<\/div>\n<div id=\"cmsmasters_divider_8c0o5hqaqt\" class=\"cl\"><\/div>\n<div class=\"cmsmasters_text\">\n<p><img loading=\"lazy\" class=\"wp-image-15359 size-full alignright\" style=\"border: 8px solid white; border-radius: 5px;\" src=\"https:\/\/www.lifecityworld.com\/wp-content\/uploads\/2020\/09\/hotel2.jpg\" alt=\"\" width=\"600\" height=\"400\" srcset=\"https:\/\/www.lifecityworld.com\/wp-content\/uploads\/2020\/09\/hotel2.jpg 600w, https:\/\/www.lifecityworld.com\/wp-content\/uploads\/2020\/09\/hotel2-300x200.jpg 300w, https:\/\/www.lifecityworld.com\/wp-content\/uploads\/2020\/09\/hotel2-580x387.jpg 580w\" sizes=\"(max-width: 600px) 100vw, 600px\" \/><\/p>\n<p><strong>Liste d\u2019offres<\/strong><\/p>\n<ul style=\"column-count: 2; padding: 0 10px;\">\n<li>H\u00f4tels avec chambres 4 \u00e9toiles<\/li>\n<li>Restauration, salle de conf\u00e9rence<\/li>\n<li>Bar terrasse<\/li>\n<li>Spa<\/li>\n<li>Piscine de jardin avec bar<\/li>\n<li>Piscine int\u00e9rieure<\/li>\n<li>Zone r\u00e9serv\u00e9e avec bureau<\/li>\n<li>Si\u00e8ge social de l\u2019entreprise et r\u00e9unions<\/li>\n<li>Chambres r\u00e9serv\u00e9es<\/li>\n<li>Traitements confidentiels d\u2019affaires<\/li>\n<li>Pied de secteur<\/li>\n<li>Camps sportifs polyvalents<\/li>\n<li>Pique-nique de secteur<\/li>\n<li>Partage de voitures \u00e9lectriques<\/li>\n<li>Agence de voyage<\/li>\n<li>Agence immobili\u00e8re<\/li>\n<li>Services d\u2019assurance et bancaires<\/li>\n<li>Services postaux et envois<\/li>\n<\/ul>\n<\/div>\n<\/div><\/div>\n<\/div>\n<\/div>\n<\/div>\n<\/div>\n<\/div>\n\n","protected":false},"excerpt":{"rendered":"","protected":false},"author":1,"featured_media":0,"parent":0,"menu_order":0,"comment_status":"closed","ping_status":"closed","template":"","meta":[],"yoast_head":"<!-- This site is optimized with the Yoast SEO plugin v15.9.2 - https:\/\/yoast.com\/wordpress\/plugins\/seo\/ -->\n<title>Hotel LifeCity - LifeCity World<\/title>\n<meta name=\"robots\" content=\"index, follow, max-snippet:-1, max-image-preview:large, max-video-preview:-1\" \/>\n<link rel=\"canonical\" href=\"https:\/\/www.lifecityworld.com\/fr\/hotel-lifecity\/\" \/>\n<meta property=\"og:locale\" content=\"fr_FR\" \/>\n<meta property=\"og:type\" content=\"article\" \/>\n<meta property=\"og:title\" content=\"Hotel LifeCity - LifeCity World\" \/>\n<meta property=\"og:url\" content=\"https:\/\/www.lifecityworld.com\/fr\/hotel-lifecity\/\" \/>\n<meta property=\"og:site_name\" content=\"LifeCity World\" \/>\n<meta property=\"article:modified_time\" content=\"2021-01-18T17:59:52+00:00\" \/>\n<meta property=\"og:image\" content=\"https:\/\/www.lifecityworld.com\/wp-content\/uploads\/2020\/09\/hotel1.jpg\" \/>\n<meta name=\"twitter:card\" content=\"summary_large_image\" \/>\n<meta name=\"twitter:label1\" content=\"Dur\u00e9e de lecture est.\">\n\t<meta name=\"twitter:data1\" content=\"4 minutes\">\n<script type=\"application\/ld+json\" class=\"yoast-schema-graph\">{\"@context\":\"https:\/\/schema.org\",\"@graph\":[{\"@type\":\"WebSite\",\"@id\":\"https:\/\/www.lifecityworld.com\/#website\",\"url\":\"https:\/\/www.lifecityworld.com\/\",\"name\":\"LifeCity World\",\"description\":\"\",\"potentialAction\":[{\"@type\":\"SearchAction\",\"target\":\"https:\/\/www.lifecityworld.com\/?s={search_term_string}\",\"query-input\":\"required name=search_term_string\"}],\"inLanguage\":\"fr-FR\"},{\"@type\":\"ImageObject\",\"@id\":\"https:\/\/www.lifecityworld.com\/fr\/hotel-lifecity\/#primaryimage\",\"inLanguage\":\"fr-FR\",\"url\":\"https:\/\/www.lifecityworld.com\/wp-content\/uploads\/2020\/09\/hotel1.jpg\",\"width\":600,\"height\":400},{\"@type\":\"WebPage\",\"@id\":\"https:\/\/www.lifecityworld.com\/fr\/hotel-lifecity\/#webpage\",\"url\":\"https:\/\/www.lifecityworld.com\/fr\/hotel-lifecity\/\",\"name\":\"Hotel LifeCity - LifeCity World\",\"isPartOf\":{\"@id\":\"https:\/\/www.lifecityworld.com\/#website\"},\"primaryImageOfPage\":{\"@id\":\"https:\/\/www.lifecityworld.com\/fr\/hotel-lifecity\/#primaryimage\"},\"datePublished\":\"2021-01-07T11:29:35+00:00\",\"dateModified\":\"2021-01-18T17:59:52+00:00\",\"breadcrumb\":{\"@id\":\"https:\/\/www.lifecityworld.com\/fr\/hotel-lifecity\/#breadcrumb\"},\"inLanguage\":\"fr-FR\",\"potentialAction\":[{\"@type\":\"ReadAction\",\"target\":[\"https:\/\/www.lifecityworld.com\/fr\/hotel-lifecity\/\"]}]},{\"@type\":\"BreadcrumbList\",\"@id\":\"https:\/\/www.lifecityworld.com\/fr\/hotel-lifecity\/#breadcrumb\",\"itemListElement\":[{\"@type\":\"ListItem\",\"position\":1,\"item\":{\"@type\":\"WebPage\",\"@id\":\"https:\/\/www.lifecityworld.com\/fr\/\",\"url\":\"https:\/\/www.lifecityworld.com\/fr\/\",\"name\":\"Home\"}},{\"@type\":\"ListItem\",\"position\":2,\"item\":{\"@type\":\"WebPage\",\"@id\":\"https:\/\/www.lifecityworld.com\/fr\/hotel-lifecity\/\",\"url\":\"https:\/\/www.lifecityworld.com\/fr\/hotel-lifecity\/\",\"name\":\"Hotel LifeCity\"}}]}]}<\/script>\n<!-- \/ Yoast SEO plugin. -->","_links":{"self":[{"href":"https:\/\/www.lifecityworld.com\/fr\/wp-json\/wp\/v2\/pages\/16438"}],"collection":[{"href":"https:\/\/www.lifecityworld.com\/fr\/wp-json\/wp\/v2\/pages"}],"about":[{"href":"https:\/\/www.lifecityworld.com\/fr\/wp-json\/wp\/v2\/types\/page"}],"author":[{"embeddable":true,"href":"https:\/\/www.lifecityworld.com\/fr\/wp-json\/wp\/v2\/users\/1"}],"replies":[{"embeddable":true,"href":"https:\/\/www.lifecityworld.com\/fr\/wp-json\/wp\/v2\/comments?post=16438"}],"version-history":[{"count":4,"href":"https:\/\/www.lifecityworld.com\/fr\/wp-json\/wp\/v2\/pages\/16438\/revisions"}],"predecessor-version":[{"id":16444,"href":"https:\/\/www.lifecityworld.com\/fr\/wp-json\/wp\/v2\/pages\/16438\/revisions\/16444"}],"wp:attachment":[{"href":"https:\/\/www.lifecityworld.com\/fr\/wp-json\/wp\/v2\/media?parent=16438"}],"curies":[{"name":"wp","href":"https:\/\/api.w.org\/{rel}","templated":true}]}}