{"id":16445,"date":"2021-01-07T12:45:56","date_gmt":"2021-01-07T11:45:56","guid":{"rendered":"https:\/\/www.lifecityworld.com\/?page_id=16445"},"modified":"2021-01-18T19:17:28","modified_gmt":"2021-01-18T18:17:28","slug":"unite-de-sante-multifonctionnelle","status":"publish","type":"page","link":"https:\/\/www.lifecityworld.com\/fr\/unite-de-sante-multifonctionnelle\/","title":{"rendered":"Unit\u00e9 de sant\u00e9 multifonctionnelle"},"content":{"rendered":"<div id=\"cmsmasters_row_7l701rfhzr\" class=\"cmsmasters_row cmsmasters_color_scheme_default blocco-titolo-mob cmsmasters_row_top_default cmsmasters_row_bot_default cmsmasters_row_boxed\">\n<div class=\"cmsmasters_row_outer_parent\">\n<div class=\"cmsmasters_row_outer\">\n<div class=\"cmsmasters_row_inner\">\n<div class=\"cmsmasters_row_margin\">\n<div id=\"cmsmasters_column_52148c5d6b\" class=\"cmsmasters_column one_first\">\n<div class=\"cmsmasters_column_inner\"><div id=\"cmsmasters_heading_kftlpo9h9e\" class=\"cmsmasters_heading_wrap cmsmasters_heading_align_center\">\n\t<h1 class=\"cmsmasters_heading\">Unit\u00e9 de sant\u00e9 multifonctionnelle<\/h1>\n<\/div><div class=\"cmsmasters_text fascione\">\n<p>Un grand complexe de construction LifeCity sera d\u00e9di\u00e9 aux services sociaux, de sant\u00e9 et administratifs. Dans son int\u00e9gralit\u00e9 sera accueilli une salle d\u2019urgence, avec h\u00e9liport attach\u00e9, une clinique, un centre d\u2019analyse pour la s\u00e9curit\u00e9 alimentaire, une <strong>r\u00e9sidence de bien-\u00eatre social pour les maladies neurod\u00e9g\u00e9n\u00e9ratives, y comprises espaces de r\u00e9adaptation<\/strong>, et une a la destin\u00e9 \u00e0 la maternelle et la maternelle. Dans l\u2019<em>enceinte<\/em>, il y aura \u00e9galement un mus\u00e9e d\u2019int\u00e9r\u00eat provincial et un bureau pour la promotion du tourisme local. D\u2019autres bureaux administratifs et postes d\u2019application de la loi compl\u00e9teront le complexe.<\/p>\n<\/div>\n<\/div><\/div>\n<\/div>\n<\/div>\n<\/div>\n<\/div>\n<\/div>\n<div id=\"cmsmasters_row_ewb6tq5vvo\" class=\"cmsmasters_row cmsmasters_color_scheme_default blocco-img-mob cmsmasters_row_top_default cmsmasters_row_bot_default cmsmasters_row_boxed\">\n<div class=\"cmsmasters_row_outer_parent\">\n<div class=\"cmsmasters_row_outer\">\n<div class=\"cmsmasters_row_inner\">\n<div class=\"cmsmasters_row_margin\">\n<div id=\"cmsmasters_column_y24u0f36aa\" class=\"cmsmasters_column one_first\">\n<div class=\"cmsmasters_column_inner\"><div class=\"cmsmasters_img  cmsmasters_image_n\"><img src=\"https:\/\/www.lifecityworld.com\/wp-content\/uploads\/2020\/09\/unita-sanitaria.jpg\" \/><\/div>\n<\/div><\/div>\n<\/div>\n<\/div>\n<\/div>\n<\/div>\n<\/div>\n<div id=\"cmsmasters_row_7zit7wdjp\" class=\"cmsmasters_row cmsmasters_color_scheme_default blocco-titolo-mob cmsmasters_row_top_default cmsmasters_row_bot_default cmsmasters_row_boxed\">\n<div class=\"cmsmasters_row_outer_parent\">\n<div class=\"cmsmasters_row_outer\">\n<div class=\"cmsmasters_row_inner\">\n<div class=\"cmsmasters_row_margin\">\n<div id=\"cmsmasters_column_aje8511zzp\" class=\"cmsmasters_column one_first\">\n<div class=\"cmsmasters_column_inner\"><div class=\"cmsmasters_text fascione\">\n<p><strong>Liste des offres<\/strong><\/p>\n<ul style=\"column-count: 2; padding: 0 10px;\">\n<li>Sant\u00e9 et bien-\u00eatre de la personne<\/li>\n<li>R\u00e9adaptation et r\u00e9tablissement fonctionnel de la personne<\/li>\n<li>Centre des blessures de la colonne vert\u00e9brale<\/li>\n<li>Centre de soins aux personnes \u00e2g\u00e9es et \u00e0 la maladie d\u2019Alzheimer<\/li>\n<li>Centre d\u2019enqu\u00eate sur la salubrit\u00e9 des aliments<\/li>\n<li>Analyse du bien-\u00eatre de la personne<\/li>\n<li>Enqu\u00eates Tac-Resonance-Eco<\/li>\n<li>Zone d\u2019intervention<\/li>\n<li>Espace ext\u00e9rieur vert pour la r\u00e9cup\u00e9ration<\/li>\n<li>Premiers soins, soins sociaux et de sant\u00e9.<\/li>\n<li>Police locale<\/li>\n<li>Soins \u00e0 domicile<\/li>\n<li>Visites de sp\u00e9cialistes<\/li>\n<li>Livre de service en ligne une visite<\/li>\n<li>Parlez \u00e0 un m\u00e9decin<\/li>\n<li>Aide \u00e0 l\u2019auto-assistance de zone<\/li>\n<li>Services d\u2019hygi\u00e8ne<\/li>\n<\/ul>\n<\/div>\n<div class=\"cmsmasters_img  cmsmasters_image_n\"><img src=\"https:\/\/www.lifecityworld.com\/wp-content\/uploads\/2020\/09\/unita-sanitaria2.jpg\" \/><\/div>\n<\/div><\/div>\n<\/div>\n<\/div>\n<\/div>\n<\/div>\n<\/div>\n<div id=\"cmsmasters_row_u6dg7lvcbi\" class=\"cmsmasters_row cmsmasters_color_scheme_default blocco-titolo-img-desk cmsmasters_row_top_default cmsmasters_row_bot_default cmsmasters_row_boxed\">\n<div class=\"cmsmasters_row_outer_parent\">\n<div class=\"cmsmasters_row_outer\">\n<div class=\"cmsmasters_row_inner\">\n<div class=\"cmsmasters_row_margin\">\n<div id=\"cmsmasters_column_bfd7c3ff06\" class=\"cmsmasters_column one_first\">\n<div class=\"cmsmasters_column_inner\"><div id=\"cmsmasters_heading_3boct5zjs\" class=\"cmsmasters_heading_wrap cmsmasters_heading_align_center\">\n\t<h1 class=\"cmsmasters_heading\">Unit\u00e9 de sant\u00e9 multifonctionnelle<\/h1>\n<\/div><div class=\"cmsmasters_text\">\n<p><img loading=\"lazy\" class=\"wp-image-15361 size-full alignleft\" style=\"border: 8px solid white; border-radius: 5px;\" src=\"https:\/\/www.lifecityworld.com\/wp-content\/uploads\/2020\/09\/unita-sanitaria.jpg\" alt=\"\" width=\"600\" height=\"400\" srcset=\"https:\/\/www.lifecityworld.com\/wp-content\/uploads\/2020\/09\/unita-sanitaria.jpg 600w, https:\/\/www.lifecityworld.com\/wp-content\/uploads\/2020\/09\/unita-sanitaria-300x200.jpg 300w, https:\/\/www.lifecityworld.com\/wp-content\/uploads\/2020\/09\/unita-sanitaria-580x387.jpg 580w\" sizes=\"(max-width: 600px) 100vw, 600px\" \/><\/p>\n<p>Un grand complexe de construction LifeCity sera d\u00e9di\u00e9 aux services sociaux, de sant\u00e9 et administratifs. Dans son int\u00e9gralit\u00e9 sera accueilli une salle d\u2019urgence, avec h\u00e9liport attach\u00e9, une clinique, un centre d\u2019analyse pour la s\u00e9curit\u00e9 alimentaire, une <strong>r\u00e9sidence de bien-\u00eatre social pour les maladies neurod\u00e9g\u00e9n\u00e9ratives, y comprises espaces de r\u00e9adaptation<\/strong>, et une a la destin\u00e9 \u00e0 la maternelle et la maternelle. Dans l\u2019<em>enceinte<\/em>, il y aura \u00e9galement un mus\u00e9e d\u2019int\u00e9r\u00eat provincial et un bureau pour la promotion du tourisme local. D\u2019autres bureaux administratifs et postes d\u2019application de la loi compl\u00e9teront le complexe.<\/p>\n<\/div>\n<div id=\"cmsmasters_divider_9znk9fc24x\" class=\"cl\"><\/div>\n<div class=\"cmsmasters_text\">\n<p><img loading=\"lazy\" class=\"wp-image-15362 size-full alignright\" style=\"border: 8px solid white; border-radius: 5px;\" src=\"https:\/\/www.lifecityworld.com\/wp-content\/uploads\/2020\/09\/unita-sanitaria2.jpg\" alt=\"\" width=\"600\" height=\"400\" srcset=\"https:\/\/www.lifecityworld.com\/wp-content\/uploads\/2020\/09\/unita-sanitaria2.jpg 600w, https:\/\/www.lifecityworld.com\/wp-content\/uploads\/2020\/09\/unita-sanitaria2-300x200.jpg 300w, https:\/\/www.lifecityworld.com\/wp-content\/uploads\/2020\/09\/unita-sanitaria2-580x387.jpg 580w\" sizes=\"(max-width: 600px) 100vw, 600px\" \/><\/p>\n<p><strong>Liste des offres<\/strong><\/p>\n<ul style=\"column-count: 2; padding: 0 10px;\">\n<li>Sant\u00e9 et bien-\u00eatre de la personne<\/li>\n<li>R\u00e9adaptation et r\u00e9tablissement fonctionnel de la personne<\/li>\n<li>Centre des blessures de la colonne vert\u00e9brale<\/li>\n<li>Centre de soins aux personnes \u00e2g\u00e9es et \u00e0 la maladie d\u2019Alzheimer<\/li>\n<li>Centre d\u2019enqu\u00eate sur la salubrit\u00e9 des aliments<\/li>\n<li>Analyse du bien-\u00eatre de la personne<\/li>\n<li>Enqu\u00eates Tac-Resonance-Eco<\/li>\n<li>Zone d\u2019intervention<\/li>\n<li>Espace ext\u00e9rieur vert pour la r\u00e9cup\u00e9ration<\/li>\n<li>Premiers soins, soins sociaux et de sant\u00e9.<\/li>\n<li>Police locale<\/li>\n<li>Soins \u00e0 domicile<\/li>\n<li>Visites de sp\u00e9cialistes<\/li>\n<li>Livre de service en ligne une visite<\/li>\n<li>Parlez \u00e0 un m\u00e9decin<\/li>\n<li>Aide \u00e0 l\u2019auto-assistance de zone<\/li>\n<li>Services d\u2019hygi\u00e8ne<\/li>\n<\/ul>\n<\/div>\n<\/div><\/div>\n<\/div>\n<\/div>\n<\/div>\n<\/div>\n<\/div>\n\n","protected":false},"excerpt":{"rendered":"","protected":false},"author":1,"featured_media":0,"parent":0,"menu_order":0,"comment_status":"closed","ping_status":"closed","template":"","meta":[],"yoast_head":"<!-- This site is optimized with the Yoast SEO plugin v15.9.2 - https:\/\/yoast.com\/wordpress\/plugins\/seo\/ -->\n<title>Unit\u00e9 de sant\u00e9 multifonctionnelle - LifeCity World<\/title>\n<meta name=\"robots\" content=\"index, follow, max-snippet:-1, max-image-preview:large, max-video-preview:-1\" \/>\n<link rel=\"canonical\" href=\"https:\/\/www.lifecityworld.com\/fr\/unite-de-sante-multifonctionnelle\/\" \/>\n<meta property=\"og:locale\" content=\"fr_FR\" \/>\n<meta property=\"og:type\" content=\"article\" \/>\n<meta property=\"og:title\" content=\"Unit\u00e9 de sant\u00e9 multifonctionnelle - LifeCity World\" \/>\n<meta property=\"og:url\" content=\"https:\/\/www.lifecityworld.com\/fr\/unite-de-sante-multifonctionnelle\/\" \/>\n<meta property=\"og:site_name\" content=\"LifeCity World\" \/>\n<meta property=\"article:modified_time\" content=\"2021-01-18T18:17:28+00:00\" \/>\n<meta property=\"og:image\" content=\"https:\/\/www.lifecityworld.com\/wp-content\/uploads\/2020\/09\/unita-sanitaria.jpg\" \/>\n<meta name=\"twitter:card\" content=\"summary_large_image\" \/>\n<meta name=\"twitter:label1\" content=\"Dur\u00e9e de lecture est.\">\n\t<meta name=\"twitter:data1\" content=\"4 minutes\">\n<script type=\"application\/ld+json\" class=\"yoast-schema-graph\">{\"@context\":\"https:\/\/schema.org\",\"@graph\":[{\"@type\":\"WebSite\",\"@id\":\"https:\/\/www.lifecityworld.com\/#website\",\"url\":\"https:\/\/www.lifecityworld.com\/\",\"name\":\"LifeCity World\",\"description\":\"\",\"potentialAction\":[{\"@type\":\"SearchAction\",\"target\":\"https:\/\/www.lifecityworld.com\/?s={search_term_string}\",\"query-input\":\"required name=search_term_string\"}],\"inLanguage\":\"fr-FR\"},{\"@type\":\"ImageObject\",\"@id\":\"https:\/\/www.lifecityworld.com\/fr\/unite-de-sante-multifonctionnelle\/#primaryimage\",\"inLanguage\":\"fr-FR\",\"url\":\"https:\/\/www.lifecityworld.com\/wp-content\/uploads\/2020\/09\/unita-sanitaria.jpg\",\"width\":600,\"height\":400},{\"@type\":\"WebPage\",\"@id\":\"https:\/\/www.lifecityworld.com\/fr\/unite-de-sante-multifonctionnelle\/#webpage\",\"url\":\"https:\/\/www.lifecityworld.com\/fr\/unite-de-sante-multifonctionnelle\/\",\"name\":\"Unit\\u00e9 de sant\\u00e9 multifonctionnelle - LifeCity World\",\"isPartOf\":{\"@id\":\"https:\/\/www.lifecityworld.com\/#website\"},\"primaryImageOfPage\":{\"@id\":\"https:\/\/www.lifecityworld.com\/fr\/unite-de-sante-multifonctionnelle\/#primaryimage\"},\"datePublished\":\"2021-01-07T11:45:56+00:00\",\"dateModified\":\"2021-01-18T18:17:28+00:00\",\"breadcrumb\":{\"@id\":\"https:\/\/www.lifecityworld.com\/fr\/unite-de-sante-multifonctionnelle\/#breadcrumb\"},\"inLanguage\":\"fr-FR\",\"potentialAction\":[{\"@type\":\"ReadAction\",\"target\":[\"https:\/\/www.lifecityworld.com\/fr\/unite-de-sante-multifonctionnelle\/\"]}]},{\"@type\":\"BreadcrumbList\",\"@id\":\"https:\/\/www.lifecityworld.com\/fr\/unite-de-sante-multifonctionnelle\/#breadcrumb\",\"itemListElement\":[{\"@type\":\"ListItem\",\"position\":1,\"item\":{\"@type\":\"WebPage\",\"@id\":\"https:\/\/www.lifecityworld.com\/fr\/\",\"url\":\"https:\/\/www.lifecityworld.com\/fr\/\",\"name\":\"Home\"}},{\"@type\":\"ListItem\",\"position\":2,\"item\":{\"@type\":\"WebPage\",\"@id\":\"https:\/\/www.lifecityworld.com\/fr\/unite-de-sante-multifonctionnelle\/\",\"url\":\"https:\/\/www.lifecityworld.com\/fr\/unite-de-sante-multifonctionnelle\/\",\"name\":\"Unit\\u00e9 de sant\\u00e9 multifonctionnelle\"}}]}]}<\/script>\n<!-- \/ Yoast SEO plugin. -->","_links":{"self":[{"href":"https:\/\/www.lifecityworld.com\/fr\/wp-json\/wp\/v2\/pages\/16445"}],"collection":[{"href":"https:\/\/www.lifecityworld.com\/fr\/wp-json\/wp\/v2\/pages"}],"about":[{"href":"https:\/\/www.lifecityworld.com\/fr\/wp-json\/wp\/v2\/types\/page"}],"author":[{"embeddable":true,"href":"https:\/\/www.lifecityworld.com\/fr\/wp-json\/wp\/v2\/users\/1"}],"replies":[{"embeddable":true,"href":"https:\/\/www.lifecityworld.com\/fr\/wp-json\/wp\/v2\/comments?post=16445"}],"version-history":[{"count":4,"href":"https:\/\/www.lifecityworld.com\/fr\/wp-json\/wp\/v2\/pages\/16445\/revisions"}],"predecessor-version":[{"id":16453,"href":"https:\/\/www.lifecityworld.com\/fr\/wp-json\/wp\/v2\/pages\/16445\/revisions\/16453"}],"wp:attachment":[{"href":"https:\/\/www.lifecityworld.com\/fr\/wp-json\/wp\/v2\/media?parent=16445"}],"curies":[{"name":"wp","href":"https:\/\/api.w.org\/{rel}","templated":true}]}}