{"id":16778,"date":"2021-01-29T13:13:33","date_gmt":"2021-01-29T12:13:33","guid":{"rendered":"https:\/\/www.lifecityworld.com\/?page_id=16778"},"modified":"2021-01-29T13:14:31","modified_gmt":"2021-01-29T12:14:31","slug":"news","status":"publish","type":"page","link":"https:\/\/www.lifecityworld.com\/fr\/news\/","title":{"rendered":"News"},"content":{"rendered":"<div id=\"cmsmasters_row_92f4be90a3\" class=\"cmsmasters_row cmsmasters_color_scheme_default cmsmasters_row_top_default cmsmasters_row_bot_default cmsmasters_row_boxed\">\n<div class=\"cmsmasters_row_outer_parent\">\n<div class=\"cmsmasters_row_outer\">\n<div class=\"cmsmasters_row_inner\">\n<div class=\"cmsmasters_row_margin\">\n<div id=\"cmsmasters_column_52148c5d6b\" class=\"cmsmasters_column one_first\">\n<div class=\"cmsmasters_column_inner\"><div id=\"cmsmasters_heading_5b16904444\" class=\"cmsmasters_heading_wrap cmsmasters_heading_align_center\">\n\t<h1 class=\"cmsmasters_heading\">News<\/h1>\n<\/div>\n<\/div><\/div>\n<\/div>\n<\/div>\n<\/div>\n<\/div>\n<\/div>\n<div id=\"cmsmasters_row_b8a1aa1f72\" class=\"cmsmasters_row cmsmasters_color_scheme_default cmsmasters_row_top_default cmsmasters_row_bot_default cmsmasters_row_boxed\">\n<div class=\"cmsmasters_row_outer_parent\">\n<div class=\"cmsmasters_row_outer\">\n<div class=\"cmsmasters_row_inner\">\n<div class=\"cmsmasters_row_margin\">\n<div id=\"cmsmasters_column_bfd7c3ff06\" class=\"cmsmasters_column one_first\">\n<div class=\"cmsmasters_column_inner\"><div id=\"blog_rghu12vvf8\" class=\"cmsmasters_wrap_blog entry-summary\" data-layout=\"columns\" data-layout-mode=\"grid\" data-url=\"https:\/\/www.lifecityworld.com\/wp-content\/plugins\/cmsmasters-content-composer\/\" data-orderby=\"date\" data-order=\"DESC\" data-count=\"12\" data-categories=\"\" data-metadata=\"date,more\" data-pagination=\"pagination\"><div class=\"blog columns grid cmsmasters_3\"><!-- Start Post Masonry Article -->\r\n<article id=\"post-16772\" class=\"cmsmasters_post_masonry post-16772 post type-post status-publish format-standard has-post-thumbnail hentry category-news-fr\" data-category=\"news-fr\">\r\n\t<div class=\"cmsmasters_post_cont\">\r\n\t<div class=\"cmsmasters_date_img_wrap\"><figure class=\"cmsmasters_img_wrap\"><a href=\"https:\/\/www.lifecityworld.com\/fr\/news-fr\/fabrique-en-italie-agroalimentaire-lequipement-supplementaire-est-blockchain\/\" title=\"Fabriqu\u00e9 en Italie agroalimentaire, l&rsquo;\u00e9quipement suppl\u00e9mentaire est blockchain\" class=\"cmsmasters_img_link preloader\"><img width=\"580\" height=\"400\" src=\"https:\/\/www.lifecityworld.com\/wp-content\/uploads\/2020\/01\/Blockchain-LifeCity-World-580x400.png\" class=\"full-width wp-post-image\" alt=\"Fabriqu\u00e9 en Italie agroalimentaire, l&rsquo;\u00e9quipement suppl\u00e9mentaire est blockchain\" loading=\"lazy\" title=\"Fabriqu\u00e9 en Italie agroalimentaire, l&rsquo;\u00e9quipement suppl\u00e9mentaire est blockchain\" \/><\/a><\/figure><span class=\"cmsmasters_post_date cmsmasters-icon-calendar-3\"><abbr class=\"published\" title=\"29\/01\/2021\"><span class=\"cmsmasters_day_mon\">29 janvier<\/span><span class=\"cmsmasters_year\">, 2021<\/span><\/abbr><abbr class=\"dn date updated\" title=\"29\/01\/2021\">29\/01\/2021<\/abbr><\/span><\/div><header class=\"cmsmasters_post_header entry-header\"><h4 class=\"cmsmasters_post_title entry-title\"><a href=\"https:\/\/www.lifecityworld.com\/fr\/news-fr\/fabrique-en-italie-agroalimentaire-lequipement-supplementaire-est-blockchain\/\">Fabriqu\u00e9 en Italie agroalimentaire, l&rsquo;\u00e9quipement suppl\u00e9mentaire est blockchain<\/a><\/h4><\/header><a class=\"cmsmasters_post_read_more\" href=\"https:\/\/www.lifecityworld.com\/fr\/news-fr\/fabrique-en-italie-agroalimentaire-lequipement-supplementaire-est-blockchain\/\">Tout lire<\/a>\t<\/div>\r\n<\/article>\r\n<!-- Finish Post Masonry Article -->\r\n\r\n<!-- Start Post Masonry Article -->\r\n<article id=\"post-16764\" class=\"cmsmasters_post_masonry post-16764 post type-post status-publish format-standard has-post-thumbnail hentry category-news-fr\" data-category=\"news-fr\">\r\n\t<div class=\"cmsmasters_post_cont\">\r\n\t<div class=\"cmsmasters_date_img_wrap\"><figure class=\"cmsmasters_img_wrap\"><a href=\"https:\/\/www.lifecityworld.com\/fr\/news-fr\/restaurante-italien-consommation-de-plus-en-plus-tricolore-en-dehors-de-la-maison-dans-le-monde\/\" title=\"Restaurante italien, consommation de plus en plus tricolore en dehors de la maison dans le monde.\" class=\"cmsmasters_img_link preloader\"><img width=\"580\" height=\"400\" src=\"https:\/\/www.lifecityworld.com\/wp-content\/uploads\/2020\/09\/Italian-restaurant-LifeCity-World-580x400.jpg\" class=\"full-width wp-post-image\" alt=\"Restaurante italien, consommation de plus en plus tricolore en dehors de la maison dans le monde.\" loading=\"lazy\" title=\"Restaurante italien, consommation de plus en plus tricolore en dehors de la maison dans le monde.\" \/><\/a><\/figure><span class=\"cmsmasters_post_date cmsmasters-icon-calendar-3\"><abbr class=\"published\" title=\"29\/01\/2021\"><span class=\"cmsmasters_day_mon\">29 janvier<\/span><span class=\"cmsmasters_year\">, 2021<\/span><\/abbr><abbr class=\"dn date updated\" title=\"29\/01\/2021\">29\/01\/2021<\/abbr><\/span><\/div><header class=\"cmsmasters_post_header entry-header\"><h4 class=\"cmsmasters_post_title entry-title\"><a href=\"https:\/\/www.lifecityworld.com\/fr\/news-fr\/restaurante-italien-consommation-de-plus-en-plus-tricolore-en-dehors-de-la-maison-dans-le-monde\/\">Restaurante italien, consommation de plus en plus tricolore en dehors de la maison dans le monde.<\/a><\/h4><\/header><a class=\"cmsmasters_post_read_more\" href=\"https:\/\/www.lifecityworld.com\/fr\/news-fr\/restaurante-italien-consommation-de-plus-en-plus-tricolore-en-dehors-de-la-maison-dans-le-monde\/\">Tout lire<\/a>\t<\/div>\r\n<\/article>\r\n<!-- Finish Post Masonry Article -->\r\n\r\n<\/div><div class=\"cmsmasters_wrap_more_posts cmsmasters_wrap_more_items\"><\/div><\/div>\n<\/div><\/div>\n<\/div>\n<\/div>\n<\/div>\n<\/div>\n<\/div>\n\n","protected":false},"excerpt":{"rendered":"","protected":false},"author":1,"featured_media":0,"parent":0,"menu_order":0,"comment_status":"closed","ping_status":"closed","template":"","meta":[],"yoast_head":"<!-- This site is optimized with the Yoast SEO plugin v15.9.2 - https:\/\/yoast.com\/wordpress\/plugins\/seo\/ -->\n<title>News - LifeCity World<\/title>\n<meta name=\"robots\" content=\"index, follow, max-snippet:-1, max-image-preview:large, max-video-preview:-1\" \/>\n<link rel=\"canonical\" href=\"https:\/\/www.lifecityworld.com\/fr\/news\/\" \/>\n<meta property=\"og:locale\" content=\"fr_FR\" \/>\n<meta property=\"og:type\" content=\"article\" \/>\n<meta property=\"og:title\" content=\"News - LifeCity World\" \/>\n<meta property=\"og:url\" content=\"https:\/\/www.lifecityworld.com\/fr\/news\/\" \/>\n<meta property=\"og:site_name\" content=\"LifeCity World\" \/>\n<meta property=\"article:modified_time\" content=\"2021-01-29T12:14:31+00:00\" \/>\n<meta name=\"twitter:card\" content=\"summary_large_image\" \/>\n<meta name=\"twitter:label1\" content=\"Dur\u00e9e de lecture est.\">\n\t<meta name=\"twitter:data1\" content=\"1 minute\">\n<script type=\"application\/ld+json\" class=\"yoast-schema-graph\">{\"@context\":\"https:\/\/schema.org\",\"@graph\":[{\"@type\":\"WebSite\",\"@id\":\"https:\/\/www.lifecityworld.com\/#website\",\"url\":\"https:\/\/www.lifecityworld.com\/\",\"name\":\"LifeCity World\",\"description\":\"\",\"potentialAction\":[{\"@type\":\"SearchAction\",\"target\":\"https:\/\/www.lifecityworld.com\/?s={search_term_string}\",\"query-input\":\"required name=search_term_string\"}],\"inLanguage\":\"fr-FR\"},{\"@type\":\"WebPage\",\"@id\":\"https:\/\/www.lifecityworld.com\/fr\/news\/#webpage\",\"url\":\"https:\/\/www.lifecityworld.com\/fr\/news\/\",\"name\":\"News - LifeCity World\",\"isPartOf\":{\"@id\":\"https:\/\/www.lifecityworld.com\/#website\"},\"datePublished\":\"2021-01-29T12:13:33+00:00\",\"dateModified\":\"2021-01-29T12:14:31+00:00\",\"breadcrumb\":{\"@id\":\"https:\/\/www.lifecityworld.com\/fr\/news\/#breadcrumb\"},\"inLanguage\":\"fr-FR\",\"potentialAction\":[{\"@type\":\"ReadAction\",\"target\":[\"https:\/\/www.lifecityworld.com\/fr\/news\/\"]}]},{\"@type\":\"BreadcrumbList\",\"@id\":\"https:\/\/www.lifecityworld.com\/fr\/news\/#breadcrumb\",\"itemListElement\":[{\"@type\":\"ListItem\",\"position\":1,\"item\":{\"@type\":\"WebPage\",\"@id\":\"https:\/\/www.lifecityworld.com\/fr\/\",\"url\":\"https:\/\/www.lifecityworld.com\/fr\/\",\"name\":\"Home\"}},{\"@type\":\"ListItem\",\"position\":2,\"item\":{\"@type\":\"WebPage\",\"@id\":\"https:\/\/www.lifecityworld.com\/fr\/news\/\",\"url\":\"https:\/\/www.lifecityworld.com\/fr\/news\/\",\"name\":\"News\"}}]}]}<\/script>\n<!-- \/ Yoast SEO plugin. -->","_links":{"self":[{"href":"https:\/\/www.lifecityworld.com\/fr\/wp-json\/wp\/v2\/pages\/16778"}],"collection":[{"href":"https:\/\/www.lifecityworld.com\/fr\/wp-json\/wp\/v2\/pages"}],"about":[{"href":"https:\/\/www.lifecityworld.com\/fr\/wp-json\/wp\/v2\/types\/page"}],"author":[{"embeddable":true,"href":"https:\/\/www.lifecityworld.com\/fr\/wp-json\/wp\/v2\/users\/1"}],"replies":[{"embeddable":true,"href":"https:\/\/www.lifecityworld.com\/fr\/wp-json\/wp\/v2\/comments?post=16778"}],"version-history":[{"count":1,"href":"https:\/\/www.lifecityworld.com\/fr\/wp-json\/wp\/v2\/pages\/16778\/revisions"}],"predecessor-version":[{"id":16779,"href":"https:\/\/www.lifecityworld.com\/fr\/wp-json\/wp\/v2\/pages\/16778\/revisions\/16779"}],"wp:attachment":[{"href":"https:\/\/www.lifecityworld.com\/fr\/wp-json\/wp\/v2\/media?parent=16778"}],"curies":[{"name":"wp","href":"https:\/\/api.w.org\/{rel}","templated":true}]}}