{"id":16802,"date":"2021-02-01T12:39:42","date_gmt":"2021-02-01T11:39:42","guid":{"rendered":"https:\/\/www.lifecityworld.com\/?page_id=16802"},"modified":"2021-02-01T12:44:28","modified_gmt":"2021-02-01T11:44:28","slug":"le-designer","status":"publish","type":"page","link":"https:\/\/www.lifecityworld.com\/fr\/le-designer\/","title":{"rendered":"Le designer"},"content":{"rendered":"<div id=\"cmsmasters_row_jqla23as34\" class=\"cmsmasters_row cmsmasters_color_scheme_default blocco-titolo-mob cmsmasters_row_top_default cmsmasters_row_bot_default cmsmasters_row_boxed\">\n<div class=\"cmsmasters_row_outer_parent\">\n<div class=\"cmsmasters_row_outer\">\n<div class=\"cmsmasters_row_inner\">\n<div class=\"cmsmasters_row_margin\">\n<div id=\"cmsmasters_column_52148c5d6b\" class=\"cmsmasters_column one_first\">\n<div class=\"cmsmasters_column_inner\"><div id=\"cmsmasters_heading_hxxyfcgsln\" class=\"cmsmasters_heading_wrap cmsmasters_heading_align_center\">\n\t<h1 class=\"cmsmasters_heading\">Le designer<\/h1>\n<\/div><div class=\"cmsmasters_text fascione\">\n<p style=\"text-align: justify; font-size: 16px; line-height: 26px;\"><span style=\"color: #555;\">LifeCity World est un projet sign\u00e9 par Ing.\u00a0<strong>Santo Masilla<\/strong>.<br \/>\n<\/span><span style=\"color: #555;\">Dipl\u00f4m\u00e9 du Politecnico di Torino en 1985, Masilla a occup\u00e9 de nombreux postes de gestion publique dans plusieurs bureaux municipaux, compl\u00e9tant de nombreux travaux publics, \u00e0 partir de l\u2019id\u00e9e de conception jusqu\u2019\u00e0 la fourniture des ressources financi\u00e8res n\u00e9cessaires. En 1999, il a \u00e9t\u00e9 le premier en Italie \u00e0 adopter le syst\u00e8me de <strong>financement de projets<\/strong> dans les travaux publics, qui a permis \u00e0 plusieurs municipalit\u00e9s de s\u2019\u00e9quiper d\u2019\u0153uvres importantes pour la communaut\u00e9, qui m\u00e9rite \u00e9galement l\u2019attention du journal \u00e9conomique <em>Il Sole 24 Ore<\/em>.<br \/>\nMasilla a \u00e9galement r\u00e9alis\u00e9 plusieurs travaux publics importants dans le domaine des \u00e9nergies renouvelables. Il est l\u2019<strong>auteur de brevets<\/strong> pour l\u2019exploitation des ressources naturelles, utiles pour produire de l\u2019\u00e9lectricit\u00e9 \u00e0 partir de sources renouvelables 24 heures sur 24.<\/span><\/p>\n<\/div>\n<\/div><\/div>\n<\/div>\n<\/div>\n<\/div>\n<\/div>\n<\/div>\n<div id=\"cmsmasters_row_293fnlffu\" class=\"cmsmasters_row cmsmasters_color_scheme_default blocco-img-mob cmsmasters_row_top_default cmsmasters_row_bot_default cmsmasters_row_boxed\">\n<div class=\"cmsmasters_row_outer_parent\">\n<div class=\"cmsmasters_row_outer\">\n<div class=\"cmsmasters_row_inner\">\n<div class=\"cmsmasters_row_margin\">\n<div id=\"cmsmasters_column_y24u0f36aa\" class=\"cmsmasters_column one_first\">\n<div class=\"cmsmasters_column_inner\"><div class=\"cmsmasters_img  cmsmasters_image_n\"><img src=\"https:\/\/www.lifecityworld.com\/wp-content\/uploads\/2021\/02\/masilla-fr.jpg\" \/><\/div>\n<\/div><\/div>\n<\/div>\n<\/div>\n<\/div>\n<\/div>\n<\/div>\n<div id=\"cmsmasters_row_zw7hy2usns\" class=\"cmsmasters_row cmsmasters_color_scheme_default blocco-titolo-img-desk cmsmasters_row_top_default cmsmasters_row_bot_default cmsmasters_row_boxed\">\n<div class=\"cmsmasters_row_outer_parent\">\n<div class=\"cmsmasters_row_outer\">\n<div class=\"cmsmasters_row_inner\">\n<div class=\"cmsmasters_row_margin\">\n<div id=\"cmsmasters_column_bfd7c3ff06\" class=\"cmsmasters_column one_first\">\n<div class=\"cmsmasters_column_inner\"><div id=\"cmsmasters_heading_0v1ytshdqg\" class=\"cmsmasters_heading_wrap cmsmasters_heading_align_center\">\n\t<h1 class=\"cmsmasters_heading\">Le designer<\/h1>\n<\/div><div class=\"cmsmasters_text\">\n<p style=\"text-align: justify; font-size: 16px; line-height: 26px;\"><span style=\"color: #555;\"><img loading=\"lazy\" class=\"wp-image-16809 size-full alignleft\" style=\"border: 8px solid white; border-radius: 5px;\" src=\"https:\/\/www.lifecityworld.com\/wp-content\/uploads\/2021\/02\/masilla-fr.jpg\" alt=\"\" width=\"600\" height=\"400\" srcset=\"https:\/\/www.lifecityworld.com\/wp-content\/uploads\/2021\/02\/masilla-fr.jpg 600w, https:\/\/www.lifecityworld.com\/wp-content\/uploads\/2021\/02\/masilla-fr-300x200.jpg 300w, https:\/\/www.lifecityworld.com\/wp-content\/uploads\/2021\/02\/masilla-fr-580x387.jpg 580w\" sizes=\"(max-width: 600px) 100vw, 600px\" \/><\/span><\/p>\n<p>LifeCity World est un projet sign\u00e9 par Ing.\u00a0<strong>Santo Masilla<\/strong>.<br \/>\nDipl\u00f4m\u00e9 du Politecnico di Torino en 1985, Masilla a occup\u00e9 de nombreux postes de gestion publique dans plusieurs bureaux municipaux, compl\u00e9tant de nombreux travaux publics, \u00e0 partir de l\u2019id\u00e9e de conception jusqu\u2019\u00e0 la fourniture des ressources financi\u00e8res n\u00e9cessaires. En 1999, il a \u00e9t\u00e9 le premier en Italie \u00e0 adopter le syst\u00e8me de <strong>financement de projets<\/strong> dans les travaux publics, qui a permis \u00e0 plusieurs municipalit\u00e9s de s\u2019\u00e9quiper d\u2019\u0153uvres importantes pour la communaut\u00e9, qui m\u00e9rite \u00e9galement l\u2019attention du journal \u00e9conomique <em>Il Sole 24 Ore<\/em>.<br \/>\nMasilla a \u00e9galement r\u00e9alis\u00e9 plusieurs travaux publics importants dans le domaine des \u00e9nergies renouvelables. Il est l\u2019<strong>auteur de brevets<\/strong> pour l\u2019exploitation des ressources naturelles, utiles pour produire de l\u2019\u00e9lectricit\u00e9 \u00e0 partir de sources renouvelables 24 heures sur 24.<\/p>\n<\/div>\n<\/div><\/div>\n<\/div>\n<\/div>\n<\/div>\n<\/div>\n<\/div>\n\n","protected":false},"excerpt":{"rendered":"","protected":false},"author":1,"featured_media":0,"parent":0,"menu_order":0,"comment_status":"closed","ping_status":"closed","template":"","meta":[],"yoast_head":"<!-- This site is optimized with the Yoast SEO plugin v15.9.2 - https:\/\/yoast.com\/wordpress\/plugins\/seo\/ -->\n<title>Le designer - LifeCity World<\/title>\n<meta name=\"robots\" content=\"index, follow, max-snippet:-1, max-image-preview:large, max-video-preview:-1\" \/>\n<link rel=\"canonical\" href=\"https:\/\/www.lifecityworld.com\/fr\/le-designer\/\" \/>\n<meta property=\"og:locale\" content=\"fr_FR\" \/>\n<meta property=\"og:type\" content=\"article\" \/>\n<meta property=\"og:title\" content=\"Le designer - LifeCity World\" \/>\n<meta property=\"og:url\" content=\"https:\/\/www.lifecityworld.com\/fr\/le-designer\/\" \/>\n<meta property=\"og:site_name\" content=\"LifeCity World\" \/>\n<meta property=\"article:modified_time\" content=\"2021-02-01T11:44:28+00:00\" \/>\n<meta property=\"og:image\" content=\"https:\/\/www.lifecityworld.com\/wp-content\/uploads\/2021\/02\/masilla-fr.jpg\" \/>\n<meta name=\"twitter:card\" content=\"summary_large_image\" \/>\n<meta name=\"twitter:label1\" content=\"Dur\u00e9e de lecture est.\">\n\t<meta name=\"twitter:data1\" content=\"2 minutes\">\n<script type=\"application\/ld+json\" class=\"yoast-schema-graph\">{\"@context\":\"https:\/\/schema.org\",\"@graph\":[{\"@type\":\"WebSite\",\"@id\":\"https:\/\/www.lifecityworld.com\/#website\",\"url\":\"https:\/\/www.lifecityworld.com\/\",\"name\":\"LifeCity World\",\"description\":\"\",\"potentialAction\":[{\"@type\":\"SearchAction\",\"target\":\"https:\/\/www.lifecityworld.com\/?s={search_term_string}\",\"query-input\":\"required name=search_term_string\"}],\"inLanguage\":\"fr-FR\"},{\"@type\":\"ImageObject\",\"@id\":\"https:\/\/www.lifecityworld.com\/fr\/le-designer\/#primaryimage\",\"inLanguage\":\"fr-FR\",\"url\":\"https:\/\/www.lifecityworld.com\/wp-content\/uploads\/2021\/02\/masilla-fr.jpg\",\"width\":600,\"height\":400},{\"@type\":\"WebPage\",\"@id\":\"https:\/\/www.lifecityworld.com\/fr\/le-designer\/#webpage\",\"url\":\"https:\/\/www.lifecityworld.com\/fr\/le-designer\/\",\"name\":\"Le designer - LifeCity World\",\"isPartOf\":{\"@id\":\"https:\/\/www.lifecityworld.com\/#website\"},\"primaryImageOfPage\":{\"@id\":\"https:\/\/www.lifecityworld.com\/fr\/le-designer\/#primaryimage\"},\"datePublished\":\"2021-02-01T11:39:42+00:00\",\"dateModified\":\"2021-02-01T11:44:28+00:00\",\"breadcrumb\":{\"@id\":\"https:\/\/www.lifecityworld.com\/fr\/le-designer\/#breadcrumb\"},\"inLanguage\":\"fr-FR\",\"potentialAction\":[{\"@type\":\"ReadAction\",\"target\":[\"https:\/\/www.lifecityworld.com\/fr\/le-designer\/\"]}]},{\"@type\":\"BreadcrumbList\",\"@id\":\"https:\/\/www.lifecityworld.com\/fr\/le-designer\/#breadcrumb\",\"itemListElement\":[{\"@type\":\"ListItem\",\"position\":1,\"item\":{\"@type\":\"WebPage\",\"@id\":\"https:\/\/www.lifecityworld.com\/fr\/\",\"url\":\"https:\/\/www.lifecityworld.com\/fr\/\",\"name\":\"Home\"}},{\"@type\":\"ListItem\",\"position\":2,\"item\":{\"@type\":\"WebPage\",\"@id\":\"https:\/\/www.lifecityworld.com\/fr\/le-designer\/\",\"url\":\"https:\/\/www.lifecityworld.com\/fr\/le-designer\/\",\"name\":\"Le designer\"}}]}]}<\/script>\n<!-- \/ Yoast SEO plugin. -->","_links":{"self":[{"href":"https:\/\/www.lifecityworld.com\/fr\/wp-json\/wp\/v2\/pages\/16802"}],"collection":[{"href":"https:\/\/www.lifecityworld.com\/fr\/wp-json\/wp\/v2\/pages"}],"about":[{"href":"https:\/\/www.lifecityworld.com\/fr\/wp-json\/wp\/v2\/types\/page"}],"author":[{"embeddable":true,"href":"https:\/\/www.lifecityworld.com\/fr\/wp-json\/wp\/v2\/users\/1"}],"replies":[{"embeddable":true,"href":"https:\/\/www.lifecityworld.com\/fr\/wp-json\/wp\/v2\/comments?post=16802"}],"version-history":[{"count":3,"href":"https:\/\/www.lifecityworld.com\/fr\/wp-json\/wp\/v2\/pages\/16802\/revisions"}],"predecessor-version":[{"id":16814,"href":"https:\/\/www.lifecityworld.com\/fr\/wp-json\/wp\/v2\/pages\/16802\/revisions\/16814"}],"wp:attachment":[{"href":"https:\/\/www.lifecityworld.com\/fr\/wp-json\/wp\/v2\/media?parent=16802"}],"curies":[{"name":"wp","href":"https:\/\/api.w.org\/{rel}","templated":true}]}}