{"id":16820,"date":"2021-02-01T12:49:50","date_gmt":"2021-02-01T11:49:50","guid":{"rendered":"https:\/\/www.lifecityworld.com\/?page_id=16820"},"modified":"2021-02-01T15:25:05","modified_gmt":"2021-02-01T14:25:05","slug":"terra-dei-principi-imperiali","status":"publish","type":"page","link":"https:\/\/www.lifecityworld.com\/fr\/terra-dei-principi-imperiali\/","title":{"rendered":"Terra dei Principi Imperiali"},"content":{"rendered":"<div id=\"cmsmasters_row_a45tsg5ytl\" class=\"cmsmasters_row cmsmasters_color_scheme_default blocco-titolo-mob cmsmasters_row_top_default cmsmasters_row_bot_default cmsmasters_row_boxed\">\n<div class=\"cmsmasters_row_outer_parent\">\n<div class=\"cmsmasters_row_outer\">\n<div class=\"cmsmasters_row_inner\">\n<div class=\"cmsmasters_row_margin\">\n<div id=\"cmsmasters_column_52148c5d6b\" class=\"cmsmasters_column one_first\">\n<div class=\"cmsmasters_column_inner\"><div id=\"cmsmasters_heading_cev8zyc35k\" class=\"cmsmasters_heading_wrap cmsmasters_heading_align_center\">\n\t<h1 class=\"cmsmasters_heading\">Terra dei Principi Imperiali<\/h1>\n<\/div><div class=\"cmsmasters_text fascione\">\n<p>LifeCity s\u2019est associ\u00e9 au Consortium \u00ab Terra dei Principi Imperiali \u00bb, <strong>pour promouvoir de l\u2019excellence agroalimentaire<\/strong> <strong>et alimentaire<\/strong> et viticole des produits du territoire homonyme, correspondant \u00e0 une zone particuli\u00e8rement appropri\u00e9e, situ\u00e9e dans le sud-est de l\u2019Italie, dans la province de Brindisi.<\/p>\n<p>Les produits seront certifi\u00e9s avec la marque de qualit\u00e9 <strong>\u00ab\u00a0<\/strong> <strong>Terra dei Principi Imperiali \u00ab\u00a0<\/strong> promue par le consortium dans le but de d\u00e9fendre et d\u2019am\u00e9liorer ces productions, \u00e9galement au niveau international, assurant la qualit\u00e9 et l\u2019excellence pour le consommateur, conform\u00e9ment aux protocoles sp\u00e9ciaux d\u00e9pos\u00e9s aupr\u00e8s du Minist\u00e8re du d\u00e9veloppement \u00e9conomique.<\/p>\n<\/div>\n<\/div><\/div>\n<\/div>\n<\/div>\n<\/div>\n<\/div>\n<\/div>\n<div id=\"cmsmasters_row_mzw38x7wcp\" class=\"cmsmasters_row cmsmasters_color_scheme_default blocco-img-mob cmsmasters_row_top_default cmsmasters_row_bot_default cmsmasters_row_boxed\">\n<div class=\"cmsmasters_row_outer_parent\">\n<div class=\"cmsmasters_row_outer\">\n<div class=\"cmsmasters_row_inner\">\n<div class=\"cmsmasters_row_margin\">\n<div id=\"cmsmasters_column_y24u0f36aa\" class=\"cmsmasters_column one_first\">\n<div class=\"cmsmasters_column_inner\"><div class=\"cmsmasters_img  cmsmasters_image_n\"><img src=\"https:\/\/www.lifecityworld.com\/wp-content\/uploads\/2020\/09\/terra-dei-principi.jpg\" \/><\/div>\n<\/div><\/div>\n<\/div>\n<\/div>\n<\/div>\n<\/div>\n<\/div>\n<div id=\"cmsmasters_row_0in944j3pg\" class=\"cmsmasters_row cmsmasters_color_scheme_default blocco-titolo-mob cmsmasters_row_top_default cmsmasters_row_bot_default cmsmasters_row_boxed\">\n<div class=\"cmsmasters_row_outer_parent\">\n<div class=\"cmsmasters_row_outer\">\n<div class=\"cmsmasters_row_inner\">\n<div class=\"cmsmasters_row_margin\">\n<div id=\"cmsmasters_column_aje8511zzp\" class=\"cmsmasters_column one_first\">\n<div class=\"cmsmasters_column_inner\"><div class=\"cmsmasters_text fascione\">\n<p>Le chef de projet est le Dr <strong>Francesco Fullone<\/strong>, chef d\u2019entreprise et directeur de g\u00e9n\u00e9ral de l\u2019Acad\u00e9mie imp\u00e9riale. L\u2019Acad\u00e9mie poursuit depuis quelques ann\u00e9es un projet de promotion du<strong> r\u00e9gime m\u00e9diterran\u00e9en<\/strong>, qui a fait ses premiers pas dans les ann\u00e9es 1700 depuis Oria (province de Brindisi), avec le grand cuisinier Vincenzo Corrado.<br \/>\nIn conseil acad\u00e9mique, bas\u00e9 \u00e0 Rome, en tant que secr\u00e9taire g\u00e9n\u00e9ral adjoint, dr. <strong>Pasquale Maroni<\/strong>, senior ex\u00e9cutive manager expert dans la gestion d\u2019une business unit de services informatiques et professionnels, avec la responsabilit\u00e9 directe des ventes et du marketing, du d\u00e9veloppement de produits et des services professionnels associ\u00e9s.<\/p>\n<p>Toute cette planification et ce professionnalisme sera au service de l\u2019\u00e9laboration du plan directeur LifeCity. Le mod\u00e8le d\u2019affaires sera bas\u00e9 sur la proposition agroalimentaire et alimentaire et viticole de l\u2019excellence italienne, favorisant les produits au Km0 et bio, \u00e0 la fois avec la vente directe et la d\u00e9gustation et dans les cours de formation professionnelle de haute cuisine, organis\u00e9 par des chefs \u00e9toil\u00e9s michelin. Dans le cadre de projets non europ\u00e9ens, le projet sera int\u00e9gr\u00e9 \u00e0 la r\u00e9interpr\u00e9tation et \u00e0 l\u2019am\u00e9lioration des produits et recettes locaux.<\/p>\n<\/div>\n<\/div><\/div>\n<\/div>\n<\/div>\n<\/div>\n<\/div>\n<\/div>\n<div id=\"cmsmasters_row_ezawphqv7\" class=\"cmsmasters_row cmsmasters_color_scheme_default blocco-img-mob cmsmasters_row_top_default cmsmasters_row_bot_default cmsmasters_row_boxed\">\n<div class=\"cmsmasters_row_outer_parent\">\n<div class=\"cmsmasters_row_outer\">\n<div class=\"cmsmasters_row_inner\">\n<div class=\"cmsmasters_row_margin\">\n<div id=\"cmsmasters_column_c7e65rm7vj\" class=\"cmsmasters_column one_first\">\n<div class=\"cmsmasters_column_inner\"><div class=\"cmsmasters_img  cmsmasters_image_n\"><img src=\"https:\/\/www.lifecityworld.com\/wp-content\/uploads\/2021\/02\/terra-dei-principi-fr.jpg\" \/><\/div>\n<\/div><\/div>\n<\/div>\n<\/div>\n<\/div>\n<\/div>\n<\/div>\n<div id=\"cmsmasters_row_6a8gs8clb\" class=\"cmsmasters_row cmsmasters_color_scheme_default blocco-titolo-img-desk cmsmasters_row_top_default cmsmasters_row_bot_default cmsmasters_row_boxed\">\n<div class=\"cmsmasters_row_outer_parent\">\n<div class=\"cmsmasters_row_outer\">\n<div class=\"cmsmasters_row_inner\">\n<div class=\"cmsmasters_row_margin\">\n<div id=\"cmsmasters_column_bfd7c3ff06\" class=\"cmsmasters_column one_first\">\n<div class=\"cmsmasters_column_inner\"><div id=\"cmsmasters_heading_5ql9jygg96\" class=\"cmsmasters_heading_wrap cmsmasters_heading_align_center\">\n\t<h1 class=\"cmsmasters_heading\">Terra dei Principi Imperiali<\/h1>\n<\/div><div class=\"cmsmasters_text\">\n<p><img loading=\"lazy\" class=\"wp-image-16822 size-full alignleft\" style=\"border: 8px solid white; border-radius: 5px;\" src=\"https:\/\/www.lifecityworld.com\/wp-content\/uploads\/2020\/09\/terra-dei-principi.jpg\" alt=\"\" width=\"600\" height=\"400\" srcset=\"https:\/\/www.lifecityworld.com\/wp-content\/uploads\/2020\/09\/terra-dei-principi.jpg 600w, https:\/\/www.lifecityworld.com\/wp-content\/uploads\/2020\/09\/terra-dei-principi-300x200.jpg 300w, https:\/\/www.lifecityworld.com\/wp-content\/uploads\/2020\/09\/terra-dei-principi-580x387.jpg 580w\" sizes=\"(max-width: 600px) 100vw, 600px\" \/><\/p>\n<p>LifeCity s\u2019est associ\u00e9 au Consortium \u00ab Terra dei Principi Imperiali \u00bb, <strong>pour promouvoir de l\u2019excellence agroalimentaire<\/strong> <strong>et alimentaire<\/strong> et viticole des produits du territoire homonyme, correspondant \u00e0 une zone particuli\u00e8rement appropri\u00e9e, situ\u00e9e dans le sud-est de l\u2019Italie, dans la province de Brindisi.<\/p>\n<p>Les produits seront certifi\u00e9s avec la marque de qualit\u00e9 <strong>\u00ab\u00a0<\/strong> <strong>Terra dei Principi Imperiali \u00ab\u00a0<\/strong> promue par le consortium dans le but de d\u00e9fendre et d\u2019am\u00e9liorer ces productions, \u00e9galement au niveau international, assurant la qualit\u00e9 et l\u2019excellence pour le consommateur, conform\u00e9ment aux protocoles sp\u00e9ciaux d\u00e9pos\u00e9s aupr\u00e8s du Minist\u00e8re du d\u00e9veloppement \u00e9conomique.<\/p>\n<p>&nbsp;<\/p>\n<\/div>\n<div id=\"cmsmasters_divider_etsv5r0ssp\" class=\"cl\"><\/div>\n<div class=\"cmsmasters_text\">\n<p><img loading=\"lazy\" class=\"wp-image-16829 size-full alignright\" style=\"border: 8px solid white; border-radius: 5px;\" src=\"https:\/\/www.lifecityworld.com\/wp-content\/uploads\/2021\/02\/terra-dei-principi-fr.jpg\" alt=\"\" width=\"600\" height=\"400\" srcset=\"https:\/\/www.lifecityworld.com\/wp-content\/uploads\/2021\/02\/terra-dei-principi-fr.jpg 600w, https:\/\/www.lifecityworld.com\/wp-content\/uploads\/2021\/02\/terra-dei-principi-fr-300x200.jpg 300w, https:\/\/www.lifecityworld.com\/wp-content\/uploads\/2021\/02\/terra-dei-principi-fr-580x387.jpg 580w\" sizes=\"(max-width: 600px) 100vw, 600px\" \/><\/p>\n<p>Le chef de projet est le Dr <strong>Francesco Fullone<\/strong>, chef d\u2019entreprise et directeur de g\u00e9n\u00e9ral de l\u2019Acad\u00e9mie imp\u00e9riale. L\u2019Acad\u00e9mie poursuit depuis quelques ann\u00e9es un projet de promotion du<strong> r\u00e9gime m\u00e9diterran\u00e9en<\/strong>, qui a fait ses premiers pas dans les ann\u00e9es 1700 depuis Oria (province de Brindisi), avec le grand cuisinier Vincenzo Corrado.<br \/>\nIn conseil acad\u00e9mique, bas\u00e9 \u00e0 Rome, en tant que secr\u00e9taire g\u00e9n\u00e9ral adjoint, dr. <strong>Pasquale Maroni<\/strong>, senior ex\u00e9cutive manager expert dans la gestion d\u2019une business unit de services informatiques et professionnels, avec la responsabilit\u00e9 directe des ventes et du marketing, du d\u00e9veloppement de produits et des services professionnels associ\u00e9s.<\/p>\n<p>Toute cette planification et ce professionnalisme sera au service de l\u2019\u00e9laboration du plan directeur LifeCity. Le mod\u00e8le d\u2019affaires sera bas\u00e9 sur la proposition agroalimentaire et alimentaire et viticole de l\u2019excellence italienne, favorisant les produits au Km0 et bio, \u00e0 la fois avec la vente directe et la d\u00e9gustation et dans les cours de formation professionnelle de haute cuisine, organis\u00e9 par des chefs \u00e9toil\u00e9s michelin. Dans le cadre de projets non europ\u00e9ens, le projet sera int\u00e9gr\u00e9 \u00e0 la r\u00e9interpr\u00e9tation et \u00e0 l\u2019am\u00e9lioration des produits et recettes locaux.<\/p>\n<p>&nbsp;<\/p>\n<\/div>\n<\/div><\/div>\n<\/div>\n<\/div>\n<\/div>\n<\/div>\n<\/div>\n\n","protected":false},"excerpt":{"rendered":"","protected":false},"author":1,"featured_media":0,"parent":0,"menu_order":0,"comment_status":"closed","ping_status":"closed","template":"","meta":[],"yoast_head":"<!-- This site is optimized with the Yoast SEO plugin v15.9.2 - https:\/\/yoast.com\/wordpress\/plugins\/seo\/ -->\n<title>Terra dei Principi Imperiali - LifeCity World<\/title>\n<meta name=\"robots\" content=\"index, follow, max-snippet:-1, max-image-preview:large, max-video-preview:-1\" \/>\n<link rel=\"canonical\" href=\"https:\/\/www.lifecityworld.com\/fr\/terra-dei-principi-imperiali\/\" \/>\n<meta property=\"og:locale\" content=\"fr_FR\" \/>\n<meta property=\"og:type\" content=\"article\" \/>\n<meta property=\"og:title\" content=\"Terra dei Principi Imperiali - LifeCity World\" \/>\n<meta property=\"og:url\" content=\"https:\/\/www.lifecityworld.com\/fr\/terra-dei-principi-imperiali\/\" \/>\n<meta property=\"og:site_name\" content=\"LifeCity World\" \/>\n<meta property=\"article:modified_time\" content=\"2021-02-01T14:25:05+00:00\" \/>\n<meta property=\"og:image\" content=\"https:\/\/www.lifecityworld.com\/wp-content\/uploads\/2020\/09\/terra-dei-principi.jpg\" \/>\n<meta name=\"twitter:card\" content=\"summary_large_image\" \/>\n<meta name=\"twitter:label1\" content=\"Dur\u00e9e de lecture est.\">\n\t<meta name=\"twitter:data1\" content=\"4 minutes\">\n<script type=\"application\/ld+json\" class=\"yoast-schema-graph\">{\"@context\":\"https:\/\/schema.org\",\"@graph\":[{\"@type\":\"WebSite\",\"@id\":\"https:\/\/www.lifecityworld.com\/#website\",\"url\":\"https:\/\/www.lifecityworld.com\/\",\"name\":\"LifeCity World\",\"description\":\"\",\"potentialAction\":[{\"@type\":\"SearchAction\",\"target\":\"https:\/\/www.lifecityworld.com\/?s={search_term_string}\",\"query-input\":\"required name=search_term_string\"}],\"inLanguage\":\"fr-FR\"},{\"@type\":\"ImageObject\",\"@id\":\"https:\/\/www.lifecityworld.com\/fr\/terra-dei-principi-imperiali\/#primaryimage\",\"inLanguage\":\"fr-FR\",\"url\":\"https:\/\/www.lifecityworld.com\/wp-content\/uploads\/2020\/09\/terra-dei-principi.jpg\",\"width\":600,\"height\":400},{\"@type\":\"WebPage\",\"@id\":\"https:\/\/www.lifecityworld.com\/fr\/terra-dei-principi-imperiali\/#webpage\",\"url\":\"https:\/\/www.lifecityworld.com\/fr\/terra-dei-principi-imperiali\/\",\"name\":\"Terra dei Principi Imperiali - LifeCity World\",\"isPartOf\":{\"@id\":\"https:\/\/www.lifecityworld.com\/#website\"},\"primaryImageOfPage\":{\"@id\":\"https:\/\/www.lifecityworld.com\/fr\/terra-dei-principi-imperiali\/#primaryimage\"},\"datePublished\":\"2021-02-01T11:49:50+00:00\",\"dateModified\":\"2021-02-01T14:25:05+00:00\",\"breadcrumb\":{\"@id\":\"https:\/\/www.lifecityworld.com\/fr\/terra-dei-principi-imperiali\/#breadcrumb\"},\"inLanguage\":\"fr-FR\",\"potentialAction\":[{\"@type\":\"ReadAction\",\"target\":[\"https:\/\/www.lifecityworld.com\/fr\/terra-dei-principi-imperiali\/\"]}]},{\"@type\":\"BreadcrumbList\",\"@id\":\"https:\/\/www.lifecityworld.com\/fr\/terra-dei-principi-imperiali\/#breadcrumb\",\"itemListElement\":[{\"@type\":\"ListItem\",\"position\":1,\"item\":{\"@type\":\"WebPage\",\"@id\":\"https:\/\/www.lifecityworld.com\/fr\/\",\"url\":\"https:\/\/www.lifecityworld.com\/fr\/\",\"name\":\"Home\"}},{\"@type\":\"ListItem\",\"position\":2,\"item\":{\"@type\":\"WebPage\",\"@id\":\"https:\/\/www.lifecityworld.com\/fr\/terra-dei-principi-imperiali\/\",\"url\":\"https:\/\/www.lifecityworld.com\/fr\/terra-dei-principi-imperiali\/\",\"name\":\"Terra dei Principi Imperiali\"}}]}]}<\/script>\n<!-- \/ Yoast SEO plugin. -->","_links":{"self":[{"href":"https:\/\/www.lifecityworld.com\/fr\/wp-json\/wp\/v2\/pages\/16820"}],"collection":[{"href":"https:\/\/www.lifecityworld.com\/fr\/wp-json\/wp\/v2\/pages"}],"about":[{"href":"https:\/\/www.lifecityworld.com\/fr\/wp-json\/wp\/v2\/types\/page"}],"author":[{"embeddable":true,"href":"https:\/\/www.lifecityworld.com\/fr\/wp-json\/wp\/v2\/users\/1"}],"replies":[{"embeddable":true,"href":"https:\/\/www.lifecityworld.com\/fr\/wp-json\/wp\/v2\/comments?post=16820"}],"version-history":[{"count":4,"href":"https:\/\/www.lifecityworld.com\/fr\/wp-json\/wp\/v2\/pages\/16820\/revisions"}],"predecessor-version":[{"id":16834,"href":"https:\/\/www.lifecityworld.com\/fr\/wp-json\/wp\/v2\/pages\/16820\/revisions\/16834"}],"wp:attachment":[{"href":"https:\/\/www.lifecityworld.com\/fr\/wp-json\/wp\/v2\/media?parent=16820"}],"curies":[{"name":"wp","href":"https:\/\/api.w.org\/{rel}","templated":true}]}}